{"id":10991,"date":"2017-12-23T10:16:04","date_gmt":"2017-12-23T09:16:04","guid":{"rendered":"http:\/\/www.ce-illkirch.fr\/wordpress\/?page_id=10991"},"modified":"2025-06-18T10:30:44","modified_gmt":"2025-06-18T08:30:44","slug":"logement","status":"publish","type":"page","link":"https:\/\/www.ce-illkirch.fr\/wordpress\/logement\/","title":{"rendered":"Logement"},"content":{"rendered":"<p>La commission Logement est une commission obligatoire du CSE.<\/p>\n<p data-ccp-props=\"{&quot;335551550&quot;:1,&quot;335551620&quot;:1,&quot;335559683&quot;:0,&quot;335559685&quot;:0,&quot;335559731&quot;:0,&quot;335559737&quot;:0,&quot;335562764&quot;:2,&quot;335562765&quot;:1,&quot;335562766&quot;:2,&quot;335562767&quot;:0.2,&quot;335562768&quot;:2,&quot;335562769&quot;:0}\"><span data-usefontface=\"false\" data-contrast=\"none\">Depuis 2017, la Participation des Employeurs \u00e0 l\u2019Effort de Construction (PEEC) fait <\/span><span data-usefontface=\"false\" data-contrast=\"none\">l\u2019objet d\u2019une collecte centralis\u00e9e au sein <\/span>d\u2019<a href=\"https:\/\/www.actionlogement.fr\/\"><b><span data-usefontface=\"false\" data-contrast=\"none\">Action Logement<\/span><\/b><\/a><span data-usefontface=\"false\" data-contrast=\"none\">.<\/span>\u200b<\/p>\n<p>Les conditions pour obtenir un pr\u00eat d\u2019accession \u00e0 la propri\u00e9t\u00e9 sont telles que peu de salari\u00e9s ALE peuvent y pr\u00e9tendre. Mais Action Logement peut aussi vous aider \u00e0 ren\u00e9gocier un pr\u00eat, \u00e0 financer des travaux de performance \u00e9nerg\u00e9tique, etc&#8230;<\/p>\n<p>Pour aider au financement de l\u2019achat ou la construction de sa r\u00e9sidence principale, il y a la possibilit\u00e9 d\u2019obtenir un pr\u00eat compl\u00e9mentaire aupr\u00e8s de Humanis et de REUNICA (AREGE ex Irial) en plus du GIPEC.<\/p>\n<p><a title=\"Intranet CE\" href=\"https:\/\/aleinternational.sharepoint.com\/intranet_CE_Illkirch\/Documents%20partages\/Forms\/AllItems.aspx?id=%2Fintranet%5FCE%5FIllkirch%2FDocuments%20partages%2FDocuments%20CSE&amp;viewid=8d512759%2D2f2e%2D43ca%2Db4d5%2D0b9ebfc9d6f8&amp;FolderCTID=0x0120002DCF11EF3D7EC64B8580978930F906BA\" target=\"_blank\" rel=\"noopener\">Membres<\/a> de la commission (sur Intranet).<\/p>\n<p>N&rsquo;h\u00e9sitez pas \u00e0 contacter l&rsquo;assistante sociale Clara Kohl pour tout renseignement. Voir le contact sur la page <a title=\"Intranet RH Illkirch\" href=\"https:\/\/aleinternational.sharepoint.com\/sites\/ALE-intranet\/SitePages\/organisations\/hr-real-estate\/human-resources\/hrfrance\/illkirch.aspx\" target=\"_blank\" rel=\"noopener\">Intranet du site d&rsquo;Illkirch<\/a>.<\/p>\n","protected":false},"excerpt":{"rendered":"<p>La commission Logement est une commission obligatoire du CSE. Depuis 2017, la Participation des Employeurs \u00e0 l\u2019Effort de Construction (PEEC) fait l\u2019objet d\u2019une collecte centralis\u00e9e au sein d\u2019Action Logement.\u200b Les [&hellip;]<\/p>\n","protected":false},"author":2,"featured_media":0,"parent":0,"menu_order":0,"comment_status":"open","ping_status":"closed","template":"","meta":{"footnotes":""},"class_list":["post-10991","page","type-page","status-publish","hentry"],"publishpress_future_action":{"enabled":false,"date":"2026-04-12 18:06:48","action":"change-status","newStatus":"draft","terms":[],"taxonomy":"category","extraData":[]},"publishpress_future_workflow_manual_trigger":{"enabledWorkflows":[]},"_links":{"self":[{"href":"https:\/\/www.ce-illkirch.fr\/wordpress\/wp-json\/wp\/v2\/pages\/10991","targetHints":{"allow":["GET"]}}],"collection":[{"href":"https:\/\/www.ce-illkirch.fr\/wordpress\/wp-json\/wp\/v2\/pages"}],"about":[{"href":"https:\/\/www.ce-illkirch.fr\/wordpress\/wp-json\/wp\/v2\/types\/page"}],"author":[{"embeddable":true,"href":"https:\/\/www.ce-illkirch.fr\/wordpress\/wp-json\/wp\/v2\/users\/2"}],"replies":[{"embeddable":true,"href":"https:\/\/www.ce-illkirch.fr\/wordpress\/wp-json\/wp\/v2\/comments?post=10991"}],"version-history":[{"count":10,"href":"https:\/\/www.ce-illkirch.fr\/wordpress\/wp-json\/wp\/v2\/pages\/10991\/revisions"}],"predecessor-version":[{"id":37578,"href":"https:\/\/www.ce-illkirch.fr\/wordpress\/wp-json\/wp\/v2\/pages\/10991\/revisions\/37578"}],"wp:attachment":[{"href":"https:\/\/www.ce-illkirch.fr\/wordpress\/wp-json\/wp\/v2\/media?parent=10991"}],"curies":[{"name":"wp","href":"https:\/\/api.w.org\/{rel}","templated":true}]}}