{"id":11318,"date":"2023-09-05T10:00:04","date_gmt":"2023-09-05T08:00:04","guid":{"rendered":"http:\/\/www.ce-illkirch.fr\/wordpress\/?page_id=11318"},"modified":"2024-12-17T17:28:39","modified_gmt":"2024-12-17T16:28:39","slug":"location-camera-thermique","status":"publish","type":"page","link":"https:\/\/www.ce-illkirch.fr\/wordpress\/ecologie\/location-camera-thermique\/","title":{"rendered":"Cam\u00e9ra Thermique"},"content":{"rendered":"<p><a href=\"http:\/\/www.ce-illkirch.fr\/wordpress\/wp-content\/uploads\/Flir_E6.jpg\"><img loading=\"lazy\" decoding=\"async\" class=\"alignleft size-full wp-image-11319\" src=\"http:\/\/www.ce-illkirch.fr\/wordpress\/wp-content\/uploads\/Flir_E6.jpg\" alt=\"Flir_E6\" width=\"225\" height=\"225\" \/><\/a>La cam\u00e9ra thermique permet de rep\u00e9rer les anomalies d&rsquo;isolation, les ponts thermiques, et donc les d\u00e9perditions d&rsquo;\u00e9nergie, d\u00e8s qu&rsquo;il y a une diff\u00e9rence d&rsquo;au moins 10\u00b0C entre la temp\u00e9rature ext\u00e9rieure et la temp\u00e9rature int\u00e9rieure.<\/p>\n<p>Location et r\u00e9servation \u00e0 la bricoth\u00e8que.<\/p>\n<p>Tarif : 10\u20ac la p\u00e9riode. <strong>Tarif ALE-NOKIA -50 % soit 5 \u20ac. <\/strong><strong><br \/>\n<\/strong><\/p>\n<p>Ch\u00e8que caution \u00e0 d\u00e9poser pour la location : 500 \u20ac &#8211; \u00e0 l&rsquo;ordre du CSE.<\/p>\n<p>Documents : <a title=\"Manuel cam\u00e9ra thermique s\u00e9rie Ex\" href=\"https:\/\/www.topographie-laser.eu\/media\/files\/FLIR\/Camera%20thermique%20serie%20Ex%20-%20Manuel%20Fr.pdf\" target=\"_blank\" rel=\"noopener\">Manuel d&rsquo;utilisation<\/a> &#8211; <a href=\"http:\/\/www.ce-illkirch.fr\/wordpress\/wp-content\/uploads\/cameraT820325_FR.pdf\" target=\"_blank\" rel=\"noopener\">Guide de l&rsquo;imagerie thermique<\/a> &#8211; <a href=\"http:\/\/www.ce-illkirch.fr\/wordpress\/wp-content\/uploads\/Cam\u00e9ra-thermique.pdf\" target=\"_blank\" rel=\"noopener\">Pr\u00e9sentation des 12 &amp; 18 f\u00e9vrier 2014<\/a><\/p>\n<p><a title=\"FLIR Tools\" href=\"https:\/\/aleinternational.sharepoint.com\/intranet_CE_Illkirch\/Documents%20partages\/Bricoth%C3%A8que%20Public\/FLIR%20tools%20(cam%C3%A9ra%20thermique)?csf=1&amp;web=1&amp;e=YEbEiu\" target=\"_blank\" rel=\"noopener\">FLIR tools<\/a><\/p>\n<p>&nbsp;<\/p>\n","protected":false},"excerpt":{"rendered":"<p>La cam\u00e9ra thermique permet de rep\u00e9rer les anomalies d&rsquo;isolation, les ponts thermiques, et donc les d\u00e9perditions d&rsquo;\u00e9nergie, d\u00e8s qu&rsquo;il y a une diff\u00e9rence d&rsquo;au moins 10\u00b0C entre la temp\u00e9rature ext\u00e9rieure [&hellip;]<\/p>\n","protected":false},"author":2,"featured_media":0,"parent":3312,"menu_order":0,"comment_status":"open","ping_status":"closed","template":"","meta":{"footnotes":""},"class_list":["post-11318","page","type-page","status-publish","hentry"],"publishpress_future_action":{"enabled":false,"date":"2026-05-12 14:31:02","action":"change-status","newStatus":"draft","terms":[],"taxonomy":"category","extraData":[]},"publishpress_future_workflow_manual_trigger":{"enabledWorkflows":[]},"_links":{"self":[{"href":"https:\/\/www.ce-illkirch.fr\/wordpress\/wp-json\/wp\/v2\/pages\/11318","targetHints":{"allow":["GET"]}}],"collection":[{"href":"https:\/\/www.ce-illkirch.fr\/wordpress\/wp-json\/wp\/v2\/pages"}],"about":[{"href":"https:\/\/www.ce-illkirch.fr\/wordpress\/wp-json\/wp\/v2\/types\/page"}],"author":[{"embeddable":true,"href":"https:\/\/www.ce-illkirch.fr\/wordpress\/wp-json\/wp\/v2\/users\/2"}],"replies":[{"embeddable":true,"href":"https:\/\/www.ce-illkirch.fr\/wordpress\/wp-json\/wp\/v2\/comments?post=11318"}],"version-history":[{"count":6,"href":"https:\/\/www.ce-illkirch.fr\/wordpress\/wp-json\/wp\/v2\/pages\/11318\/revisions"}],"predecessor-version":[{"id":36532,"href":"https:\/\/www.ce-illkirch.fr\/wordpress\/wp-json\/wp\/v2\/pages\/11318\/revisions\/36532"}],"up":[{"embeddable":true,"href":"https:\/\/www.ce-illkirch.fr\/wordpress\/wp-json\/wp\/v2\/pages\/3312"}],"wp:attachment":[{"href":"https:\/\/www.ce-illkirch.fr\/wordpress\/wp-json\/wp\/v2\/media?parent=11318"}],"curies":[{"name":"wp","href":"https:\/\/api.w.org\/{rel}","templated":true}]}}