{"id":1135,"date":"2010-04-06T12:39:13","date_gmt":"2010-04-06T11:39:13","guid":{"rendered":"http:\/\/www.ce-illkirch.fr\/wordpress\/?page_id=1135"},"modified":"2024-11-20T14:18:37","modified_gmt":"2024-11-20T13:18:37","slug":"tennis","status":"publish","type":"page","link":"https:\/\/www.ce-illkirch.fr\/wordpress\/club_sportif\/tennis\/","title":{"rendered":"Tennis"},"content":{"rendered":"<p>1 responsable de section : Gianvero Durly (gianvero@laposte.net)<\/p>\n<p>3 \u00e9quipes engag\u00e9es en championnats et coupes Tennis Entreprise<\/p>\n<p>10 comp\u00e9titeurs H\/F 12 joueurs H\/F<\/p>\n<p>en attendant la rentr\u00e9e des classes et le flux de stagiaires et internes (apprentis en fran\u00e7ais) pour gonfler les rangs<\/p>\n","protected":false},"excerpt":{"rendered":"<p>1 responsable de section : Gianvero Durly (gianvero@laposte.net) 3 \u00e9quipes engag\u00e9es en championnats et coupes Tennis Entreprise 10 comp\u00e9titeurs H\/F 12 joueurs H\/F en attendant la rentr\u00e9e des classes et [&hellip;]<\/p>\n","protected":false},"author":2,"featured_media":0,"parent":73,"menu_order":14,"comment_status":"open","ping_status":"open","template":"","meta":{"footnotes":""},"class_list":["post-1135","page","type-page","status-publish","hentry"],"publishpress_future_action":{"enabled":false,"date":"2026-04-12 18:03:52","action":"change-status","newStatus":"draft","terms":[],"taxonomy":"category","extraData":[]},"publishpress_future_workflow_manual_trigger":{"enabledWorkflows":[]},"_links":{"self":[{"href":"https:\/\/www.ce-illkirch.fr\/wordpress\/wp-json\/wp\/v2\/pages\/1135","targetHints":{"allow":["GET"]}}],"collection":[{"href":"https:\/\/www.ce-illkirch.fr\/wordpress\/wp-json\/wp\/v2\/pages"}],"about":[{"href":"https:\/\/www.ce-illkirch.fr\/wordpress\/wp-json\/wp\/v2\/types\/page"}],"author":[{"embeddable":true,"href":"https:\/\/www.ce-illkirch.fr\/wordpress\/wp-json\/wp\/v2\/users\/2"}],"replies":[{"embeddable":true,"href":"https:\/\/www.ce-illkirch.fr\/wordpress\/wp-json\/wp\/v2\/comments?post=1135"}],"version-history":[{"count":4,"href":"https:\/\/www.ce-illkirch.fr\/wordpress\/wp-json\/wp\/v2\/pages\/1135\/revisions"}],"predecessor-version":[{"id":36389,"href":"https:\/\/www.ce-illkirch.fr\/wordpress\/wp-json\/wp\/v2\/pages\/1135\/revisions\/36389"}],"up":[{"embeddable":true,"href":"https:\/\/www.ce-illkirch.fr\/wordpress\/wp-json\/wp\/v2\/pages\/73"}],"wp:attachment":[{"href":"https:\/\/www.ce-illkirch.fr\/wordpress\/wp-json\/wp\/v2\/media?parent=1135"}],"curies":[{"name":"wp","href":"https:\/\/api.w.org\/{rel}","templated":true}]}}