{"id":1152,"date":"2010-04-06T13:41:37","date_gmt":"2010-04-06T12:41:37","guid":{"rendered":"http:\/\/www.ce-illkirch.fr\/wordpress\/?page_id=1152"},"modified":"2023-01-17T17:21:20","modified_gmt":"2023-01-17T16:21:20","slug":"montagneescalade","status":"publish","type":"page","link":"https:\/\/www.ce-illkirch.fr\/wordpress\/club_sportif\/montagneescalade\/","title":{"rendered":"Montagne\/Escalade"},"content":{"rendered":"<p><a href=\"http:\/\/www.ce-illkirch.fr\/wordpress\/wp-content\/uploads\/mont-rose-2008.jpg\"><img loading=\"lazy\" decoding=\"async\" class=\"alignleft size-thumbnail wp-image-4493\" title=\"mont rose 2008\" src=\"http:\/\/www.ce-illkirch.fr\/wordpress\/wp-content\/uploads\/mont-rose-2008-150x150.jpg\" alt=\"\" width=\"150\" height=\"150\" \/><\/a>La section Montagne\/Escalade d&rsquo;ASALI propose des activit\u00e9s escalades\u00a0toute l&rsquo;ann\u00e9e et organise une \u00e0 deux sorties montagne en \u00e9t\u00e9.<\/p>\n<p>La pratique de l&rsquo;escalade se fait sous condition de souscription \u00e0 une licence FFME par le biais du club ASCPA (172\u20ac pour 2022-2023). Cette affiliation permet l&rsquo;acc\u00e8s \u00e0 la structure artificielle du club au Heyritz. Cette structure est accessible tous les jours entre midi et deux, en soir\u00e9e et le WE. La section organise un covoiturage avec d\u00e9part \u00e0 11h45. La section peut pr\u00eater baudriers, cordes et descendeurs.<br \/>\nContacts : Fran\u00e7ois Meyer, Chin-Ho Cheung, Emmanuel Helbert<\/p>\n<p><a href=\"http:\/\/www.ascpa.eu\/index.php\/Escalade\" target=\"_blank\" rel=\"noopener\">Site Internet ASCPA<\/a><\/p>\n<p>Des sorties montagne et falaise sont organis\u00e9es chaque \u00e9t\u00e9. Au programme, grandes voies, neige, glacier, mixte en fonction du niveau des participants. La\u00a0section poss\u00e8de \u00e9galement un peu de mat\u00e9riel (pilote, rappels, casques,\u2026). Une licence FFME ou une adh\u00e9sion CAF est plus que recommand\u00e9e afin de b\u00e9n\u00e9ficier d\u2019une couverture assurance pr\u00e9cieuse en cas de secours en montagne.<\/p>\n<p>Pour rejoindre la bulle Rainbow de la section Montage-Escalade, contacter l&rsquo;une des personnes list\u00e9es comme contacts.<\/p>\n<p>Contacts : Patrick Agrain, Fran\u00e7ois Meyer, Chin-Ho Cheung<\/p>\n","protected":false},"excerpt":{"rendered":"<p>La section Montagne\/Escalade d&rsquo;ASALI propose des activit\u00e9s escalades\u00a0toute l&rsquo;ann\u00e9e et organise une \u00e0 deux sorties montagne en \u00e9t\u00e9. La pratique de l&rsquo;escalade se fait sous condition de souscription \u00e0 une [&hellip;]<\/p>\n","protected":false},"author":2,"featured_media":0,"parent":73,"menu_order":10,"comment_status":"open","ping_status":"open","template":"","meta":{"footnotes":""},"class_list":["post-1152","page","type-page","status-publish","hentry"],"publishpress_future_action":{"enabled":false,"date":"2026-05-17 14:31:33","action":"change-status","newStatus":"draft","terms":[],"taxonomy":"category","extraData":[]},"publishpress_future_workflow_manual_trigger":{"enabledWorkflows":[]},"_links":{"self":[{"href":"https:\/\/www.ce-illkirch.fr\/wordpress\/wp-json\/wp\/v2\/pages\/1152","targetHints":{"allow":["GET"]}}],"collection":[{"href":"https:\/\/www.ce-illkirch.fr\/wordpress\/wp-json\/wp\/v2\/pages"}],"about":[{"href":"https:\/\/www.ce-illkirch.fr\/wordpress\/wp-json\/wp\/v2\/types\/page"}],"author":[{"embeddable":true,"href":"https:\/\/www.ce-illkirch.fr\/wordpress\/wp-json\/wp\/v2\/users\/2"}],"replies":[{"embeddable":true,"href":"https:\/\/www.ce-illkirch.fr\/wordpress\/wp-json\/wp\/v2\/comments?post=1152"}],"version-history":[{"count":4,"href":"https:\/\/www.ce-illkirch.fr\/wordpress\/wp-json\/wp\/v2\/pages\/1152\/revisions"}],"predecessor-version":[{"id":32162,"href":"https:\/\/www.ce-illkirch.fr\/wordpress\/wp-json\/wp\/v2\/pages\/1152\/revisions\/32162"}],"up":[{"embeddable":true,"href":"https:\/\/www.ce-illkirch.fr\/wordpress\/wp-json\/wp\/v2\/pages\/73"}],"wp:attachment":[{"href":"https:\/\/www.ce-illkirch.fr\/wordpress\/wp-json\/wp\/v2\/media?parent=1152"}],"curies":[{"name":"wp","href":"https:\/\/api.w.org\/{rel}","templated":true}]}}