{"id":138,"date":"2010-02-01T14:27:22","date_gmt":"2010-02-01T13:27:22","guid":{"rendered":"http:\/\/www.ce-illkirch.fr\/wordpress\/?page_id=138"},"modified":"2026-04-08T16:51:31","modified_gmt":"2026-04-08T14:51:31","slug":"billets-en-stock-au-ce","status":"publish","type":"page","link":"https:\/\/www.ce-illkirch.fr\/wordpress\/billetterie\/billets-en-stock-au-ce\/","title":{"rendered":"En stock au CSE"},"content":{"rendered":"<p>Toute la billetterie disponible aux permanences !<\/p>\n\n<table id=\"tablepress-15\" class=\"tablepress tablepress-id-15\">\n<thead>\n<tr class=\"row-1\">\n\t<th class=\"column-1\">Billetterie<\/th><th class=\"column-2\">Prix CSE<\/th>\n<\/tr>\n<\/thead>\n<tbody class=\"row-striping row-hover\">\n<tr class=\"row-2\">\n\t<td class=\"column-1\">Bon Massage <a href=\"https:\/\/www.lebienetreastrasbourg.com\/\">Bien\u00eatre<\/a> Neudorf 1\/2h \u00e0 1h30<\/td><td class=\"column-2\">de 31.5 \u00e0 76.50 \u20ac<\/td>\n<\/tr>\n<tr class=\"row-3\">\n\t<td class=\"column-1\">Bon Cuisine Aptitude 1\/2h \u00e0 2h30 \u2013 7\/12 ans 1h30<\/td><td class=\"column-2\">30 min 18 \u20ac - parent\/enfant 1h30 36 \u20ac<\/td>\n<\/tr>\n<tr class=\"row-4\">\n\t<td class=\"column-1\">Bons Vieux Campeur 10 - 50 \u20ac<\/td><td class=\"column-2\">8.50 - 42.50 \u20ac<\/td>\n<\/tr>\n<tr class=\"row-5\">\n\t<td class=\"column-1\">BONS DARTY-FNAC 10-50 et 100 \u20ac<\/td><td class=\"column-2\">9.50- 47.5 \u2013 95 \u20ac<\/td>\n<\/tr>\n<tr class=\"row-6\">\n\t<td class=\"column-1\">CARACALLA 2 h \/ 3 h sans sauna \/<br \/>\n<br \/>\nCARACALLA 2h\/3h avec sauna<\/td><td class=\"column-2\">15.77 \u2013 19.09 \u20ac<br \/>\n<br \/>\n19.92 \u2013 23.24 \u20ac<\/td>\n<\/tr>\n<tr class=\"row-7\">\n\t<td class=\"column-1\">UGC national<br \/>\n<br \/>\nUGC BLUE  (tous les jours, toutes les s\u00e9ances) \u2013 charg\u00e9s sur <br \/>\nla carte (2\u20ac la carte ou 1\u20ac la e-CARTE) \u2013 valable \u00e0 Strasbourg (qq billets nationaux)<br \/>\n<br \/>\nUGC Blue \u2013 14 ans<\/td><td class=\"column-2\">9.95 \u20ac<br \/>\n<br \/>\n7 \u20ac<br \/>\n<br \/>\n <br \/>\n6 \u20ac<\/td>\n<\/tr>\n<tr class=\"row-8\">\n\t<td class=\"column-1\">Cin\u00e9ma VOX \u2013 TREFLE<\/td><td class=\"column-2\">8.20 \u20ac<\/td>\n<\/tr>\n<tr class=\"row-9\">\n\t<td class=\"column-1\">Europa Park e-billet possible <a href=\"https:\/\/www.ctbr67.fr\/lignes-saisonnieres\/europa-park-2\/\"> infos bus<\/a><\/td><td class=\"column-2\">54,50 \u20ac saison 2025 (+2\u20ac en ligne)<br \/>\n56.50 \u20ac saison 2026<\/td>\n<\/tr>\n<tr class=\"row-10\">\n\t<td class=\"column-1\">CTS Cartes Multi adulte \u2013 charg\u00e9es de 10 allers simples \u2013 validit\u00e9 8 ans<br \/>\n<br \/>\nCarte simple charg\u00e9e de 10 billets allers simples<br \/>\n<br \/>\nlimit\u00e9 \u00e0 5 cartes par salari\u00e9 et par ann\u00e9e.<\/td><td class=\"column-2\">16.40 \u20ac<br \/>\n<br \/>\n14.45 \u20ac<br \/>\n<br \/>\n<\/td>\n<\/tr>\n<tr class=\"row-11\">\n\t<td class=\"column-1\">d'autres billetteries en e-ticket sur Cezam.fr ou au CSE<\/td><td class=\"column-2\"><\/td>\n<\/tr>\n<\/tbody>\n<\/table>\n<!-- #tablepress-15 from cache -->\n<p>Billetterie \u00e0 commander : consultez le\u00a0<a href=\"https:\/\/www.cezam.fr\/cezam\" target=\"_blank\" rel=\"noopener\">site de cezam<\/a> pour avoir la liste exhaustive. <strong>Carte c\u00e9zam disponible au CSE<\/strong> (ou en e-billet) sur simple demande &#8211; carte n\u00e9cessaire pour se cr\u00e9er un compte sur le site c\u00e9zam.<\/p>\n<p>bons d&rsquo;achats \u00e0 commander : G\u00e9mo, Auchan, Ik\u00e9a, Vitrines de Strasbourg, Zalando &#8230;<\/p>\n<p>Parcs \u00e0 commander : Didiland &#8211; Parc Saint Croix &#8211; Zoo Amn\u00e9ville &#8211; Parc du Petit Prince &#8230;.<\/p>\n<p>Billetterie nationale : \u00e0 v\u00e9rifier si des billets sont \u00e0 commander \u00e0 l&rsquo;avance ou si la r\u00e9duction se fait sur pr\u00e9sentation de la carte c\u00e9zam.<\/p>\n","protected":false},"excerpt":{"rendered":"<p>Toute la billetterie disponible aux permanences ! Billetterie \u00e0 commander : consultez le\u00a0site de cezam pour avoir la liste exhaustive. Carte c\u00e9zam disponible au CSE (ou en e-billet) sur simple [&hellip;]<\/p>\n","protected":false},"author":2,"featured_media":0,"parent":30,"menu_order":1,"comment_status":"closed","ping_status":"closed","template":"","meta":{"footnotes":""},"class_list":["post-138","page","type-page","status-publish","hentry"],"publishpress_future_action":{"enabled":false,"date":"2026-05-14 12:22:13","action":"change-status","newStatus":"draft","terms":[],"taxonomy":"category","extraData":[]},"publishpress_future_workflow_manual_trigger":{"enabledWorkflows":[]},"_links":{"self":[{"href":"https:\/\/www.ce-illkirch.fr\/wordpress\/wp-json\/wp\/v2\/pages\/138","targetHints":{"allow":["GET"]}}],"collection":[{"href":"https:\/\/www.ce-illkirch.fr\/wordpress\/wp-json\/wp\/v2\/pages"}],"about":[{"href":"https:\/\/www.ce-illkirch.fr\/wordpress\/wp-json\/wp\/v2\/types\/page"}],"author":[{"embeddable":true,"href":"https:\/\/www.ce-illkirch.fr\/wordpress\/wp-json\/wp\/v2\/users\/2"}],"replies":[{"embeddable":true,"href":"https:\/\/www.ce-illkirch.fr\/wordpress\/wp-json\/wp\/v2\/comments?post=138"}],"version-history":[{"count":75,"href":"https:\/\/www.ce-illkirch.fr\/wordpress\/wp-json\/wp\/v2\/pages\/138\/revisions"}],"predecessor-version":[{"id":39149,"href":"https:\/\/www.ce-illkirch.fr\/wordpress\/wp-json\/wp\/v2\/pages\/138\/revisions\/39149"}],"up":[{"embeddable":true,"href":"https:\/\/www.ce-illkirch.fr\/wordpress\/wp-json\/wp\/v2\/pages\/30"}],"wp:attachment":[{"href":"https:\/\/www.ce-illkirch.fr\/wordpress\/wp-json\/wp\/v2\/media?parent=138"}],"curies":[{"name":"wp","href":"https:\/\/api.w.org\/{rel}","templated":true}]}}