{"id":140,"date":"2022-01-17T14:30:15","date_gmt":"2022-01-17T13:30:15","guid":{"rendered":"http:\/\/www.ce-illkirch.fr\/wordpress\/?page_id=140"},"modified":"2025-03-13T17:55:45","modified_gmt":"2025-03-13T16:55:45","slug":"la-billetterie-de-lircos","status":"publish","type":"page","link":"https:\/\/www.ce-illkirch.fr\/wordpress\/billetterie\/la-billetterie-de-lircos\/","title":{"rendered":"Billetterie C\u00e9zam"},"content":{"rendered":"<p>Toute la\u00a0<a href=\"https:\/\/www.cezam.fr\" target=\"_blank\" rel=\"noopener\">billetterie<\/a> Carte C\u00e9zam &#8211; Vous pouvez passer commande au CSE, le d\u00e9lai est souvent court, au maximum 15 jours d&rsquo;attente. Possibilit\u00e9 de s&rsquo;inscrire \u00e0 la Newsletter C\u00e9zam sur leur site pour connaitre les nouveaut\u00e9s.<\/p>\n<p><img loading=\"lazy\" decoding=\"async\" class=\"alignnone wp-image-29663 size-medium\" src=\"https:\/\/www.ce-illkirch.fr\/wordpress\/wp-content\/uploads\/C\u00e9zamGrandEst-300x133.png\" alt=\"\" width=\"300\" height=\"133\" srcset=\"https:\/\/www.ce-illkirch.fr\/wordpress\/wp-content\/uploads\/C\u00e9zamGrandEst-300x133.png 300w, https:\/\/www.ce-illkirch.fr\/wordpress\/wp-content\/uploads\/C\u00e9zamGrandEst-768x339.png 768w, https:\/\/www.ce-illkirch.fr\/wordpress\/wp-content\/uploads\/C\u00e9zamGrandEst-1024x452.png 1024w, https:\/\/www.ce-illkirch.fr\/wordpress\/wp-content\/uploads\/C\u00e9zamGrandEst-110x49.png 110w, https:\/\/www.ce-illkirch.fr\/wordpress\/wp-content\/uploads\/C\u00e9zamGrandEst-420x186.png 420w, https:\/\/www.ce-illkirch.fr\/wordpress\/wp-content\/uploads\/C\u00e9zamGrandEst-770x340.png 770w, https:\/\/www.ce-illkirch.fr\/wordpress\/wp-content\/uploads\/C\u00e9zamGrandEst.png 1100w\" sizes=\"auto, (max-width: 300px) 100vw, 300px\" \/><\/p>\n","protected":false},"excerpt":{"rendered":"<p>Toute la\u00a0billetterie Carte C\u00e9zam &#8211; Vous pouvez passer commande au CSE, le d\u00e9lai est souvent court, au maximum 15 jours d&rsquo;attente. Possibilit\u00e9 de s&rsquo;inscrire \u00e0 la Newsletter C\u00e9zam sur leur [&hellip;]<\/p>\n","protected":false},"author":2,"featured_media":0,"parent":30,"menu_order":2,"comment_status":"closed","ping_status":"closed","template":"","meta":{"footnotes":""},"class_list":["post-140","page","type-page","status-publish","hentry"],"publishpress_future_action":{"enabled":false,"date":"2026-05-14 16:20:49","action":"change-status","newStatus":"draft","terms":[],"taxonomy":"category","extraData":[]},"publishpress_future_workflow_manual_trigger":{"enabledWorkflows":[]},"_links":{"self":[{"href":"https:\/\/www.ce-illkirch.fr\/wordpress\/wp-json\/wp\/v2\/pages\/140","targetHints":{"allow":["GET"]}}],"collection":[{"href":"https:\/\/www.ce-illkirch.fr\/wordpress\/wp-json\/wp\/v2\/pages"}],"about":[{"href":"https:\/\/www.ce-illkirch.fr\/wordpress\/wp-json\/wp\/v2\/types\/page"}],"author":[{"embeddable":true,"href":"https:\/\/www.ce-illkirch.fr\/wordpress\/wp-json\/wp\/v2\/users\/2"}],"replies":[{"embeddable":true,"href":"https:\/\/www.ce-illkirch.fr\/wordpress\/wp-json\/wp\/v2\/comments?post=140"}],"version-history":[{"count":5,"href":"https:\/\/www.ce-illkirch.fr\/wordpress\/wp-json\/wp\/v2\/pages\/140\/revisions"}],"predecessor-version":[{"id":36942,"href":"https:\/\/www.ce-illkirch.fr\/wordpress\/wp-json\/wp\/v2\/pages\/140\/revisions\/36942"}],"up":[{"embeddable":true,"href":"https:\/\/www.ce-illkirch.fr\/wordpress\/wp-json\/wp\/v2\/pages\/30"}],"wp:attachment":[{"href":"https:\/\/www.ce-illkirch.fr\/wordpress\/wp-json\/wp\/v2\/media?parent=140"}],"curies":[{"name":"wp","href":"https:\/\/api.w.org\/{rel}","templated":true}]}}