{"id":1538,"date":"2010-05-03T12:33:48","date_gmt":"2010-05-03T11:33:48","guid":{"rendered":"http:\/\/www.ce-illkirch.fr\/wordpress\/?page_id=1538"},"modified":"2026-04-14T11:28:37","modified_gmt":"2026-04-14T09:28:37","slug":"vacances","status":"publish","type":"page","link":"https:\/\/www.ce-illkirch.fr\/wordpress\/offres-commerciales-2\/vacances\/","title":{"rendered":"Vacances"},"content":{"rendered":"<p style=\"text-align: center;\"><strong>Voici les r\u00e9ductions directes avec quelques partenaires, vous retrouvez les catalogues vacances subventionn\u00e9s* et le r\u00e8glement pour le remboursement de la subvention sur vos locations vacances <a href=\"https:\/\/www.ce-illkirch.fr\/wordpress\/tourisme\/catalogues\/\" target=\"_blank\" rel=\"noopener\">ICI<\/a>.<\/strong><\/p>\n<p>&nbsp;<\/p>\n<p style=\"text-align: center;\">Pensez \u00e9galement \u00e0 la carte <a href=\"https:\/\/www.cezam-grandest.fr\/default.asp?rubrique=carte-cezam&amp;mode=actualites-cartecezam\" target=\"_blank\" rel=\"noopener\">C\u00e9zam nationale<\/a><\/p>\n<p><strong>\u00a0<\/strong><\/p>\n<p><strong>A.<\/strong><\/p>\n<p><strong><a href=\"https:\/\/www.ce-illkirch.fr\/wordpress\/tourisme\/catalogues\/\" target=\"_blank\" rel=\"noopener\">Abritel:<\/a>*<\/strong> Pr\u00e9venir le CE de votre demande de location \u2013 Demandez un contrat de location au nom du CE , avec votre nom mentionn\u00e9 et un RIB du propri\u00e9taire pour effectuer directement le virement. Le CE, d\u00e8s r\u00e9ception du contrat vous demandera un acompte.\u00a0Exemple de contrat Abritel : <a href=\"http:\/\/www.ce-illkirch.fr\/wordpress\/wp-content\/uploads\/Abritel.doc\" target=\"_blank\" rel=\"noopener\">Mod\u00e8le fran\u00e7ais<\/a> \/ <a href=\"http:\/\/www.ce-illkirch.fr\/wordpress\/wp-content\/uploads\/contrat_anglais.doc\" target=\"_blank\" rel=\"noopener\">Mod\u00e8le anglais \/ <\/a>&#8211; <a href=\"http:\/\/www.ce-illkirch.fr\/wordpress\/wp-content\/uploads\/contrat_simplifie-1.doc\" target=\"_blank\" rel=\"noopener\">Mod\u00e8le simplifi\u00e9<\/a><\/p>\n<p><strong> Alparadaiso\u00a0Passion Voyages <\/strong><strong><span style=\"font-weight: normal;\" data-mce-mark=\"1\">10 rue Saint-Louis &#8211; 67930 BEINHEIM \u00a0&#8211; Tel : 03.88.53.00.27 &#8211; <\/span><\/strong>Offre : -100 \u20ac sur destinations lointaines &#8211; 50 \u20ac destinations proches.<\/p>\n<p><strong>AUTOROUTES &#8211; p\u00e9age : <\/strong>un an d&rsquo;abonnement gratuit pour toute souscription au t\u00e9l\u00e9p\u00e9age Liber-t, \u00e0 valoir sur les abonnements Liber-t balade, Fr\u00e9quence et D\u00e9tente. Offre r\u00e9serv\u00e9e aux salari\u00e9s ALE sur pr\u00e9sentation d&rsquo;une pi\u00e8ce officielle de &#8211; de 3 mois justifiant de l&rsquo;appartenance \u00e0 l&rsquo;entreprise (fiche de paie, carte prof.). Apr\u00e8s l&rsquo;ann\u00e9e gratuite, vous pouvez b\u00e9n\u00e9ficier du t\u00e9l\u00e9p\u00e9age \u00e0 partir de 2 \u20ac par mois (uniquement les mois utilis\u00e9s). <a href=\"http:\/\/www.ce-illkirch.fr\/wordpress\/wp-content\/uploads\/peageFiche-Offre-CE-sans-Frais-de-mise-en-service.pdf\" target=\"_blank\" rel=\"noopener\">D\u00e9tails<\/a>\u00a0&#8211; <a href=\"http:\/\/www.ce-illkirch.fr\/wordpress\/wp-content\/uploads\/peageAPRR-Contrat-Liber-t-BALADE-Offre-CE.pdf\" target=\"_blank\" rel=\"noopener\">bon de commande\u00a0<\/a>\u00e0 tamponner au CE.<\/p>\n<p><a href=\"https:\/\/pr.azureva-vacances.com?utm_source=site-CSE-ale-international\" target=\"_blank\" rel=\"noopener\"><strong>Azureva <\/strong><\/a>&#8211; Code partenaire PR &#8211; 12% de remise &#8211; 0825 825 432<\/p>\n<p><strong><a href=\"https:\/\/www.ce-illkirch.fr\/wordpress\/tourisme\/catalogues\/\" target=\"_blank\" rel=\"noopener\">Arts et Vie :<\/a>*<\/strong> num\u00e9ro d\u2019adh\u00e9rent 387704 \u2013 v\u00e9rifier la disponibilit\u00e9 et remplir le <a href=\"http:\/\/www.ce-illkirch.fr\/wordpress\/wp-content\/uploads\/artsetvie_inscrcondition.pdf\" target=\"_blank\" rel=\"noopener\">Formulaire d\u2019inscription<\/a><\/p>\n<p><strong>B.<\/strong><\/p>\n<p><strong><a href=\"https:\/\/www.ce-illkirch.fr\/wordpress\/tourisme\/catalogues\/\" target=\"_blank\" rel=\"noopener\">Belambra:<\/a>*<\/strong> login : ALCATELLUCENT \u2013 mot de passe : 2423p <a href=\"http:\/\/www.ce-illkirch.fr\/wordpress\/wp-content\/uploads\/Belambra.pdf\" target=\"_blank\" rel=\"noopener\">Formulaire\u00a0Belambra<\/a><\/p>\n<p><strong>C.<\/strong><\/p>\n<div>\n<div class=\"entry-content\">\n<p>Canalous : Locations bateaux sans permis<a href=\"http:\/\/www.canalous-plaisance.fr\/\">\u00a0http:\/\/www.canalous-plaisance.fr\/<\/a>03 85 53 76 70\u00a010% de remise suppl\u00e9mentaire, cumulables avec toutes les offres en cours, sur pr\u00e9sentation du badge ALE et Nokia.<\/p>\n<h1 class=\"entry-title\"><img loading=\"lazy\" decoding=\"async\" class=\"size-medium wp-image-28856 alignright\" src=\"https:\/\/www.ce-illkirch.fr\/wordpress\/wp-content\/uploads\/canalous_b-300x105.jpg\" alt=\"\" width=\"300\" height=\"105\" srcset=\"https:\/\/www.ce-illkirch.fr\/wordpress\/wp-content\/uploads\/canalous_b-300x105.jpg 300w, https:\/\/www.ce-illkirch.fr\/wordpress\/wp-content\/uploads\/canalous_b-768x269.jpg 768w, https:\/\/www.ce-illkirch.fr\/wordpress\/wp-content\/uploads\/canalous_b-110x39.jpg 110w, https:\/\/www.ce-illkirch.fr\/wordpress\/wp-content\/uploads\/canalous_b-420x147.jpg 420w, https:\/\/www.ce-illkirch.fr\/wordpress\/wp-content\/uploads\/canalous_b-770x270.jpg 770w, https:\/\/www.ce-illkirch.fr\/wordpress\/wp-content\/uploads\/canalous_b.jpg 1000w\" sizes=\"auto, (max-width: 300px) 100vw, 300px\" \/><\/h1>\n<p><em>Le groupe FPP TRAVEL\u00a0\u2013 Les Canalous est le 1<sup>er<\/sup> loueur constructeur de bateaux habitables sans permis en France. Il propose des croisi\u00e8res en aller-re<\/em><em>tour et aller simple dans plus de 40 bases de d\u00e9part en France et en Europe. <\/em>Une vaste gamme de bateaux est propos\u00e9e, pour 2 \u00e0 12 personnes, avec 0 \u00e0 6 cabines selon les mod\u00e8les.<\/p>\n<\/div>\n<\/div>\n<div><\/div>\n<p><strong><a href=\"https:\/\/www.ce-illkirch.fr\/wordpress\/tourisme\/catalogues\/\" target=\"_blank\" rel=\"noopener\">Camping Car Lack <\/a>:*<\/strong> Formulaire\u00a0<a href=\"http:\/\/www.ce-illkirch.fr\/wordpress\/wp-content\/uploads\/lack.pdf\" target=\"_blank\" rel=\"noopener\">Camping Car Lack<\/a><\/p>\n<p><strong><a href=\"https:\/\/www.ce-illkirch.fr\/wordpress\/tourisme\/catalogues\/\" target=\"_blank\" rel=\"noopener\">Center Parc <\/a>:*<\/strong> Formulaire <a href=\"http:\/\/www.ce-illkirch.fr\/wordpress\/wp-content\/uploads\/centerparc_15.pdf\" target=\"_blank\" rel=\"noopener\">Center Parc<\/a><\/p>\n<p><a href=\"https:\/\/www.abritel.fr\/location-vacances\/p1953878?adultsCount=6&amp;arrival=2023-01-07&amp;childrenCount=4&amp;departure=2023-01-09&amp;uni_id=2129721\"><strong>Chalet Ventron Les Ecureuils<\/strong><\/a> 11 personnes &#8211; sauna, pi\u00e8ce de jeu. M. Pellegrin 06.78.29.21.94. Tarif ALE &#8211; possibilit\u00e9 d&rsquo;avoir la subvention \u00e0 l&rsquo;issue du s\u00e9jour sur pr\u00e9sentation d&rsquo;une facture.<\/p>\n<p><strong><a href=\"https:\/\/www.ce-illkirch.fr\/wordpress\/tourisme\/catalogues\/\" target=\"_blank\" rel=\"noopener\">Cl\u00e9 Vacances<\/a> :*<\/strong> Pr\u00e9venir le CE de votre demande de location \u2013 Demandez un contrat de location au nom du CE , avec votre nom mentionn\u00e9 et un RIB du propri\u00e9taire pour effectuer directement le virement. Le CE, d\u00e8s r\u00e9ception du contrat vous demandera un acompte.\u00a0Exemple de contrat Abritel : <a href=\"http:\/\/www.ce-illkirch.fr\/wordpress\/wp-content\/uploads\/Abritel.doc\" target=\"_blank\" rel=\"noopener\">Mod\u00e8le fran\u00e7ais<\/a> \/ <a href=\"http:\/\/www.ce-illkirch.fr\/wordpress\/wp-content\/uploads\/contrat_anglais.doc\" target=\"_blank\" rel=\"noopener\">Mod\u00e8le anglais \/ <\/a>&#8211; <a href=\"http:\/\/www.ce-illkirch.fr\/wordpress\/wp-content\/uploads\/contrat_simplifie-1.doc\" target=\"_blank\" rel=\"noopener\">Mod\u00e8le simplifi\u00e9<\/a><\/p>\n<p><a href=\"http:\/\/www.clubmed-collectivites.com\" target=\"_blank\" rel=\"noopener\"><strong>Club Med<\/strong><\/a><strong> &#8211; <\/strong>Tel : 0 825 825 895 &#8211; Offre : jusqu&rsquo;\u00e0 -10% sur l&rsquo;ensemble des villages, circuits et croisi\u00e8res \/ -5% Haute Saison &#8211; Code d&rsquo;appartenance : BH ALCALUCEN &#8211; Mot de passe num\u00e9rique : <strong>178711<\/strong>\u00a0 Infos et Catalogues au CE.<\/p>\n<p><a href=\"http:\/\/www.leclosdesdelices.com\" target=\"_blank\" rel=\"noopener\"><strong>LE CLOS DES DELICES<\/strong><\/a> \u2013 HOTEL 4* \u2013 RESTAURANT \u2013 ESPACE DETENTE \u2013 17 route de Klingenthal \u2013 67530 OTTROTT &#8211; T\u00e9l\u00a0: 03.88.95.81.00 \u2013 Fax\u00a0: 03.88.95.97.71\u00a0\u00a0<a href=\"mailto:contact@leclosdesdelices.com\"><b>contact@leclosdesdelices.com &#8211; <\/b><\/a><b>Code Avantage\u00a0: lucent67408 &#8211;\u00a0Une Offre de -10% sur tous nos bons cadeaux<\/b><\/p>\n<p>Pour b\u00e9n\u00e9ficier de cette offre\u00a0:<\/p>\n<p>1)\u00a0\u00a0\u00a0\u00a0Connectez-vous sur notre site internet\u00a0<a href=\"http:\/\/www.leclosdesdelices.com\/\"><b>www.leclosdesdelices.com<\/b><\/a>\u00a0Rubrique \u00ab\u00a0Nos Bons Cadeaux\u00a0\u00bb \/ 2)\u00a0\u00a0\u00a0\u00a0Choisir votre bon cadeau parmi les rubriques : <b>|H\u00f4tel|Massage|Restaurant|S\u00e9jours au Jardin D\u00e9sir\u00e9 \u00e0 Marrakech|\/ <\/b>3)\u00a0\u00a0\u00a0\u00a0Choisir entre 3 formules (postale, num\u00e9rique ou \u00e0 emporter au Clos des D\u00e9lices)\u00a0 \/ 4)\u00a0\u00a0\u00a0\u00a0Saisir vos informations ainsi que le\u00a0<b>code pour la remise\u00a0: lucent67408 \/ <\/b>5)\u00a0\u00a0\u00a0\u00a0Personnaliser votre bon \/ 6)\u00a0\u00a0\u00a0\u00a0Effectuer votre paiement par carte bancaire<\/p>\n<p><strong>E.<\/strong><\/p>\n<p><a href=\"https:\/\/ecm-voyages.fr\/\" target=\"_blank\" rel=\"noopener\">\u00e9-CHANGEONS LE MONDE<\/a> Tourisme \u00e9quitable et solidaire : tarif r\u00e9duit avec la carte C\u00e9zam<\/p>\n<p>F.<\/p>\n<p><strong><a href=\"https:\/\/www.ce-illkirch.fr\/wordpress\/tourisme\/catalogues\/\" target=\"_blank\" rel=\"noopener\">Flower Camping<\/a> *<\/strong>\u2013 <a href=\"http:\/\/www.ce-illkirch.fr\/wordpress\/wp-content\/uploads\/FLOWER.pdf\" target=\"_blank\" rel=\"noopener\">Formulaire Flower<\/a><\/p>\n<p><strong>G.<\/strong><\/p>\n<p><strong><a href=\"https:\/\/www.ce-illkirch.fr\/wordpress\/tourisme\/catalogues\/\" target=\"_blank\" rel=\"noopener\">Gites de France<\/a>*<\/strong> &#8211; Gites d\u2019Europe : Pr\u00e9venir le CE de votre demande de location \u2013 Demandez un contrat de location au nom du CE , avec votre nom mentionn\u00e9 et un RIB du propri\u00e9taire pour effectuer directement le virement. Le CE, d\u00e8s r\u00e9ception du contrat vous demandera un acompte.\u00a0Exemple de contrat Abritel : <a href=\"http:\/\/www.ce-illkirch.fr\/wordpress\/wp-content\/uploads\/Abritel.doc\" target=\"_blank\" rel=\"noopener\">Mod\u00e8le fran\u00e7ais<\/a> \/ <a href=\"http:\/\/www.ce-illkirch.fr\/wordpress\/wp-content\/uploads\/contrat_anglais.doc\" target=\"_blank\" rel=\"noopener\">Mod\u00e8le anglais \/ <\/a>&#8211; <a href=\"http:\/\/www.ce-illkirch.fr\/wordpress\/wp-content\/uploads\/contrat_simplifie-1.doc\" target=\"_blank\" rel=\"noopener\">Mod\u00e8le simplifi\u00e9<\/a><\/p>\n<p><strong>Go Voyages<\/strong> 118 rue R\u00e9aumur &#8211; 75002 PARIS \u00a0&#8211; Tel : 0892 23 93 93 en indiquant : CE Alcatel &#8211;\u00a0vols charter : r\u00e9duction sur le site CE 3% : identification : 0390677693 \/ mdp : ALCATEL. <a href=\"http:\/\/www.ce-illkirch.fr\/wordpress\/wp-content\/uploads\/govoyage_visuel12.pdf\" target=\"_blank\" rel=\"noopener\">Info<\/a> &#8211; Offre : 3% de r\u00e9duction sur les coffrets cadeaux &#8211; Code GOBOXCE &#8211;<\/p>\n<p><strong><a href=\"http:\/\/www.goelia.com\" target=\"_blank\" rel=\"noopener\">Goelia<\/a><\/strong> &#8211; catalogue tourisme &#8211; jusqu&rsquo;\u00e0 40% de r\u00e9duction sur vos vacances. 10% de remise toute l&rsquo;ann\u00e9e (cumulable\u00a0\u00a0avec promotions internet) Identifiant : LUCENT &#8211; mot de passe : 67400 &#8211; <a href=\"https:\/\/www.ce-illkirch.fr\/wordpress\/wp-content\/uploads\/2024\/10\/geolia_AFFICHE-ALCATEL-ILLKIRCH.pdf\">Affiche<\/a><\/p>\n<p><strong><a href=\"http:\/\/WWW.GD-VACANCES.COM\" target=\"_blank\" rel=\"noopener\">GD Vacances<\/a><\/strong><\/p>\n<p>par t\u00e9l\u00e9phone au\u00a003 87 00 44 60 ou par internet sur <a href=\"http:\/\/WWW.GD-VACANCES.COM\">WWW.GD-VACANCES<\/a> \u00a0 <strong>code partenaire :<\/strong>\u00a0<strong>JEK249-42<br \/>\n<\/strong><\/p>\n<p><strong>H.<\/strong><\/p>\n<p><strong><a href=\"https:\/\/www.ce-illkirch.fr\/wordpress\/tourisme\/catalogues\/\" target=\"_blank\" rel=\"noopener\">Homair* <\/a>:<\/strong> <a href=\"http:\/\/www.ce-illkirch.fr\/wordpress\/wp-content\/uploads\/homairfiche-resa.docx\" target=\"_blank\" rel=\"noopener\">Formulaire Homair<\/a><\/p>\n<p><strong>I.<\/strong><\/p>\n<p><strong>In<\/strong><strong>ter Collectivit\u00e9s Voyages<\/strong> &#8211; Tel : 01 42 50 79 71 &#8211; Offre : 5 % de r\u00e9duction sur toute brochure: Starter , Jet Tours, Fram, Kuoni\u2026 sauf Club med, Tui, et Nouvelles Fronti\u00e8res. R\u00e9duction sur les forfaits.<\/p>\n<p><strong>L.<\/strong><\/p>\n<p><strong><a href=\"https:\/\/www.ce-illkirch.fr\/wordpress\/tourisme\/catalogues\/\" target=\"_blank\" rel=\"noopener\">Lagrange :<\/a>*<\/strong> Formulaire\u00a0<a href=\"http:\/\/www.ce-illkirch.fr\/wordpress\/wp-content\/uploads\/lagrange1.pdf\" target=\"_blank\" rel=\"attachment noopener wp-att-8307\">lagrange<\/a><a href=\"https:\/\/www.ce-illkirch.fr\/wordpress\/tourisme\/catalogues\/\" target=\"_blank\" rel=\"noopener\"><br \/>\n<\/a><\/p>\n<p><strong><a href=\"http:\/\/www.loisirsvacances.fr\" target=\"_blank\" rel=\"noopener\">Loisirs Vacances Passion <\/a><\/strong>: -5% sur les s\u00e9jours en France hors vacances scolaire &#8211; 5% s\u00e9jours \u00e0 l&rsquo;\u00e9tranger.<\/p>\n<p><strong>M.<\/strong><\/p>\n<p><strong><a href=\"https:\/\/www.ce-illkirch.fr\/wordpress\/tourisme\/catalogues\/\" target=\"_blank\" rel=\"noopener\">Groupe Maeva \/ Pierre et Vacances :<\/a>*<\/strong> Identifiant\u00a0Alcatel67\u00a0&#8211; mot de passe\u00a029987\u00a0\/ Formulaire\u00a0<a href=\"http:\/\/www.ce-illkirch.fr\/wordpress\/wp-content\/uploads\/Maeva11.doc\" target=\"_blank\" rel=\"noopener\">Maeva \/ Pierre et Vacances<\/a><\/p>\n<p><strong><a href=\"http:\/\/www.marmara.com\/\" target=\"_blank\" rel=\"noopener\">Marmara<\/a><\/strong> Tel : 03.88.13.51.30 &#8211;\u00a0Offre : -5 % avec la carte c\u00e9zam ou\u00a0 code D00250@ALC67<\/p>\n<p><strong><a href=\"https:\/\/www.mistercamp.com\" target=\"_blank\" rel=\"noopener\">Mistercamp<\/a><\/strong> &#8211; 02.51.700.600 &#8211; code cadeau <b>ALCA<\/b> \u00e0 rappeler lors de la r\u00e9sa<\/p>\n<p>Des r\u00e9ductions toute l\u2019ann\u00e9e\u00a0:<\/p>\n<ul>\n<li><b>5%<\/b> de remise cumulable avec les promotions entre le 7\/07\/2018 et le 01\/09\/2018 \/ <b>20%<\/b> pour les s\u00e9jours \u00e0 la semaine en basse saison<\/li>\n<li>Gratuit\u00e9 des frais de dossier \u00e0 chaque r\u00e9servation (27 \u20ac)<\/li>\n<\/ul>\n<p><b><span style=\"text-decoration: underline;\">R\u00e9servation individuelle\u00a0: <\/span><\/b>par t\u00e9l\u00e9phone aupr\u00e8s du service clients Mister Camp au 02 51\u00a0700\u00a0600 (<span style=\"text-decoration: underline;\">num\u00e9ro non surtax\u00e9<\/span>) code partenaire <b>ALCA <\/b>ou sur notre site <a href=\"https:\/\/www.mistercamp.com\"><b>www.mistercamp.com<\/b><\/a> en entrant votre code partenaire <b>ALCA<\/b> \u00a0au moment du r\u00e9capitulatif de votre commande<b>.<\/b><\/p>\n<p><a href=\"http:\/\/www.mmv.fr\/\" target=\"_blank\" rel=\"noopener\"><strong>MMV<\/strong><\/a> jusqu&rsquo;\u00e0 15% de r\u00e9duction + frais dossier offerts &#8211;\u00a0 code de r\u00e9servation 01\/08361. Codes utilisables sur le site.<\/p>\n<p><strong>N.<\/strong><\/p>\n<p><a href=\"http:\/\/www.nemea.fr\" target=\"_blank\" rel=\"noopener\"><strong>N\u00e9mea<\/strong><\/a> : 05.57.26.99.31 \/ -12% sur l&rsquo;ensemble des produits N\u00e9m\u00e9a (hors prestations annexes) &#8211; 8% sur les r\u00e9sidences partenaires &#8211; Code ALE67<\/p>\n<p><strong><a href=\"http:\/\/www.next.fr\" target=\"_blank\" rel=\"noopener\">Next<\/a><\/strong>\u00a0 jusqu&rsquo;\u00e0 40% de r\u00e9duction code : votre nom \/ ALCAT67.<\/p>\n<p><strong>O.<\/strong><\/p>\n<p><strong><a href=\"https:\/\/www.ce-illkirch.fr\/wordpress\/tourisme\/catalogues\/\" target=\"_blank\" rel=\"noopener\">Odalys :<\/a>*<\/strong> Formulaire\u00a0<a href=\"http:\/\/www.ce-illkirch.fr\/wordpress\/wp-content\/uploads\/Bulletin-de-Confirmation-de-R\u00e9servation.pdf\" target=\"_blank\" rel=\"noopener\">Odalys<\/a><\/p>\n<p><strong>S.<\/strong><\/p>\n<p><strong>SNCF : <\/strong>jusqu&rsquo;\u00e0 50% sur votre billet de train avec les ch\u00e8ques vacances (en billetterie) et le <a href=\"http:\/\/www.ce-illkirch.fr\/wordpress\/wp-content\/uploads\/sncfbillet_annuel.pdf\" target=\"_blank\" rel=\"noopener\">billet de cong\u00e9 annuel<\/a>; \u00e0 demander \u00e0 la DRH<strong><br \/>\n<\/strong><\/p>\n<p><a href=\"http:\/\/www.stivoyages.fr\" target=\"_blank\" rel=\"noopener\"><strong>STI Voyages<\/strong><\/a> Contact Lynda ou Annette &#8211; Tel : 01.55.37.23.45 &#8211; Offre : 8 \u00e0 10 % de r\u00e9duction &#8211; Circuit et s\u00e9jour &#8211; brochures au C.E<\/p>\n<p><strong>T.<\/strong><\/p>\n<p><a href=\"http:\/\/www.thalassol.com\" target=\"_blank\" rel=\"noopener\"><strong>Thalassol <\/strong><\/a>Port Barcar\u00e8s \/ Perros Guirec : -10% (sauf promo) &#8211; 09.61.67.11.88 &#8211; pr\u00e9ciser Alcatel<\/p>\n<p><strong>U.<\/strong><\/p>\n<p><a href=\"https:\/\/www.ucpa.com\/?msclkid=1bd4f1643737117b8e05ac151752afce&amp;utm_source=bing&amp;utm_medium=cpc&amp;utm_campaign=Search%20-%20Marque%20-%20G%C3%A9n%C3%A9rique%20-%20Fil%20Rouge%20-%20Conv%20-%20Annuel&amp;utm_term=ucpa&amp;utm_content=_Annuel%20-%20Marque%20Exact\"><strong>UCPA <\/strong><\/a>Tel : 0 825 880 800 &#8211; Offre : remise 5 % sur les s\u00e9jours en France et en M\u00e9tropole. code LEI8<\/p>\n<p><strong>V.<\/strong><\/p>\n<p><a href=\"http:\/\/vacancesbleues.com\" target=\"_blank\" rel=\"noopener\"><strong>Vacances Bleues<\/strong> <\/a>&#8211; 0825 875 928 indiquez le code ABS &#8211; de 5 \u00e0 15 % de r\u00e9duction \/ guiheneuf@vacancesbleues.fr<\/p>\n<ul>\n<li><b>R\u00e9ductions \u00ab\u00a0minimum\u00a0\u00bb valables toute l\u2019ann\u00e9e <\/b><i>(en cas de promotion, au moment de l\u2019inscription, \u00a0le tarif le plus avantageux est propos\u00e9)<\/i><\/li>\n<li><b>Frais d\u2019Adh\u00e9sion offerts<\/b><\/li>\n<li><b>Frais de <i><span style=\"text-decoration: line-through;\">dossiers : 20 \u20ac \/ dossier<\/span> <\/i>Offerts pour vos Ayant-droits.<\/b><\/li>\n<\/ul>\n<p><a href=\"https:\/\/www.ce-illkirch.fr\/wordpress\/wp-content\/uploads\/VACANCES-BLEUES18-I.pdf\" target=\"_blank\" rel=\"noopener\">Affiche<br \/>\n<\/a><\/p>\n<p><strong><a href=\"https:\/\/www.ce-illkirch.fr\/wordpress\/tourisme\/catalogues\/\" target=\"_blank\" rel=\"noopener\">Vacances Directes\/Tohapi<\/a> :*<\/strong> Formulaire <a href=\"http:\/\/www.ce-illkirch.fr\/wordpress\/wp-content\/uploads\/tohapi.pdf\" target=\"_blank\" rel=\"noopener\">Tohapi<\/a><\/p>\n<p><strong><a href=\"http:\/\/www.vacances-passion.org\/vv\/vacances\/a-chacun-ses-vacances\/\" target=\"_blank\" rel=\"noopener\">Vacances Passion<\/a> <\/strong>(anciennement V pour Tous) : code CSE ALCATEL671 \/\u00a0 <a href=\"http:\/\/www.ce-illkirch.fr\/wordpress\/wp-content\/uploads\/BI_Passions_ete-1.pdf\" target=\"_blank\" rel=\"noopener\">Formulaire Vacances Passion <\/a>\/ <a href=\"https:\/\/www.ce-illkirch.fr\/wordpress\/wp-content\/uploads\/2022\/11\/22vacancespassion_AFFICHES-ALCATEL-1.pdf\">Affiche 11\/2022<\/a><\/p>\n<p><a href=\"https:\/\/www.ce-illkirch.fr\/wordpress\/tourisme\/catalogues\/\" target=\"_blank\" rel=\"noopener\"><strong>Villages Clubs du Soleil*<\/strong> <\/a>&#8211; Login 462630 &#8211; mot de passe : Alcatel &#8211; de 10 \u00e0 20 % de r\u00e9duction &#8211; 0 825 802 805<\/p>\n<div><strong><a href=\"https:\/\/www.ce-illkirch.fr\/wordpress\/tourisme\/catalogues\/\" target=\"_blank\" rel=\"noopener\">VVF <\/a>:*<\/strong> Formulaire\u00a0<a href=\"http:\/\/www.ce-illkirch.fr\/wordpress\/wp-content\/uploads\/vvf.pdf\" target=\"_blank\" rel=\"noopener\">VVF<\/a><\/div>\n<div><\/div>\n<div><strong>Y.<\/strong><\/div>\n<p><a href=\"http:\/\/www.les-yourtes-du-bearn.fr\/\" target=\"_blank\" rel=\"noopener\"><strong>Les Yourtes du B\u00e9arn<\/strong><\/a><strong><span style=\"text-decoration: underline;\"> :<\/span> <\/strong><strong>r\u00e9duction de 10% pour les salari\u00e9s Alcatel \/ <\/strong>Yourtes ou gite : <strong>136 rue de l\u2018\u00e9glise 64460 Pontiacq-Viellepinte FRANCE &#8211; <\/strong>05 59 68 28 30 | 06 14 36 31 76 | <a href=\"http:\/\/www.les-yourtes-du-bearn.fr\/\" target=\"_blank\" rel=\"noopener\">yourtes-du-bearn@orange.fr<\/a><\/p>\n<p>&nbsp;<\/p>\n<p><strong><span style=\"color: #000000;\" data-mce-mark=\"1\">BONS PLANS :<\/span><\/strong><\/p>\n<p><span style=\"color: #000000;\" data-mce-mark=\"1\"><strong>Gite Ecoasis<\/strong> : Bon plan d\u2019un retrait\u00e9 Serge Waltzer : un gite \u00e9cologique entre Figeac et Cajarc \u2013 Site internet<strong> <a href=\"http:\/\/www.ecoasis.fr\/\" target=\"_blank\" rel=\"noopener\">www.ecoasis.fr<\/a><\/strong>.<\/span><\/p>\n<p><em><strong>Voyages en Inde: Rajasthan et B\u00e9nar\u00e8s : <\/strong>Un de nos ancien coll\u00e8gue d&rsquo; Illkirch , Michael Dibbern, s&rsquo; est lanc\u00e9 dans le business du tourisme\u00a0 et vous propose ses voyages ( packages pr\u00e9d\u00e9finis ou\u00a0voyage \u00a0sur mesure) au Rajasthan avec extension \u00e0 B\u00e9nar\u00e8s. Vous trouverez toutes ses offres sur son site <a href=\"http:\/\/www.drivers-india.com\" target=\"_blank\" rel=\"noopener\">www.drivers-india.com<\/a>. N&rsquo;h\u00e9sitez pas \u00e0 le contacter ( contact@drivers-india.com) : il se fera un plaisir de vous r\u00e9pondre et discuter de vos envies de voyage en Inde. <\/em><\/p>\n","protected":false},"excerpt":{"rendered":"<p>Voici les r\u00e9ductions directes avec quelques partenaires, vous retrouvez les catalogues vacances subventionn\u00e9s* et le r\u00e8glement pour le remboursement de la subvention sur vos locations vacances ICI. &nbsp; Pensez \u00e9galement [&hellip;]<\/p>\n","protected":false},"author":2,"featured_media":0,"parent":152,"menu_order":7,"comment_status":"open","ping_status":"open","template":"","meta":{"footnotes":""},"class_list":["post-1538","page","type-page","status-publish","hentry"],"publishpress_future_action":{"enabled":false,"date":"2026-04-23 19:19:30","action":"change-status","newStatus":"draft","terms":[],"taxonomy":"category","extraData":[]},"publishpress_future_workflow_manual_trigger":{"enabledWorkflows":[]},"_links":{"self":[{"href":"https:\/\/www.ce-illkirch.fr\/wordpress\/wp-json\/wp\/v2\/pages\/1538","targetHints":{"allow":["GET"]}}],"collection":[{"href":"https:\/\/www.ce-illkirch.fr\/wordpress\/wp-json\/wp\/v2\/pages"}],"about":[{"href":"https:\/\/www.ce-illkirch.fr\/wordpress\/wp-json\/wp\/v2\/types\/page"}],"author":[{"embeddable":true,"href":"https:\/\/www.ce-illkirch.fr\/wordpress\/wp-json\/wp\/v2\/users\/2"}],"replies":[{"embeddable":true,"href":"https:\/\/www.ce-illkirch.fr\/wordpress\/wp-json\/wp\/v2\/comments?post=1538"}],"version-history":[{"count":32,"href":"https:\/\/www.ce-illkirch.fr\/wordpress\/wp-json\/wp\/v2\/pages\/1538\/revisions"}],"predecessor-version":[{"id":39285,"href":"https:\/\/www.ce-illkirch.fr\/wordpress\/wp-json\/wp\/v2\/pages\/1538\/revisions\/39285"}],"up":[{"embeddable":true,"href":"https:\/\/www.ce-illkirch.fr\/wordpress\/wp-json\/wp\/v2\/pages\/152"}],"wp:attachment":[{"href":"https:\/\/www.ce-illkirch.fr\/wordpress\/wp-json\/wp\/v2\/media?parent=1538"}],"curies":[{"name":"wp","href":"https:\/\/api.w.org\/{rel}","templated":true}]}}