{"id":1557,"date":"2010-05-03T14:27:14","date_gmt":"2010-05-03T13:27:14","guid":{"rendered":"http:\/\/www.ce-illkirch.fr\/wordpress\/?page_id=1557"},"modified":"2025-08-28T10:32:24","modified_gmt":"2025-08-28T08:32:24","slug":"sport","status":"publish","type":"page","link":"https:\/\/www.ce-illkirch.fr\/wordpress\/offres-commerciales-2\/sport\/","title":{"rendered":"Sport-V\u00e9lo"},"content":{"rendered":"<p>1. <a href=\"https:\/\/www.tennispro.fr\/store?name=Illkirch&amp;id=7\">TennisPro<\/a> et <a href=\"https:\/\/www.lardesports.com\/\">Lardesport<\/a> (badminton, tennis, padel, squash) : -20% de remise pour les salari\u00e9s ALE<\/p>\n<p>4. <strong><a href=\"http:\/\/www.fitnwell.fr\" target=\"_blank\" rel=\"noopener\">Fitn&rsquo;well<\/a><\/strong><\/p>\n<p>Parc d&rsquo;Innovation Illkirch &#8211; 0810 210 767 \u00a0&#8211; Tarif pr\u00e9f\u00e9rentiel sur les abonnements annuels, les frais de non engagement sont offerts sur la formule FLEX (au lieu de 80 \u20ac). Le tarif des mensualit\u00e9s ne changent pas compar\u00e9 aux tarifs classiques.<\/p>\n<p>Vous b\u00e9n\u00e9ficiez \u00e9galement de tickets d\u2019entr\u00e9e \u00e0 prix r\u00e9duits : 13 \u20ac au lieu de 18\u20ac, et 10 \u20ac si vous venez du lundi au vendredi entre 11h30 et 14h.<\/p>\n<p>. Billetterie C\u00e9zam<\/p>\n<p>5. <a href=\"http:\/\/www.laserempire.fr\" target=\"_blank\" rel=\"noopener\"><strong>Laser Empire<\/strong><\/a><\/p>\n<p>ZA Eckbolsheim 03 88 78 05 37- tarif r\u00e9duit avec la carte C\u00e9zam -2 \u20ac sur toutes les prestations de jeu hors formules.<\/p>\n<p>6. <a href=\"http:\/\/www.ce-illkirch.fr\/wordpress\/wp-content\/uploads\/Affiche-Zumba-A3-cours-rentree-2012_Illkirch.pdf\"><strong>Cours de Salsa d\u00e9butant et de Zumba<\/strong> <\/a>au Cercle Saint-Symphonien avec un professeur dipl\u00f4m\u00e9, Didier Guichard. <a href=\"http:\/\/www.ce-illkirch.fr\/wordpress\/wp-content\/uploads\/salsa-zumba.pdf\">Tarifs et horaires <\/a>(sur pr\u00e9sentation du badge).<\/p>\n<p>7. <a href=\"https:\/\/www.velosdelill.com\/\"><strong>V\u00e9los de l&rsquo;Ill<\/strong> <\/a>&#8211; 3 rue de l&rsquo;Electricit\u00e9 Illkirch &#8211; 03.67.97.36.38 &#8211; <strong>-10%<\/strong> sur les accessoires, et pi\u00e8ces &#8211; sur pr\u00e9sentation du Badge ALE<\/p>\n<p>8. <strong>SPORT 2000<\/strong> &#8211; R\u00e9servez d\u00e8s maintenant votre mat\u00e9riel de ski sur <strong><a href=\"https:\/\/www.sport2000.fr\/\" target=\"_blank\" rel=\"noopener\">www.sport2000.fr<\/a><\/strong> avec le <strong>CEXP15<\/strong> et b\u00e9n\u00e9ficiez d&rsquo;une <strong>remise suppl\u00e9mentaire de 5%*<\/strong> &#8211; Offre valable jusqu&rsquo;au 30 avril 2015.<\/p>\n<p><a href=\"http:\/\/www.ce-illkirch.fr\/wordpress\/wp-content\/uploads\/1Logo-avec-fond-noir.png\"><img loading=\"lazy\" decoding=\"async\" class=\"alignleft wp-image-15446\" src=\"http:\/\/www.ce-illkirch.fr\/wordpress\/wp-content\/uploads\/1Logo-avec-fond-noir.png\" alt=\"1Logo-avec-fond-noir\" width=\"90\" height=\"90\" \/>9<\/a>. <a href=\"http:\/\/www.lecerclefitness.com\/\" target=\"_blank\" rel=\"noopener\"><strong>Le Cercle Fitness<\/strong><\/a> 2 rue de Touraine Strasbourg Meinau. 09.67.44.16.16<\/p>\n<p>Offre CE : 34.90 \u20ac \/ mois + <del>75 \u20ac frais d&rsquo;inscription <\/del>frais offerts. <a href=\"http:\/\/www.ce-illkirch.fr\/wordpress\/wp-content\/uploads\/cercleOFFRE-COMITE-DENTREPRISE.pdf\" target=\"_blank\" rel=\"noopener\">D\u00e9tails<\/a><\/p>\n<p>10. <strong>YOGA Erstein<\/strong> &#8211; Yoga de Samara &#8211; Atelier Ecoute et Voix &#8211; <a href=\"https:\/\/www.ce-illkirch.fr\/wordpress\/wp-content\/uploads\/2025\/08\/yoga_erstein.pdf\">Affiche<\/a> &#8211; <a href=\"https:\/\/www.ce-illkirch.fr\/wordpress\/wp-content\/uploads\/2025\/08\/yoga_ersteinflyer.pdf\">Flyer<\/a> \/ -10% avec le parrainage d&rsquo;Annie Armando<\/p>\n<p><strong>\u00a0<\/strong><\/p>\n<p>&nbsp;<\/p>\n","protected":false},"excerpt":{"rendered":"<p>1. TennisPro et Lardesport (badminton, tennis, padel, squash) : -20% de remise pour les salari\u00e9s ALE 4. Fitn&rsquo;well Parc d&rsquo;Innovation Illkirch &#8211; 0810 210 767 \u00a0&#8211; Tarif pr\u00e9f\u00e9rentiel sur les [&hellip;]<\/p>\n","protected":false},"author":2,"featured_media":0,"parent":152,"menu_order":6,"comment_status":"open","ping_status":"open","template":"","meta":{"footnotes":""},"class_list":["post-1557","page","type-page","status-publish","hentry"],"publishpress_future_action":{"enabled":false,"date":"2026-04-23 19:19:30","action":"change-status","newStatus":"draft","terms":[],"taxonomy":"category","extraData":[]},"publishpress_future_workflow_manual_trigger":{"enabledWorkflows":[]},"_links":{"self":[{"href":"https:\/\/www.ce-illkirch.fr\/wordpress\/wp-json\/wp\/v2\/pages\/1557","targetHints":{"allow":["GET"]}}],"collection":[{"href":"https:\/\/www.ce-illkirch.fr\/wordpress\/wp-json\/wp\/v2\/pages"}],"about":[{"href":"https:\/\/www.ce-illkirch.fr\/wordpress\/wp-json\/wp\/v2\/types\/page"}],"author":[{"embeddable":true,"href":"https:\/\/www.ce-illkirch.fr\/wordpress\/wp-json\/wp\/v2\/users\/2"}],"replies":[{"embeddable":true,"href":"https:\/\/www.ce-illkirch.fr\/wordpress\/wp-json\/wp\/v2\/comments?post=1557"}],"version-history":[{"count":8,"href":"https:\/\/www.ce-illkirch.fr\/wordpress\/wp-json\/wp\/v2\/pages\/1557\/revisions"}],"predecessor-version":[{"id":37887,"href":"https:\/\/www.ce-illkirch.fr\/wordpress\/wp-json\/wp\/v2\/pages\/1557\/revisions\/37887"}],"up":[{"embeddable":true,"href":"https:\/\/www.ce-illkirch.fr\/wordpress\/wp-json\/wp\/v2\/pages\/152"}],"wp:attachment":[{"href":"https:\/\/www.ce-illkirch.fr\/wordpress\/wp-json\/wp\/v2\/media?parent=1557"}],"curies":[{"name":"wp","href":"https:\/\/api.w.org\/{rel}","templated":true}]}}