{"id":1582,"date":"2010-05-04T07:51:48","date_gmt":"2010-05-04T06:51:48","guid":{"rendered":"http:\/\/www.ce-illkirch.fr\/wordpress\/?page_id=1582"},"modified":"2025-06-18T10:16:56","modified_gmt":"2025-06-18T08:16:56","slug":"loisirs-cadeaux","status":"publish","type":"page","link":"https:\/\/www.ce-illkirch.fr\/wordpress\/offres-commerciales-2\/loisirs-cadeaux\/","title":{"rendered":"Loisirs &#8211; Cadeaux"},"content":{"rendered":"<p style=\"text-align: center;\">Pensez \u00e9galement \u00e0 la carte <a href=\"https:\/\/www.cezam-grandest.fr\/default.asp?rubrique=carte-cezam&amp;mode=actualites-cartecezam\" target=\"_blank\" rel=\"noopener\">C\u00e9zam nationale<\/a><\/p>\n<p><strong>&#8211; Chaussures Besson Geispolsheim : <\/strong>10% de r\u00e9duction sur pr\u00e9sentation du badge \u00e0 chaque passage au magasin de Geispolsheim (non cumulable avec toute autre op\u00e9ration commerciale en cours, prix ronds, outlet&#8230;).<\/p>\n<p><strong>.\u00a0<a href=\"http:\/\/www.ce-illkirch.fr\/wordpress\/?page_id=797\" target=\"_blank\" rel=\"noopener\">Magazine \/ Presse<\/a> : <\/strong><strong>France Abonnements Entreprise<\/strong><\/p>\n<p><strong>. <a href=\"http:\/\/www.couturiere-revecouture-illkirchk.fr\/\" target=\"_blank\" rel=\"noopener\">REVE COUTURE<\/a> &#8211; <\/strong>27C rue Libermann &#8211; Illkirch &#8211; 03.88.66.55.64 &#8211;\u00a0-10% de remise<\/p>\n<p><strong>. Office D\u00e9p\u00f4t &#8211; <\/strong>rue des Tuilerie \u00e0 Souffelweyersheim &#8211; carte disponible au CE pour acc\u00e9der au magasin.<\/p>\n<p>. <strong><a href=\"http:\/\/www.quaidesbrumes.com\/\" target=\"_blank\" rel=\"noopener\">Librairie Quai des Brumes <\/a><\/strong>&#8211; 120 Grand&rsquo;Rue Strasbourg 03.88.35.32.84 &#8211; -5% sur pr\u00e9sentation du badge Alcatel.<\/p>\n<p>. <a href=\"http:\/\/www.artisansdumonde.org\" target=\"_blank\" rel=\"noopener\"><strong>Artisans du Monde <\/strong><\/a><strong>: <\/strong>24 rue de la Division Leclerc \u00e0 Strasbourg &#8211; Consommer autrement : Artisans du Monde propose une offre globale de produits 100% \u00e9quitable : \u00e9picerie sucr\u00e9e et sal\u00e9e (caf\u00e9, chocolat, jus de fruits,\u2026) ; large choix de produits artisanaux (bijoux, d\u00e9coration\u2026); trois gammes de produits de beaut\u00e9.<\/p>\n<p><a href=\"http:\/\/www.tempoya.com\" target=\"_blank\" rel=\"noopener\">. Tempoya<\/a> &#8211; montres et bijoux<br \/>\n. Cliquez sur la <a href=\"http:\/\/www.ce-illkirch.fr\/wordpress\/wp-content\/uploads\/Tempoya.pdf\" target=\"_blank\" rel=\"noopener\">pi\u00e8ce jointe <\/a>Visitez notre notre site <big><big><a href=\"http:\/\/www.tempojoya.com\" target=\"_blank\" rel=\"noopener\">www.tempojoya.com<\/a><\/big><\/big> Relevez les r\u00e9f\u00e9rences qui vous int\u00e9ressent. Contactez-nous par courriel, t\u00e9l\u00e9phone ou fax. Pr\u00e9cisez le code op\u00e9ration <big><big>151063<\/big><\/big>. Vous serez livr\u00e9 directement sous 8 jours. Frais de port : 7 euros par commande. R\u00e8glement \u00e0 r\u00e9ception de facture.<\/p>\n<p>. <strong><a href=\"http:\/\/www.miel-alsace-saenger.fr\/\" target=\"_blank\" rel=\"noopener\">Miel <\/a>: \u00ab\u00a0Le Rucher de l&rsquo;Ill\u00a0\u00bb<\/strong><\/p>\n<p><strong>Apiculture Nicole, Roland et Maxime SAENGER\u00a016a, rue Vincent Scotto\u00a067400 ILLKIRCH-GRAFFENSTADEN<br \/>\ntel: 03.88.67.03.55 ou 06.07.11.78.21.\u00a0email: roland.saenger@wanadoo.fr<br \/>\n<\/strong><a href=\"http:\/\/www.ce-illkirch.fr\/wordpress\/wp-content\/uploads\/rucherdelill.pdf\" target=\"_blank\" rel=\"noopener\">Produits <\/a>&#8211; <a href=\"http:\/\/www.ce-illkirch.fr\/wordpress\/wp-content\/uploads\/commandelerucher.xls\" target=\"_blank\" rel=\"noopener\">bon de commande<\/a><\/p>\n<p><strong><a href=\"https:\/\/www.philibertnet.com\/fr\/\">Philibert<\/a> : -10 %<\/strong><\/p>\n<p><a href=\"https:\/\/www.philibertnet.com\/fr\/module\/ukooceassoc\/default?access_token=gPYQ7Hh0LRnvieK8\">https:\/\/www.philibertnet.com\/fr\/module\/ukooceassoc\/default?access_token=gPYQ7Hh0LRnvieK8<\/a><br \/>\n<em>Remarque : Le lien ne fonctionnera que depuis une page de votre site :<\/em>\u00a0<a href=\"https:\/\/aleinternational.sharepoint.com\/intranet_CE_Illkirch\/Documents%20partages\/Forms\/AllItems.aspx?FolderCTID=0x0120002DCF11EF3D7EC64B8580978930F906BA&amp;id=%2Fintranet%5FCE%5FIllkirch%2FDocuments%20partages%2FOffres%20commerciales&amp;viewid=8d512759%2D2f2e%2D43ca%2Db4d5%2D0b9ebfc9d6f8\">https:\/\/aleinternational.sharepoint.com\/<\/a><\/p>\n<p>La personne qui souhaite b\u00e9n\u00e9ficier de l\u2019offre devra se connecter sur son compte Philibert avant ou apr\u00e8s avoir cliqu\u00e9 sur le lien. Ce compte deviendra alors un compte CSE pour une p\u00e9riode de 10 jours quel que soit l\u2019endroit d\u2019o\u00f9 elle se connecte : les prix seront alors affich\u00e9s directement remis\u00e9s \u00e0 10% (en dehors des prix rouge). Pass\u00e9 ce d\u00e9lai de 10 jours il suffira de se connecter \u00e0 nouveau depuis votre plateforme pour b\u00e9n\u00e9ficier \u00e0 nouveau de la remise.<\/p>\n<p><em>L\u2019utilisation de ce lien permettra \u00e0 votre compte Philibert de b\u00e9n\u00e9ficier de 10% de remise pendant 10 jours. A cliquer autant de fois que vous le souhaitez !<\/em><\/p>\n<p><strong><a href=\"https:\/\/www.cezam-grandest.fr\/default.asp?rubrique=carte-cezam&amp;mode=actualites-cartecezam\" target=\"_blank\" rel=\"noopener\">Europa Park <\/a>-10%<\/strong> de r\u00e9duction sur la nuit\u00e9e avec petit-d\u00e9jeuner \u00e0 Europa Park Hotel Resort avec la carte C\u00e9zam<\/p>\n<p><strong>*\u00a0 6717 <\/strong><a href=\"https:\/\/www.leclosdesdelices.com\/\" target=\"_blank\" rel=\"noopener\"><strong>LE CLOS DES DELICES<\/strong><\/a> &#8211; HOTEL 4* &#8211; RESTAURANT \u2013 ESPACE DETENTE &#8211; 17 route de Klingenthal \u2013 67530 OTTROTT<\/p>\n<div>\n<p>T\u00e9l : 03.67.68.67.17<\/p>\n<p>Code<strong> BCCE<\/strong> &#8211; valable sur certains coffrets <strong>ESCAPADE GOURMET &amp; SPA \/SEJOUR EN SUITE AVEC BALNEO PRIVATIVE \/ <\/strong><strong>SEJOUR EN SUITE SPA AVEC BALNEO ET REPAS GASTRONOMIQUE<\/strong><\/p>\n<p>&nbsp;<\/p>\n<p><strong>* R\u00e9trolocation<\/strong> &#8211; Location v\u00e9hicules r\u00e9tro :\u00a0 SARL &#8211; Location R\u00e9tro MariageLocation de v\u00e9hicule de collection dans toute la France T\u00e9l. Fixe: 0 36 35 34 800 T\u00e9l. Portable: 06 64 72 34 43 &#8211; Email:<strong><a href=\"http:\/\/www.ce-illkirch.fr\/wordpress\/wp-content\/uploads\/Logo-LRM.jpg\"><img loading=\"lazy\" decoding=\"async\" class=\"alignleft size-thumbnail wp-image-14332\" src=\"http:\/\/www.ce-illkirch.fr\/wordpress\/wp-content\/uploads\/Logo-LRM-150x150.jpg\" alt=\"Logo LRM\" width=\"90\" height=\"90\" \/><\/a><\/strong> <a href=\"mailto:contacts@lrm-collection.fr\">contacts@lrm-collection.fr<\/a>\/ http:\/\/www.lrm-collection.fr<\/p>\n<p>R\u00e9duction de 5% sur l&rsquo;ensemble des v\u00e9hicules propos\u00e9s \u00e0 la location sur le site de LRM <a href=\"http:\/\/www.retrolocation.fr\">www.retrolocation.fr <\/a>&#8211; Il suffira que l&#8217;employ\u00e9 d\u00e9sireux de louer un v\u00e9hicule le pr\u00e9cise dans le formulaire de renseignement de notre site.<\/p>\n<p>&nbsp;<\/p>\n<p><a href=\"https:\/\/www.ce-illkirch.fr\/wordpress\/wp-content\/uploads\/wonderboxMULTIMARQUES-15-PDF-A4.pdf\"><strong><img loading=\"lazy\" decoding=\"async\" class=\" wp-image-29852 alignleft\" src=\"https:\/\/www.ce-illkirch.fr\/wordpress\/wp-content\/uploads\/WONDERBOX-COLLECTIVITES-logo-PNG-FOND-NOIR-300x215.png\" alt=\"\" width=\"153\" height=\"110\" srcset=\"https:\/\/www.ce-illkirch.fr\/wordpress\/wp-content\/uploads\/WONDERBOX-COLLECTIVITES-logo-PNG-FOND-NOIR-300x215.png 300w, https:\/\/www.ce-illkirch.fr\/wordpress\/wp-content\/uploads\/WONDERBOX-COLLECTIVITES-logo-PNG-FOND-NOIR-768x551.png 768w, https:\/\/www.ce-illkirch.fr\/wordpress\/wp-content\/uploads\/WONDERBOX-COLLECTIVITES-logo-PNG-FOND-NOIR-1024x734.png 1024w, https:\/\/www.ce-illkirch.fr\/wordpress\/wp-content\/uploads\/WONDERBOX-COLLECTIVITES-logo-PNG-FOND-NOIR-110x79.png 110w, https:\/\/www.ce-illkirch.fr\/wordpress\/wp-content\/uploads\/WONDERBOX-COLLECTIVITES-logo-PNG-FOND-NOIR-420x301.png 420w, https:\/\/www.ce-illkirch.fr\/wordpress\/wp-content\/uploads\/WONDERBOX-COLLECTIVITES-logo-PNG-FOND-NOIR-600x430.png 600w\" sizes=\"auto, (max-width: 153px) 100vw, 153px\" \/><\/strong><\/a><strong> *<a href=\"https:\/\/collectivite.wonderbox.fr\/\">Wonderbox<\/a><\/strong><\/p>\n<p><strong>\u00a0<u>15% de remise minimum<\/u> sur tous nos coffrets cadeaux.<\/strong><\/p>\n<ul>\n<li>Votre lien personnalis\u00e9 remis\u00e9 \u00e0 15%\u00a0: <a href=\"https:\/\/collectivite.wonderbox.fr\/promotion\/code\/872efe48151495e769d1dd4556090630\"><strong>https:\/\/collectivite.wonderbox.fr\/promotion\/code\/872efe48151495e769d1dd4556090630<\/strong><\/a><\/li>\n<li><a href=\"https:\/\/www.ce-illkirch.fr\/wordpress\/wp-content\/uploads\/WONDERBOX-ALE.docx\">Descriptif<\/a><\/li>\n<li><a href=\"https:\/\/www.ce-illkirch.fr\/wordpress\/wp-content\/uploads\/wonderboxMULTIMARQUES-15-PDF-A4.pdf\"><strong>Affiche<\/strong><\/a><\/li>\n<\/ul>\n<p><strong>Pour rappel, WONDERBOX est une entreprise fran\u00e7aise n\u00b01 du coffret cadeau\u00a0:<\/strong><\/p>\n<ul>\n<li>+ 200 coffrets multith\u00e9matiques (s\u00e9jour, bien-\u00eatre, gastronomie, sport,\u2026)<\/li>\n<li>Une entreprise 100% Fran\u00e7aise qui soutient l\u2019\u00e9conomie locale<\/li>\n<li>Validit\u00e9 de 3 ans et 3 mois \u00e0 compter de la date d\u2019achat<\/li>\n<li>Echange et prolongation gratuits et illimit\u00e9s<\/li>\n<li>Garantie contre la perte et le vol<\/li>\n<li>Un service d\u2019assistance \u00e0 la r\u00e9servation pour les s\u00e9jours au <strong>09 77 40 41 41<\/strong><\/li>\n<\/ul>\n<\/div>\n","protected":false},"excerpt":{"rendered":"<p>Pensez \u00e9galement \u00e0 la carte C\u00e9zam nationale &#8211; Chaussures Besson Geispolsheim : 10% de r\u00e9duction sur pr\u00e9sentation du badge \u00e0 chaque passage au magasin de Geispolsheim (non cumulable avec toute [&hellip;]<\/p>\n","protected":false},"author":2,"featured_media":0,"parent":152,"menu_order":5,"comment_status":"open","ping_status":"open","template":"","meta":{"footnotes":""},"class_list":["post-1582","page","type-page","status-publish","hentry"],"publishpress_future_action":{"enabled":false,"date":"2026-04-23 19:19:23","action":"change-status","newStatus":"draft","terms":[],"taxonomy":"category","extraData":[]},"publishpress_future_workflow_manual_trigger":{"enabledWorkflows":[]},"_links":{"self":[{"href":"https:\/\/www.ce-illkirch.fr\/wordpress\/wp-json\/wp\/v2\/pages\/1582","targetHints":{"allow":["GET"]}}],"collection":[{"href":"https:\/\/www.ce-illkirch.fr\/wordpress\/wp-json\/wp\/v2\/pages"}],"about":[{"href":"https:\/\/www.ce-illkirch.fr\/wordpress\/wp-json\/wp\/v2\/types\/page"}],"author":[{"embeddable":true,"href":"https:\/\/www.ce-illkirch.fr\/wordpress\/wp-json\/wp\/v2\/users\/2"}],"replies":[{"embeddable":true,"href":"https:\/\/www.ce-illkirch.fr\/wordpress\/wp-json\/wp\/v2\/comments?post=1582"}],"version-history":[{"count":12,"href":"https:\/\/www.ce-illkirch.fr\/wordpress\/wp-json\/wp\/v2\/pages\/1582\/revisions"}],"predecessor-version":[{"id":37572,"href":"https:\/\/www.ce-illkirch.fr\/wordpress\/wp-json\/wp\/v2\/pages\/1582\/revisions\/37572"}],"up":[{"embeddable":true,"href":"https:\/\/www.ce-illkirch.fr\/wordpress\/wp-json\/wp\/v2\/pages\/152"}],"wp:attachment":[{"href":"https:\/\/www.ce-illkirch.fr\/wordpress\/wp-json\/wp\/v2\/media?parent=1582"}],"curies":[{"name":"wp","href":"https:\/\/api.w.org\/{rel}","templated":true}]}}