{"id":1589,"date":"2010-05-04T08:25:52","date_gmt":"2010-05-04T07:25:52","guid":{"rendered":"http:\/\/www.ce-illkirch.fr\/wordpress\/?page_id=1589"},"modified":"2022-12-12T17:43:58","modified_gmt":"2022-12-12T16:43:58","slug":"electromenager-informatique","status":"publish","type":"page","link":"https:\/\/www.ce-illkirch.fr\/wordpress\/offres-commerciales-2\/electromenager-informatique\/","title":{"rendered":"Electro \/ Info"},"content":{"rendered":"<div><strong>\u00a0<\/strong><\/div>\n<div><strong>\u00a01<\/strong>. <a href=\"http:\/\/www.envie.org\/\" target=\"_blank\" rel=\"noopener\"><strong>Envie<\/strong><\/a><\/div>\n<p>6 rue Herrade Koenigshoffen &#8211; L&rsquo;\u00e9lectrom\u00e9nager d&rsquo;occasion garanti. R\u00e9paration.<\/p>\n<p>&nbsp;<\/p>\n","protected":false},"excerpt":{"rendered":"<p>\u00a0 \u00a01. Envie 6 rue Herrade Koenigshoffen &#8211; L&rsquo;\u00e9lectrom\u00e9nager d&rsquo;occasion garanti. R\u00e9paration. &nbsp;<\/p>\n","protected":false},"author":2,"featured_media":0,"parent":152,"menu_order":4,"comment_status":"open","ping_status":"open","template":"","meta":{"footnotes":""},"class_list":["post-1589","page","type-page","status-publish","hentry"],"publishpress_future_action":{"enabled":false,"date":"2026-05-17 15:31:49","action":"change-status","newStatus":"draft","terms":[],"taxonomy":"category","extraData":[]},"publishpress_future_workflow_manual_trigger":{"enabledWorkflows":[]},"_links":{"self":[{"href":"https:\/\/www.ce-illkirch.fr\/wordpress\/wp-json\/wp\/v2\/pages\/1589","targetHints":{"allow":["GET"]}}],"collection":[{"href":"https:\/\/www.ce-illkirch.fr\/wordpress\/wp-json\/wp\/v2\/pages"}],"about":[{"href":"https:\/\/www.ce-illkirch.fr\/wordpress\/wp-json\/wp\/v2\/types\/page"}],"author":[{"embeddable":true,"href":"https:\/\/www.ce-illkirch.fr\/wordpress\/wp-json\/wp\/v2\/users\/2"}],"replies":[{"embeddable":true,"href":"https:\/\/www.ce-illkirch.fr\/wordpress\/wp-json\/wp\/v2\/comments?post=1589"}],"version-history":[{"count":1,"href":"https:\/\/www.ce-illkirch.fr\/wordpress\/wp-json\/wp\/v2\/pages\/1589\/revisions"}],"predecessor-version":[{"id":31957,"href":"https:\/\/www.ce-illkirch.fr\/wordpress\/wp-json\/wp\/v2\/pages\/1589\/revisions\/31957"}],"up":[{"embeddable":true,"href":"https:\/\/www.ce-illkirch.fr\/wordpress\/wp-json\/wp\/v2\/pages\/152"}],"wp:attachment":[{"href":"https:\/\/www.ce-illkirch.fr\/wordpress\/wp-json\/wp\/v2\/media?parent=1589"}],"curies":[{"name":"wp","href":"https:\/\/api.w.org\/{rel}","templated":true}]}}