{"id":1591,"date":"2010-05-04T08:43:09","date_gmt":"2010-05-04T07:43:09","guid":{"rendered":"http:\/\/www.ce-illkirch.fr\/wordpress\/?page_id=1591"},"modified":"2025-11-04T16:50:34","modified_gmt":"2025-11-04T15:50:34","slug":"automobile","status":"publish","type":"page","link":"https:\/\/www.ce-illkirch.fr\/wordpress\/offres-commerciales-2\/automobile\/","title":{"rendered":"Automobile"},"content":{"rendered":"<p><span style=\"text-decoration: underline;\"><strong>Contr\u00f4le Technique \u00e0 tarif pr\u00e9f\u00e9rentiel<\/strong><\/span><\/p>\n<p>1. Eschau 72 rue de la 1ere Division Blind\u00e9e &#8211; 03.88.68.58.09<\/p>\n<p>2. Dekra 34 rue de la Ganzau Strasbourg &#8211; 03.88.39.00.01<\/p>\n<p>3. S\u00e9curitest 3 rue des Tuileries Souffleweyersheim03.88.20.40.67 \/17 route du Cor de Chasse Illkirch 03.88.55.41.11<\/p>\n<p>4. Autovision &#8211; tous &#8211; Illkirch 03.88.66.37.38<\/p>\n<p>5. Norisko Auto 20 rue de l&rsquo;Industrie ZI Nord Illkirch 03.88.55.25.25 &#8211; -20% sur votre contr\u00f4le technique<\/p>\n<p><strong><span style=\"text-decoration: underline;\">Location<\/span><\/strong><\/p>\n<p>1. <strong>Citiz<\/strong> : voiture en autopartage &#8211; <a href=\"https:\/\/www.ce-illkirch.fr\/wordpress\/transport\/citiz\/\">conditions CSE<\/a><\/p>\n<p>2. <strong>Europcar<\/strong> &#8211; 01.73.13.74.74\u00a0 &#8211; <strong>Code 565 03 593<\/strong> &#8211; 5% de remise &#8211; <a href=\"https:\/\/sfa-europcar.my.salesforce.com\/sfc\/p\/#b0000000IIxS\/a\/5p000000hH8X\/FDXKTin1hfowmj9a_tIXA0wmnJHMhsa2MHRSdm7r1Lw\">contacts<\/a><\/p>\n<p>2. <strong>Rent a Car<\/strong> &#8211; Alsace Meinau &#8211; Koenigshoeffen &#8211; Souffel &#8211; ALSACE &#8211; Tel :\u00a003.88.40.12.12 &#8211;\u00a0de 10 \u00e0 20 % de remise<\/p>\n<p>3. <strong>Hertz<\/strong> &#8211; 0825.861.861 &#8211; Code Promo 975600 (pas valable en \u00e9t\u00e9) &#8211; pr\u00e9sentation du badge lors du retrait du v\u00e9hicule<\/p>\n<p>Rental Car Policy &#8211; preferred solution : code int\u00e9ressant sur le site ALE<\/p>\n<p>4. <strong>AS location<\/strong> &#8211; 35 rue de Mulhouse Rixheim &#8211; 03.89.65.08.66 &#8211; -15 % de remise<\/p>\n<p><strong><span style=\"text-decoration: underline;\">Divers<\/span><\/strong><\/p>\n<p>Paint &amp; Pi\u00e8ces Expert dans la ZA de Fergersheim vous propose peinture et consommables, mais aussi toutes les pi\u00e8ces d\u00e9tach\u00e9es et accessoires pour toutes vos marques de v\u00e9hicules. R\u00e9duction de 10% avec le code \u00ab\u00a02PE\u00a0\u00bb sur la prochaine commande. Philippe 06.88.74.73.87 info@2pe.eu. <a href=\"https:\/\/www.ce-illkirch.fr\/wordpress\/wp-content\/uploads\/flyer-PARTICULIER-jan-2018.pdf\" target=\"_blank\" rel=\"noopener\">Info<\/a><\/p>\n<p><a href=\"http:\/\/www.ce-illkirch.fr\/wordpress\/wp-content\/uploads\/automobile-club-association.png\"><img loading=\"lazy\" decoding=\"async\" class=\"alignleft size-full wp-image-10399\" src=\"http:\/\/www.ce-illkirch.fr\/wordpress\/wp-content\/uploads\/automobile-club-association.png\" alt=\"automobile-club-association\" width=\"241\" height=\"175\" \/><\/a>Automobile club &#8211; 03.88.36.04.34 : \u00a050 \u20ac\/an au lieu de 66 \u20ac<\/p>\n<p>38 Avenue du Rhin \u00e0 Strasbourg<\/p>\n<p>Pour donner la priorit\u00e9 \u00e0 votre mobilit\u00e9, un partenariat avec\u00a0l&rsquo;Automobile Club Association\u00a0vous permet, d\u00e8s maintenant, d&rsquo;en devenir membre \u00e0 un prix tr\u00e8s attractif.\u00a0Il s&rsquo;agit d&rsquo;une offre \u00e0 ne pas manquer ! \u00a0\u00a0<a href=\"http:\/\/www.automobile-club.org\/offre-speciale\/adhesion\/?utm_campaign=cealcatel2013-488642\" target=\"_blank\" rel=\"noopener\">Lien<\/a><\/p>\n<p>&nbsp;<\/p>\n<p>&nbsp;<\/p>\n<p>&nbsp;<\/p>\n<p>Autodistribution 1F rue du Doubs Strasbourg &#8211; 03.88.65.81.08 &#8211; -30% sur \u00a0les pi\u00e8ces.<\/p>\n<p>Renault route de Strasbourg Illkirch &#8211; environ 15% de r\u00e9duction sur les pi\u00e8ces.<\/p>\n<p><span style=\"color: #000000;\">Star Autos<\/span> : Duppigheim 0800 500 013 Pi\u00e8ces d&rsquo;occasion &#8211; pi\u00e8ces neuves &#8211; garantie -10% en pr\u00e9sentant ce <a href=\"http:\/\/www.ce-illkirch.fr\/wordpress\/wp-content\/uploads\/STARAUTO.pdf\" target=\"_blank\" rel=\"noopener\">document<\/a>.<\/p>\n<p><a href=\"http:\/\/www.ce-illkirch.fr\/wordpress\/wp-content\/uploads\/Logo-LRM.jpg\"><img loading=\"lazy\" decoding=\"async\" class=\"alignleft size-thumbnail wp-image-14332\" src=\"http:\/\/www.ce-illkirch.fr\/wordpress\/wp-content\/uploads\/Logo-LRM-150x150.jpg\" alt=\"Logo LRM\" width=\"105\" height=\"105\" \/><\/a>R\u00e9trolocation &#8211; Location v\u00e9hicules r\u00e9tro :\u00a0 SARL &#8211; Location R\u00e9tro Mariage<\/p>\n<p>Location de v\u00e9hicule de collection dans toute la France T\u00e9l. Fixe: 0 36 35 34 800 T\u00e9l. Portable: 06 64 72 34 43<\/p>\n<p>Email: <a href=\"mailto:contacts@lrm-collection.fr\">contacts@lrm-collection.fr<\/a>\/ http:\/\/www.lrm-collection.fr<\/p>\n<p>R\u00e9duction de 5% sur l&rsquo;ensemble des v\u00e9hicules propos\u00e9s \u00e0 la location sur le site de LRM <a href=\"http:\/\/www.retrolocation.fr\">www.retrolocation.fr<\/a><\/p>\n<p>Il suffira que l&#8217;employ\u00e9 d\u00e9sireux de louer un v\u00e9hicule le pr\u00e9cise dans le formulaire de renseignement de notre site.<\/p>\n","protected":false},"excerpt":{"rendered":"<p>Contr\u00f4le Technique \u00e0 tarif pr\u00e9f\u00e9rentiel 1. Eschau 72 rue de la 1ere Division Blind\u00e9e &#8211; 03.88.68.58.09 2. Dekra 34 rue de la Ganzau Strasbourg &#8211; 03.88.39.00.01 3. S\u00e9curitest 3 rue [&hellip;]<\/p>\n","protected":false},"author":2,"featured_media":0,"parent":152,"menu_order":2,"comment_status":"open","ping_status":"open","template":"","meta":{"footnotes":""},"class_list":["post-1591","page","type-page","status-publish","hentry"],"publishpress_future_action":{"enabled":false,"date":"2026-04-23 19:18:56","action":"change-status","newStatus":"draft","terms":[],"taxonomy":"category","extraData":[]},"publishpress_future_workflow_manual_trigger":{"enabledWorkflows":[]},"_links":{"self":[{"href":"https:\/\/www.ce-illkirch.fr\/wordpress\/wp-json\/wp\/v2\/pages\/1591","targetHints":{"allow":["GET"]}}],"collection":[{"href":"https:\/\/www.ce-illkirch.fr\/wordpress\/wp-json\/wp\/v2\/pages"}],"about":[{"href":"https:\/\/www.ce-illkirch.fr\/wordpress\/wp-json\/wp\/v2\/types\/page"}],"author":[{"embeddable":true,"href":"https:\/\/www.ce-illkirch.fr\/wordpress\/wp-json\/wp\/v2\/users\/2"}],"replies":[{"embeddable":true,"href":"https:\/\/www.ce-illkirch.fr\/wordpress\/wp-json\/wp\/v2\/comments?post=1591"}],"version-history":[{"count":13,"href":"https:\/\/www.ce-illkirch.fr\/wordpress\/wp-json\/wp\/v2\/pages\/1591\/revisions"}],"predecessor-version":[{"id":38294,"href":"https:\/\/www.ce-illkirch.fr\/wordpress\/wp-json\/wp\/v2\/pages\/1591\/revisions\/38294"}],"up":[{"embeddable":true,"href":"https:\/\/www.ce-illkirch.fr\/wordpress\/wp-json\/wp\/v2\/pages\/152"}],"wp:attachment":[{"href":"https:\/\/www.ce-illkirch.fr\/wordpress\/wp-json\/wp\/v2\/media?parent=1591"}],"curies":[{"name":"wp","href":"https:\/\/api.w.org\/{rel}","templated":true}]}}