{"id":160,"date":"2022-08-04T15:19:57","date_gmt":"2022-08-04T13:19:57","guid":{"rendered":"http:\/\/www.ce-illkirch.fr\/wordpress\/?page_id=160"},"modified":"2026-04-14T11:26:03","modified_gmt":"2026-04-14T09:26:03","slug":"loisirs-concerts","status":"publish","type":"page","link":"https:\/\/www.ce-illkirch.fr\/wordpress\/billetterie\/loisirs-concerts\/","title":{"rendered":"Concerts &#8211; Cin\u00e9ma"},"content":{"rendered":"<p><a href=\"https:\/\/www.infoconcert.com\/ville\/strasbourg-2950\/concerts.html\"><img loading=\"lazy\" decoding=\"async\" class=\"alignnone size-full wp-image-24808\" src=\"https:\/\/www.ce-illkirch.fr\/wordpress\/wp-content\/uploads\/infoconcert.png\" alt=\"\" width=\"155\" height=\"82\" srcset=\"https:\/\/www.ce-illkirch.fr\/wordpress\/wp-content\/uploads\/infoconcert.png 155w, https:\/\/www.ce-illkirch.fr\/wordpress\/wp-content\/uploads\/infoconcert-110x58.png 110w\" sizes=\"auto, (max-width: 155px) 100vw, 155px\" \/><\/a><\/p>\n<p><span style=\"color: #383838;\"><strong>Ci-dessous la liste des concerts dont les billets peuvent \u00eatre command\u00e9s au CSE (lors des <\/strong><a href=\"http:\/\/www.ce-illkirch.fr\/wordpress\/a-propos\/\" target=\"_blank\" rel=\"noopener\"><strong>permanences billetterie<\/strong><\/a><strong>). Ils sont \u00e9galement disponibles aupr\u00e8s de C\u00e9zam. La date limite de commande est fix\u00e9e \u00e0 12 jours ouvr\u00e9s avant la date du concert.<\/strong><\/span><\/p>\n<ul>\n<li><span style=\"color: #000080;\"><strong>&gt;&gt;&gt; Les concerts mois par mois sur <\/strong><\/span><a href=\"https:\/\/www.cezam.fr\" target=\"_blank\" rel=\"noopener\"><span style=\"color: #000080;\"><strong>le site de C\u00e9zam<\/strong><\/span><\/a><span style=\"color: #000080;\"><strong>.<\/strong><\/span><\/li>\n<li><span style=\"color: #000080;\"><strong>&gt;&gt;&gt; Op\u00e9ra\/Th\u00e9\u00e2tre\/Concerts classiques PMC<\/strong><\/span><\/li>\n<li>Pour les Festivals renseignez-vous au CSE, des tarifs r\u00e9duits sont souvent propos\u00e9s (Eurock\u00e9ennes, Foire aux Vins, D\u00e9cibulles, Basse Zorn Live &#8230;)<\/li>\n<\/ul>\n<p><strong>Cin\u00e9ma : <\/strong><a href=\"http:\/\/www.allocine.fr\/salle\/cinemas-pres-de-112664\/\" target=\"_blank\" rel=\"noopener\">les films par salle \u00e0 Strasbourg<\/a><\/p>\n","protected":false},"excerpt":{"rendered":"<p>Ci-dessous la liste des concerts dont les billets peuvent \u00eatre command\u00e9s au CSE (lors des permanences billetterie). Ils sont \u00e9galement disponibles aupr\u00e8s de C\u00e9zam. La date limite de commande est [&hellip;]<\/p>\n","protected":false},"author":2,"featured_media":0,"parent":30,"menu_order":3,"comment_status":"open","ping_status":"open","template":"","meta":{"footnotes":""},"class_list":["post-160","page","type-page","status-publish","hentry"],"publishpress_future_action":{"enabled":false,"date":"2026-05-15 15:04:24","action":"change-status","newStatus":"draft","terms":[],"taxonomy":"category","extraData":[]},"publishpress_future_workflow_manual_trigger":{"enabledWorkflows":[]},"_links":{"self":[{"href":"https:\/\/www.ce-illkirch.fr\/wordpress\/wp-json\/wp\/v2\/pages\/160","targetHints":{"allow":["GET"]}}],"collection":[{"href":"https:\/\/www.ce-illkirch.fr\/wordpress\/wp-json\/wp\/v2\/pages"}],"about":[{"href":"https:\/\/www.ce-illkirch.fr\/wordpress\/wp-json\/wp\/v2\/types\/page"}],"author":[{"embeddable":true,"href":"https:\/\/www.ce-illkirch.fr\/wordpress\/wp-json\/wp\/v2\/users\/2"}],"replies":[{"embeddable":true,"href":"https:\/\/www.ce-illkirch.fr\/wordpress\/wp-json\/wp\/v2\/comments?post=160"}],"version-history":[{"count":10,"href":"https:\/\/www.ce-illkirch.fr\/wordpress\/wp-json\/wp\/v2\/pages\/160\/revisions"}],"predecessor-version":[{"id":39281,"href":"https:\/\/www.ce-illkirch.fr\/wordpress\/wp-json\/wp\/v2\/pages\/160\/revisions\/39281"}],"up":[{"embeddable":true,"href":"https:\/\/www.ce-illkirch.fr\/wordpress\/wp-json\/wp\/v2\/pages\/30"}],"wp:attachment":[{"href":"https:\/\/www.ce-illkirch.fr\/wordpress\/wp-json\/wp\/v2\/media?parent=160"}],"curies":[{"name":"wp","href":"https:\/\/api.w.org\/{rel}","templated":true}]}}