{"id":173,"date":"2019-09-27T14:06:11","date_gmt":"2019-09-27T12:06:11","guid":{"rendered":"http:\/\/www.ce-illkirch.fr\/wordpress\/?page_id=173"},"modified":"2026-03-02T16:37:31","modified_gmt":"2026-03-02T15:37:31","slug":"catalogues","status":"publish","type":"page","link":"https:\/\/www.ce-illkirch.fr\/wordpress\/tourisme\/catalogues\/","title":{"rendered":"Locations Tourisme"},"content":{"rendered":"<ul>\n<li style=\"text-align: left;\">\n<h2><strong>I. Remboursement sur pr\u00e9sentation de facture pour vos vacances dans l&rsquo;espace Schengen ou Union europ\u00e9enne e<\/strong><em><strong>t <\/strong><\/em><strong><em>Royaume-Uni <\/em><\/strong><strong>: <\/strong><\/h2>\n<\/li>\n<\/ul>\n<p style=\"text-align: left;\">1. Le salari\u00e9 fait sa r\u00e9servation et informe imp\u00e9rativement le CSE <strong>avant<\/strong> le d\u00e9but de la location (tous les h\u00e9bergements tourisme sauf camping car et bateau)<\/p>\n<p style=\"text-align: left;\">2. La facture <strong>(nominative, acquitt\u00e9e et dat\u00e9e apr\u00e8s le s\u00e9jour) \u00a0<a href=\"https:\/\/www.ce-illkirch.fr\/wordpress\/wp-content\/uploads\/2025\/11\/2526_facture.docx\">Mentions obligatoires sur une facture<\/a>, ET l\u2019attestation de s\u00e9jour<\/strong> &#8211; <a href=\"https:\/\/www.ce-illkirch.fr\/wordpress\/wp-content\/uploads\/2025\/11\/2506_attestsejour.docx\">Mod\u00e8les d&rsquo;attestation de s\u00e9jour\u00a0<\/a> &#8211; (<a href=\"https:\/\/www.ce-illkirch.fr\/wordpress\/wp-content\/uploads\/2025\/08\/2508_certificatestay.docx\">attestation en anglais<\/a>).<\/p>\n<p style=\"text-align: left;\">L&rsquo;attestation de s\u00e9jour est demand\u00e9e si la facture a \u00e9t\u00e9 r\u00e9gl\u00e9e avant le s\u00e9jour, si la facture date du s\u00e9jour, la facture est suffisante.<\/p>\n<p style=\"text-align: left;\">Documents \u00e0 fournir au plus tard<strong> 1 mois<\/strong> apr\u00e8s la location.<\/p>\n<p style=\"text-align: left;\">3.\u00a0 Le CSE proc\u00e8de au remboursement de la subvention (calcul\u00e9e sur le QF 2024, imp\u00f4t 2025) par virement bancaire.<\/p>\n<p>Attention !!! Quand les locations de tourisme sont faites via une plateforme (AirBnB, Booking, \u2026).<br \/>\nPour avoir droit \u00e0 la subvention il faut imp\u00e9rativement :<br \/>\n&#8211; une facture \u00e9mise par le loueur et pas par la plateforme de r\u00e9servation et qui respecte les mentions l\u00e9gales.<br \/>\n&#8211; si la facture est dat\u00e9e d&rsquo;avant le s\u00e9jour, le loueur doit \u00e9mettre une attestation de s\u00e9jour.<br \/>\nCes r\u00e8gles nous sont impos\u00e9es par l&rsquo;URSSAF. En cons\u00e9quent les CSE ne sont pas autoris\u00e9s \u00e0 subventionner si le justificatif est incomplet.<\/p>\n<p style=\"text-align: left;\"><a href=\"https:\/\/www.ce-illkirch.fr\/wordpress\/wp-content\/uploads\/2025\/11\/2526rembt.pdf\">R\u00e8gles valables jusqu&rsquo;au 30 septembre 2026.<\/a><\/p>\n<p>________________________________________________________________________________<\/p>\n<ul>\n<li style=\"text-align: left;\">\n<h2><strong>II. Ci-apr\u00e8s les codes partenariats :<\/strong><\/h2>\n<\/li>\n<\/ul>\n<p>Site internet &#8211; Apr\u00e8s avoir mis une option chez un partenaire, d\u00e9poser au CSE un ch\u00e8que d&rsquo;acompte (virement possible) de 30% du total afin de valider l&rsquo;option.<\/p>\n<p><a href=\"https:\/\/www.artsetvie.com\/residences.html\" target=\"_blank\" rel=\"noopener\">Arts et Vie<\/a> : num\u00e9ro d&rsquo;adh\u00e9rent 387704 &#8211; v\u00e9rifier la disponibilit\u00e9 et remplir le <a href=\"http:\/\/www.ce-illkirch.fr\/wordpress\/wp-content\/uploads\/artsetvie_inscrcondition.pdf\" target=\"_blank\" rel=\"noopener\">Formulaire d&rsquo;inscription<\/a><\/p>\n<p><a href=\"https:\/\/www.belambra.fr?typeAction=ConnectionPartner&amp;code=ALEINTER&amp;pwd=2423SP\" target=\"_blank\" rel=\"noopener\"><span style=\"color: #0000ff;\">Belambra<\/span><\/a>: code ayant-droit : ALEINTER &#8211; mot de passe : 2423SP &#8211; 01 46 10 13 14<\/p>\n<p><a href=\"http:\/\/www.centerparcs.fr\" target=\"_blank\" rel=\"noopener\">Center Parc <\/a>: devis \u00e0 demander au CSE<\/p>\n<p><a href=\"https:\/\/www.clevacances.com\/fr\" target=\"_blank\" rel=\"noopener\">Cl\u00e9 Vacances<\/a> &#8211;\u00a0<a href=\"http:\/\/www.gites-de-france.com\" target=\"_blank\" rel=\"noopener\">Gites de France <\/a>&#8211; <a href=\"http:\/\/www.eurogites.org\/\" target=\"_blank\" rel=\"noopener\">Gites d&rsquo;Europe<\/a> &#8211; <a href=\"http:\/\/www.abritel.fr\" target=\"_blank\" rel=\"noopener\">Abritel<\/a><\/p>\n<p><a href=\"https:\/\/www.vacances-lagrange.com\" target=\"_blank\" rel=\"noopener\">Lagrange <\/a>\u00a0-t\u00e9l 0 825 133 133 &#8211;\u00a0Code CSE : Lagrange 209530 &#8211;<\/p>\n<p><a href=\"http:\/\/ce.pv-holidays.com\" target=\"_blank\" rel=\"noopener\">Groupe Maeva \/ Pierre et Vacances<\/a> : Identifiant Alcatel67 &#8211; mot de passe 29987<\/p>\n<p>T\u00e9l : Pierre&amp;Vacances 0 891 700 220 \/ Maeva : 0 892 702 340<\/p>\n<p><a href=\"https:\/\/col.odalys.travel\/\" target=\"_blank\" rel=\"noopener\">Odalys<\/a> + <a href=\"https:\/\/col.odalys.travel\/\">Flower camping<\/a>\/ Login 67ALCATEL &#8211; mdp : ODAWEB &#8211; tel 04 42 25 99 95<\/p>\n<p><a href=\"http:\/\/www.vacances-passion.org\/vv\/vacances\/a-chacun-ses-vacances\/\" target=\"_blank\" rel=\"noopener\">Vacances Passion<\/a> (anciennement V pour Tous) &#8211; code CSE : ALCATEL671<\/p>\n<p><a href=\"https:\/\/www.villagesclubsdusoleil.com\" target=\"_blank\" rel=\"noopener\">Villages Clubs du Soleil <\/a>&#8211; Code CSE : 462630<\/p>\n<p><a href=\"https:\/\/www.vvf-villages.fr\/\" target=\"_blank\" rel=\"noopener\">VVF<\/a> &#8211; code CSE 45858<\/p>\n<p><strong>Campings :<\/strong><\/p>\n<p><a href=\"http:\/\/www.homair.com\" target=\"_blank\" rel=\"noopener\">Homair <\/a>(&amp; Tohapi) : <strong>04 27 50 13 05<\/strong>. &#8211; pas de prise d&rsquo;option, renseignez le code CSE dans code partenaire : ALC67HV<\/p>\n<p><a href=\"http:\/\/ce.pv-holidays.com\" target=\"_blank\" rel=\"noopener\">Maeva \/ Pierre et Vacances<\/a> : Identifiant Alcatel67 &#8211; mot de passe 29987 \/ <a href=\"ttps:\/\/www.ce-illkirch.fr\/wordpress\/wp-content\/uploads\/2024\/03\/PLAQUETTE-CSE_CAMPINGS.pdf\">Affiche<\/a><\/p>\n<p><a href=\"https:\/\/col.odalys.travel\/\" target=\"_blank\" rel=\"noopener\">Odalys<\/a> + <a href=\"https:\/\/col.odalys.travel\/\">Flower camping<\/a>\/ Login 67ALCATEL &#8211; mdp : ODAWEB &#8211; tel 04 42 25 99 95<\/p>\n<p>&nbsp;<\/p>\n<p><strong>Inscription \u00ab\u00a0Catalogues\u00a0\u00bb <\/strong><\/p>\n<ul>\n<li><span class=\"leftlink2\">Vous posez vous-m\u00eame une option \u00e0 l&rsquo;organisme concern\u00e9 avec le code indiqu\u00e9<\/span><\/li>\n<li>Vous avez 3 jours pour valider votre dossier aupr\u00e8s du service Tourisme avec 30 % d&rsquo;acompte : ch\u00e8que ou pr\u00e9l\u00e8vement bancaire, <span style=\"color: #ff0000;\">pas de paiement par carte bancaire<\/span>.<\/li>\n<li>Vous rapportez une photocopie de votre feuille imposition N-2 aupr\u00e8s de la Tr\u00e9sorerie<\/li>\n<li>Le solde est \u00e0 r\u00e9gler un mois avant votre d\u00e9part.<\/li>\n<\/ul>\n<p>&nbsp;<\/p>\n<p><strong><em>Autres partenaires :<\/em><\/strong><\/p>\n<p><a href=\"https:\/\/pr.azureva-vacances.com?utm_source=site-CSE-ale-international\"><strong>Azureva <\/strong><\/a>\u2013 Code partenaire PR \u2013 12% de remise \u2013 0825 825 432<\/p>\n<p><strong>Canalous :<\/strong> Locations bateaux sans permis<a href=\"http:\/\/www.canalous-plaisance.fr\/\">\u00a0http:\/\/www.canalous-plaisance.fr\/<\/a>03 85 53 76 70\u00a010% de remise suppl\u00e9mentaire, cumulables avec toutes les offres en cours, sur pr\u00e9sentation du badge ALE et Nokia.<\/p>\n<p><a href=\"http:\/\/www.clubmed-collectivites.com\"><strong>Club Med<\/strong><\/a><strong> \u2013 <\/strong>Tel : 0 825 825 895 \u2013 Offre : jusqu\u2019\u00e0 -10% sur l\u2019ensemble des villages, circuits et croisi\u00e8res \/ -5% Haute Saison \u2013 Code d\u2019appartenance : BH ALCALUCEN \u2013 Mot de passe num\u00e9rique : <strong>178711<\/strong>\u00a0 Infos et Catalogues au CE.<\/p>\n<p><a href=\"https:\/\/ecm-voyages.fr\/\">\u00e9-CHANGEONS LE MONDE<\/a> Tourisme \u00e9quitable et solidaire : tarif r\u00e9duit avec la carte C\u00e9zam<\/p>\n<p><strong>Go Voyages<\/strong> 118 rue R\u00e9aumur \u2013 75002 PARIS \u00a0\u2013 Tel : 0892 23 93 93 en indiquant : CE Alcatel \u2013\u00a0vols charter : r\u00e9duction sur le site CE 3% : identification : 0390677693 \/ mdp : ALCATEL. <a href=\"http:\/\/www.ce-illkirch.fr\/wordpress\/wp-content\/uploads\/govoyage_visuel12.pdf\">Info<\/a> \u2013 Offre : 3% de r\u00e9duction sur les coffrets cadeaux \u2013 Code GOBOXCE<\/p>\n<p><strong><a href=\"http:\/\/www.goelia.com\">Goelia<\/a><\/strong> \u2013 catalogue tourisme \u2013 jusqu\u2019\u00e0 40% de r\u00e9duction sur vos vacances. 10% de remise toute l\u2019ann\u00e9e (cumulable avec promotions internet) Identifiant : LUCENT \u2013 mot de passe : 67400 \u2013 <a href=\"https:\/\/www.ce-illkirch.fr\/wordpress\/wp-content\/uploads\/2024\/10\/geolia_AFFICHE-ALCATEL-ILLKIRCH.pdf\">Affiche<\/a><\/p>\n<p><strong><a href=\"http:\/\/WWW.GD-VACANCES.COM\">GD Vacances<\/a> <\/strong>par t\u00e9l\u00e9phone au\u00a003 87 00 44 60 ou par internet sur <a href=\"http:\/\/WWW.GD-VACANCES.COM\">WWW.GD-VACANCES<\/a> \u00a0 <strong>code partenaire :<\/strong>\u00a0<strong>JEK249-42<\/strong><\/p>\n<p><strong><a href=\"http:\/\/www.loisirsvacances.fr\">Loisirs Vacances Passion <\/a><\/strong>: -5% sur les s\u00e9jours en France hors vacances scolaire \u2013 5% s\u00e9jours \u00e0 l\u2019\u00e9tranger.<\/p>\n<p><strong><a href=\"http:\/\/www.marmara.com\/\">Marmara<\/a><\/strong> Tel : 03.88.13.51.30 \u2013\u00a0Offre : -5 % avec la carte c\u00e9zam ou\u00a0 code D00250@ALC67<\/p>\n<p><a href=\"http:\/\/www.mmv.fr\/\"><strong>MMV<\/strong><\/a> jusqu\u2019\u00e0 15% de r\u00e9duction + frais dossier offerts \u2013\u00a0 code de r\u00e9servation 01\/08361. Codes utilisables sur le site.<\/p>\n<p><a href=\"http:\/\/www.nemea.fr\"><strong>N\u00e9mea<\/strong><\/a> : 05.57.26.99.31 \/ -12% sur l\u2019ensemble des produits N\u00e9m\u00e9a (hors prestations annexes) \u2013 8% sur les r\u00e9sidences partenaires \u2013 Code ALE67<\/p>\n<p><a href=\"https:\/\/www.ce-illkirch.fr\/wordpress\/wp-content\/uploads\/2025\/03\/25nemea_Carte-basse-saison-2025-Indiv-V4-1.pdf\">Carte basse saison<\/a> :\u00a0Le salari\u00e9\/Adh\u00e8rent \u00a0envoie directement son bulletin de r\u00e9servation par mail \u00e0 <a href=\"mailto:collectivites@nemea.fr\"><strong>collectivites@nemea.fr <\/strong><\/a><\/p>\n<p><strong><a href=\"http:\/\/www.next.fr\">Next<\/a><\/strong>\u00a0 jusqu\u2019\u00e0 40% de r\u00e9duction code : votre nom \/ ALCAT67.<\/p>\n<p><a href=\"http:\/\/www.stivoyages.fr\"><strong>STI Voyages<\/strong><\/a> Contact Lynda ou Annette \u2013 Tel : 01.55.37.23.45 \u2013 Offre : 8 \u00e0 10 % de r\u00e9duction \u2013 Circuit et s\u00e9jour<\/p>\n<p><a href=\"https:\/\/www.ucpa.com\/?msclkid=1bd4f1643737117b8e05ac151752afce&amp;utm_source=bing&amp;utm_medium=cpc&amp;utm_campaign=Search%20-%20Marque%20-%20G%C3%A9n%C3%A9rique%20-%20Fil%20Rouge%20-%20Conv%20-%20Annuel&amp;utm_term=ucpa&amp;utm_content=_Annuel%20-%20Marque%20Exact\"><strong>UCPA <\/strong><\/a>Tel : 0 825 880 800 \u2013 Offre : remise 5 % sur les s\u00e9jours en France et en M\u00e9tropole. code LEI8<\/p>\n<p><a href=\"http:\/\/vacancesbleues.com\"><strong>Vacances Bleues<\/strong> <\/a>\u2013 0825 875 928 indiquez le code ABS \u2013 de 5 \u00e0 15 % de r\u00e9duction \/ guiheneuf@vacancesbleues.fr<\/p>\n<ul>\n<li>R\u00e9ductions \u00ab\u00a0minimum\u00a0\u00bb valables toute l\u2019ann\u00e9e <em>(en cas de promotion, au moment de l\u2019inscription, \u00a0le tarif le plus avantageux est propos\u00e9)<\/em><\/li>\n<li>Frais d\u2019Adh\u00e9sion offerts \/\u00a0Frais de <em><span style=\"text-decoration: line-through;\">dossiers : 20 \u20ac \/ dossier<\/span> <\/em>Offerts pour vos Ayant-droits.<\/li>\n<\/ul>\n<p>________________________________________________________________________________<\/p>\n<p class=\"leftlink2\"><span class=\"newstitle2big\"><span style=\"color: #000099;\"><span style=\"color: #990000;\">Carte COTISANT \u00a0\u00bb P\u00f4le de service\u00a0\u00bb<\/span><\/span><\/span><\/p>\n<ul>\n<li class=\"leftlink2\">Le CSE a n\u00e9goci\u00e9 des r\u00e9ductions \u00ab\u00a0collectivit\u00e9s\u00a0\u00bb. Les d\u00e9tenteurs de la carte cotisant \u00ab\u00a0P\u00f4le de service\u00a0\u00bb ont acc\u00e8s aux r\u00e9ductions.<\/li>\n<\/ul>\n<p>&nbsp;<\/p>\n<p><span class=\"newstitle2big\"><span style=\"color: #000099;\"><span style=\"color: #990000;\">* Subvention &amp; Plafond (r\u00e8gles valables jusqu&rsquo;au 30 septembre 2026)<br \/>\n<\/span><\/span><\/span><\/p>\n<ul>\n<li><span class=\"leftlink2\">Subvention calcul\u00e9e sur la base de la feuille d&rsquo;imposition N-2.<\/span><\/li>\n<li><span class=\"leftlink2\">Plafond des d\u00e9penses subventionn\u00e9es vacances : 1600 \u20ac par an. <\/span><\/li>\n<li><span class=\"leftlink2\">Location subventionn\u00e9e de 10 \u00e0 40 % sur la base plafonn\u00e9e de 1000 \u20ac par semaine. Subvention sur une location maximale de 6 pers.sauf famille nombreuse. Les frais tels que frais de dossier, assurances, forfaits sportifs ou remont\u00e9es m\u00e9caniques ne sont pas subventionn\u00e9s. <strong>En cas de formule club<\/strong>, il vous sera d\u00e9compt\u00e9 &#8211; 33 % pour une pension compl\u00e8te, <\/span><span class=\"leftlink2\">&#8211; 20% pour une <\/span><span class=\"leftlink2\">demi-pension, <\/span><span class=\"leftlink2\">&#8211; 33% pour le <\/span><span class=\"leftlink2\">transport (cumulatifs)<br \/>\n<\/span><\/li>\n<li><span class=\"leftlink2\">Si vous avez atteint votre plafond, vous pouvez r\u00e9server et b\u00e9n\u00e9ficier uniquement des r\u00e9ductions collectivit\u00e9s.<\/span><\/li>\n<\/ul>\n<p class=\"leftlink2\"><a title=\"calculette\" href=\"https:\/\/www.ce-illkirch.fr\/social\/calcul_qf.php\" target=\"_blank\" rel=\"noopener\">D\u00e9terminez le pourcentage de votre subvention<\/a>.<\/p>\n<p>&nbsp;<\/p>\n<p><!--P include (\"..\/scripts\/copyright.inc.php\");--><\/p>\n","protected":false},"excerpt":{"rendered":"<p>I. Remboursement sur pr\u00e9sentation de facture pour vos vacances dans l&rsquo;espace Schengen ou Union europ\u00e9enne et Royaume-Uni : 1. Le salari\u00e9 fait sa r\u00e9servation et informe imp\u00e9rativement le CSE avant [&hellip;]<\/p>\n","protected":false},"author":2,"featured_media":0,"parent":35,"menu_order":0,"comment_status":"closed","ping_status":"closed","template":"","meta":{"footnotes":""},"class_list":["post-173","page","type-page","status-publish","hentry"],"publishpress_future_action":{"enabled":false,"date":"2026-04-24 16:08:40","action":"change-status","newStatus":"draft","terms":[],"taxonomy":"category","extraData":[]},"publishpress_future_workflow_manual_trigger":{"enabledWorkflows":[]},"_links":{"self":[{"href":"https:\/\/www.ce-illkirch.fr\/wordpress\/wp-json\/wp\/v2\/pages\/173","targetHints":{"allow":["GET"]}}],"collection":[{"href":"https:\/\/www.ce-illkirch.fr\/wordpress\/wp-json\/wp\/v2\/pages"}],"about":[{"href":"https:\/\/www.ce-illkirch.fr\/wordpress\/wp-json\/wp\/v2\/types\/page"}],"author":[{"embeddable":true,"href":"https:\/\/www.ce-illkirch.fr\/wordpress\/wp-json\/wp\/v2\/users\/2"}],"replies":[{"embeddable":true,"href":"https:\/\/www.ce-illkirch.fr\/wordpress\/wp-json\/wp\/v2\/comments?post=173"}],"version-history":[{"count":97,"href":"https:\/\/www.ce-illkirch.fr\/wordpress\/wp-json\/wp\/v2\/pages\/173\/revisions"}],"predecessor-version":[{"id":38941,"href":"https:\/\/www.ce-illkirch.fr\/wordpress\/wp-json\/wp\/v2\/pages\/173\/revisions\/38941"}],"up":[{"embeddable":true,"href":"https:\/\/www.ce-illkirch.fr\/wordpress\/wp-json\/wp\/v2\/pages\/35"}],"wp:attachment":[{"href":"https:\/\/www.ce-illkirch.fr\/wordpress\/wp-json\/wp\/v2\/media?parent=173"}],"curies":[{"name":"wp","href":"https:\/\/api.w.org\/{rel}","templated":true}]}}