{"id":20620,"date":"2017-10-02T07:51:28","date_gmt":"2017-10-02T06:51:28","guid":{"rendered":"https:\/\/www.ce-illkirch.fr\/wordpress\/?page_id=20620"},"modified":"2023-01-13T13:33:23","modified_gmt":"2023-01-13T12:33:23","slug":"danse","status":"publish","type":"page","link":"https:\/\/www.ce-illkirch.fr\/wordpress\/club_sportif\/danse\/","title":{"rendered":"Danse"},"content":{"rendered":"<h2><strong>Section actuellement inactive.<\/strong><\/h2>\n<p>Envie d\u2019apprendre \u00e0 danser ou vous aimez d\u00e9j\u00e0 danser ?<\/p>\n<p>Venez rejoindre les Happy Dancers, Philippe anime une nouvelle saison de <strong>danse en ligne<\/strong> et de <strong>danses de soci\u00e9t\u00e9<\/strong> : rock, tango, valse, valse lente, samba, quickstep, chachacha, rumba, bachata, salsa et mazurka.<\/p>\n<p>Une question ? \u00a0Contactez Philippe (\u00a0asali-danse@fuger.fr ).<\/p>\n<p>N\u2019h\u00e9sitez pas \u00e0 faire le premier pas, Philippe vous apprendra les autres.<\/p>\n<p>Participation aux frais (frais de SACEM et d\u00e9placements).<\/p>\n","protected":false},"excerpt":{"rendered":"<p>Section actuellement inactive. Envie d\u2019apprendre \u00e0 danser ou vous aimez d\u00e9j\u00e0 danser ? Venez rejoindre les Happy Dancers, Philippe anime une nouvelle saison de danse en ligne et de danses [&hellip;]<\/p>\n","protected":false},"author":2,"featured_media":0,"parent":73,"menu_order":0,"comment_status":"open","ping_status":"closed","template":"","meta":{"footnotes":""},"class_list":["post-20620","page","type-page","status-publish","hentry"],"publishpress_future_action":{"enabled":false,"date":"2026-05-22 13:28:08","action":"change-status","newStatus":"draft","terms":[],"taxonomy":"category","extraData":[]},"publishpress_future_workflow_manual_trigger":{"enabledWorkflows":[]},"_links":{"self":[{"href":"https:\/\/www.ce-illkirch.fr\/wordpress\/wp-json\/wp\/v2\/pages\/20620","targetHints":{"allow":["GET"]}}],"collection":[{"href":"https:\/\/www.ce-illkirch.fr\/wordpress\/wp-json\/wp\/v2\/pages"}],"about":[{"href":"https:\/\/www.ce-illkirch.fr\/wordpress\/wp-json\/wp\/v2\/types\/page"}],"author":[{"embeddable":true,"href":"https:\/\/www.ce-illkirch.fr\/wordpress\/wp-json\/wp\/v2\/users\/2"}],"replies":[{"embeddable":true,"href":"https:\/\/www.ce-illkirch.fr\/wordpress\/wp-json\/wp\/v2\/comments?post=20620"}],"version-history":[{"count":3,"href":"https:\/\/www.ce-illkirch.fr\/wordpress\/wp-json\/wp\/v2\/pages\/20620\/revisions"}],"predecessor-version":[{"id":32141,"href":"https:\/\/www.ce-illkirch.fr\/wordpress\/wp-json\/wp\/v2\/pages\/20620\/revisions\/32141"}],"up":[{"embeddable":true,"href":"https:\/\/www.ce-illkirch.fr\/wordpress\/wp-json\/wp\/v2\/pages\/73"}],"wp:attachment":[{"href":"https:\/\/www.ce-illkirch.fr\/wordpress\/wp-json\/wp\/v2\/media?parent=20620"}],"curies":[{"name":"wp","href":"https:\/\/api.w.org\/{rel}","templated":true}]}}