{"id":207,"date":"2010-02-03T14:56:05","date_gmt":"2010-02-03T13:56:05","guid":{"rendered":"http:\/\/www.ce-illkirch.fr\/wordpress\/?page_id=207"},"modified":"2026-01-26T10:07:45","modified_gmt":"2026-01-26T09:07:45","slug":"voyages","status":"publish","type":"page","link":"https:\/\/www.ce-illkirch.fr\/wordpress\/tourisme\/voyages\/","title":{"rendered":"Voyages"},"content":{"rendered":"<p><strong><a href=\"https:\/\/www.ce-illkirch.fr\/wordpress\/wp-content\/uploads\/2026\/01\/rajasthan.webp\"><img loading=\"lazy\" decoding=\"async\" class=\"size-medium wp-image-38721 alignleft\" src=\"https:\/\/www.ce-illkirch.fr\/wordpress\/wp-content\/uploads\/2026\/01\/rajasthan-300x232.webp\" alt=\"\" width=\"300\" height=\"232\" srcset=\"https:\/\/www.ce-illkirch.fr\/wordpress\/wp-content\/uploads\/2026\/01\/rajasthan-300x232.webp 300w, https:\/\/www.ce-illkirch.fr\/wordpress\/wp-content\/uploads\/2026\/01\/rajasthan-1024x793.webp 1024w, https:\/\/www.ce-illkirch.fr\/wordpress\/wp-content\/uploads\/2026\/01\/rajasthan-768x595.webp 768w, https:\/\/www.ce-illkirch.fr\/wordpress\/wp-content\/uploads\/2026\/01\/rajasthan-1536x1189.webp 1536w, https:\/\/www.ce-illkirch.fr\/wordpress\/wp-content\/uploads\/2026\/01\/rajasthan-110x85.webp 110w, https:\/\/www.ce-illkirch.fr\/wordpress\/wp-content\/uploads\/2026\/01\/rajasthan-420x325.webp 420w, https:\/\/www.ce-illkirch.fr\/wordpress\/wp-content\/uploads\/2026\/01\/rajasthan-555x430.webp 555w, https:\/\/www.ce-illkirch.fr\/wordpress\/wp-content\/uploads\/2026\/01\/rajasthan.webp 1600w\" sizes=\"auto, (max-width: 300px) 100vw, 300px\" \/><\/a><\/strong><br \/>\n<strong>INDE DU NORD &#8211; RAJASTHAN<\/strong> &#8211; <strong>du 18 au 27\/09 &#8211; 10J\/8N<\/strong> &#8211; <strong>1650 \u20ac \/pers<\/strong> base chambre double<\/p>\n<p>Tarif comprend transfet a\u00e9roport &#8211; vols &#8211; taxes &#8211; transport autocar &#8211; h\u00e9bergement &#8211; pension compl\u00e8te &#8211; visites mentionn\u00e9es &#8211; correspondant francophone &#8211; assurances.<\/p>\n<p><a href=\"https:\/\/www.ce-illkirch.fr\/wordpress\/wp-content\/uploads\/2026\/01\/2609_Voyage-Inde-Groupe-sept2026.pdf\">D\u00e9tails<\/a><\/p>\n<p><a href=\"https:\/\/www.ce-illkirch.fr\/wordpress\/wp-content\/uploads\/2026\/01\/rajasthan_inscription.pdf\">Bulletin d&rsquo;inscription<\/a><\/p>\n<p>Wanita Anthonee<\/p>\n<p>&nbsp;<\/p>\n<p>&nbsp;<\/p>\n<p>&nbsp;<\/p>\n<p><strong> <img loading=\"lazy\" decoding=\"async\" class=\"size-thumbnail wp-image-36449 alignleft\" src=\"https:\/\/www.ce-illkirch.fr\/wordpress\/wp-content\/uploads\/2024\/11\/Flag_of_Canada.svg-150x150.png\" alt=\"\" width=\"150\" height=\"150\" srcset=\"https:\/\/www.ce-illkirch.fr\/wordpress\/wp-content\/uploads\/2024\/11\/Flag_of_Canada.svg-150x150.png 150w, https:\/\/www.ce-illkirch.fr\/wordpress\/wp-content\/uploads\/2024\/11\/Flag_of_Canada.svg-250x250.png 250w, https:\/\/www.ce-illkirch.fr\/wordpress\/wp-content\/uploads\/2024\/11\/Flag_of_Canada.svg-125x125.png 125w, https:\/\/www.ce-illkirch.fr\/wordpress\/wp-content\/uploads\/2024\/11\/Flag_of_Canada.svg-64x64.png 64w, https:\/\/www.ce-illkirch.fr\/wordpress\/wp-content\/uploads\/2024\/11\/Flag_of_Canada.svg-110x110.png 110w, https:\/\/www.ce-illkirch.fr\/wordpress\/wp-content\/uploads\/2024\/11\/Flag_of_Canada.svg-420x420.png 420w, https:\/\/www.ce-illkirch.fr\/wordpress\/wp-content\/uploads\/2024\/11\/Flag_of_Canada.svg-120x120.png 120w\" sizes=\"auto, (max-width: 150px) 100vw, 150px\" \/>Annul\u00e9 &#8211; faute d&rsquo;inscrits &#8211; Qu\u00e9bec du 23 au 31\/05\/2025 <\/strong><\/p>\n<p><a href=\"https:\/\/www.ce-illkirch.fr\/wordpress\/wp-content\/uploads\/2024\/11\/quebec.pdf\">Programme<\/a><\/p>\n<p>Tarif : <strong>2 595<\/strong>\u20ac<\/p>\n","protected":false},"excerpt":{"rendered":"<p>INDE DU NORD &#8211; RAJASTHAN &#8211; du 18 au 27\/09 &#8211; 10J\/8N &#8211; 1650 \u20ac \/pers base chambre double Tarif comprend transfet a\u00e9roport &#8211; vols &#8211; taxes &#8211; transport autocar [&hellip;]<\/p>\n","protected":false},"author":2,"featured_media":23922,"parent":35,"menu_order":0,"comment_status":"open","ping_status":"closed","template":"","meta":{"footnotes":""},"class_list":["post-207","page","type-page","status-publish","has-post-thumbnail","hentry"],"publishpress_future_action":{"enabled":false,"date":"2026-04-21 14:03:25","action":"change-status","newStatus":"draft","terms":[],"taxonomy":"category","extraData":[]},"publishpress_future_workflow_manual_trigger":{"enabledWorkflows":[]},"_links":{"self":[{"href":"https:\/\/www.ce-illkirch.fr\/wordpress\/wp-json\/wp\/v2\/pages\/207","targetHints":{"allow":["GET"]}}],"collection":[{"href":"https:\/\/www.ce-illkirch.fr\/wordpress\/wp-json\/wp\/v2\/pages"}],"about":[{"href":"https:\/\/www.ce-illkirch.fr\/wordpress\/wp-json\/wp\/v2\/types\/page"}],"author":[{"embeddable":true,"href":"https:\/\/www.ce-illkirch.fr\/wordpress\/wp-json\/wp\/v2\/users\/2"}],"replies":[{"embeddable":true,"href":"https:\/\/www.ce-illkirch.fr\/wordpress\/wp-json\/wp\/v2\/comments?post=207"}],"version-history":[{"count":40,"href":"https:\/\/www.ce-illkirch.fr\/wordpress\/wp-json\/wp\/v2\/pages\/207\/revisions"}],"predecessor-version":[{"id":38734,"href":"https:\/\/www.ce-illkirch.fr\/wordpress\/wp-json\/wp\/v2\/pages\/207\/revisions\/38734"}],"up":[{"embeddable":true,"href":"https:\/\/www.ce-illkirch.fr\/wordpress\/wp-json\/wp\/v2\/pages\/35"}],"wp:featuredmedia":[{"embeddable":true,"href":"https:\/\/www.ce-illkirch.fr\/wordpress\/wp-json\/wp\/v2\/media\/23922"}],"wp:attachment":[{"href":"https:\/\/www.ce-illkirch.fr\/wordpress\/wp-json\/wp\/v2\/media?parent=207"}],"curies":[{"name":"wp","href":"https:\/\/api.w.org\/{rel}","templated":true}]}}