{"id":208,"date":"2010-02-03T14:56:56","date_gmt":"2010-02-03T13:56:56","guid":{"rendered":"http:\/\/www.ce-illkirch.fr\/wordpress\/?page_id=208"},"modified":"2025-06-18T09:50:51","modified_gmt":"2025-06-18T07:50:51","slug":"chalet","status":"publish","type":"page","link":"https:\/\/www.ce-illkirch.fr\/wordpress\/tourisme\/chalet\/","title":{"rendered":"Chalet"},"content":{"rendered":"<p style=\"text-align: center;\"><strong>Le Chalet du Ventron <\/strong>(12 km de la Bresse, dans les Vosges) <strong>n&rsquo;est plus lou\u00e9 \u00e0 l&rsquo;ann\u00e9e par le CSE depuis fin 2022 <\/strong>(bail r\u00e9sili\u00e9 par le propri\u00e9taire). Il est encore possible de le louer directement aupr\u00e8s du propri\u00e9taire (M. Pellegrin <span dir=\"ltr\" role=\"presentation\">07.50.08.63.08.<\/span>), mais les tarifs ne sont plus aussi int\u00e9ressants.<\/p>\n<p><span style=\"font-size: x-small; font-family: Trebuchet MS;\"><span class=\"newstext\"><span style=\"text-decoration: underline;\"><strong><span style=\"font-size: x-small; font-family: Trebuchet MS;\"><a href=\"http:\/\/www.ce-illkirch.fr\/wordpress\/wp-content\/uploads\/sdbetage.jpg\"><img loading=\"lazy\" decoding=\"async\" class=\"size-thumbnail wp-image-231 alignnone\" title=\"sdbetage\" src=\"http:\/\/www.ce-illkirch.fr\/wordpress\/wp-content\/uploads\/sdbetage-150x150.jpg\" alt=\"\" width=\"150\" height=\"150\" \/><\/a><\/span><\/strong><\/span><\/span><\/span> <img loading=\"lazy\" decoding=\"async\" class=\"size-thumbnail wp-image-228 alignnone\" title=\"sejour1\" src=\"http:\/\/www.ce-illkirch.fr\/wordpress\/wp-content\/uploads\/sejour1-150x150.jpg\" alt=\"\" width=\"150\" height=\"150\" \/><span class=\"newstext\"><span style=\"text-decoration: underline;\"><strong><span style=\"font-size: x-small; font-family: Trebuchet MS;\"> <img loading=\"lazy\" decoding=\"async\" class=\"size-thumbnail wp-image-236 alignnone\" title=\"chambrelitkingsize\" src=\"http:\/\/www.ce-illkirch.fr\/wordpress\/wp-content\/uploads\/chambrelitkingsize-150x150.jpg\" alt=\"\" width=\"150\" height=\"150\" \/><\/span><\/strong><\/span><\/span><span class=\"newstext\"><span style=\"text-decoration: underline;\"><strong><span style=\"font-size: x-small; font-family: Trebuchet MS;\"><span style=\"font-size: x-small; font-family: Trebuchet MS;\"> <img loading=\"lazy\" decoding=\"async\" class=\"size-thumbnail wp-image-234 alignnone\" title=\"sejour\" src=\"http:\/\/www.ce-illkirch.fr\/wordpress\/wp-content\/uploads\/sejour-150x150.jpg\" alt=\"\" width=\"150\" height=\"150\" \/> <img loading=\"lazy\" decoding=\"async\" class=\"alignnone wp-image-33654\" src=\"https:\/\/www.ce-illkirch.fr\/wordpress\/wp-content\/uploads\/2023\/08\/IMG_20230706_111654-226x300.jpg\" alt=\"\" width=\"115\" height=\"153\" srcset=\"https:\/\/www.ce-illkirch.fr\/wordpress\/wp-content\/uploads\/2023\/08\/IMG_20230706_111654-226x300.jpg 226w, https:\/\/www.ce-illkirch.fr\/wordpress\/wp-content\/uploads\/2023\/08\/IMG_20230706_111654-771x1024.jpg 771w, https:\/\/www.ce-illkirch.fr\/wordpress\/wp-content\/uploads\/2023\/08\/IMG_20230706_111654-768x1020.jpg 768w, https:\/\/www.ce-illkirch.fr\/wordpress\/wp-content\/uploads\/2023\/08\/IMG_20230706_111654-578x768.jpg 578w, https:\/\/www.ce-illkirch.fr\/wordpress\/wp-content\/uploads\/2023\/08\/IMG_20230706_111654-1157x1536.jpg 1157w, https:\/\/www.ce-illkirch.fr\/wordpress\/wp-content\/uploads\/2023\/08\/IMG_20230706_111654-1542x2048.jpg 1542w, https:\/\/www.ce-illkirch.fr\/wordpress\/wp-content\/uploads\/2023\/08\/IMG_20230706_111654-83x110.jpg 83w, https:\/\/www.ce-illkirch.fr\/wordpress\/wp-content\/uploads\/2023\/08\/IMG_20230706_111654-316x420.jpg 316w, https:\/\/www.ce-illkirch.fr\/wordpress\/wp-content\/uploads\/2023\/08\/IMG_20230706_111654-324x430.jpg 324w, https:\/\/www.ce-illkirch.fr\/wordpress\/wp-content\/uploads\/2023\/08\/IMG_20230706_111654-scaled.jpg 1928w\" sizes=\"auto, (max-width: 115px) 100vw, 115px\" \/> <img loading=\"lazy\" decoding=\"async\" class=\"alignnone wp-image-33655\" src=\"https:\/\/www.ce-illkirch.fr\/wordpress\/wp-content\/uploads\/2023\/08\/IMG_20230706_125944-300x226.jpg\" alt=\"\" width=\"200\" height=\"151\" srcset=\"https:\/\/www.ce-illkirch.fr\/wordpress\/wp-content\/uploads\/2023\/08\/IMG_20230706_125944-300x226.jpg 300w, https:\/\/www.ce-illkirch.fr\/wordpress\/wp-content\/uploads\/2023\/08\/IMG_20230706_125944-1024x771.jpg 1024w, https:\/\/www.ce-illkirch.fr\/wordpress\/wp-content\/uploads\/2023\/08\/IMG_20230706_125944-768x578.jpg 768w, https:\/\/www.ce-illkirch.fr\/wordpress\/wp-content\/uploads\/2023\/08\/IMG_20230706_125944-1536x1157.jpg 1536w, https:\/\/www.ce-illkirch.fr\/wordpress\/wp-content\/uploads\/2023\/08\/IMG_20230706_125944-2048x1542.jpg 2048w, https:\/\/www.ce-illkirch.fr\/wordpress\/wp-content\/uploads\/2023\/08\/IMG_20230706_125944-110x83.jpg 110w, https:\/\/www.ce-illkirch.fr\/wordpress\/wp-content\/uploads\/2023\/08\/IMG_20230706_125944-420x316.jpg 420w, https:\/\/www.ce-illkirch.fr\/wordpress\/wp-content\/uploads\/2023\/08\/IMG_20230706_125944-571x430.jpg 571w\" sizes=\"auto, (max-width: 200px) 100vw, 200px\" \/><br \/>\n<\/span><\/span><\/strong><\/span><\/span><\/p>\n<p><span class=\"newstext\"><span style=\"text-decoration: underline;\"><strong>\u00a0<\/strong><\/span><\/span><span class=\"newstext\"><span style=\"text-decoration: underline;\"><strong><span style=\"font-size: x-small; font-family: Trebuchet MS;\"><a href=\"http:\/\/www.ce-illkirch.fr\/wordpress\/wp-content\/uploads\/chaletvueroute1.jpg\"><img loading=\"lazy\" decoding=\"async\" class=\"size-thumbnail wp-image-224 alignnone\" title=\"chaletvueroute\" src=\"http:\/\/www.ce-illkirch.fr\/wordpress\/wp-content\/uploads\/chaletvueroute1-150x150.jpg\" alt=\"\" width=\"150\" height=\"150\" \/><\/a><\/span><\/strong><\/span><\/span><span style=\"text-decoration: underline;\"><strong><a href=\"http:\/\/www.ce-illkirch.fr\/wordpress\/wp-content\/uploads\/cuisine.jpg\"> <img loading=\"lazy\" decoding=\"async\" class=\"size-thumbnail wp-image-230 alignnone\" title=\"cuisine\" src=\"http:\/\/www.ce-illkirch.fr\/wordpress\/wp-content\/uploads\/cuisine-150x150.jpg\" alt=\"\" width=\"150\" height=\"150\" \/> <img loading=\"lazy\" decoding=\"async\" class=\"alignnone wp-image-33652\" src=\"https:\/\/www.ce-illkirch.fr\/wordpress\/wp-content\/uploads\/2023\/08\/chalet_IMG_20230705_195154-300x226.jpg\" alt=\"\" width=\"199\" height=\"150\" srcset=\"https:\/\/www.ce-illkirch.fr\/wordpress\/wp-content\/uploads\/2023\/08\/chalet_IMG_20230705_195154-300x226.jpg 300w, https:\/\/www.ce-illkirch.fr\/wordpress\/wp-content\/uploads\/2023\/08\/chalet_IMG_20230705_195154-1024x771.jpg 1024w, https:\/\/www.ce-illkirch.fr\/wordpress\/wp-content\/uploads\/2023\/08\/chalet_IMG_20230705_195154-768x578.jpg 768w, https:\/\/www.ce-illkirch.fr\/wordpress\/wp-content\/uploads\/2023\/08\/chalet_IMG_20230705_195154-1536x1157.jpg 1536w, https:\/\/www.ce-illkirch.fr\/wordpress\/wp-content\/uploads\/2023\/08\/chalet_IMG_20230705_195154-2048x1542.jpg 2048w, https:\/\/www.ce-illkirch.fr\/wordpress\/wp-content\/uploads\/2023\/08\/chalet_IMG_20230705_195154-110x83.jpg 110w, https:\/\/www.ce-illkirch.fr\/wordpress\/wp-content\/uploads\/2023\/08\/chalet_IMG_20230705_195154-420x316.jpg 420w, https:\/\/www.ce-illkirch.fr\/wordpress\/wp-content\/uploads\/2023\/08\/chalet_IMG_20230705_195154-571x430.jpg 571w\" sizes=\"auto, (max-width: 199px) 100vw, 199px\" \/> <img loading=\"lazy\" decoding=\"async\" class=\"alignnone wp-image-33651\" src=\"https:\/\/www.ce-illkirch.fr\/wordpress\/wp-content\/uploads\/2023\/08\/chalet_IMG_20230705_195014-300x226.jpg\" alt=\"\" width=\"199\" height=\"150\" srcset=\"https:\/\/www.ce-illkirch.fr\/wordpress\/wp-content\/uploads\/2023\/08\/chalet_IMG_20230705_195014-300x226.jpg 300w, https:\/\/www.ce-illkirch.fr\/wordpress\/wp-content\/uploads\/2023\/08\/chalet_IMG_20230705_195014-1024x771.jpg 1024w, https:\/\/www.ce-illkirch.fr\/wordpress\/wp-content\/uploads\/2023\/08\/chalet_IMG_20230705_195014-768x578.jpg 768w, https:\/\/www.ce-illkirch.fr\/wordpress\/wp-content\/uploads\/2023\/08\/chalet_IMG_20230705_195014-1536x1157.jpg 1536w, https:\/\/www.ce-illkirch.fr\/wordpress\/wp-content\/uploads\/2023\/08\/chalet_IMG_20230705_195014-2048x1542.jpg 2048w, https:\/\/www.ce-illkirch.fr\/wordpress\/wp-content\/uploads\/2023\/08\/chalet_IMG_20230705_195014-110x83.jpg 110w, https:\/\/www.ce-illkirch.fr\/wordpress\/wp-content\/uploads\/2023\/08\/chalet_IMG_20230705_195014-420x316.jpg 420w, https:\/\/www.ce-illkirch.fr\/wordpress\/wp-content\/uploads\/2023\/08\/chalet_IMG_20230705_195014-571x430.jpg 571w\" sizes=\"auto, (max-width: 199px) 100vw, 199px\" \/><\/a><\/strong><\/span><\/p>\n<p><span class=\"newstext\"><strong><span style=\"font-size: x-small; font-family: Trebuchet MS;\"><a href=\"https:\/\/www.labresse.net\/\" target=\"_blank\" rel=\"noopener\">Office de tourisme<\/a><\/span><\/strong><\/span><\/p>\n<ul>\n<li><a href=\"https:\/\/www.ce-illkirch.fr\/wordpress\/wp-content\/uploads\/chalet_equipement-3.pdf\" target=\"_blank\" rel=\"noopener\"><strong>Equipement du chalet<\/strong><\/a><\/li>\n<li><strong><a href=\"https:\/\/www.ce-illkirch.fr\/wordpress\/wp-content\/uploads\/chalet.pdf\" target=\"_blank\" rel=\"noopener\">Quelques photos<\/a><\/strong><\/li>\n<li><strong><a href=\"https:\/\/www.ce-illkirch.fr\/wordpress\/wp-content\/uploads\/planChalet-dec071.pdf\" target=\"_blank\" rel=\"noopener\">Acc\u00e8s Ventron<\/a><\/strong><\/li>\n<li><a href=\"https:\/\/www.abritel.fr\/location-vacances\/p1953878?adultsCount=6&amp;arrival=2023-01-07&amp;childrenCount=4&amp;departure=2023-01-09&amp;uni_id=2129721\"><strong>Site de r\u00e9servation<\/strong><\/a><\/li>\n<\/ul>\n<p><span class=\"leftlink\">Randonn\u00e9es du c\u00f4t\u00e9 de Ventron ? T\u00e9l\u00e9chargez le fichier \u00ab\u00a0Rando\u00a0\u00bb en 2 parties : <a href=\"http:\/\/www.ce-illkirch.fr\/wordpress\/wp-content\/uploads\/balades_chalet1.pdf\" target=\"_blank\" rel=\"noopener\">1er fichier<\/a> &#8211; <a href=\"http:\/\/www.ce-illkirch.fr\/wordpress\/wp-content\/uploads\/balades_chalet2.pdf\" target=\"_blank\" rel=\"noopener\">2\u00e8me fichier<\/a><\/span><\/p>\n<p>&nbsp;<\/p>\n","protected":false},"excerpt":{"rendered":"<p>Le Chalet du Ventron (12 km de la Bresse, dans les Vosges) n&rsquo;est plus lou\u00e9 \u00e0 l&rsquo;ann\u00e9e par le CSE depuis fin 2022 (bail r\u00e9sili\u00e9 par le propri\u00e9taire). Il est [&hellip;]<\/p>\n","protected":false},"author":2,"featured_media":0,"parent":35,"menu_order":0,"comment_status":"closed","ping_status":"closed","template":"","meta":{"footnotes":""},"class_list":["post-208","page","type-page","status-publish","hentry"],"publishpress_future_action":{"enabled":false,"date":"2026-05-13 14:00:30","action":"change-status","newStatus":"draft","terms":[],"taxonomy":"category","extraData":[]},"publishpress_future_workflow_manual_trigger":{"enabledWorkflows":[]},"_links":{"self":[{"href":"https:\/\/www.ce-illkirch.fr\/wordpress\/wp-json\/wp\/v2\/pages\/208","targetHints":{"allow":["GET"]}}],"collection":[{"href":"https:\/\/www.ce-illkirch.fr\/wordpress\/wp-json\/wp\/v2\/pages"}],"about":[{"href":"https:\/\/www.ce-illkirch.fr\/wordpress\/wp-json\/wp\/v2\/types\/page"}],"author":[{"embeddable":true,"href":"https:\/\/www.ce-illkirch.fr\/wordpress\/wp-json\/wp\/v2\/users\/2"}],"replies":[{"embeddable":true,"href":"https:\/\/www.ce-illkirch.fr\/wordpress\/wp-json\/wp\/v2\/comments?post=208"}],"version-history":[{"count":169,"href":"https:\/\/www.ce-illkirch.fr\/wordpress\/wp-json\/wp\/v2\/pages\/208\/revisions"}],"predecessor-version":[{"id":37554,"href":"https:\/\/www.ce-illkirch.fr\/wordpress\/wp-json\/wp\/v2\/pages\/208\/revisions\/37554"}],"up":[{"embeddable":true,"href":"https:\/\/www.ce-illkirch.fr\/wordpress\/wp-json\/wp\/v2\/pages\/35"}],"wp:attachment":[{"href":"https:\/\/www.ce-illkirch.fr\/wordpress\/wp-json\/wp\/v2\/media?parent=208"}],"curies":[{"name":"wp","href":"https:\/\/api.w.org\/{rel}","templated":true}]}}