{"id":23721,"date":"2018-09-25T13:47:57","date_gmt":"2018-09-25T11:47:57","guid":{"rendered":"https:\/\/www.ce-illkirch.fr\/wp2017\/?page_id=23721"},"modified":"2019-02-20T09:23:17","modified_gmt":"2019-02-20T08:23:17","slug":"egalite-professionnelle","status":"publish","type":"page","link":"https:\/\/www.ce-illkirch.fr\/wordpress\/egalite-professionnelle\/","title":{"rendered":"Egalit\u00e9 professionnelle"},"content":{"rendered":"<p>La Commission Egalit\u00e9 Professionnelle \u00e9tudie chaque ann\u00e9e les documents utiles \u00e0 la comparaison de la situation des hommes et des femmes : Rapport de Situation Compar\u00e9e, documents fournis en NAO (n\u00e9gociation Annuelle Obligatoire) ou lors des CCE. Elle pr\u00e9pare l\u2019avis qui doit \u00eatre rendu par le CE (ou CSE).<\/p>\n<p><a href=\"https:\/\/aleinternational.sharepoint.com\/intranet_CE_Illkirch\/SitePages\/Accueil.aspx?RootFolder=%2Fintranet%5FCE%5FIllkirch%2FDocuments%20partages%2FDocuments%20CSE&amp;FolderCTID=0x0120002DCF11EF3D7EC64B8580978930F906BA&amp;View=%7B25A04602%2D97F9%2D4D0E%2DBB1D%2D44755DD49309%7D\">Site intranet<\/a><\/p>\n","protected":false},"excerpt":{"rendered":"<p>La Commission Egalit\u00e9 Professionnelle \u00e9tudie chaque ann\u00e9e les documents utiles \u00e0 la comparaison de la situation des hommes et des femmes : Rapport de Situation Compar\u00e9e, documents fournis en NAO [&hellip;]<\/p>\n","protected":false},"author":7,"featured_media":0,"parent":0,"menu_order":0,"comment_status":"closed","ping_status":"closed","template":"","meta":{"footnotes":""},"class_list":["post-23721","page","type-page","status-publish","hentry"],"publishpress_future_action":{"enabled":false,"date":"2026-05-17 14:32:16","action":"change-status","newStatus":"draft","terms":[],"taxonomy":"category","extraData":[]},"publishpress_future_workflow_manual_trigger":{"enabledWorkflows":[]},"_links":{"self":[{"href":"https:\/\/www.ce-illkirch.fr\/wordpress\/wp-json\/wp\/v2\/pages\/23721","targetHints":{"allow":["GET"]}}],"collection":[{"href":"https:\/\/www.ce-illkirch.fr\/wordpress\/wp-json\/wp\/v2\/pages"}],"about":[{"href":"https:\/\/www.ce-illkirch.fr\/wordpress\/wp-json\/wp\/v2\/types\/page"}],"author":[{"embeddable":true,"href":"https:\/\/www.ce-illkirch.fr\/wordpress\/wp-json\/wp\/v2\/users\/7"}],"replies":[{"embeddable":true,"href":"https:\/\/www.ce-illkirch.fr\/wordpress\/wp-json\/wp\/v2\/comments?post=23721"}],"version-history":[{"count":2,"href":"https:\/\/www.ce-illkirch.fr\/wordpress\/wp-json\/wp\/v2\/pages\/23721\/revisions"}],"predecessor-version":[{"id":24684,"href":"https:\/\/www.ce-illkirch.fr\/wordpress\/wp-json\/wp\/v2\/pages\/23721\/revisions\/24684"}],"wp:attachment":[{"href":"https:\/\/www.ce-illkirch.fr\/wordpress\/wp-json\/wp\/v2\/media?parent=23721"}],"curies":[{"name":"wp","href":"https:\/\/api.w.org\/{rel}","templated":true}]}}