{"id":24564,"date":"2019-02-04T09:51:05","date_gmt":"2019-02-04T08:51:05","guid":{"rendered":"https:\/\/www.ce-illkirch.fr\/wordpress\/?page_id=24564"},"modified":"2022-11-09T15:47:07","modified_gmt":"2022-11-09T14:47:07","slug":"auto-velo","status":"publish","type":"page","link":"https:\/\/www.ce-illkirch.fr\/wordpress\/auto-velo\/","title":{"rendered":"Auto \/ V\u00e9lo"},"content":{"rendered":"<p><strong>Ci-dessous le mat\u00e9riel propos\u00e9 pour Auto\/ V\u00e9lo<br \/>\n<\/strong><\/p>\n<p>Tarif par p\u00e9riode : du vendredi au mercredi, du mercredi au vendredi, du vendredi au lundi.<\/p>\n<p>&nbsp;<\/p>\n<p>&nbsp;<\/p>\n<table width=\"577\">\n<tbody>\n<tr>\n<td width=\"426\"><\/td>\n<td width=\"76\"><strong>Tarif<\/strong><\/td>\n<td width=\"76\"><\/td>\n<\/tr>\n<tr>\n<td width=\"426\">COFFRET DE 16 DOUILLES 1\/2&Prime; POUCE<\/td>\n<td width=\"76\">2 \u20ac<\/td>\n<td width=\"76\"><\/td>\n<\/tr>\n<tr>\n<td width=\"426\">CLE DYNAMOMETRIQUE<\/td>\n<td width=\"76\">1 \u20ac<\/td>\n<td width=\"76\"><\/td>\n<\/tr>\n<tr>\n<td width=\"426\">COFFRET DIVERS AUTO + GRAISSAGE<\/td>\n<td width=\"76\">1 \u20ac<\/td>\n<td width=\"76\"><\/td>\n<\/tr>\n<tr>\n<td width=\"426\">COFFRET DE REGLAGE<\/td>\n<td width=\"76\">1 \u20ac<\/td>\n<td width=\"76\"><\/td>\n<\/tr>\n<tr>\n<td width=\"426\">REPOUSSE PISTON\u00a0\/ ETRIER DE FREIN A DISQUE<\/td>\n<td width=\"76\">3 \u20ac<\/td>\n<td width=\"76\"><\/td>\n<\/tr>\n<tr>\n<td width=\"426\">MALETTE A OUTILS pour VELO<\/td>\n<td width=\"76\">4 \u20ac<\/td>\n<td width=\"76\"><\/td>\n<\/tr>\n<tr>\n<td width=\"426\">SUPPORT VELO<\/td>\n<td width=\"76\">4 \u20ac<\/td>\n<td width=\"76\"><\/td>\n<\/tr>\n<\/tbody>\n<\/table>\n<p>&nbsp;<\/p>\n<p>&nbsp;<\/p>\n<p>&nbsp;<\/p>\n","protected":false},"excerpt":{"rendered":"<p>Ci-dessous le mat\u00e9riel propos\u00e9 pour Auto\/ V\u00e9lo Tarif par p\u00e9riode : du vendredi au mercredi, du mercredi au vendredi, du vendredi au lundi. &nbsp; &nbsp; Tarif COFFRET DE 16 DOUILLES [&hellip;]<\/p>\n","protected":false},"author":8,"featured_media":0,"parent":0,"menu_order":0,"comment_status":"closed","ping_status":"closed","template":"","meta":{"footnotes":""},"class_list":["post-24564","page","type-page","status-publish","hentry"],"publishpress_future_action":{"enabled":false,"date":"2026-04-15 15:41:19","action":"change-status","newStatus":"draft","terms":[],"taxonomy":"category","extraData":[]},"publishpress_future_workflow_manual_trigger":{"enabledWorkflows":[]},"_links":{"self":[{"href":"https:\/\/www.ce-illkirch.fr\/wordpress\/wp-json\/wp\/v2\/pages\/24564","targetHints":{"allow":["GET"]}}],"collection":[{"href":"https:\/\/www.ce-illkirch.fr\/wordpress\/wp-json\/wp\/v2\/pages"}],"about":[{"href":"https:\/\/www.ce-illkirch.fr\/wordpress\/wp-json\/wp\/v2\/types\/page"}],"author":[{"embeddable":true,"href":"https:\/\/www.ce-illkirch.fr\/wordpress\/wp-json\/wp\/v2\/users\/8"}],"replies":[{"embeddable":true,"href":"https:\/\/www.ce-illkirch.fr\/wordpress\/wp-json\/wp\/v2\/comments?post=24564"}],"version-history":[{"count":5,"href":"https:\/\/www.ce-illkirch.fr\/wordpress\/wp-json\/wp\/v2\/pages\/24564\/revisions"}],"predecessor-version":[{"id":31563,"href":"https:\/\/www.ce-illkirch.fr\/wordpress\/wp-json\/wp\/v2\/pages\/24564\/revisions\/31563"}],"wp:attachment":[{"href":"https:\/\/www.ce-illkirch.fr\/wordpress\/wp-json\/wp\/v2\/media?parent=24564"}],"curies":[{"name":"wp","href":"https:\/\/api.w.org\/{rel}","templated":true}]}}