{"id":24913,"date":"2019-10-03T09:36:00","date_gmt":"2019-10-03T07:36:00","guid":{"rendered":"https:\/\/www.ce-illkirch.fr\/wordpress\/?page_id=24913"},"modified":"2024-11-20T11:02:10","modified_gmt":"2024-11-20T10:02:10","slug":"a-propos-ce","status":"publish","type":"page","link":"https:\/\/www.ce-illkirch.fr\/wordpress\/subvention-ce\/a-propos-ce\/","title":{"rendered":"A propos du CSE"},"content":{"rendered":"\n<table id=\"tablepress-10\" class=\"tablepress tablepress-id-10\">\n<thead>\n<tr class=\"row-1\">\n\t<td class=\"column-1\"><\/td><th class=\"column-2\">Billetterie<\/th><th class=\"column-3\">Tourisme &amp; Tr\u00e9sorerie<\/th><th class=\"column-4\">Bricoth\u00e8que<\/th><th class=\"column-5\">Biblioth\u00e8que<\/th><th class=\"column-6\">Ludoth\u00e8que <\/th>\n<\/tr>\n<\/thead>\n<tbody class=\"row-striping row-hover\">\n<tr class=\"row-2\">\n\t<td class=\"column-1\"><\/td><td class=\"column-2\">C\u00e9line WESTPHAL au 77693 <\/td><td class=\"column-3\">Wanita ANTHONEE au 77301 <\/td><td class=\"column-4\">Philippe MARTEAU  au 77869<\/td><td class=\"column-5\">Wanita ANTHONEE au 77301 ou membre Bib<\/td><td class=\"column-6\">S\u00e9bastien EHRHARD au 21877116<\/td>\n<\/tr>\n<tr class=\"row-3\">\n\t<td class=\"column-1\">Lundi<\/td><td class=\"column-2\">12h30-13h30<\/td><td class=\"column-3\">t\u00e9l\u00e9travail<\/td><td class=\"column-4\">13h00-13h20<\/td><td class=\"column-5\">12h30-13h30<\/td><td class=\"column-6\">12h30-13h30<\/td>\n<\/tr>\n<tr class=\"row-4\">\n\t<td class=\"column-1\">Mardi<\/td><td class=\"column-2\">12h30-13h30<\/td><td class=\"column-3\">sur RDV<\/td><td class=\"column-4\">Ferm\u00e9<\/td><td class=\"column-5\">12h30-13h30<\/td><td class=\"column-6\">12h30-13h30<\/td>\n<\/tr>\n<tr class=\"row-5\">\n\t<td class=\"column-1\">Mercredi<\/td><td class=\"column-2\">12h30-13h30<\/td><td class=\"column-3\">12h30-13h30<\/td><td class=\"column-4\">13h00-13h20<\/td><td class=\"column-5\">12h30-13h30<\/td><td class=\"column-6\">12h30-13h30<\/td>\n<\/tr>\n<tr class=\"row-6\">\n\t<td class=\"column-1\">Jeudi<\/td><td class=\"column-2\">t\u00e9l\u00e9travail<\/td><td class=\"column-3\">12h30-13h30<\/td><td class=\"column-4\">Ferm\u00e9<\/td><td class=\"column-5\">12h30-13h30<\/td><td class=\"column-6\">12h30-13h30<\/td>\n<\/tr>\n<tr class=\"row-7\">\n\t<td class=\"column-1\">Vendredi<\/td><td class=\"column-2\">12h30-13h30<\/td><td class=\"column-3\">t\u00e9l\u00e9travail sem. impaire<\/td><td class=\"column-4\">13h00-13h20<\/td><td class=\"column-5\">12h30-13h30<\/td><td class=\"column-6\">12h30-13h30<\/td>\n<\/tr>\n<\/tbody>\n<\/table>\n<!-- #tablepress-10 from cache -->\n<h4 style=\"text-align: center;\">Le CSE et la Biblioth\u00e8que sont ouverts du lundi au vendredi de 12h30 \u00e0 13h30.<\/h4>\n<h4>Nous contacter : <span style=\"color: #333399;\">ce-illkirch @ al-enterprise.com<\/span><\/h4>\n<h4><span style=\"color: #000000;\"><strong>S&rsquo;inscrire \u00e0 la news du CSE, cliquez sur le lien suivant =&gt;\u00a0 <a href=\"https:\/\/www.ce-illkirch.fr\/wordpress\/souscription-a-la-lettre-du-cse-illkirch\/\"><span style=\"color: #333399;\">Je m&rsquo;abonne \u00e0 la news du CSE<\/span><\/a><\/strong><\/span><\/h4>\n<h4><strong>Chaine Rainbow : <span style=\"color: #333399;\">Illkirch CSE news<\/span><\/strong><\/h4>\n","protected":false},"excerpt":{"rendered":"<p>Le CSE et la Biblioth\u00e8que sont ouverts du lundi au vendredi de 12h30 \u00e0 13h30. Nous contacter : ce-illkirch @ al-enterprise.com S&rsquo;inscrire \u00e0 la news du CSE, cliquez sur le [&hellip;]<\/p>\n","protected":false},"author":7,"featured_media":0,"parent":266,"menu_order":1,"comment_status":"closed","ping_status":"closed","template":"","meta":{"footnotes":""},"class_list":["post-24913","page","type-page","status-publish","hentry"],"publishpress_future_action":{"enabled":false,"date":"2026-05-15 15:09:32","action":"change-status","newStatus":"draft","terms":[],"taxonomy":"category","extraData":[]},"publishpress_future_workflow_manual_trigger":{"enabledWorkflows":[]},"_links":{"self":[{"href":"https:\/\/www.ce-illkirch.fr\/wordpress\/wp-json\/wp\/v2\/pages\/24913","targetHints":{"allow":["GET"]}}],"collection":[{"href":"https:\/\/www.ce-illkirch.fr\/wordpress\/wp-json\/wp\/v2\/pages"}],"about":[{"href":"https:\/\/www.ce-illkirch.fr\/wordpress\/wp-json\/wp\/v2\/types\/page"}],"author":[{"embeddable":true,"href":"https:\/\/www.ce-illkirch.fr\/wordpress\/wp-json\/wp\/v2\/users\/7"}],"replies":[{"embeddable":true,"href":"https:\/\/www.ce-illkirch.fr\/wordpress\/wp-json\/wp\/v2\/comments?post=24913"}],"version-history":[{"count":46,"href":"https:\/\/www.ce-illkirch.fr\/wordpress\/wp-json\/wp\/v2\/pages\/24913\/revisions"}],"predecessor-version":[{"id":36387,"href":"https:\/\/www.ce-illkirch.fr\/wordpress\/wp-json\/wp\/v2\/pages\/24913\/revisions\/36387"}],"up":[{"embeddable":true,"href":"https:\/\/www.ce-illkirch.fr\/wordpress\/wp-json\/wp\/v2\/pages\/266"}],"wp:attachment":[{"href":"https:\/\/www.ce-illkirch.fr\/wordpress\/wp-json\/wp\/v2\/media?parent=24913"}],"curies":[{"name":"wp","href":"https:\/\/api.w.org\/{rel}","templated":true}]}}