{"id":2521,"date":"2022-10-16T09:37:25","date_gmt":"2022-10-16T07:37:25","guid":{"rendered":"http:\/\/www.ce-illkirch.fr\/wordpress\/?page_id=2521"},"modified":"2025-06-18T10:04:51","modified_gmt":"2025-06-18T08:04:51","slug":"prestataires-de-services","status":"publish","type":"page","link":"https:\/\/www.ce-illkirch.fr\/wordpress\/prestataires-de-services\/","title":{"rendered":"Prestataires CSE"},"content":{"rendered":"<p>Retrouvez au CSE nos partenaires :<\/p>\n<p><span style=\"color: #008000;\"><strong><a href=\"http:\/\/www.fermesaintandre.com\/\" target=\"_blank\" rel=\"noopener\">La Ferme Saint Andr\u00e9<\/a><\/strong><\/span> livre chaque mercredi des paniers de l\u00e9gumes bio (\u00e0 confirmer). <a href=\"https:\/\/www.ce-illkirch.fr\/wordpress\/wp-content\/uploads\/FERMEBull-SouscSEPA.pdf\">Bulletin d&rsquo;adh\u00e9sion<\/a><\/p>\n<p>Magazine <strong><a href=\"http:\/\/cca.asso.fr\/\" target=\"_blank\" rel=\"noopener\">Consommateur d&rsquo;Alsace<\/a><\/strong> : <strong>7 \u20ac<\/strong> au lieu de 14 \u20ac &#8211; bimensuel<\/p>\n<p><span style=\"color: #808080;\"><strong><a href=\"https:\/\/www.alsace-ecoservices.org\/service%20lavage.html\" target=\"_blank\" rel=\"noopener\">Les couches Eco&rsquo;services <\/a><\/strong><\/span>tous les lundis d\u00e9p\u00f4t des couches lav\u00e9es au CE.<\/p>\n<p><a href=\"https:\/\/www.facebook.com\/profile.php?id=61566740878361\"><strong>Librairie La Lanterne <\/strong><\/a>&#8211; 172 route de Lyon Illkirch 03.88.67.96.94 (accepte les ch\u00e8ques cadeaux de No\u00ebl)<\/p>\n<p><strong><a href=\"https:\/\/quaidesbrumes.com\/\" target=\"_blank\" rel=\"noopener\">Librairie Quai des Brumes <\/a><\/strong>&#8211; 120 Grand&rsquo;Rue Strasbourg 03.88.35.32.84 -5% sur pr\u00e9sentation du badge ALE.<\/p>\n<p><a href=\"https:\/\/artisansdumonde.org\/les-associations-locales\/artisans-du-monde-strasbourg\" target=\"_blank\" rel=\"noopener\"><strong>Artisans du Monde <\/strong><\/a><strong>: <\/strong>24 rue de la Division Leclerc \u00e0 Strasbourg &#8211; Consommer autrement : la boutique propose une offre globale de produits 100% \u00e9quitable : \u00e9picerie sucr\u00e9e et sal\u00e9e (caf\u00e9, chocolat, jus de fruits,\u2026) ; large choix de produits artisanaux (bijoux, d\u00e9coration\u2026); trois gammes de produits de beaut\u00e9.<\/p>\n<p><strong><a href=\"http:\/\/alsace.citiz.coop\/\" target=\"_blank\" rel=\"noopener\">Citiz<\/a><\/strong> : <a href=\"http:\/\/www.ce-illkirch.fr\/wordpress\/?p=6141\" target=\"_blank\" rel=\"noopener\">avantages CE<\/a> sur l&rsquo;abonnement d&rsquo;autopartage (le CSE est soci\u00e9taire)<\/p>\n<p><strong><a href=\"https:\/\/www.cezam.fr\" target=\"_blank\" rel=\"noopener\">C\u00e9zam Grand Est (ex Ircos) <\/a><\/strong>: Association des CSE et similaires d&rsquo;Alsace &#8211; Avantages C\u00e9zam, Actualit\u00e9s culturelles et de loisirs &#8211; Service aux \u00e9lus<\/p>\n<p><strong><a href=\"https:\/\/www.macif.fr\/assurance\/associations-et-ce\/comites-dentreprise\/le-pacte-ce\" target=\"_blank\" rel=\"noopener\">MACIF<\/a> <\/strong>avantages aux salari\u00e9s sur l&rsquo;offre Macif &#8211; d\u00e9tails au CSE<\/p>\n","protected":false},"excerpt":{"rendered":"<p>Retrouvez au CSE nos partenaires : La Ferme Saint Andr\u00e9 livre chaque mercredi des paniers de l\u00e9gumes bio (\u00e0 confirmer). Bulletin d&rsquo;adh\u00e9sion Magazine Consommateur d&rsquo;Alsace : 7 \u20ac au lieu [&hellip;]<\/p>\n","protected":false},"author":2,"featured_media":0,"parent":0,"menu_order":14,"comment_status":"open","ping_status":"closed","template":"","meta":{"footnotes":""},"class_list":["post-2521","page","type-page","status-publish","hentry"],"publishpress_future_action":{"enabled":false,"date":"2026-05-13 22:57:08","action":"change-status","newStatus":"draft","terms":[],"taxonomy":"category","extraData":[]},"publishpress_future_workflow_manual_trigger":{"enabledWorkflows":[]},"_links":{"self":[{"href":"https:\/\/www.ce-illkirch.fr\/wordpress\/wp-json\/wp\/v2\/pages\/2521","targetHints":{"allow":["GET"]}}],"collection":[{"href":"https:\/\/www.ce-illkirch.fr\/wordpress\/wp-json\/wp\/v2\/pages"}],"about":[{"href":"https:\/\/www.ce-illkirch.fr\/wordpress\/wp-json\/wp\/v2\/types\/page"}],"author":[{"embeddable":true,"href":"https:\/\/www.ce-illkirch.fr\/wordpress\/wp-json\/wp\/v2\/users\/2"}],"replies":[{"embeddable":true,"href":"https:\/\/www.ce-illkirch.fr\/wordpress\/wp-json\/wp\/v2\/comments?post=2521"}],"version-history":[{"count":11,"href":"https:\/\/www.ce-illkirch.fr\/wordpress\/wp-json\/wp\/v2\/pages\/2521\/revisions"}],"predecessor-version":[{"id":37568,"href":"https:\/\/www.ce-illkirch.fr\/wordpress\/wp-json\/wp\/v2\/pages\/2521\/revisions\/37568"}],"wp:attachment":[{"href":"https:\/\/www.ce-illkirch.fr\/wordpress\/wp-json\/wp\/v2\/media?parent=2521"}],"curies":[{"name":"wp","href":"https:\/\/api.w.org\/{rel}","templated":true}]}}