{"id":266,"date":"2010-02-07T11:28:34","date_gmt":"2010-02-07T10:28:34","guid":{"rendered":"http:\/\/www.ce-illkirch.fr\/wordpress\/?page_id=266"},"modified":"2026-01-06T11:33:08","modified_gmt":"2026-01-06T10:33:08","slug":"subvention-ce","status":"publish","type":"page","link":"https:\/\/www.ce-illkirch.fr\/wordpress\/subvention-ce\/","title":{"rendered":"Subventions CSE"},"content":{"rendered":"<p>R\u00e9capitulatif des services du CSE : <a href=\"https:\/\/www.ce-illkirch.fr\/wordpress\/wp-content\/uploads\/2025\/10\/2526_pubCSE.pdf\">doc<\/a><\/p>\n<p><strong><span class=\"leftlink\" data-mce-mark=\"1\">PIECES A REMETTRE <\/span><\/strong><\/p>\n<ol>\n<li><strong>Photocopie de l\u2019avis d\u2019imposition N-2 jusqu&rsquo;au 30 septembre, N-1 \u00e0 partir du 1\u00b0 octobre,<\/strong> si votre quotient familial (QF*) est inf\u00e9rieur \u00e0 30 000 \u20ac<\/li>\n<li>En cas d\u2019imposition s\u00e9par\u00e9e des parents : photocopies de l\u2019avis d\u2019imposition des deux parents<\/li>\n<li>Les personnes dont le QF* est sup\u00e9rieur \u00e0 30 000 \u20ac peuvent s\u2019abstenir de pr\u00e9senter l\u2019avis d\u2019imposition<\/li>\n<li>Relev\u00e9 d\u2019identit\u00e9 bancaire (pour un 1er remboursement ou si changement de banque)<\/li>\n<li>Heures et num\u00e9ro de t\u00e9l\u00e9phone o\u00f9 le demandeur peut \u00eatre contact\u00e9<\/li>\n<\/ol>\n<p><strong><a href=\"https:\/\/www.ce-illkirch.fr\/wordpress\/activites-enfants\/\" target=\"_blank\" rel=\"noopener\">ACTIVITES ENFANTS<\/a><\/strong><\/p>\n<p><strong><a href=\"https:\/\/www.ce-illkirch.fr\/wordpress\/tourisme\/\" target=\"_blank\" rel=\"noopener\">TOURISME<\/a><\/strong><\/p>\n<p><strong><a href=\"https:\/\/www.ce-illkirch.fr\/wordpress\/loisirs\/\" target=\"_blank\" rel=\"noopener\">LOISIRS<\/a><\/strong><\/p>\n<p><strong><a style=\"font-weight: bold;\" href=\"https:\/\/www.ce-illkirch.fr\/wordpress\/transport\/\" target=\"_blank\" rel=\"noopener\">TRANSPORT <\/a><a title=\"Autopartage\" href=\"http:\/\/www.ce-illkirch.fr\/wordpress\/transport\/autotrement\/\" target=\"_blank\" rel=\"noopener\"><br \/>\n<\/a><\/strong><\/p>\n<p><span style=\"font-weight: bold;\" data-mce-mark=\"1\">MARIAGE\/PACS<\/span><\/p>\n<p><span class=\"Style2\" data-mce-mark=\"1\">Le CSE attribue des bons d&rsquo;achats d&rsquo;une valeur de 45 \u20ac sur pr\u00e9sentation de la photocopie du certificat de mariage ou PACS. <\/span><span class=\"newslink\" data-mce-mark=\"1\">Conditions : salari\u00e9 ALE ou rattach\u00e9 au CSE.<\/span><\/p>\n<p><strong>CHEQUE CADEAU NOEL<br \/>\n<\/strong><\/p>\n<div>\n<p>L&rsquo;enveloppe des ch\u00e8ques cadeaux est diffus\u00e9e d\u00e9but novembre. + de d\u00e9tails sur le ch\u00e8que cadeau : cliquez\u00a0<a href=\"https:\/\/www.ce-illkirch.fr\/wordpress\/wp-content\/uploads\/2025\/10\/25lettreCKDO-1.pdf\" target=\"_blank\" rel=\"noopener\">ICI (No\u00ebl 2025)<\/a><\/p>\n<p>Le ch\u00e8que cadeau Personnel de 80 \u20ac est attribu\u00e9 aux salari\u00e9s sous contrat CDI, CDD \/ inscrits \u00e0 l&rsquo;effectif au 31\/10, et pour les nouveaux embauch\u00e9s de novembre et d\u00e9cembre.<\/p>\n<p>En 2025, le ch\u00e8que Enfant de 50 \u20ac est attribu\u00e9 aux enfants \u00e0 la charge de leur parent salari\u00e9, n\u00e9s entre le 01\/01\/2009 et le 31\/12\/25.<\/p>\n<\/div>\n<p class=\"newstext2\"><span class=\"leftlink\" data-mce-mark=\"1\"><strong>COMMENT CALCULER VOTRE SUBVENTION<\/strong><\/span><\/p>\n<p>Le calcul de votre quotient familial (QF*) vous permet de d\u00e9terminer de quelle tranche de subvention vous b\u00e9n\u00e9ficiez.<\/p>\n<p>*QF = revenu imposable\/nb de parts<\/p>\n<p><strong>Saison 2025-2026\u00a0 : <a href=\"https:\/\/www.ce-illkirch.fr\/wordpress\/wp-content\/uploads\/calcul_social\/calcul_qf.php\" target=\"_blank\" rel=\"noopener\">Calcul du %<\/a><\/strong><\/p>\n<table border=\"1\" width=\"707\" cellspacing=\"3\" cellpadding=\"0\">\n<tbody>\n<tr>\n<td valign=\"top\" width=\"279\"><b>Participation (P) en %<\/b><\/td>\n<td valign=\"top\" width=\"101\"><b>QF* &lt; 15 000<\/b><\/td>\n<td valign=\"top\" width=\"148\"><b>15 000&lt;QF*&lt;30 000<\/b><\/td>\n<td valign=\"top\" width=\"66\"><b>QF&gt;30 000<\/b><\/td>\n<td valign=\"top\" width=\"96\"><b>Plafond de la facture<\/b><\/td>\n<\/tr>\n<tr>\n<td valign=\"top\" width=\"279\">Catalogues, locations vacances, Multipropri\u00e9t\u00e9s\u2026<\/p>\n<p>Facture acquitt\u00e9e, nominative + attestation de pr\u00e9sence<\/p>\n<p>&nbsp;<\/p>\n<ul>\n<li>Cartes Avantage SNCF et TER, sur pr\u00e9sentation d&rsquo;une facture<\/li>\n<\/ul>\n<\/td>\n<td valign=\"top\" width=\"101\">40 %<\/td>\n<td valign=\"top\" width=\"148\">P= 70 \u2013 QF\/500<\/td>\n<td valign=\"top\" width=\"66\">10 %<\/td>\n<td valign=\"top\" width=\"96\">d\u00e9duction du plafond tourisme 1600 \u20ac\/an<\/p>\n<p>1000\u20ac\/semaine<\/p>\n<p>33% du montant<\/td>\n<\/tr>\n<tr>\n<td valign=\"top\" width=\"279\">Voyage\/Week-end organis\u00e9 par le CSE + conjoint + enfant (-18 ans)<\/td>\n<td valign=\"top\" width=\"101\">50 %<\/td>\n<td valign=\"top\" width=\"148\">P = 70 \u2013 QF\/750<\/td>\n<td valign=\"top\" width=\"66\">30 %<\/td>\n<td valign=\"top\" width=\"96\">1000 \u20ac \/personne &#8211; d\u00e9duction du plafond tourisme 1600 \u20ac\/ an.<\/td>\n<\/tr>\n<tr>\n<td valign=\"top\" width=\"279\">Colos, Centres a\u00e9r\u00e9s, Classes vertes, activit\u00e9s vacances scolaires<\/td>\n<td valign=\"top\" width=\"101\">50 %<\/td>\n<td valign=\"top\" width=\"148\">P= 80<b> &#8211; <\/b>QF\/500<\/td>\n<td valign=\"top\" width=\"66\">20 %<\/td>\n<td valign=\"top\" width=\"96\">1 400 \u20ac\/an\/enfant<\/td>\n<\/tr>\n<tr>\n<td valign=\"top\" width=\"279\">Activit\u00e9s enfants (sportives, culturelles&#8230;)<\/td>\n<td valign=\"top\" width=\"101\">50 %<\/td>\n<td valign=\"top\" width=\"148\">P= 80 \u2013 QF\/500<\/td>\n<td valign=\"top\" width=\"66\">20 %<\/td>\n<td valign=\"top\" width=\"96\">500 \u20ac\/an\/enfant<\/td>\n<\/tr>\n<\/tbody>\n<\/table>\n<h2 id=\"tablepress-13-name\" class=\"tablepress-table-name tablepress-table-name-id-13\">Subvention Loisirs<\/h2>\n\n<table id=\"tablepress-13\" class=\"tablepress tablepress-id-13\" aria-labelledby=\"tablepress-13-name\">\n<thead>\n<tr class=\"row-1\">\n\t<th class=\"column-1\">D\u00e9tails<\/th><th class=\"column-2\">Subvention<\/th><th class=\"column-3\">Plafond<\/th>\n<\/tr>\n<\/thead>\n<tbody class=\"row-striping row-hover\">\n<tr class=\"row-2\">\n\t<td class=\"column-1\">Abonnements culturels, Spectacles \u00e0 l'unit\u00e9 - Revue presse, loisirs<\/td><td class=\"column-2\">33%<\/td><td class=\"column-3\">500 \u20ac par an <\/td>\n<\/tr>\n<tr class=\"row-3\">\n\t<td class=\"column-1\">Sortie Loisirs organis\u00e9e par le CSE<\/td><td class=\"column-2\">50%<\/td><td class=\"column-3\"><\/td>\n<\/tr>\n<tr class=\"row-4\">\n\t<td class=\"column-1\"><\/td><td class=\"column-2\"><\/td><td class=\"column-3\"><\/td>\n<\/tr>\n<\/tbody>\n<\/table>\n<!-- #tablepress-13 from cache -->\n<p><strong>Commission Transport :<\/strong><\/p>\n<ul>\n<li><strong>Subvention de 15 \u20ac sur une facture de r\u00e9paration v\u00e9lo ou d\u2019achat de pi\u00e8ces d\u00e9tach\u00e9es<\/strong> : facture nominative et acquitt\u00e9e. Valable une fois par an et par salari\u00e9.<\/li>\n<li><strong>Subvention de 20 \u20ac sur une facture Citiz<\/strong> : facture nominative et acquitt\u00e9e. Valable une fois par an et par salari\u00e9.<\/li>\n<li><strong>Cartes CTS : 5 cartes par an<\/strong> \/ par salari\u00e9 \u00e0 tarif subventionn\u00e9<\/li>\n<\/ul>\n","protected":false},"excerpt":{"rendered":"<p>R\u00e9capitulatif des services du CSE : doc PIECES A REMETTRE Photocopie de l\u2019avis d\u2019imposition N-2 jusqu&rsquo;au 30 septembre, N-1 \u00e0 partir du 1\u00b0 octobre, si votre quotient familial (QF*) est [&hellip;]<\/p>\n","protected":false},"author":2,"featured_media":0,"parent":0,"menu_order":0,"comment_status":"closed","ping_status":"open","template":"","meta":{"footnotes":""},"class_list":["post-266","page","type-page","status-publish","hentry"],"publishpress_future_action":{"enabled":false,"date":"2026-04-24 06:20:48","action":"change-status","newStatus":"draft","terms":[],"taxonomy":"category","extraData":[]},"publishpress_future_workflow_manual_trigger":{"enabledWorkflows":[]},"_links":{"self":[{"href":"https:\/\/www.ce-illkirch.fr\/wordpress\/wp-json\/wp\/v2\/pages\/266","targetHints":{"allow":["GET"]}}],"collection":[{"href":"https:\/\/www.ce-illkirch.fr\/wordpress\/wp-json\/wp\/v2\/pages"}],"about":[{"href":"https:\/\/www.ce-illkirch.fr\/wordpress\/wp-json\/wp\/v2\/types\/page"}],"author":[{"embeddable":true,"href":"https:\/\/www.ce-illkirch.fr\/wordpress\/wp-json\/wp\/v2\/users\/2"}],"replies":[{"embeddable":true,"href":"https:\/\/www.ce-illkirch.fr\/wordpress\/wp-json\/wp\/v2\/comments?post=266"}],"version-history":[{"count":65,"href":"https:\/\/www.ce-illkirch.fr\/wordpress\/wp-json\/wp\/v2\/pages\/266\/revisions"}],"predecessor-version":[{"id":38601,"href":"https:\/\/www.ce-illkirch.fr\/wordpress\/wp-json\/wp\/v2\/pages\/266\/revisions\/38601"}],"wp:attachment":[{"href":"https:\/\/www.ce-illkirch.fr\/wordpress\/wp-json\/wp\/v2\/media?parent=266"}],"curies":[{"name":"wp","href":"https:\/\/api.w.org\/{rel}","templated":true}]}}