{"id":2687,"date":"2010-10-04T10:06:26","date_gmt":"2010-10-04T08:06:26","guid":{"rendered":"http:\/\/www.ce-illkirch.fr\/wordpress\/?page_id=2687"},"modified":"2025-02-26T10:04:24","modified_gmt":"2025-02-26T09:04:24","slug":"aide_dom","status":"publish","type":"page","link":"https:\/\/www.ce-illkirch.fr\/wordpress\/offres-commerciales-2\/aide_dom\/","title":{"rendered":"Aide \u00e0 domicile, soutien scolaire, animaux"},"content":{"rendered":"<p><img loading=\"lazy\" decoding=\"async\" class=\"alignnone size-medium wp-image-24132\" src=\"https:\/\/www.ce-illkirch.fr\/wordpress\/wp-content\/uploads\/completude-300x48.jpg\" alt=\"\" width=\"300\" height=\"48\" srcset=\"https:\/\/www.ce-illkirch.fr\/wordpress\/wp-content\/uploads\/completude-300x48.jpg 300w, https:\/\/www.ce-illkirch.fr\/wordpress\/wp-content\/uploads\/completude.jpg 564w, https:\/\/www.ce-illkirch.fr\/wordpress\/wp-content\/uploads\/completude-110x18.jpg 110w, https:\/\/www.ce-illkirch.fr\/wordpress\/wp-content\/uploads\/completude-420x67.jpg 420w\" sizes=\"auto, (max-width: 300px) 100vw, 300px\" \/>&gt;&gt;&gt; Chez <a href=\"http:\/\/www.completude.com\" target=\"_blank\" rel=\"noopener\"><strong>Compl\u00e9tude<\/strong><\/a>, nos 27 ans d&rsquo;exp\u00e9rience nous ont donn\u00e9 la conviction que notre mission consiste avant tout \u00e0 donner envie d&rsquo;apprendre. Compl\u00e9tude s&rsquo;engage sur la qualit\u00e9 et la transparence de son service. Cours particuliers \u00e0 domicile et stages en petits groupes.<\/p>\n<p><b>COURS PARTICULIERS <\/b>vos frais d\u2019inscription <b>OFFERTS au lieu de 75\u00a0 \u20ac \/<\/b> cr\u00e9dit d&rsquo;imp\u00f4t imm\u00e9diat (-50% sur la facture)<\/p>\n<p><strong>COURS COLLECTIFS <\/strong><b>10% de r\u00e9duction<\/b> sur les tarifs<\/p>\n<p>code\u00a0 Avantage\u00a0: <b>ONLCE1893<\/b><\/p>\n<p>Renseignements et devis\u00a0: COMPLETUDE STRASBOURG, 61 rue du Faubourg de Pierre &#8211; 03 88 10 80 06 en pr\u00e9cisant Alcatel lors du 1er appel ou sur <a href=\"http:\/\/www.completude.com\/cealcatellucent\" target=\"_blank\" rel=\"noopener\">www.completude.com\/cealcatellucent<\/a><\/p>\n<p>&gt;&gt;&gt; Le groupe Compl\u00e9tude vous pr\u00e9sente <strong><a href=\"http:\/\/www.kinougarde.com\/\" target=\"_blank\" rel=\"noopener\">Kinougarde<\/a><\/strong>, son service de garde d&rsquo;enfants \u00e0 domicile et de sortie d&rsquo;\u00e9cole pour les enfants de 3-11 ans : votre <strong>cotisation annuelle <\/strong><b>OFFERTE au lieu de 95\u20ac<\/b><\/p>\n<p>KINOUGARDE STRASBOURG 61 rue du Faubourg de Pierre <b>03 88 36 73 44 <\/b><a href=\"http:\/\/www.kinougarde.com\/cealcatellucent\" target=\"_blank\" rel=\"noopener\">www.kinougarde.com\/cealcatellucent<\/a><\/p>\n<p><strong><a href=\"https:\/\/www.ce-illkirch.fr\/wordpress\/wp-content\/uploads\/2022\/09\/Momji-bleu-002.png\"><img loading=\"lazy\" decoding=\"async\" class=\" wp-image-36843 alignleft\" src=\"https:\/\/www.ce-illkirch.fr\/wordpress\/wp-content\/uploads\/2022\/09\/Momji-bleu-002-1024x724.png\" alt=\"\" width=\"103\" height=\"73\" \/><\/a>NOUVEAU PARTENARIAT !!\u00a0 MOMJI : GARDE D\u2019ENFANTS BILINGUE EN ANGLAIS<\/strong><\/p>\n<p><a href=\"https:\/\/www.momji.com\/partenaire\/cealcatellucent\">https:\/\/www.momji.com\/partenaire\/cealcatellucent<\/a><br \/>\n<a href=\"https:\/\/www.ce-illkirch.fr\/wordpress\/wp-content\/uploads\/2022\/09\/Momji_COMM.pdf\"><strong>Affiche Momji<\/strong><\/a><\/p>\n<p>Apr\u00e8s l\u2019\u00e9cole ou la cr\u00e8che, votre enfant s\u2019amuse \u00e0 la maison avec sa nounou tout en apprenant l\u2019anglais&#8230;\u00a0<strong>What else ?<\/strong><br \/>\nEt si vos enfants parlaient anglais mieux que vous ? Pas besoin de partir vivre \u00e0 l\u2019\u00e9tranger pour apprendre cette belle langue ! Chez\u00a0Momji, vos enfants la d\u00e9couvrent avec leur nounou anglophone.<\/p>\n<p><strong>Momji, mon \u00e9vidence pour faire garder mes enfants\u00a0!<\/strong><\/p>\n<ul>\n<li><strong>Momji\u00a0est l\u2019employeur de ma nounou\u00a0<\/strong>et s\u2019occupe de tout.<\/li>\n<li>Je fais<strong>\u00a0des \u00e9conomies avec l\u2019aide de la CAF\u00a0<\/strong>et<strong>\u00a050% de cr\u00e9dit d\u2019imp\u00f4t.<\/strong><\/li>\n<li>J\u2019ai un<strong>\u00a0accompagnement personnalis\u00e9\u00a0<\/strong>pour ma recherche de garde.<\/li>\n<\/ul>\n<p><a href=\"https:\/\/www.momji.com\/partenaire\/cealcatellucent\">https:\/\/www.momji.com\/partenaire\/cealcatellucent<\/a><\/p>\n<p>&nbsp;<\/p>\n<p>. <strong><a href=\"http:\/\/www.o2.fr\">O2 home Services<\/a><\/strong> &#8211; \u00a0Groupe leader du secteur des services \u00e0 domicile aux particuliers\u00a0: m\u00e9nage, repassage, garde d\u2019enfant, jardinage, aide aux seniors. Avantages pour les salari\u00e9s Alcatel <a href=\"http:\/\/www.ce-illkirch.fr\/wordpress\/wp-content\/uploads\/PresentationO2.pdf\" target=\"_blank\" rel=\"noopener\">Pr\u00e9sentation<\/a>. Pour plus d\u2019informations\u00a0: 02 43 72\u00a002 02 \u2013 Pr\u00e9cisez CE2013 lors de votre appel\u00a0\u00bb<\/p>\n<ul>\n<li><strong>Educatrice canin<\/strong>, <img loading=\"lazy\" decoding=\"async\" class=\"size-medium wp-image-28553 alignleft\" src=\"https:\/\/www.ce-illkirch.fr\/wordpress\/wp-content\/uploads\/Carte-de-visite-Emilie-EM-ton-chien-300x112.png\" alt=\"\" width=\"300\" height=\"112\" srcset=\"https:\/\/www.ce-illkirch.fr\/wordpress\/wp-content\/uploads\/Carte-de-visite-Emilie-EM-ton-chien-300x112.png 300w, https:\/\/www.ce-illkirch.fr\/wordpress\/wp-content\/uploads\/Carte-de-visite-Emilie-EM-ton-chien-768x287.png 768w, https:\/\/www.ce-illkirch.fr\/wordpress\/wp-content\/uploads\/Carte-de-visite-Emilie-EM-ton-chien-1024x383.png 1024w, https:\/\/www.ce-illkirch.fr\/wordpress\/wp-content\/uploads\/Carte-de-visite-Emilie-EM-ton-chien-110x41.png 110w, https:\/\/www.ce-illkirch.fr\/wordpress\/wp-content\/uploads\/Carte-de-visite-Emilie-EM-ton-chien-420x157.png 420w, https:\/\/www.ce-illkirch.fr\/wordpress\/wp-content\/uploads\/Carte-de-visite-Emilie-EM-ton-chien-770x288.png 770w, https:\/\/www.ce-illkirch.fr\/wordpress\/wp-content\/uploads\/Carte-de-visite-Emilie-EM-ton-chien.png 1137w\" sizes=\"auto, (max-width: 300px) 100vw, 300px\" \/>passionn\u00e9e par les animaux depuis mon enfance, je vous propose de vous accompagner dans la relation avec votre animal. J\u2019utilise des m\u00e9thodes bienveillantes, dans le respect de votre chien et des derni\u00e8res \u00e9tudes scientifiques.<strong>&#8211; 5% \u00e0 tous les salaries d\u2019ALE<\/strong> sur pr\u00e9sentation du badge.Je vous propose donc un accompagnement personnalis\u00e9 avec votre animal de compagnie, que ce soit des rdv pr\u00e9-adoption, des cours d\u2019\u00e9ducation ou de r\u00e9solutions de probl\u00e8mes comportementaux. Si mes services vous int\u00e9ressent, voici mon <a href=\"https:\/\/www.facebook.com\/hissler.emilie\">lien facebook<\/a><\/li>\n<\/ul>\n<p>&nbsp;<\/p>\n<p>&nbsp;<\/p>\n","protected":false},"excerpt":{"rendered":"<p>&gt;&gt;&gt; Chez Compl\u00e9tude, nos 27 ans d&rsquo;exp\u00e9rience nous ont donn\u00e9 la conviction que notre mission consiste avant tout \u00e0 donner envie d&rsquo;apprendre. Compl\u00e9tude s&rsquo;engage sur la qualit\u00e9 et la transparence [&hellip;]<\/p>\n","protected":false},"author":2,"featured_media":0,"parent":152,"menu_order":5,"comment_status":"open","ping_status":"closed","template":"","meta":{"footnotes":""},"class_list":["post-2687","page","type-page","status-publish","hentry"],"publishpress_future_action":{"enabled":false,"date":"2026-05-17 15:31:37","action":"change-status","newStatus":"draft","terms":[],"taxonomy":"category","extraData":[]},"publishpress_future_workflow_manual_trigger":{"enabledWorkflows":[]},"_links":{"self":[{"href":"https:\/\/www.ce-illkirch.fr\/wordpress\/wp-json\/wp\/v2\/pages\/2687","targetHints":{"allow":["GET"]}}],"collection":[{"href":"https:\/\/www.ce-illkirch.fr\/wordpress\/wp-json\/wp\/v2\/pages"}],"about":[{"href":"https:\/\/www.ce-illkirch.fr\/wordpress\/wp-json\/wp\/v2\/types\/page"}],"author":[{"embeddable":true,"href":"https:\/\/www.ce-illkirch.fr\/wordpress\/wp-json\/wp\/v2\/users\/2"}],"replies":[{"embeddable":true,"href":"https:\/\/www.ce-illkirch.fr\/wordpress\/wp-json\/wp\/v2\/comments?post=2687"}],"version-history":[{"count":17,"href":"https:\/\/www.ce-illkirch.fr\/wordpress\/wp-json\/wp\/v2\/pages\/2687\/revisions"}],"predecessor-version":[{"id":36847,"href":"https:\/\/www.ce-illkirch.fr\/wordpress\/wp-json\/wp\/v2\/pages\/2687\/revisions\/36847"}],"up":[{"embeddable":true,"href":"https:\/\/www.ce-illkirch.fr\/wordpress\/wp-json\/wp\/v2\/pages\/152"}],"wp:attachment":[{"href":"https:\/\/www.ce-illkirch.fr\/wordpress\/wp-json\/wp\/v2\/media?parent=2687"}],"curies":[{"name":"wp","href":"https:\/\/api.w.org\/{rel}","templated":true}]}}