{"id":30,"date":"2010-01-20T09:20:01","date_gmt":"2010-01-20T08:20:01","guid":{"rendered":"http:\/\/www.ce-illkirch.fr\/wordpress\/?page_id=30"},"modified":"2025-01-13T20:38:55","modified_gmt":"2025-01-13T19:38:55","slug":"billetterie","status":"publish","type":"page","link":"https:\/\/www.ce-illkirch.fr\/wordpress\/billetterie\/","title":{"rendered":"Billetterie"},"content":{"rendered":"<p>C\u00e9line Westphal g\u00e8re la billetterie du CSE. T\u00e9l : 03.90.67.76.93.<\/p>\n<p><strong>Permanences Billetterie :\u00a0<\/strong> du lundi au vendredi 12h30-13h30. Et en dehors de ces horaires sur rendez-vous.<\/p>\n<p><a href=\"https:\/\/www.ce-illkirch.fr\/wordpress\/2025\/01\/billet\/carte-cezam-2\/\">La carte CEZAM est OFFERTE aux salari\u00e9s ALE<\/a>.<\/p>\n<p><span style=\"color: #ff0000;\">La carte C\u00e9zam est valable uniquement pour le titulaire. Les retrait\u00e9s, conjoint et ayant droit (- 21 ans) peuvent en avoir une sur demande moyennant une cotisation sp\u00e9cifique.<br \/>\n<\/span><\/p>\n<p>La carte C\u00e9zam pratique est demand\u00e9e pour l&rsquo;achat de bons d&rsquo;achats, du Passeport Gourmand.<\/p>\n<p>Pour les salari\u00e9s ext\u00e9rieurs, vous pouvez acc\u00e9der aux diff\u00e9rents services du CSE sous condition de verser une cotisation annuelle (contacter le CSE pour avoir les tarifs).<\/p>\n<p><a href=\"https:\/\/www.ce-illkirch.fr\/wordpress\/wp-content\/uploads\/18BilletterieRIB-1.pdf\">RIB Billetterie<\/a> pour effectuer les virements.<\/p>\n<p><span style=\"color: #ff0000;\" data-mce-mark=\"1\"><strong>LISTE DES BILLETS : <\/strong><\/span><\/p>\n<p>page<a href=\"http:\/\/www.ce-illkirch.fr\/wordpress\/?page_id=138\" target=\"_blank\" rel=\"noopener\"> en stock<\/a> (billets disponibles pendant les permanences)<\/p>\n<p>page\u00a0<a href=\"https:\/\/www.cezam.fr\/cezam\" target=\"_blank\" rel=\"noopener\">\u00e0 l&rsquo;Ircos<\/a> billetterie \u00a0(billets et concerts) &#8211; \u00e0 commander via le CSE<\/p>\n<p class=\"leftlink\"><span style=\"color: #663399;\">Retrouvez toutes les infos de C\u00e9zam sur leur site : <a href=\"https:\/\/www.cezam.fr\/cezam\">https:\/\/www.cezam.fr\/cezam<\/a><br \/>\n<\/span><\/p>\n<p>&nbsp;<\/p>\n","protected":false},"excerpt":{"rendered":"<p>C\u00e9line Westphal g\u00e8re la billetterie du CSE. T\u00e9l : 03.90.67.76.93. Permanences Billetterie :\u00a0 du lundi au vendredi 12h30-13h30. Et en dehors de ces horaires sur rendez-vous. La carte CEZAM est [&hellip;]<\/p>\n","protected":false},"author":2,"featured_media":0,"parent":0,"menu_order":2,"comment_status":"closed","ping_status":"closed","template":"","meta":{"footnotes":""},"class_list":["post-30","page","type-page","status-publish","hentry"],"publishpress_future_action":{"enabled":false,"date":"2026-05-20 13:42:19","action":"change-status","newStatus":"draft","terms":[],"taxonomy":"category","extraData":[]},"publishpress_future_workflow_manual_trigger":{"enabledWorkflows":[]},"_links":{"self":[{"href":"https:\/\/www.ce-illkirch.fr\/wordpress\/wp-json\/wp\/v2\/pages\/30","targetHints":{"allow":["GET"]}}],"collection":[{"href":"https:\/\/www.ce-illkirch.fr\/wordpress\/wp-json\/wp\/v2\/pages"}],"about":[{"href":"https:\/\/www.ce-illkirch.fr\/wordpress\/wp-json\/wp\/v2\/types\/page"}],"author":[{"embeddable":true,"href":"https:\/\/www.ce-illkirch.fr\/wordpress\/wp-json\/wp\/v2\/users\/2"}],"replies":[{"embeddable":true,"href":"https:\/\/www.ce-illkirch.fr\/wordpress\/wp-json\/wp\/v2\/comments?post=30"}],"version-history":[{"count":22,"href":"https:\/\/www.ce-illkirch.fr\/wordpress\/wp-json\/wp\/v2\/pages\/30\/revisions"}],"predecessor-version":[{"id":36627,"href":"https:\/\/www.ce-illkirch.fr\/wordpress\/wp-json\/wp\/v2\/pages\/30\/revisions\/36627"}],"wp:attachment":[{"href":"https:\/\/www.ce-illkirch.fr\/wordpress\/wp-json\/wp\/v2\/media?parent=30"}],"curies":[{"name":"wp","href":"https:\/\/api.w.org\/{rel}","templated":true}]}}