{"id":31965,"date":"2022-12-13T10:44:25","date_gmt":"2022-12-13T09:44:25","guid":{"rendered":"https:\/\/www.ce-illkirch.fr\/wordpress\/?page_id=31965"},"modified":"2022-12-17T13:02:01","modified_gmt":"2022-12-17T12:02:01","slug":"politique-de-confidentialite","status":"publish","type":"page","link":"https:\/\/www.ce-illkirch.fr\/wordpress\/politique-de-confidentialite\/","title":{"rendered":"Politique de confidentialit\u00e9"},"content":{"rendered":"<h2>Informations l\u00e9gales<\/h2>\n<p>Le site <strong>https:\/\/www.ce-illkirch.fr<\/strong> (et ses sous domaines), ci-apr\u00e9s d\u00e9nomm\u00e9 le <strong>SITE<\/strong>,<br \/>\nest \u00e9dit\u00e9 par et est la propri\u00e9t\u00e9 du Comit\u00e9 Social et Economique ALE International Illkirch,<br \/>\nci-apr\u00e8s d\u00e9nomm\u00e9 le <strong>CSE<\/strong>.<\/p>\n<h3>Adresse :<\/h3>\n<ul>\n<li style=\"list-style-type: none;\">260 rue L\u00e9on Foucault,<\/li>\n<li style=\"list-style-type: none;\">67408 Illkirch<\/li>\n<li style=\"list-style-type: none;\">France<\/li>\n<\/ul>\n<p>Tel: 33 (0)3 90 67 76 93<\/p>\n<p>Pour toute question sur l&rsquo;entreprise, vous pouvez nous contacter en utilisant le formulaire de support en ligne ou le menu \u00ab\u00a0nous contacter\u00a0\u00bb<\/p>\n<h3>Le site est h\u00e9berg\u00e9 par OVH :<\/h3>\n<ul>\n<li style=\"list-style-type: none;\">SAS OVH &#8211; http:\/\/www.ovh.com<\/li>\n<li style=\"list-style-type: none;\">2 rue Kellermann<\/li>\n<li style=\"list-style-type: none;\">BP 80157<\/li>\n<li style=\"list-style-type: none;\">59100 Roubaix<\/li>\n<\/ul>\n<p>Les pr\u00e9sentes Conditions G\u00e9n\u00e9rales d&rsquo;Utilisation ont pour objet de d\u00e9finir les termes et conditions dans lesquelles le CSE fournit les Services aux Utilisateurs.<\/p>\n<p>Toute utilisation de l&rsquo;un des Services offerts par le site du CSE, l&rsquo;acc\u00e8s au site, sa consultation et son utilisation sont subordonn\u00e9s \u00e0 l&rsquo;acceptation sans r\u00e9serve des pr\u00e9sentes Conditions G\u00e9n\u00e9rales d&rsquo;Utilisation. La derni\u00e8re modification de ces Conditions d&rsquo;utilisation a eu lieu le 01 Janvier 2013.<\/p>\n<h2>Conditions G\u00e9n\u00e9rales d&rsquo;Utilisation<\/h2>\n<p>(rev 2.0 &#8211; 10 D\u00e9cembre 2022)<\/p>\n<h3>1. Propri\u00e9t\u00e9 intellectuelle<\/h3>\n<h4>1.1. Droits d&rsquo;auteur et droits voisins<\/h4>\n<p>L&rsquo;ensemble des \u00e9l\u00e9ments constituant le SITE (textes, graphismes, logiciels, photographies, images, vid\u00e9os, sons, plans, noms, logos, marques, cr\u00e9ations et oeuvres prot\u00e9geables diverses, bases de donn\u00e9es, etc&#8230;)<\/p>\n<p>ainsi que le site lui-m\u00eame, rel\u00e8vent des l\u00e9gislations fran\u00e7aises et internationales sur le droit d&rsquo;auteur et sur les droits voisins du droit d&rsquo;auteur (notamment les articles L122-4 et L122-5. du Code de la Propri\u00e9t\u00e9 Intellectuelle).<\/p>\n<p>En cons\u00e9quence, l&rsquo;utilisateur du SITE s&rsquo;engage \u00e0 ne pas :<\/p>\n<ul>\n<li class=\"list\">utiliser ou interroger le SITE pour le compte ou au profit d&rsquo;autrui ;<\/li>\n<li class=\"list\">reproduire en nombre, \u00e0 des fins commerciales ou non, des informations ou des petites informations pr\u00e9sentes sur le SITE ;<\/li>\n<li class=\"list\">int\u00e9grer tout ou partie du contenu du SITE dans un site tiers, \u00e0 des fins commerciales ou non ;<\/li>\n<li class=\"list\">utiliser un robot, notamment d&rsquo;exploration (spider), une application de recherche ou r\u00e9cup\u00e9ration de sites Internet ou tout autre moyen permettant de r\u00e9cup\u00e9rer ou d&rsquo;indexer tout ou partie du contenu du SITE, except\u00e9 en cas d&rsquo;autorisation expresse et pr\u00e9alable du CSE ;<\/li>\n<li class=\"list\">copier les informations sur des supports de toute nature permettant de reconstituer tout ou partie des fichiers d&rsquo;origine.<\/li>\n<\/ul>\n<p>Toute utilisation non express\u00e9ment autoris\u00e9e d&rsquo;\u00e9l\u00e9ments du SITE entraine une violation des droits d&rsquo;auteur et constitue une contrefa\u00e7on. Elle peut aussi entrainer une violation des droits \u00e0 l&rsquo;image, droits des personnes ou de tous autres droits et r\u00e9glementations en vigueur. Elle peut donc engager la responsabilit\u00e9 civile et\/ou p\u00e9nale de son auteur. Le CSE se r\u00e9serve la possibilit\u00e9 de saisir toutes voies de droit \u00e0 l&rsquo;encontre des personnes qui n&rsquo;auraient pas respect\u00e9 les interdictions contenues dans le pr\u00e9sent article.<\/p>\n<h4>1.2. Droits du producteur de base de donn\u00e9es<\/h4>\n<p>Le CSE est le producteur de la base de donn\u00e9es constitu\u00e9e par le SITE, au sens de l&rsquo;article L 341-1 et suivants du Code de la Propri\u00e9t\u00e9 Intellectuelle. Toute extraction ou utilisation du contenu de la base non express\u00e9ment autoris\u00e9e peut engager la responsabilit\u00e9 civile et\/ou p\u00e9nale de son auteur. Le CSE se r\u00e9serve la possibilit\u00e9 de saisir toutes voies de droit \u00e0 l&rsquo;encontre des personnes qui n&rsquo;auraient pas respect\u00e9 cette interdiction.<\/p>\n<h4>1.3. Droit de marque<\/h4>\n<p>Les noms de domaines sont des domaines d\u00e9pos\u00e9es, propri\u00e9t\u00e9 de CSE hors zinebox.fr, zads.fr et zinbox.fr propri\u00e9t\u00e9s de PATMISC. Toute utilisation non express\u00e9ment autoris\u00e9e peut engager la responsabilit\u00e9 civile et\/ou p\u00e9nale de son auteur. Le CSE se r\u00e9serve la possibilit\u00e9 d&rsquo;exercer toutes voies de droit \u00e0 l&rsquo;encontre des personnes qui porteraient atteinte \u00e0 ses droits.<\/p>\n<h3>2. Conditions d&rsquo;acc\u00e9s aux services<\/h3>\n<h4>2.1. Conditions d&rsquo;acc\u00e9s aux services libres<\/h4>\n<p>L&rsquo;acc\u00e8s au Contenu Editorial du SITE, est totalement libre et gratuit.<\/p>\n<h4>2.2. Conditions d&rsquo;acc\u00e9s aux Services Sp\u00e9cifiques gratuits<\/h4>\n<p>L&rsquo;utilisation des Services Sp\u00e9cifiques suppose le respect par l&rsquo;Utilisateur d&rsquo;une proc\u00e9dure d&rsquo;inscription par laquelle ce dernier doit founir ses coordonn\u00e9es. L&rsquo;Utilisateur s&rsquo;engage \u00e0 ce que les informations communiqu\u00e9es, notamment les informations personnelles, soient exactes, compl\u00e8tes et \u00e0 jour et \u00e0 effectuer les modifications n\u00e9cessaires \u00e0 cette fin.<\/p>\n<p>Dans le cadre de cette proc\u00e9dure, l&rsquo;Utilisateur d\u00e9clare avoir pris connaissance et avoir accept\u00e9 express\u00e9ment les pr\u00e9sentes Conditions G\u00e9n\u00e9rales d&rsquo;Utilisation en vigueur au jour de la souscription aux Services Sp\u00e9cifiques par un clic sur le bouton \u00ab\u00a0s&rsquo;abonner\u00a0\u00bb ou par un clic sur l&rsquo;icone intitul\u00e9e \u00ab\u00a0j&rsquo;accepte les Conditions G\u00e9n\u00e9rales d&rsquo;Utilisation\u00a0\u00bb. Toute acceptation exprim\u00e9e par l&rsquo;Utilisateur par un clic vaut signature au m\u00eame titre que sa signature manuscrite. Par la r\u00e9alisation de ce clic l&rsquo;Utilisateur est r\u00e9put\u00e9 avoir donn\u00e9 son accord irr\u00e9vocablement.<\/p>\n<h3><a name=\"privacy\"><\/a>3. Respect de la vie priv\u00e9e<\/h3>\n<p>Conform\u00e9ment \u00e0 l&rsquo;article 27 de la loi n\u00b078-17 du 6 janvier 1978, vous disposez \u00e0 tout moment d&rsquo;un droit d&rsquo;acc\u00e8s et de rectification des donn\u00e9es vous concernant. Ce droit peut \u00eatre exerc\u00e9 par courrier \u00e9lectronique (m\u00e9l) aupr\u00e8s du CSE. Il est demand\u00e9 un d\u00e9lai de 15 jours maximum avant la prise en compte de la demande de l&rsquo;Utilisateur.<\/p>\n<p>Le CSE s&rsquo;engage \u00e0 faire ses meilleurs efforts pour prot\u00e9ger les Donn\u00e9es Personnelles, afin d&#8217;emp\u00e9cher qu&rsquo;elles ne soient d\u00e9form\u00e9es, endommag\u00e9es ou communiqu\u00e9es \u00e0 des tiers non autoris\u00e9s conform\u00e9ment \u00e0 l&rsquo;article 29 de la loi du 6 janvier 1978.<\/p>\n<h3>4. Responsabilit\u00e9s<\/h3>\n<p>Le CSE d\u00e9cline toute responsabilit\u00e9:<\/p>\n<ul>\n<li class=\"list\">en cas d&rsquo;interruption du SITE pour des op\u00e9rations de maintenance techniques ou d&rsquo;actualisation des informations publi\u00e9es,<\/li>\n<li class=\"list\">en cas d&rsquo;impossibilit\u00e9 momentan\u00e9e d&rsquo;acc\u00e8s au SITE (et\/ou aux sites lui \u00e9tant li\u00e9s) en raison de probl\u00e8mes techniques et ce quelles qu&rsquo;en soient l&rsquo;origine et la provenance,<\/li>\n<li class=\"list\">en cas de dommages directs ou indirects caus\u00e9s \u00e0 l&rsquo;utilisateur, quelle qu&rsquo;en soit la nature, r\u00e9sultant du contenu, de l&rsquo;acc\u00e8s, ou de l&rsquo;utilisation du SITE (et\/ou des sites qui lui sont li\u00e9s),<\/li>\n<li class=\"list\">en cas d&rsquo;utilisation anormale ou d&rsquo;une exploitation illicite du SITE. L&rsquo;utilisateur est alors seul responsable des dommages caus\u00e9s aux tiers et des cons\u00e9quences des r\u00e9clamations ou actions qui pourraient en d\u00e9couler. L&rsquo;utilisateur renonce \u00e9galement \u00e0 exercer tout recours contre le CSE dans le cas de poursuites diligent\u00e9es par un tiers \u00e0 son encontre du fait de l&rsquo;utilisation et\/ou de l&rsquo;exploitation illicite du site,<\/li>\n<li class=\"list\">en cas de perte par le membre du SITE de son identifiant et\/ou de son mot de passe ou en cas d&rsquo;usurpation de son identit\u00e9.<\/li>\n<\/ul>\n<h3>5. Liens hypertexte<\/h3>\n<h4>5.1. Liens \u00e0 partir du SITE<\/h4>\n<p>Le SITE peut contenir des liens hypertextes vers des sites exploit\u00e9s par des tiers. Ces liens sont fournis \u00e0 simple titre d&rsquo;information. Le CSE n&rsquo;exerce aucun controle sur ces sites et d\u00e9cline toute responsabilit\u00e9 quant \u00e0 l&rsquo;acc\u00e8s, au contenu ou \u00e0 l&rsquo;utilisation de ces sites, ainsi qu&rsquo;aux dommages pouvant r\u00e9sulter de la consultation des informations pr\u00e9sentes sur ces sites. La d\u00e9cision d&rsquo;activer ces liens rel\u00e8ve de la pleine et enti\u00e8re responsabilit\u00e9 de l&rsquo;internaute.<\/p>\n<h4>5.2. Liens vers le SITE<\/h4>\n<p>Aucun lien hypertexte ne peut \u00eatre cr\u00e9\u00e9 vers le SITE sans l&rsquo;accord pr\u00e9alable expr\u00e8s du CSE.<br \/>\nSi un internaute ou une personne morale d\u00e9sire cr\u00e9er, \u00e0 partir de son site, un lien hypertexte vers le SITE, ils doivent pr\u00e9alablement prendre contact avec le CSE \u00e0 l&rsquo;adresse mentionn\u00e9e au point 3. L&rsquo;admissibilit\u00e9 ou non d&rsquo;une telle demande sera transmise \u00e0 l&rsquo;int\u00e9ress\u00e9.<\/p>\n<h3><a name=\"cookies\"><\/a>6. Cookies<\/h3>\n<p>Afin de faciliter la navigation sur le SITE, des cookies peuvent \u00eatre implant\u00e9s dans votre ordinateur afin par exemple de conserver les crit\u00e8res de recherche.<br \/>\nSi vous ne souhaitez pas accepter l&rsquo;implantation de cookies vous pouvez r\u00e9gler votre navigateur afin de les refuser. Cependant, l&rsquo;utilisation du SITE peut en \u00eatre perturb\u00e9e.<\/p>\n<h3>7. Acceptation des risques de l&rsquo;internet<\/h3>\n<p>L&rsquo;Utilisateur d\u00e9clare bien connaitre Internet, ses caract\u00e9ristiques et ses limites et en particulier reconnait :<\/p>\n<ul>\n<li class=\"list\">Que l&rsquo;Internet est un r\u00e9seau ouvert non maitrisable par le CSE et que les \u00e9changes de donn\u00e9es circulant sur Internet ne b\u00e9n\u00e9ficient que d&rsquo;une fiabilit\u00e9 relative, et ne sont prot\u00e9g\u00e9es notamment contre les risques de d\u00e9tournements ou de piratages \u00e9ventuels ;<\/li>\n<li class=\"list\">Que la communication par l&rsquo;Utilisateur d&rsquo;informations \u00e0 caract\u00e8re sensible est donc effectu\u00e9e \u00e0 ses risques et p\u00e9rils ;<\/li>\n<li class=\"list\">Avoir connaissance de la nature du r\u00e9seau Internet et en particulier de ses performances techniques et des temps de r\u00e9ponse, pour consulter, interroger ou transf\u00e9rer les donn\u00e9es d&rsquo;informations.<\/li>\n<\/ul>\n<p>Le CSE ne peut garantir que les informations \u00e9chang\u00e9es ne seront pas intercept\u00e9es par des tiers, et que la confidentialit\u00e9 des \u00e9changes sera garantie.<\/p>\n<p>Le CSE informe l&rsquo;Utilisateur de l&rsquo;existence de r\u00e8gles et d&rsquo;usage en vigueur sur Internet connus sous le nom de Netiquette ainsi que de diff\u00e9rents codes de d\u00e9ontologie et notamment la Charte Internet accessibles sur Internet.<\/p>\n<h3><a name=\"anti-spam\"><\/a>8. Politique anti-spam<\/h3>\n<p>Les emails sont envoy\u00e9s uniquement aux personnes qui se sont volontairement inscrites au service du SITE via le formulaire d&rsquo;abonnement ou qui ont consciemment coch\u00e9 (optin) une case sur un formulaire en ligne ou hors-ligne.<\/p>\n<p>Le message envoy\u00e9 est en rapport avec le sujet auquel la personne s&rsquo;est abonn\u00e9e.<\/p>\n<p>Les emails contiennent un lien permettant au b\u00e9n\u00e9ficiaire de se d\u00e9sinscrire pour ne plus recevoir d&#8217;email dans le futur. La d\u00e9sinscription est imm\u00e9diatement effective et aucun email d&rsquo;aucune sorte ne sera envoy\u00e9 \u00e0 cette personne par la suite.<\/p>\n<p>Les emails transactionnels ne n\u00e9cessitent pas obligatoirement un lien de d\u00e9sinscription. Pour rappel, un email est consid\u00e9r\u00e9 comme transactionnel si c&rsquo;est un message one-to-one qui est envoy\u00e9 pour confirmer ou informer le destinataire \u00e0 propos d&rsquo;une action qu&rsquo;il a lui-m\u00eame effectu\u00e9e (achat, r\u00e9initialisation de mot de passe, cr\u00e9ation de compte, etc.).<\/p>\n<p>Aucun email ne contient des ent\u00eates frauduleuses ou inexactes. En particulier les champs \u00ab\u00a0De\u00a0\u00bb,\u00a0\u00bb\u00e0\u00a0\u00bb,\u00a0\u00bbR\u00e9pondre \u00e0\u00a0\u00bb ainsi que le domaine et l&rsquo;adresse email associ\u00e9s permettent d&rsquo;identifier le SITE de mani\u00e8re claire.<\/p>\n<p>Le CSE s&rsquo;efforce de ne pas envoyer d&#8217;emails contenant des informations \u00e0 caract\u00e8re ill\u00e9gal, diffamant, raciste, pornographique, p\u00e9dophile, incitant \u00e0 la haine raciale ou plus g\u00e9n\u00e9ralement portant atteinte aux droits de la personne.<\/p>\n<p>De plus le CSE s&rsquo;interdit d&rsquo;envoyer des emails faisant la promotion d&rsquo;activit\u00e9s ill\u00e9gales comme de mani\u00e8re non-exhaustive les jeux d&rsquo;argent, le contenu adulte, les armes ou les explosifs, le tabac ou les produits associ\u00e9s, les drogues ou les m\u00e9dicaments, la politique ou les religions, le piratage informatique, la copie ill\u00e9gale de fichiers.<\/p>\n<p>Cependant, le contenu \u00e9tant une aggr\u00e9gation de contenu d&rsquo;autres sites qui n&rsquo;ont aucune relation avec le CSE, le CSE ne pourra \u00eatre tenu comme responsable des ces contenus. Un formulaire de contact permet de notifier et signaller au CSE tout abus.<\/p>\n<p>Le CSE s&rsquo;efforcera de corriger ou suspendre l&rsquo;envoi de ces flus si l&rsquo;abus est av\u00e9r\u00e9.<\/p>\n<h3>9. Modifications des Conditions G\u00e9n\u00e9rales d&rsquo;Utilisation<\/h3>\n<p>Le CSE se r\u00e9serve le droit de modifier, librement et \u00e0 tout moment, les Conditions G\u00e9n\u00e9rales d&rsquo;Utilisation du SITE.<\/p>\n<p>Chaque internaute se connectant au SITE est invit\u00e9 \u00e0 consulter r\u00e9guli\u00e8rement les pr\u00e9sentes conditions d&rsquo;utilisation afin de prendre connaissance de changements \u00e9ventuels.<\/p>\n<p>L&rsquo;utilisation renouvel\u00e9e du site au fur et \u00e0 mesure de la modification de ces conditions d&rsquo;utilisation constitue l&rsquo;acceptation, par chaque utilisateur, des Conditions G\u00e9n\u00e9rales d&rsquo;Utilisation en vigueur.<\/p>\n<h3>10. Attribution de juridiction et Loi applicable<\/h3>\n<p>Toutes contestations qui pourraient survenir au sujet de la validit\u00e9, de l&rsquo;interpr\u00e9tation, de l&rsquo;acceptation et de l&rsquo;ex\u00e9cution des pr\u00e9sentes quel que soit le lieu de souscription, ou de r\u00e8glement, feront l&rsquo;objet d&rsquo;une tentative de r\u00e8glement amiable que les parties s&rsquo;engagent \u00e0 rechercher.<\/p>\n<p>A d\u00e9faut d&rsquo;y parvenir dans un d\u00e9lai de trois (3) mois, les tribunaux de Strasbourg seront seuls comp\u00e9tents m\u00eame en cas d&rsquo;appel en garantie ou de pluralit\u00e9 de d\u00e9fendeurs, pour les proc\u00e9dures d&rsquo;urgence ou conservatoires, en r\u00e9f\u00e9r\u00e9 ou par requ\u00eate.<br \/>\nLes pr\u00e9sentes conditions g\u00e9n\u00e9rales sont soumises au droit fran\u00e7ais, qui d\u00e9termine, au cas par cas, la loi applicable. En l&rsquo;absence de toute disposition imp\u00e9rative contraire ou en pr\u00e9sence d&rsquo;un choix dans la d\u00e9termination de la loi applicable, la loi fran\u00e7aise sera appliqu\u00e9e.<\/p>\n","protected":false},"excerpt":{"rendered":"<p>Informations l\u00e9gales Le site https:\/\/www.ce-illkirch.fr (et ses sous domaines), ci-apr\u00e9s d\u00e9nomm\u00e9 le SITE, est \u00e9dit\u00e9 par et est la propri\u00e9t\u00e9 du Comit\u00e9 Social et Economique ALE International Illkirch, ci-apr\u00e8s d\u00e9nomm\u00e9 [&hellip;]<\/p>\n","protected":false},"author":25,"featured_media":0,"parent":0,"menu_order":0,"comment_status":"closed","ping_status":"closed","template":"","meta":{"footnotes":""},"class_list":["post-31965","page","type-page","status-publish","hentry"],"publishpress_future_action":{"enabled":false,"date":"2026-04-25 10:36:23","action":"change-status","newStatus":"draft","terms":[],"taxonomy":"category","extraData":[]},"publishpress_future_workflow_manual_trigger":{"enabledWorkflows":[]},"_links":{"self":[{"href":"https:\/\/www.ce-illkirch.fr\/wordpress\/wp-json\/wp\/v2\/pages\/31965","targetHints":{"allow":["GET"]}}],"collection":[{"href":"https:\/\/www.ce-illkirch.fr\/wordpress\/wp-json\/wp\/v2\/pages"}],"about":[{"href":"https:\/\/www.ce-illkirch.fr\/wordpress\/wp-json\/wp\/v2\/types\/page"}],"author":[{"embeddable":true,"href":"https:\/\/www.ce-illkirch.fr\/wordpress\/wp-json\/wp\/v2\/users\/25"}],"replies":[{"embeddable":true,"href":"https:\/\/www.ce-illkirch.fr\/wordpress\/wp-json\/wp\/v2\/comments?post=31965"}],"version-history":[{"count":5,"href":"https:\/\/www.ce-illkirch.fr\/wordpress\/wp-json\/wp\/v2\/pages\/31965\/revisions"}],"predecessor-version":[{"id":31980,"href":"https:\/\/www.ce-illkirch.fr\/wordpress\/wp-json\/wp\/v2\/pages\/31965\/revisions\/31980"}],"wp:attachment":[{"href":"https:\/\/www.ce-illkirch.fr\/wordpress\/wp-json\/wp\/v2\/media?parent=31965"}],"curies":[{"name":"wp","href":"https:\/\/api.w.org\/{rel}","templated":true}]}}