{"id":322,"date":"2010-02-16T12:27:26","date_gmt":"2010-02-16T11:27:26","guid":{"rendered":"http:\/\/www.ce-illkirch.fr\/wordpress\/?page_id=322"},"modified":"2024-08-07T10:12:19","modified_gmt":"2024-08-07T08:12:19","slug":"contact","status":"publish","type":"page","link":"https:\/\/www.ce-illkirch.fr\/wordpress\/subvention-ce\/a-propos-ce\/contact\/","title":{"rendered":"Contact"},"content":{"rendered":"<p>Pour toutes remarques, suggestions ou autre, vous pouvez envoyer un mail aux personnes suivantes :<\/p>\n<ul>\n<li>Secr\u00e9taire CSE : Vincent Bronner<\/li>\n<li>Tr\u00e9sorier CSE : Eve-Marie Clauss<\/li>\n<li>Tr\u00e9sorier adjoint CSE : Jean-Paul Limmacher<\/li>\n<li>Assistante de Gestion\u00a0: Wanita Anthonee<\/li>\n<li>Billetterie : C\u00e9line Westphal<\/li>\n<li>Biblioth\u00e8que : Wanita Anthonee \/<a href=\"mailto:suggestionsbibliothequeillkirch@al-enterprise.com\">suggestionsbibliothequeillkirch@al-enterprise.com<\/a><\/li>\n<\/ul>\n<p>T\u00e9l\u00e9phone du CSE 03.90.67.76.93 \/ 03.90.67.73.01<\/p>\n<p>Mail du CSE : <img loading=\"lazy\" decoding=\"async\" class=\"alignnone size-full wp-image-34374\" src=\"https:\/\/www.ce-illkirch.fr\/wordpress\/wp-content\/uploads\/2023\/12\/mailCSE.png\" alt=\"\" width=\"180\" height=\"24\" srcset=\"https:\/\/www.ce-illkirch.fr\/wordpress\/wp-content\/uploads\/2023\/12\/mailCSE.png 180w, https:\/\/www.ce-illkirch.fr\/wordpress\/wp-content\/uploads\/2023\/12\/mailCSE-110x15.png 110w\" sizes=\"auto, (max-width: 180px) 100vw, 180px\" \/><\/p>\n","protected":false},"excerpt":{"rendered":"<p>Pour toutes remarques, suggestions ou autre, vous pouvez envoyer un mail aux personnes suivantes : Secr\u00e9taire CSE : Vincent Bronner Tr\u00e9sorier CSE : Eve-Marie Clauss Tr\u00e9sorier adjoint CSE : Jean-Paul [&hellip;]<\/p>\n","protected":false},"author":2,"featured_media":0,"parent":24913,"menu_order":0,"comment_status":"closed","ping_status":"closed","template":"","meta":{"footnotes":""},"class_list":["post-322","page","type-page","status-publish","hentry"],"publishpress_future_action":{"enabled":false,"date":"2026-05-17 14:29:55","action":"change-status","newStatus":"draft","terms":[],"taxonomy":"category","extraData":[]},"publishpress_future_workflow_manual_trigger":{"enabledWorkflows":[]},"_links":{"self":[{"href":"https:\/\/www.ce-illkirch.fr\/wordpress\/wp-json\/wp\/v2\/pages\/322","targetHints":{"allow":["GET"]}}],"collection":[{"href":"https:\/\/www.ce-illkirch.fr\/wordpress\/wp-json\/wp\/v2\/pages"}],"about":[{"href":"https:\/\/www.ce-illkirch.fr\/wordpress\/wp-json\/wp\/v2\/types\/page"}],"author":[{"embeddable":true,"href":"https:\/\/www.ce-illkirch.fr\/wordpress\/wp-json\/wp\/v2\/users\/2"}],"replies":[{"embeddable":true,"href":"https:\/\/www.ce-illkirch.fr\/wordpress\/wp-json\/wp\/v2\/comments?post=322"}],"version-history":[{"count":9,"href":"https:\/\/www.ce-illkirch.fr\/wordpress\/wp-json\/wp\/v2\/pages\/322\/revisions"}],"predecessor-version":[{"id":35783,"href":"https:\/\/www.ce-illkirch.fr\/wordpress\/wp-json\/wp\/v2\/pages\/322\/revisions\/35783"}],"up":[{"embeddable":true,"href":"https:\/\/www.ce-illkirch.fr\/wordpress\/wp-json\/wp\/v2\/pages\/24913"}],"wp:attachment":[{"href":"https:\/\/www.ce-illkirch.fr\/wordpress\/wp-json\/wp\/v2\/media?parent=322"}],"curies":[{"name":"wp","href":"https:\/\/api.w.org\/{rel}","templated":true}]}}