{"id":33297,"date":"2023-06-09T17:06:45","date_gmt":"2023-06-09T15:06:45","guid":{"rendered":"https:\/\/www.ce-illkirch.fr\/wordpress\/?page_id=33297"},"modified":"2025-09-10T11:00:33","modified_gmt":"2025-09-10T09:00:33","slug":"loisirs","status":"publish","type":"page","link":"https:\/\/www.ce-illkirch.fr\/wordpress\/loisirs\/","title":{"rendered":"Loisirs"},"content":{"rendered":"<p>La Commission Loisirs vous propose tout au long de l&rsquo;ann\u00e9e des sorties groupes : culturelles, sportives, gastronomiques et des stages de JRTT Formation Loisirs.<\/p>\n<div dir=\"ltr\">Profitez du tarif groupe et de la <span style=\"color: #ff00ff;\"><strong>subvention CE de 50 % <\/strong><\/span>(pour le salari\u00e9, conjoint et enfants -18 ans). De m\u00eame pour les<strong> JRTT Formation.<\/strong><\/div>\n<div dir=\"ltr\">L&rsquo;objectif de la commission est de vous faire d\u00e9couvrir des lieux, des compagnies\u00a0et\/ou des activit\u00e9s.<\/div>\n<p>Le CSE subventionne \u00e9galement :<\/p>\n<ul>\n<li><strong>les abonnements th\u00e9\u00e2tre et\/ou <\/strong><strong>les billets \u00e0 l&rsquo;unit\u00e9<\/strong> (spectacles, concerts) 33% subvention<\/li>\n<li><strong>&amp; les abonnements presse, revue <\/strong>. 33% subvention dans le m\u00eame plafond global de d\u00e9penses de 500 \u20ac par salari\u00e9<\/li>\n<\/ul>\n<div dir=\"ltr\"><\/div>\n<div dir=\"ltr\">L&rsquo;incontournable est la <span style=\"color: #ff0000;\"><strong>F\u00eate de No\u00ebl des enfants<\/strong><\/span>, n&rsquo;h\u00e9sitez pas \u00e0 nous sugg\u00e9rer des id\u00e9es (troupes &#8211; lieux).<\/div>\n<div dir=\"ltr\"><\/div>\n<div dir=\"ltr\">La liste des membres de la commission : sur le <a title=\"Intranet CE Illkirch\" href=\"https:\/\/aleinternational.sharepoint.com\/intranet_CE_Illkirch\/Documents%20partages\/Documents%20CE\" target=\"_blank\" rel=\"noopener\">site intranet<\/a> du CE.<\/div>\n<div dir=\"ltr\"><\/div>\n<div dir=\"ltr\"><a href=\"https:\/\/www.ce-illkirch.fr\/wordpress\/wp-content\/uploads\/2025\/09\/reglement_loisirs_250910-1.pdf\" target=\"_blank\" rel=\"noopener\">R\u00e8glement de la Commission Loisirs<\/a>.<\/div>\n","protected":false},"excerpt":{"rendered":"<p>La Commission Loisirs vous propose tout au long de l&rsquo;ann\u00e9e des sorties groupes : culturelles, sportives, gastronomiques et des stages de JRTT Formation Loisirs. Profitez du tarif groupe et de [&hellip;]<\/p>\n","protected":false},"author":25,"featured_media":0,"parent":0,"menu_order":0,"comment_status":"closed","ping_status":"closed","template":"","meta":{"footnotes":""},"class_list":["post-33297","page","type-page","status-publish","hentry"],"publishpress_future_action":{"enabled":false,"date":"2026-05-08 06:40:37","action":"change-status","newStatus":"draft","terms":[],"taxonomy":"category","extraData":[]},"publishpress_future_workflow_manual_trigger":{"enabledWorkflows":[]},"_links":{"self":[{"href":"https:\/\/www.ce-illkirch.fr\/wordpress\/wp-json\/wp\/v2\/pages\/33297","targetHints":{"allow":["GET"]}}],"collection":[{"href":"https:\/\/www.ce-illkirch.fr\/wordpress\/wp-json\/wp\/v2\/pages"}],"about":[{"href":"https:\/\/www.ce-illkirch.fr\/wordpress\/wp-json\/wp\/v2\/types\/page"}],"author":[{"embeddable":true,"href":"https:\/\/www.ce-illkirch.fr\/wordpress\/wp-json\/wp\/v2\/users\/25"}],"replies":[{"embeddable":true,"href":"https:\/\/www.ce-illkirch.fr\/wordpress\/wp-json\/wp\/v2\/comments?post=33297"}],"version-history":[{"count":6,"href":"https:\/\/www.ce-illkirch.fr\/wordpress\/wp-json\/wp\/v2\/pages\/33297\/revisions"}],"predecessor-version":[{"id":37958,"href":"https:\/\/www.ce-illkirch.fr\/wordpress\/wp-json\/wp\/v2\/pages\/33297\/revisions\/37958"}],"wp:attachment":[{"href":"https:\/\/www.ce-illkirch.fr\/wordpress\/wp-json\/wp\/v2\/media?parent=33297"}],"curies":[{"name":"wp","href":"https:\/\/api.w.org\/{rel}","templated":true}]}}