{"id":336,"date":"2010-02-16T15:54:26","date_gmt":"2010-02-16T14:54:26","guid":{"rendered":"http:\/\/www.ce-illkirch.fr\/wordpress\/?page_id=336"},"modified":"2025-06-24T16:04:47","modified_gmt":"2025-06-24T14:04:47","slug":"la-section-vtt","status":"publish","type":"page","link":"https:\/\/www.ce-illkirch.fr\/wordpress\/club_sportif\/la-section-vtt\/","title":{"rendered":"VTT"},"content":{"rendered":"<p style=\"text-align: justify;\"><strong><a href=\"http:\/\/www.ce-illkirch.fr\/wordpress\/wp-content\/uploads\/20070623freeraid_01731.jpg\"><img loading=\"lazy\" decoding=\"async\" class=\"alignleft size-thumbnail wp-image-412\" title=\"20070623freeraid_0173\" src=\"http:\/\/www.ce-illkirch.fr\/wordpress\/wp-content\/uploads\/20070623freeraid_01731-150x150.jpg\" alt=\"\" width=\"175\" height=\"175\" \/><\/a><\/strong><strong>Le but de la section VTT d&rsquo;ASALI est de d\u00e9velopper, d&rsquo;encourager et d&rsquo;organiser cette pratique au sens large. <\/strong><\/p>\n<p style=\"text-align: justify;\"><strong>Parmi toutes les disciplines du VTT telles que la randonn\u00e9e, le cross-country, la descente, le trial, le dual slalom, le dirt, le street et le 4-cross, la section VTT d&rsquo;ASALI est plus active dans les domaines suivants :<\/strong><\/p>\n<p style=\"text-align: justify;\"><strong>La randonn\u00e9e<\/strong><\/p>\n<p style=\"text-align: justify;\">C\u2019est le type de pratique du plus grand nombre de v\u00e9t\u00e9tistes. La randonn\u00e9e permet une approche de la nature en dissociant activit\u00e9 sportive et recherche de performance.<\/p>\n<p style=\"text-align: justify;\"><strong>Le cross-country (XC)<\/strong><\/p>\n<p style=\"text-align: justify;\">Une pratique qui privil\u00e9gie l\u2019endurance. La vari\u00e9t\u00e9 des terrains rencontr\u00e9s sur le parcours met en avant les qualit\u00e9s techniques (pilotage, franchissement) et physiques du pratiquant. Les parcours sont effectu\u00e9s en autonomie compl\u00e8te sans aide ext\u00e9rieure. Tout au long de la saison, la section participe \u00e0 des \u00e9preuves officielles organis\u00e9es par la F\u00e9d\u00e9ration Fran\u00e7aise de Cyclisme (FFC) telles que la Foresti\u00e8re ou le Roc d&rsquo;Azur. Il faut souligner que le Cross-Country est la 1\u00e8re \u00e9preuve du VTT \u00e0 \u00eatre pr\u00e9sente aux J.O.<\/p>\n<p style=\"text-align: justify;\">Par freeride, on entend une pratique libre, sans contrainte, sans esprit de comp\u00e9tition. Les puristes diront qu&rsquo;avec le freeride, on sous-entend une pratique plus extr\u00eame du VTT. Pour faire simple on dira que le freeride est \u00e0 la descente ce que la randonn\u00e9e est au cross-country. Le rendez-vous incontournable de la section dans ce domaine est la Free Raid Classic VTT Mag qui a lieu aux Deux-Alpes en juin. Le point commun de ces disciplines, c&rsquo;est le plaisir, l&rsquo;amusement, la rencontre entre amis, l&rsquo;\u00e9change d&rsquo;exp\u00e9riences et de connaissances, l&rsquo;\u00e9vasion et pas sp\u00e9cialement l&rsquo;esprit de comp\u00e9tition&#8230;<\/p>\n<p style=\"text-align: justify;\">D&rsquo;ailleurs, n&rsquo;ayant aucune obligation de r\u00e9sultats, la section s&rsquo;efforce de mettre en avant le plaisir d&rsquo;\u00e9voluer dans une nature \u00e0 l&rsquo;\u00e9tat pur que nous essayons de faire d\u00e9couvrir \u00e0 ceux qui nous rejoindrons. Cet esprit, nous l&rsquo;avons partag\u00e9 avec J\u00e9r\u00f4me Clementz, champion de freeride (Vainqueur de la Megavalanche 2005, Mountain of Hell 2007) en juin 2008. A cette occasion, la section s&rsquo;est retrouv\u00e9e au Bike Parc du Lac-Blanc pour une session, car comme le ski, la pratique du VTT ne s&rsquo;improvise pas. J\u00e9r\u00f4me nous a prodigu\u00e9 ses pr\u00e9cieux conseils tout au long d&rsquo;une journ\u00e9e bien remplie. Virages, d\u00e9vers, doubles bosses, sauts, J\u00e9r\u00f4me a analys\u00e9 nos gestes pour am\u00e9liorer nos pratiques. Pour 2009, la section propose un programme riche avec des grands rendez-vous tels que la World Class Marathon Challenge, la Free Raid Classic VTT Mag, l&rsquo;Extr\u00e8me sur Loue ou le Roc d&rsquo;Azur et des sorties dominicales organis\u00e9es r\u00e9guli\u00e8rement.<\/p>\n<p>Philippe Held<br \/>\nResponsables section VTT<br \/>\n<a href=\"https:\/\/meet.openrainbow.com\/e1a346841c0741f295bb9243936fb719\">Bulle Rainbow<\/a><\/p>\n<p><a href=\"http:\/\/www.horizon-montagne.com\/index.php\/vtt-50\/106-alpes\" target=\"_blank\" rel=\"noopener\">Le site<\/a>\u00a0(sorties r\u00e9alis\u00e9es)<\/p>\n","protected":false},"excerpt":{"rendered":"<p>Le but de la section VTT d&rsquo;ASALI est de d\u00e9velopper, d&rsquo;encourager et d&rsquo;organiser cette pratique au sens large. Parmi toutes les disciplines du VTT telles que la randonn\u00e9e, le cross-country, [&hellip;]<\/p>\n","protected":false},"author":2,"featured_media":0,"parent":73,"menu_order":16,"comment_status":"closed","ping_status":"closed","template":"","meta":{"footnotes":""},"class_list":["post-336","page","type-page","status-publish","hentry"],"publishpress_future_action":{"enabled":false,"date":"2026-05-15 15:10:24","action":"change-status","newStatus":"draft","terms":[],"taxonomy":"category","extraData":[]},"publishpress_future_workflow_manual_trigger":{"enabledWorkflows":[]},"_links":{"self":[{"href":"https:\/\/www.ce-illkirch.fr\/wordpress\/wp-json\/wp\/v2\/pages\/336","targetHints":{"allow":["GET"]}}],"collection":[{"href":"https:\/\/www.ce-illkirch.fr\/wordpress\/wp-json\/wp\/v2\/pages"}],"about":[{"href":"https:\/\/www.ce-illkirch.fr\/wordpress\/wp-json\/wp\/v2\/types\/page"}],"author":[{"embeddable":true,"href":"https:\/\/www.ce-illkirch.fr\/wordpress\/wp-json\/wp\/v2\/users\/2"}],"replies":[{"embeddable":true,"href":"https:\/\/www.ce-illkirch.fr\/wordpress\/wp-json\/wp\/v2\/comments?post=336"}],"version-history":[{"count":3,"href":"https:\/\/www.ce-illkirch.fr\/wordpress\/wp-json\/wp\/v2\/pages\/336\/revisions"}],"predecessor-version":[{"id":37714,"href":"https:\/\/www.ce-illkirch.fr\/wordpress\/wp-json\/wp\/v2\/pages\/336\/revisions\/37714"}],"up":[{"embeddable":true,"href":"https:\/\/www.ce-illkirch.fr\/wordpress\/wp-json\/wp\/v2\/pages\/73"}],"wp:attachment":[{"href":"https:\/\/www.ce-illkirch.fr\/wordpress\/wp-json\/wp\/v2\/media?parent=336"}],"curies":[{"name":"wp","href":"https:\/\/api.w.org\/{rel}","templated":true}]}}