{"id":3512,"date":"2023-04-21T11:28:35","date_gmt":"2023-04-21T09:28:35","guid":{"rendered":"http:\/\/www.ce-illkirch.fr\/wordpress\/?page_id=3512"},"modified":"2023-04-21T16:02:07","modified_gmt":"2023-04-21T14:02:07","slug":"covoiturage","status":"publish","type":"page","link":"https:\/\/www.ce-illkirch.fr\/wordpress\/transport\/covoiturage\/","title":{"rendered":"Covoiturage"},"content":{"rendered":"<h3><strong>Pourquoi covoiturer ?<\/strong><\/h3>\n<p><span style=\"color: #009900;\"><span style=\"font-size: medium;\">Les raisons sont aussi diverses que vari\u00e9es. La plus incitative est probablement le co\u00fbt du carburant qui ne cesse d&rsquo;augmenter. Mais il y a aussi la r\u00e9duction des bouchons (et donc du temps de transport), la diminution de la pollution, et la convivialit\u00e9 !<br \/>\n<\/span><\/span><\/p>\n<p>Avec le <strong>Bonus Covoiturage<\/strong>, recevez une prime de <strong>100\u20ac<\/strong> en partageant <strong>10 trajets<\/strong> (en tant que conducteur)* : 25 \u20ac d\u00e8s le 1er covoiturage, 75 \u20ac suppl\u00e9mentaires si vous r\u00e9alisez 9 trajets suppl\u00e9mentaires dans les 3 mois.<\/p>\n<p><span style=\"color: #009900;\"><span style=\"font-size: medium;\">Changer d&rsquo;habitudes, ce n\u2019est jamais facile. Pour vous encourager, <strong>vos 4 premiers trajets comme passager.\u00e8re sont offerts <\/strong>par la plateforme. <\/span><\/span><\/p>\n<p>Et vous pouvez aussi b\u00e9n\u00e9ficier d&rsquo;un avoir de 10\u20ac (Offre parrainage) avec le code K9EXJ4<\/p>\n<p><big><span style=\"color: #000000;\"><small><small><span style=\"font-size: 16pt;\"><small><small><span lang=\"fr-FR\"><strong><big> Covoiturer<\/big><\/strong><big>, pas pour moi\u00a0! \u00cates-vous s\u00fbr\u00a0?<\/big><\/span><\/small><\/small><\/span><\/small><\/small><\/span><\/big><big><\/big><\/p>\n<p>Hormis si vous venez \u00e0 pied, en v\u00e9lo, en transport en commun et m\u00eame si &#8230; vous covoiturez d\u00e9j\u00e0, vous \u00eates un covoitureur potentiel. Le covoiturage n&rsquo;est pas uniquement d\u00e9di\u00e9 aux personnes effectuant le m\u00eame trajet \u00e0 des heures r\u00e9guli\u00e8res.<\/p>\n<ul>\n<li>il peut \u00eatre occasionnel (uniquement certains jours de la semaine),<\/li>\n<li>partiel (on peut se retrouver sur des parkings d\u00e9di\u00e9s, voir\u00a0: <a href=\"https:\/\/www.fluo.eu\/fr\/covoiturage-autopartage\/162\/NearBy\" target=\"_blank\" rel=\"noopener\">covoiturage et autopartage<\/a><\/li>\n<li>ouvert\u00a0inter-entreprise (du m\u00eame secteur g\u00e9ographique)<\/li>\n<\/ul>\n<h3 lang=\"fr-FR\">Comment\u00a0\u00e7a marche\u00a0?<\/h3>\n<p lang=\"fr-FR\">En d\u00e9clarant son profil et ses trajets habituels sur l&rsquo;appli <a href=\"https:\/\/blablacardaily.com\/\" target=\"_blank\" rel=\"noopener\"><strong>https:\/\/blablacardaily.com\/<\/strong><\/a><\/p>\n<p lang=\"fr-FR\">Les autres entreprises du Parc d&rsquo;Innovation d&rsquo;Illkirch avec lesquelles nous sommes en contact sont incit\u00e9es \u00e0 s&rsquo;inscrire sur la m\u00eame plateforme, pour augmenter les chances de trouver un covoitureur.<\/p>\n<p lang=\"fr-FR\"><strong>Inscrivez-vous d\u00e8s \u00e0 pr\u00e9sent, m\u00eame si vous covoiturez d\u00e9j\u00e0 !<\/strong> Plus il y a d&rsquo;inscrits, plus il y a de chances de trouver un covoitureur.<\/p>\n<h3 id=\"yui_3_17_2_1_1682070613477_1037\"><strong>Un petit geste pour vous<\/strong>, et un pas vers moins d\u2019\u00e9missions de CO2<\/h3>\n<p lang=\"fr-FR\">Saviez-vous que le taux d\u2019occupation des voitures est de 1,08 personne par v\u00e9hicule sur les petits trajets de tous les jours ? Que les transports sont la premi\u00e8re source de gaz \u00e0 effet de serre ? En covoiturant, vous participez \u00e0 la r\u00e9duction des v\u00e9hicules sur les routes et des \u00e9missions de CO2.<\/p>\n<p lang=\"fr-FR\"><em>*Le Bonus Covoiturage est une aide <\/em><a href=\"https:\/\/www.ecologie.gouv.fr\/dispositif-des-certificats-deconomies-denergie\"><em>CEE<\/em><\/a><\/p>\n","protected":false},"excerpt":{"rendered":"<p>Pourquoi covoiturer ? Les raisons sont aussi diverses que vari\u00e9es. La plus incitative est probablement le co\u00fbt du carburant qui ne cesse d&rsquo;augmenter. Mais il y a aussi la r\u00e9duction [&hellip;]<\/p>\n","protected":false},"author":2,"featured_media":33064,"parent":579,"menu_order":0,"comment_status":"open","ping_status":"closed","template":"","meta":{"footnotes":""},"class_list":["post-3512","page","type-page","status-publish","has-post-thumbnail","hentry"],"publishpress_future_action":{"enabled":false,"date":"2026-05-15 14:59:07","action":"change-status","newStatus":"draft","terms":[],"taxonomy":"category","extraData":[]},"publishpress_future_workflow_manual_trigger":{"enabledWorkflows":[]},"_links":{"self":[{"href":"https:\/\/www.ce-illkirch.fr\/wordpress\/wp-json\/wp\/v2\/pages\/3512","targetHints":{"allow":["GET"]}}],"collection":[{"href":"https:\/\/www.ce-illkirch.fr\/wordpress\/wp-json\/wp\/v2\/pages"}],"about":[{"href":"https:\/\/www.ce-illkirch.fr\/wordpress\/wp-json\/wp\/v2\/types\/page"}],"author":[{"embeddable":true,"href":"https:\/\/www.ce-illkirch.fr\/wordpress\/wp-json\/wp\/v2\/users\/2"}],"replies":[{"embeddable":true,"href":"https:\/\/www.ce-illkirch.fr\/wordpress\/wp-json\/wp\/v2\/comments?post=3512"}],"version-history":[{"count":9,"href":"https:\/\/www.ce-illkirch.fr\/wordpress\/wp-json\/wp\/v2\/pages\/3512\/revisions"}],"predecessor-version":[{"id":33072,"href":"https:\/\/www.ce-illkirch.fr\/wordpress\/wp-json\/wp\/v2\/pages\/3512\/revisions\/33072"}],"up":[{"embeddable":true,"href":"https:\/\/www.ce-illkirch.fr\/wordpress\/wp-json\/wp\/v2\/pages\/579"}],"wp:featuredmedia":[{"embeddable":true,"href":"https:\/\/www.ce-illkirch.fr\/wordpress\/wp-json\/wp\/v2\/media\/33064"}],"wp:attachment":[{"href":"https:\/\/www.ce-illkirch.fr\/wordpress\/wp-json\/wp\/v2\/media?parent=3512"}],"curies":[{"name":"wp","href":"https:\/\/api.w.org\/{rel}","templated":true}]}}