{"id":36102,"date":"2024-10-03T17:33:39","date_gmt":"2024-10-03T15:33:39","guid":{"rendered":"https:\/\/www.ce-illkirch.fr\/wordpress\/?page_id=36102"},"modified":"2024-10-03T17:36:07","modified_gmt":"2024-10-03T15:36:07","slug":"ukulele","status":"publish","type":"page","link":"https:\/\/www.ce-illkirch.fr\/wordpress\/loisirs\/ukulele\/","title":{"rendered":"Ukul\u00e9l\u00e9"},"content":{"rendered":"<h1 class=\"entry-title\"><img loading=\"lazy\" decoding=\"async\" class=\"size-medium wp-image-35652 alignleft\" src=\"https:\/\/www.ce-illkirch.fr\/wordpress\/wp-content\/uploads\/2023\/08\/musique_uku-300x139.png\" alt=\"\" width=\"300\" height=\"139\" srcset=\"https:\/\/www.ce-illkirch.fr\/wordpress\/wp-content\/uploads\/2023\/08\/musique_uku-300x139.png 300w, https:\/\/www.ce-illkirch.fr\/wordpress\/wp-content\/uploads\/2023\/08\/musique_uku-1024x476.png 1024w, https:\/\/www.ce-illkirch.fr\/wordpress\/wp-content\/uploads\/2023\/08\/musique_uku-768x357.png 768w, https:\/\/www.ce-illkirch.fr\/wordpress\/wp-content\/uploads\/2023\/08\/musique_uku-1536x713.png 1536w, https:\/\/www.ce-illkirch.fr\/wordpress\/wp-content\/uploads\/2023\/08\/musique_uku-110x51.png 110w, https:\/\/www.ce-illkirch.fr\/wordpress\/wp-content\/uploads\/2023\/08\/musique_uku-420x195.png 420w, https:\/\/www.ce-illkirch.fr\/wordpress\/wp-content\/uploads\/2023\/08\/musique_uku-770x358.png 770w, https:\/\/www.ce-illkirch.fr\/wordpress\/wp-content\/uploads\/2023\/08\/musique_uku.png 1701w\" sizes=\"auto, (max-width: 300px) 100vw, 300px\" \/>Cours de Ukul\u00e9l\u00e9 sur site<\/h1>\n<div class=\"entry-content\">\n<p><strong>Mardi 12h30-13h30<\/strong> avec le professeur Benjamin Thimel<\/p>\n<p>s\u00e9ance d\u2019essai gratuite \u2013 10 \u20ac la s\u00e9ance<\/p>\n<p><strong>Tarif trimestre ALE 88 \u20ac<\/strong> au lieu de 104 \u20ac<\/p>\n<\/div>\n","protected":false},"excerpt":{"rendered":"<p>Cours de Ukul\u00e9l\u00e9 sur site Mardi 12h30-13h30 avec le professeur Benjamin Thimel s\u00e9ance d\u2019essai gratuite \u2013 10 \u20ac la s\u00e9ance Tarif trimestre ALE 88 \u20ac au lieu de 104 \u20ac<\/p>\n","protected":false},"author":2,"featured_media":0,"parent":33297,"menu_order":1,"comment_status":"closed","ping_status":"closed","template":"","meta":{"footnotes":""},"class_list":["post-36102","page","type-page","status-publish","hentry"],"publishpress_future_action":{"enabled":false,"date":"2026-05-23 05:16:22","action":"change-status","newStatus":"draft","terms":[],"taxonomy":"category","extraData":[]},"publishpress_future_workflow_manual_trigger":{"enabledWorkflows":[]},"_links":{"self":[{"href":"https:\/\/www.ce-illkirch.fr\/wordpress\/wp-json\/wp\/v2\/pages\/36102","targetHints":{"allow":["GET"]}}],"collection":[{"href":"https:\/\/www.ce-illkirch.fr\/wordpress\/wp-json\/wp\/v2\/pages"}],"about":[{"href":"https:\/\/www.ce-illkirch.fr\/wordpress\/wp-json\/wp\/v2\/types\/page"}],"author":[{"embeddable":true,"href":"https:\/\/www.ce-illkirch.fr\/wordpress\/wp-json\/wp\/v2\/users\/2"}],"replies":[{"embeddable":true,"href":"https:\/\/www.ce-illkirch.fr\/wordpress\/wp-json\/wp\/v2\/comments?post=36102"}],"version-history":[{"count":1,"href":"https:\/\/www.ce-illkirch.fr\/wordpress\/wp-json\/wp\/v2\/pages\/36102\/revisions"}],"predecessor-version":[{"id":36103,"href":"https:\/\/www.ce-illkirch.fr\/wordpress\/wp-json\/wp\/v2\/pages\/36102\/revisions\/36103"}],"up":[{"embeddable":true,"href":"https:\/\/www.ce-illkirch.fr\/wordpress\/wp-json\/wp\/v2\/pages\/33297"}],"wp:attachment":[{"href":"https:\/\/www.ce-illkirch.fr\/wordpress\/wp-json\/wp\/v2\/media?parent=36102"}],"curies":[{"name":"wp","href":"https:\/\/api.w.org\/{rel}","templated":true}]}}