{"id":446,"date":"2010-02-24T10:51:35","date_gmt":"2010-02-24T09:51:35","guid":{"rendered":"http:\/\/www.ce-illkirch.fr\/wordpress\/?page_id=446"},"modified":"2018-09-27T14:43:39","modified_gmt":"2018-09-27T12:43:39","slug":"les-retraites","status":"publish","type":"page","link":"https:\/\/www.ce-illkirch.fr\/wordpress\/les-retraites\/","title":{"rendered":"Retrait\u00e9s"},"content":{"rendered":"<p style=\"text-align: center;\"><a style=\"font-weight: bold;\" href=\"http:\/\/www.ce-illkirch.fr\/wordpress\/wp-content\/uploads\/IMGP48131.jpg\"><img loading=\"lazy\" decoding=\"async\" class=\"alignleft size-full wp-image-4573\" title=\"IMGP4813\" src=\"http:\/\/www.ce-illkirch.fr\/wordpress\/wp-content\/uploads\/IMGP48131.jpg\" alt=\"\" width=\"472\" height=\"301\" \/><\/a><\/p>\n<p style=\"text-align: center;\"><strong>Depuis d\u00e9but 1995, le CE a mis en place une Commission Loisirs Retrait\u00e9s. Le Comit\u00e9 de cette commission organise tout au long de l\u2019ann\u00e9e, un certain nombre de sorties\u00a0: visites culturelles, Caracalla, randonn\u00e9es p\u00e9destres, s\u00e9jour une semaine en village de vacances, voyage etc.\u2026.<\/strong><\/p>\n<p><span style=\"text-decoration: underline;\">Les membres de cette commission sont\u00a0:<\/span><\/p>\n<ul>\n<li>Marl\u00e8ne GOETZ<\/li>\n<li>Marl\u00e8ne ERB<\/li>\n<li>Ir\u00e8ne ZERR<\/li>\n<li>Jacques DUGOUDRON<\/li>\n<li>Henri KRAESS<\/li>\n<\/ul>\n<p>&nbsp;<\/p>\n<p><strong>F\u00eate des Retrait\u00e9s Alcatel 2018<\/strong>: <a href=\"http:\/\/isis.prod.free.fr\/Html\/Retraitealcatel18\/index.html\" target=\"_blank\" rel=\"noopener\">les photos<\/a><\/p>\n","protected":false},"excerpt":{"rendered":"<p>Depuis d\u00e9but 1995, le CE a mis en place une Commission Loisirs Retrait\u00e9s. Le Comit\u00e9 de cette commission organise tout au long de l\u2019ann\u00e9e, un certain nombre de sorties\u00a0: visites [&hellip;]<\/p>\n","protected":false},"author":2,"featured_media":0,"parent":0,"menu_order":5,"comment_status":"closed","ping_status":"closed","template":"","meta":{"footnotes":""},"class_list":["post-446","page","type-page","status-publish","hentry"],"publishpress_future_action":{"enabled":false,"date":"2026-05-14 12:27:21","action":"change-status","newStatus":"draft","terms":[],"taxonomy":"category","extraData":[]},"publishpress_future_workflow_manual_trigger":{"enabledWorkflows":[]},"_links":{"self":[{"href":"https:\/\/www.ce-illkirch.fr\/wordpress\/wp-json\/wp\/v2\/pages\/446","targetHints":{"allow":["GET"]}}],"collection":[{"href":"https:\/\/www.ce-illkirch.fr\/wordpress\/wp-json\/wp\/v2\/pages"}],"about":[{"href":"https:\/\/www.ce-illkirch.fr\/wordpress\/wp-json\/wp\/v2\/types\/page"}],"author":[{"embeddable":true,"href":"https:\/\/www.ce-illkirch.fr\/wordpress\/wp-json\/wp\/v2\/users\/2"}],"replies":[{"embeddable":true,"href":"https:\/\/www.ce-illkirch.fr\/wordpress\/wp-json\/wp\/v2\/comments?post=446"}],"version-history":[{"count":1,"href":"https:\/\/www.ce-illkirch.fr\/wordpress\/wp-json\/wp\/v2\/pages\/446\/revisions"}],"predecessor-version":[{"id":23735,"href":"https:\/\/www.ce-illkirch.fr\/wordpress\/wp-json\/wp\/v2\/pages\/446\/revisions\/23735"}],"wp:attachment":[{"href":"https:\/\/www.ce-illkirch.fr\/wordpress\/wp-json\/wp\/v2\/media?parent=446"}],"curies":[{"name":"wp","href":"https:\/\/api.w.org\/{rel}","templated":true}]}}