{"id":53,"date":"2018-10-04T09:12:44","date_gmt":"2018-10-04T07:12:44","guid":{"rendered":"http:\/\/www.ce-illkirch.fr\/wordpress\/?page_id=53"},"modified":"2025-11-05T08:55:18","modified_gmt":"2025-11-05T07:55:18","slug":"activites-enfants","status":"publish","type":"page","link":"https:\/\/www.ce-illkirch.fr\/wordpress\/activites-enfants\/","title":{"rendered":"Activit\u00e9s Enfants"},"content":{"rendered":"<p><span style=\"color: #ff00ff;\"><strong><a href=\"http:\/\/www.ce-illkirch.fr\/wordpress\/wp-content\/uploads\/enfants2.jpg\"><img loading=\"lazy\" decoding=\"async\" class=\"alignleft size-full wp-image-5773\" title=\"enfants\" src=\"http:\/\/www.ce-illkirch.fr\/wordpress\/wp-content\/uploads\/enfants2.jpg\" alt=\"\" width=\"189\" height=\"189\" \/><\/a>L&rsquo;exercice annuel court du 1er octobre au 30 septembre. Pour b\u00e9n\u00e9ficier d&rsquo;une subvention sup\u00e9rieure au plancher il faut pr\u00e9senter chaque ann\u00e9e les feuilles d&rsquo;imp\u00f4t du foyer.<\/strong><\/span><\/p>\n<p><span style=\"color: #ff00ff;\"><strong>Permanences :\u00a0<\/strong><\/span><span style=\"color: #ff00ff;\"><strong>lundis, mercredis, jeudis, vendredis (semaine impaire) de 12h30 \u00e0 13h30.<\/strong><\/span><\/p>\n<p><a href=\"https:\/\/www.ce-illkirch.fr\/wordpress\/wp-content\/uploads\/2025\/11\/Formulaire-Subvention-Activite-Enfant-25_26-1.pdf\">Formulaire 2025_2026<\/a><\/p>\n<p><strong>MODALITES D&rsquo; INSCRIPTION &#8211; <\/strong>Afin de pouvoir b\u00e9n\u00e9ficier de la subvention du CSE :<\/p>\n<p>1. <strong>Pr\u00e9-inscrivez le s\u00e9jour\/activit\u00e9<\/strong> de votre enfant au CSE aupr\u00e8s de Wanita Anthonee par mail ou aux permanences<\/p>\n<p>2. Inscrivez votre enfant et effectuez le r\u00e8glement directement aupr\u00e8s de l\u2019organisme<\/p>\n<p>3. Demandez la subvention CSE \u00e0 Wanita en fournissant l\u2019original de la facture acquitt\u00e9e et l\u2019attestation de pr\u00e9sence et d\u2019acquittement d\u00fbment remplie <strong>avant d\u00e9but juillet pour les activit\u00e9s de la p\u00e9riode scolaire<\/strong>.<\/p>\n<p style=\"text-align: left;\"><strong>DOMAINE<\/strong><\/p>\n<p><span style=\"color: #ff00ff;\"><strong>COLONIES DE VACANCES<\/strong><\/span><\/p>\n<p>Inscriptions par le particulier &#8211; remboursement de la subvention au CSE.<\/p>\n<p><span style=\"font-weight: bold; line-height: normal; text-align: left;\"><span style=\"color: #ff00ff;\">CENTRES AERES : <\/span><\/span><span style=\"line-height: normal; text-align: left;\"><span style=\"color: #ff00ff;\"><span style=\"color: #000000;\">pendant <\/span><\/span><\/span><span style=\"line-height: normal; text-align: left;\"><span style=\"color: #ff00ff;\"><span style=\"color: #000000;\">les vacances scolaires et les mercredis durant l&rsquo;ann\u00e9e scolaire.<\/span><\/span><\/span><\/p>\n<p style=\"text-align: justify;\"><strong><span style=\"color: #ff00ff;\">SEJOURS SCOLAIRES<\/span> <\/strong>: S\u00e9jour avec nuit\u00e9e dans le cadre scolaire tels que classes vertes et de neige ou classes culturelles<\/p>\n<p style=\"font-weight: normal; text-align: justify;\"><span style=\"color: #ff00ff;\"><span style=\"font-weight: bold; line-height: normal; text-align: left;\">ACTIVITES CULTURELLES ET SPORTIVES : <\/span><\/span><strong>activit\u00e9s extra scolaires<\/strong> de loisirs, culturelles, artistiques, sportives organis\u00e9es par des associations ou organismes d\u00e9clar\u00e9s;<\/p>\n<p style=\"text-align: justify;\"><span style=\"font-weight: bold;\">AGE PRIS EN COMPTE<\/span><\/p>\n<p style=\"text-align: left;\">Entre 3 ans et 17 ans.<\/p>\n<p style=\"text-align: left;\"><strong><span class=\"leftlink\">PERIODE<\/span><\/strong><\/p>\n<p style=\"text-align: left;\"><span class=\"newstext2\">Factures comprises entre le <\/span><span class=\"newstitle2\">1er octobre et 30 septembre<\/span><span class=\"newstext2\">. Il n&rsquo;y aura pas de r\u00e9troactivit\u00e9 d&rsquo;une ann\u00e9e \u00e0 l&rsquo;autre.<\/span><\/p>\n<p class=\"newstext2\" style=\"text-align: left;\"><strong><span class=\"leftlink\">PARTICIPATION CSE : <a href=\"https:\/\/www.ce-illkirch.fr\/wordpress\/activites-enfants\/modalites-pratiques\/\" target=\"_blank\" rel=\"noopener\">lien<\/a> vers les modalit\u00e9s pratiques<\/span><\/strong><\/p>\n","protected":false},"excerpt":{"rendered":"<p>L&rsquo;exercice annuel court du 1er octobre au 30 septembre. Pour b\u00e9n\u00e9ficier d&rsquo;une subvention sup\u00e9rieure au plancher il faut pr\u00e9senter chaque ann\u00e9e les feuilles d&rsquo;imp\u00f4t du foyer. Permanences :\u00a0lundis, mercredis, jeudis, [&hellip;]<\/p>\n","protected":false},"author":2,"featured_media":0,"parent":0,"menu_order":2,"comment_status":"closed","ping_status":"closed","template":"","meta":{"footnotes":""},"class_list":["post-53","page","type-page","status-publish","hentry"],"publishpress_future_action":{"enabled":false,"date":"2026-05-17 14:28:41","action":"change-status","newStatus":"draft","terms":[],"taxonomy":"category","extraData":[]},"publishpress_future_workflow_manual_trigger":{"enabledWorkflows":[]},"_links":{"self":[{"href":"https:\/\/www.ce-illkirch.fr\/wordpress\/wp-json\/wp\/v2\/pages\/53","targetHints":{"allow":["GET"]}}],"collection":[{"href":"https:\/\/www.ce-illkirch.fr\/wordpress\/wp-json\/wp\/v2\/pages"}],"about":[{"href":"https:\/\/www.ce-illkirch.fr\/wordpress\/wp-json\/wp\/v2\/types\/page"}],"author":[{"embeddable":true,"href":"https:\/\/www.ce-illkirch.fr\/wordpress\/wp-json\/wp\/v2\/users\/2"}],"replies":[{"embeddable":true,"href":"https:\/\/www.ce-illkirch.fr\/wordpress\/wp-json\/wp\/v2\/comments?post=53"}],"version-history":[{"count":29,"href":"https:\/\/www.ce-illkirch.fr\/wordpress\/wp-json\/wp\/v2\/pages\/53\/revisions"}],"predecessor-version":[{"id":38304,"href":"https:\/\/www.ce-illkirch.fr\/wordpress\/wp-json\/wp\/v2\/pages\/53\/revisions\/38304"}],"wp:attachment":[{"href":"https:\/\/www.ce-illkirch.fr\/wordpress\/wp-json\/wp\/v2\/media?parent=53"}],"curies":[{"name":"wp","href":"https:\/\/api.w.org\/{rel}","templated":true}]}}