{"id":5785,"date":"2012-01-10T09:36:28","date_gmt":"2012-01-10T08:36:28","guid":{"rendered":"http:\/\/www.ce-illkirch.fr\/wordpress\/?page_id=5785"},"modified":"2026-03-17T09:28:45","modified_gmt":"2026-03-17T08:28:45","slug":"modalites-pratiques","status":"publish","type":"page","link":"https:\/\/www.ce-illkirch.fr\/wordpress\/activites-enfants\/modalites-pratiques\/","title":{"rendered":"Modalit\u00e9s Pratiques Activit\u00e9s Enfants"},"content":{"rendered":"<div>\n<p><strong>MODALITES D&rsquo;INSCRIPTION<br \/>\n<\/strong><\/p>\n<p>Afin de pouvoir b\u00e9n\u00e9ficier de la subvention du CSE :<br \/>\n1. <strong>Pr\u00e9-inscrivez le s\u00e9jour\/activit\u00e9<\/strong> de votre enfant au CSE aupr\u00e8s de Wanita par mail \u00e0 wanita.anthonee@al-enterprise.com ou aux permanences<\/p>\n<p>2. Inscrivez votre enfant et effectuez le r\u00e8glement directement aupr\u00e8s de l\u2019organisme<\/p>\n<p>3. Demandez la subvention CSE \u00e0 Wanita en fournissant l\u2019original de la facture acquitt\u00e9e et l\u2019attestation de pr\u00e9sence et d\u2019acquittement d\u00fbment remplie <strong>avant d\u00e9but juillet pour les activit\u00e9s de la p\u00e9riode scolaire.<\/strong><br \/>\n<span style=\"color: #ff0000;\">&gt;&gt;&gt;<strong>ATTENTION : <span style=\"color: #000000;\">Il est n\u00e9cessaire d\u2019avoir pr\u00e9-inscrit le s\u00e9jour\/activit\u00e9 de votre enfant.<\/span><\/strong><\/span><\/p>\n<p><strong>Facilit\u00e9s de paiement :<\/strong><\/p>\n<p><span style=\"text-decoration: underline;\">Pour les colos uniquement<\/span>, lorsque le QF* est &lt; 15 000\u20ac , le CSE accepte\u00a0:<\/p>\n<ul>\n<li>De payer le fournisseur en 2 fois (1 acompte \u00e0 l\u2019inscription, le solde 1 mois avant le d\u00e9part)<\/li>\n<li>De pr\u00e9lever la partie due par le salari\u00e9 en 3 fois maximum, sur le compte en banque du salari\u00e9. Tous les pr\u00e9l\u00e8vements doivent \u00eatre termin\u00e9s avant le d\u00e9part en colo.<\/li>\n<\/ul>\n<p>Les centres a\u00e9r\u00e9s ou les s\u00e9jours scolaires sont exclus de cette offre.<\/p>\n<p><strong>PIECES A REMETTRE<\/strong><\/p>\n<ol>\n<li><strong>Photocopie de l\u2019avis d\u2019imposition n-2 jusqu\u2019au 30 septembre, n-1 \u00e0 partir du 1\u00b0 octobre<\/strong><\/li>\n<li>En cas d\u2019imposition s\u00e9par\u00e9e des parents : photocopies de l\u2019avis d\u2019imposition des deux parents<\/li>\n<li>Les personnes dont le QF est sup\u00e9rieur au plafond peuvent s\u2019abstenir de pr\u00e9senter l\u2019avis d\u2019imposition<\/li>\n<li>Document original certifi\u00e9 par une signature et un cachet, incluant la somme r\u00e9gl\u00e9e par la famille, nom et pr\u00e9nom de l\u2019enfant, date du s\u00e9jour ou du stage, nom, adresse, n\u00b0 t\u00e9l. et cachet de l\u2019\u00e9tablissement ou de l\u2019organisme agr\u00e9\u00e9, ou le formulaire \u201c<a href=\"https:\/\/www.ce-illkirch.fr\/wordpress\/wp-content\/uploads\/2024\/11\/Formulaire-Subvention-Activite-Enfant-24_25.pdf\"><strong><a href=\"https:\/\/www.ce-illkirch.fr\/wordpress\/wp-content\/uploads\/2026\/03\/Formulaire-Subvention-Activite-Enfant-25_26.pdf\">Demande de subvention<\/a><\/strong><\/a>\u201d \u00e0 faire remplir.<\/li>\n<li>Photocopie de l\u2019attestation d\u2019assurance maladie Vitale (1x\/an) o\u00f9 est mentionn\u00e9 le nom &amp; pr\u00e9nom de l\u2019enfant<\/li>\n<li>Relev\u00e9 d\u2019identit\u00e9 bancaire (pour un 1er remboursement ou si changement de banque)<\/li>\n<li>Heures et num\u00e9ro de t\u00e9l\u00e9phone o\u00f9 le demandeur peut \u00eatre contact\u00e9<\/li>\n<\/ol>\n<div><strong>NB : \u2013 Les remboursements se font par virement bancaire\u00a0 uniquement apr\u00e8s le s\u00e9jour ou le stage de l\u2019enfant <\/strong>(un bordereau vous parviendra ult\u00e9rieurement)<\/div>\n<div><strong>\u00a0<\/strong><\/div>\n<div>&#8211; Vous pouvez pr\u00e9senter vos factures acquitt\u00e9es de l\u2019ann\u00e9e scolaire en cours <span style=\"color: #0000ff;\">(factures dat\u00e9es du 1er octobre au 30 juin) jusqu\u2019au 4 juillet,<\/span> et pour <span style=\"color: #008000;\">les factures dat\u00e9es de juillet ao\u00fbt jusqu&rsquo;au 30 septembre<\/span>.<\/div>\n<\/div>\n<p>Ces pi\u00e8ces sont \u00e0 mettre dans la bo\u00eete aux lettre de la tr\u00e9sorerie. Une permanence est assur\u00e9e les lundis, mercredis, jeudis, vendredis (semaine impaire) de 12h30 \u00e0 13h30.<\/p>\n<table style=\"height: 424px;\" border=\"1\" width=\"1247\" cellspacing=\"1\" cellpadding=\"0\">\n<tbody>\n<tr>\n<td width=\"4%\"><strong>QF* : revenu imposable\/nb de parts<\/strong><\/td>\n<td width=\"36%\"><strong>Colonies\/centres a\u00e9r\u00e9s, s\u00e9jours scolaires <\/strong>(enfant ayant entre 3 et 17 ans)<\/td>\n<td width=\"28%\"><strong>Activit\u00e9s culturelles et sportives<\/strong> (enfant ayant entre 3 et 17 ans)<\/p>\n<p><strong>\u00a0<\/strong><\/td>\n<td width=\"28%\"><\/td>\n<\/tr>\n<tr>\n<td width=\"4%\">QF &lt;15000 \u20ac<\/td>\n<td width=\"36%\">Participation CSE 50 % (soit 610 \u20ac max.)<\/td>\n<td width=\"28%\">Participation CSE 50 % (soit 200 \u20ac max.)<\/td>\n<td width=\"28%\"><\/td>\n<\/tr>\n<tr>\n<td width=\"4%\">15000&lt;QF&gt;30000 \u20ac<\/td>\n<td width=\"36%\">Participation CSE comprise entre 19 % et 49 % (soit 598 \u20ac max.)<\/td>\n<td width=\"28%\">Participation CSE comprise<br \/>\nentre 19 % et 49 % (soit 196 \u20ac max.)<\/td>\n<td width=\"28%\"><\/td>\n<\/tr>\n<tr>\n<td width=\"4%\">QF&gt;30000 \u20ac<\/td>\n<td width=\"36%\">Participation CSE 20 % (soit 244 \u20ac max.)<\/td>\n<td width=\"28%\">Participation CSE 20 %<br \/>\n(soit 80 \u20ac max.)<\/td>\n<td width=\"28%\"><\/td>\n<\/tr>\n<tr>\n<td width=\"4%\">Plafond<\/td>\n<td style=\"text-align: center;\" width=\"36%\">1 400 \u20ac\/an<\/td>\n<td style=\"text-align: center;\" width=\"28%\">500 \u20ac\/an<\/td>\n<td style=\"text-align: center;\" width=\"28%\"><\/td>\n<\/tr>\n<\/tbody>\n<\/table>\n<p>D\u00e9terminez votre participation en cliquant\u00a0<a href=\"https:\/\/www.ce-illkirch.fr\/wordpress\/wp-content\/uploads\/calcul_social\/calcul_qf.php\" target=\"_blank\" rel=\"noopener\">ICI<\/a><\/p>\n<p><input type=\"button\" value=\"Imprimer\" \/><\/p>\n","protected":false},"excerpt":{"rendered":"<p>MODALITES D&rsquo;INSCRIPTION Afin de pouvoir b\u00e9n\u00e9ficier de la subvention du CSE : 1. Pr\u00e9-inscrivez le s\u00e9jour\/activit\u00e9 de votre enfant au CSE aupr\u00e8s de Wanita par mail \u00e0 wanita.anthonee@al-enterprise.com ou aux [&hellip;]<\/p>\n","protected":false},"author":2,"featured_media":0,"parent":53,"menu_order":2,"comment_status":"open","ping_status":"closed","template":"","meta":{"footnotes":""},"class_list":["post-5785","page","type-page","status-publish","hentry"],"publishpress_future_action":{"enabled":false,"date":"2026-05-21 00:18:43","action":"change-status","newStatus":"draft","terms":[],"taxonomy":"category","extraData":[]},"publishpress_future_workflow_manual_trigger":{"enabledWorkflows":[]},"_links":{"self":[{"href":"https:\/\/www.ce-illkirch.fr\/wordpress\/wp-json\/wp\/v2\/pages\/5785","targetHints":{"allow":["GET"]}}],"collection":[{"href":"https:\/\/www.ce-illkirch.fr\/wordpress\/wp-json\/wp\/v2\/pages"}],"about":[{"href":"https:\/\/www.ce-illkirch.fr\/wordpress\/wp-json\/wp\/v2\/types\/page"}],"author":[{"embeddable":true,"href":"https:\/\/www.ce-illkirch.fr\/wordpress\/wp-json\/wp\/v2\/users\/2"}],"replies":[{"embeddable":true,"href":"https:\/\/www.ce-illkirch.fr\/wordpress\/wp-json\/wp\/v2\/comments?post=5785"}],"version-history":[{"count":33,"href":"https:\/\/www.ce-illkirch.fr\/wordpress\/wp-json\/wp\/v2\/pages\/5785\/revisions"}],"predecessor-version":[{"id":39060,"href":"https:\/\/www.ce-illkirch.fr\/wordpress\/wp-json\/wp\/v2\/pages\/5785\/revisions\/39060"}],"up":[{"embeddable":true,"href":"https:\/\/www.ce-illkirch.fr\/wordpress\/wp-json\/wp\/v2\/pages\/53"}],"wp:attachment":[{"href":"https:\/\/www.ce-illkirch.fr\/wordpress\/wp-json\/wp\/v2\/media?parent=5785"}],"curies":[{"name":"wp","href":"https:\/\/api.w.org\/{rel}","templated":true}]}}