{"id":6148,"date":"2022-01-07T09:13:29","date_gmt":"2022-01-07T08:13:29","guid":{"rendered":"http:\/\/www.ce-illkirch.fr\/wordpress\/?page_id=6148"},"modified":"2026-04-10T11:47:54","modified_gmt":"2026-04-10T09:47:54","slug":"citiz","status":"publish","type":"page","link":"https:\/\/www.ce-illkirch.fr\/wordpress\/transport\/citiz\/","title":{"rendered":"Citiz autopartage"},"content":{"rendered":"<p><img loading=\"lazy\" decoding=\"async\" class=\"wp-image-23295 alignleft\" src=\"https:\/\/www.ce-illkirch.fr\/wordpress\/wp-content\/uploads\/Citiz-300x300.jpeg\" alt=\"\" width=\"113\" height=\"113\" srcset=\"https:\/\/www.ce-illkirch.fr\/wordpress\/wp-content\/uploads\/Citiz-300x300.jpeg 300w, https:\/\/www.ce-illkirch.fr\/wordpress\/wp-content\/uploads\/Citiz-150x150.jpeg 150w, https:\/\/www.ce-illkirch.fr\/wordpress\/wp-content\/uploads\/Citiz-250x250.jpeg 250w, https:\/\/www.ce-illkirch.fr\/wordpress\/wp-content\/uploads\/Citiz-125x125.jpeg 125w, https:\/\/www.ce-illkirch.fr\/wordpress\/wp-content\/uploads\/Citiz-64x64.jpeg 64w, https:\/\/www.ce-illkirch.fr\/wordpress\/wp-content\/uploads\/Citiz-110x110.jpeg 110w, https:\/\/www.ce-illkirch.fr\/wordpress\/wp-content\/uploads\/Citiz.jpeg 400w\" sizes=\"auto, (max-width: 113px) 100vw, 113px\" \/><strong>Profitez de l\u2019autopartage Citiz gr\u00e2ce \u00e0 votre CSE<\/strong><\/p>\n<p>Depuis 2012, votre CSE est soci\u00e9taire de la coop\u00e9rative <strong><a href=\"https:\/\/grand-est.citiz.coop\/\">Citiz<\/a><\/strong>. \u00c0 ce titre, vous b\u00e9n\u00e9ficiez d\u2019avantages exclusifs en renseignant le <strong>code promo CSEALE<\/strong> lors de l&rsquo;inscription :<\/p>\n<ul>\n<li>\n<h3><strong>Frais d\u2019inscription r\u00e9duits (20\u20ac au lieu de 40\u20ac) <\/strong>sur pr\u00e9sentation d\u2019une attestation d\u00e9livr\u00e9e par le CSE<\/h3>\n<\/li>\n<li>\n<h3><strong>Abonnement \u00e0 8 \u20ac\/mois<\/strong>\u00a0(au lieu de 16 \u20ac)<\/h3>\n<\/li>\n<\/ul>\n<p><strong>Et pour ceux qui auraient un usage tr\u00e8s ponctuel du service\u00a0(vacances, voiture de secours ou d\u00e9m\u00e9nagement par exemple) une formule Sans abonnement existe !<\/strong><\/p>\n<ul>\n<li>\n<h3><strong>Remboursement par le CSE de 20 \u20ac\/an<\/strong>\u00a0sur facture<\/h3>\n<\/li>\n<\/ul>\n<p><strong>\u00a0Citiz, un r\u00e9seau proche de vous<\/strong><\/p>\n<p>En 2025, Citiz met \u00e0 disposition <strong>pr\u00e8s de 400 v\u00e9hicules en libre-service<\/strong>\u00a0r\u00e9partis dans <strong>29 gares<\/strong> et plus de <strong>40 communes<\/strong> en Alsace, Champagne-Ardenne et Lorraine.<\/p>\n<p>Citiz, c\u2019est aussi un r\u00e9seau national pr\u00e9sent dans <strong>260 villes en France<\/strong>, avec plus de <strong>2 700 v\u00e9hicules<\/strong> accessibles en toute autonomie.<\/p>\n<p><strong>\u00a0Un v\u00e9hicule pour chaque besoin !<\/strong><\/p>\n<p>Avec Citiz, plus besoin de poss\u00e9der une voiture pour se d\u00e9placer, vous avez <strong>plusieurs mod\u00e8les \u00e0 disposition 24h\/24<\/strong>, selon vos besoins :<\/p>\n<ul>\n<li>Citadines<\/li>\n<li>Familiales<\/li>\n<li>Minibus<\/li>\n<li>Utilitaires<\/li>\n<li>V\u00e9hicules TPMR<\/li>\n<\/ul>\n<p>Les r\u00e9servations sont possibles pour <strong>1 heure, 1 journ\u00e9e ou plus<\/strong>.<\/p>\n<p><strong>&#xfe0f;\u00a0Citiz s\u2019occupe de tout<\/strong><\/p>\n<p>Entretien, assurance, carburant, nettoyage, stationnement d\u00e9di\u00e9\u2026 tout est inclus.<\/p>\n<p>Vous ne payez que l\u2019usage : \u00e0 l\u2019heure + au kilom\u00e8tre parcouru.<\/p>\n<h2>Aucune mauvaise surprise, <strong>tout est compris, m\u00eame le carburant.<\/strong><\/h2>\n<p><strong>\u00a0Pas de station pr\u00e8s de chez vous ?<\/strong><\/p>\n<p>Citiz peut <strong>ouvrir une nouvelle station \u00e0 partir de 25 adh\u00e9rents<\/strong> dans un m\u00eame quartier ou une m\u00eame commune.<\/p>\n<p>&nbsp;<\/p>\n","protected":false},"excerpt":{"rendered":"<p>Profitez de l\u2019autopartage Citiz gr\u00e2ce \u00e0 votre CSE Depuis 2012, votre CSE est soci\u00e9taire de la coop\u00e9rative Citiz. \u00c0 ce titre, vous b\u00e9n\u00e9ficiez d\u2019avantages exclusifs en renseignant le code promo [&hellip;]<\/p>\n","protected":false},"author":2,"featured_media":23085,"parent":579,"menu_order":0,"comment_status":"open","ping_status":"closed","template":"","meta":{"footnotes":""},"class_list":["post-6148","page","type-page","status-publish","has-post-thumbnail","hentry"],"publishpress_future_action":{"enabled":false,"date":"2026-05-13 14:01:48","action":"change-status","newStatus":"draft","terms":[],"taxonomy":"category","extraData":[]},"publishpress_future_workflow_manual_trigger":{"enabledWorkflows":[]},"_links":{"self":[{"href":"https:\/\/www.ce-illkirch.fr\/wordpress\/wp-json\/wp\/v2\/pages\/6148","targetHints":{"allow":["GET"]}}],"collection":[{"href":"https:\/\/www.ce-illkirch.fr\/wordpress\/wp-json\/wp\/v2\/pages"}],"about":[{"href":"https:\/\/www.ce-illkirch.fr\/wordpress\/wp-json\/wp\/v2\/types\/page"}],"author":[{"embeddable":true,"href":"https:\/\/www.ce-illkirch.fr\/wordpress\/wp-json\/wp\/v2\/users\/2"}],"replies":[{"embeddable":true,"href":"https:\/\/www.ce-illkirch.fr\/wordpress\/wp-json\/wp\/v2\/comments?post=6148"}],"version-history":[{"count":12,"href":"https:\/\/www.ce-illkirch.fr\/wordpress\/wp-json\/wp\/v2\/pages\/6148\/revisions"}],"predecessor-version":[{"id":39027,"href":"https:\/\/www.ce-illkirch.fr\/wordpress\/wp-json\/wp\/v2\/pages\/6148\/revisions\/39027"}],"up":[{"embeddable":true,"href":"https:\/\/www.ce-illkirch.fr\/wordpress\/wp-json\/wp\/v2\/pages\/579"}],"wp:featuredmedia":[{"embeddable":true,"href":"https:\/\/www.ce-illkirch.fr\/wordpress\/wp-json\/wp\/v2\/media\/23085"}],"wp:attachment":[{"href":"https:\/\/www.ce-illkirch.fr\/wordpress\/wp-json\/wp\/v2\/media?parent=6148"}],"curies":[{"name":"wp","href":"https:\/\/api.w.org\/{rel}","templated":true}]}}