{"id":624,"date":"2021-03-04T11:02:25","date_gmt":"2021-03-04T10:02:25","guid":{"rendered":"http:\/\/www.ce-illkirch.fr\/wordpress\/?page_id=624"},"modified":"2025-06-18T09:52:33","modified_gmt":"2025-06-18T07:52:33","slug":"avolys","status":"publish","type":"page","link":"https:\/\/www.ce-illkirch.fr\/wordpress\/formations\/avolys\/","title":{"rendered":"La Commission Formation"},"content":{"rendered":"<p style=\"text-align: left;\"><strong>Sa mission<\/strong><\/p>\n<p>La Commission Emploi Formation a pour mission le suivi du plan de formation de l&rsquo;\u00e9tablissement, des dispositifs de formation tels que le Cong\u00e9 de formation individuel (CIF), capital temps formation, bilan de comp\u00e9tences, validation des acquis professionnels. Elle a un r\u00f4le de critique et de suggestions. Elle intervient aussi sur la gestion pr\u00e9visionnelle des emplois, l&rsquo;\u00e9volution des comp\u00e9tences en lien avec les probl\u00e8mes d&#8217;emploi. Depuis l&rsquo;accord RTT, elle participe \u00e0 l&rsquo;\u00e9laboration d&rsquo;un r\u00e9pertoire de formations dans le cadre du CEF (Compte Epargne Formation).<\/p>\n<p><span style=\"color: #ff9900;\"><strong><a href=\"https:\/\/aleinternational.sharepoint.com\/intranet_CE_Illkirch\/Documents%20partages\/Forms\/AllItems.aspx?id=%2Fintranet%5FCE%5FIllkirch%2FDocuments%20partages%2FDocuments%20CSE&amp;viewid=8d512759%2D2f2e%2D43ca%2Db4d5%2D0b9ebfc9d6f8&amp;FolderCTID=0x0120002DCF11EF3D7EC64B8580978930F906BA\" target=\"_blank\" rel=\"noopener\">Ses membres <\/a>(sur le site Intranet du CSE)<br \/>\n<\/strong><\/span><\/p>\n<p>Le Service Formation de la DRH propose chaque ann\u00e9e des formations \u00e9ligibles au <strong>Compte Epargne Formation<\/strong>. D&rsquo;autres formations peuvent \u00eatre \u00e9ligibles, apr\u00e8s accord de la DRH et dans la limite d&rsquo;un plafond de d\u00e9penses.<\/p>\n<p><strong><span style=\"color: #ff9900;\"> Voir aussi &#8230;<\/span><\/strong><\/p>\n<p><a title=\"Plan Formation ALE France\" href=\"https:\/\/aleinternational.sharepoint.com\/sites\/teams\/hr-france-comms-archive\/Ma%20situation%20personnelle\/Formation?csf=1&amp;web=1\" target=\"_blank\" rel=\"noopener\">Le site Intranet HR France<\/a><\/p>\n<p>&nbsp;<\/p>\n","protected":false},"excerpt":{"rendered":"<p>Sa mission La Commission Emploi Formation a pour mission le suivi du plan de formation de l&rsquo;\u00e9tablissement, des dispositifs de formation tels que le Cong\u00e9 de formation individuel (CIF), capital [&hellip;]<\/p>\n","protected":false},"author":2,"featured_media":0,"parent":75,"menu_order":0,"comment_status":"closed","ping_status":"closed","template":"","meta":{"footnotes":""},"class_list":["post-624","page","type-page","status-publish","hentry"],"publishpress_future_action":{"enabled":false,"date":"2026-05-13 15:01:18","action":"change-status","newStatus":"draft","terms":[],"taxonomy":"category","extraData":[]},"publishpress_future_workflow_manual_trigger":{"enabledWorkflows":[]},"_links":{"self":[{"href":"https:\/\/www.ce-illkirch.fr\/wordpress\/wp-json\/wp\/v2\/pages\/624","targetHints":{"allow":["GET"]}}],"collection":[{"href":"https:\/\/www.ce-illkirch.fr\/wordpress\/wp-json\/wp\/v2\/pages"}],"about":[{"href":"https:\/\/www.ce-illkirch.fr\/wordpress\/wp-json\/wp\/v2\/types\/page"}],"author":[{"embeddable":true,"href":"https:\/\/www.ce-illkirch.fr\/wordpress\/wp-json\/wp\/v2\/users\/2"}],"replies":[{"embeddable":true,"href":"https:\/\/www.ce-illkirch.fr\/wordpress\/wp-json\/wp\/v2\/comments?post=624"}],"version-history":[{"count":7,"href":"https:\/\/www.ce-illkirch.fr\/wordpress\/wp-json\/wp\/v2\/pages\/624\/revisions"}],"predecessor-version":[{"id":37556,"href":"https:\/\/www.ce-illkirch.fr\/wordpress\/wp-json\/wp\/v2\/pages\/624\/revisions\/37556"}],"up":[{"embeddable":true,"href":"https:\/\/www.ce-illkirch.fr\/wordpress\/wp-json\/wp\/v2\/pages\/75"}],"wp:attachment":[{"href":"https:\/\/www.ce-illkirch.fr\/wordpress\/wp-json\/wp\/v2\/media?parent=624"}],"curies":[{"name":"wp","href":"https:\/\/api.w.org\/{rel}","templated":true}]}}