{"id":6690,"date":"2012-05-03T14:55:24","date_gmt":"2012-05-03T13:55:24","guid":{"rendered":"http:\/\/www.ce-illkirch.fr\/wordpress\/?page_id=6690"},"modified":"2026-04-09T13:47:57","modified_gmt":"2026-04-09T11:47:57","slug":"alimentaire","status":"publish","type":"page","link":"https:\/\/www.ce-illkirch.fr\/wordpress\/offres-commerciales-2\/alimentaire\/","title":{"rendered":"Alimentaire"},"content":{"rendered":"<ul>\n<li><strong><a href=\"https:\/\/www.ce-illkirch.fr\/wordpress\/wp-content\/uploads\/2025\/05\/localease.png\"><img loading=\"lazy\" decoding=\"async\" class=\"size-medium wp-image-37398 alignleft\" src=\"https:\/\/www.ce-illkirch.fr\/wordpress\/wp-content\/uploads\/2025\/05\/localease-300x94.png\" alt=\"\" width=\"300\" height=\"94\" srcset=\"https:\/\/www.ce-illkirch.fr\/wordpress\/wp-content\/uploads\/2025\/05\/localease-300x94.png 300w, https:\/\/www.ce-illkirch.fr\/wordpress\/wp-content\/uploads\/2025\/05\/localease-768x240.png 768w, https:\/\/www.ce-illkirch.fr\/wordpress\/wp-content\/uploads\/2025\/05\/localease-110x34.png 110w, https:\/\/www.ce-illkirch.fr\/wordpress\/wp-content\/uploads\/2025\/05\/localease-420x131.png 420w, https:\/\/www.ce-illkirch.fr\/wordpress\/wp-content\/uploads\/2025\/05\/localease-770x240.png 770w, https:\/\/www.ce-illkirch.fr\/wordpress\/wp-content\/uploads\/2025\/05\/localease.png 945w\" sizes=\"auto, (max-width: 300px) 100vw, 300px\" \/><\/a>DECOUVREZ <a href=\"http:\/\/www.localeasedrive.fr\">LOCAL\u2019EASE<\/a> : <a href=\"http:\/\/www.localeasedrive.fr\">www.localeasedrive.fr<\/a><\/strong>Local\u2019Ease, le drive de produits locaux, fait \u00e9voluer son service et propose d\u00e9sormais\u00a0<strong>la livraison directement dans les entreprises du parc<\/strong>.\n<p>&#x1f4c5;\u00a0<strong>Quand ? <\/strong>Les\u00a0<strong>mardis et jeudis de 16h30 \u00e0 19h00<\/strong><\/p>\n<p>&#x1f4e6;\u00a0<strong>Comment \u00e7a fonctionne ?<\/strong><\/p>\n<ol>\n<li>Commandez vos produits locaux sur le site Local\u2019Ease<\/li>\n<li>Indiquez\u00a0<strong>l\u2019adresse de votre entreprise situ\u00e9e dans le Parc d\u2019Innovation<\/strong>\u00a0lors du paiement<\/li>\n<li>S\u00e9lectionnez le cr\u00e9neau de livraison souhait\u00e9<\/li>\n<\/ol>\n<p>Le jour J, vous recevrez\u00a0<strong>un message environ 20 minutes avant la livraison<\/strong>\u00a0afin de vous pr\u00e9venir de l\u2019arriv\u00e9e de votre commande.<\/p>\n<p>Une solution simple pour r\u00e9cup\u00e9rer\u00a0<strong>des produits frais, locaux et de saison<\/strong>, directement sur votre lieu de travail.<\/p>\n<p>&#x1f449; Commander : <a href=\"https:\/\/smex-ctp.trendmicro.com:443\/wis\/clicktime\/v1\/query?url=http%3a%2f%2fwww.localeasedrive.fr&amp;umid=daaf86db-ea53-4658-b60f-92f248f5f45c&amp;auth=95cf07390100bb9497ec649d43aeff7ecafc2a5e-b2428ba49cd644a810b07ec34c9bc13866b7fe8c\">www.localeasedrive.fr<\/a><\/li>\n<li><a href=\"http:\/\/www.artisansdumonde.org\/\" target=\"_blank\" rel=\"noopener\"><strong>Artisans du Monde <\/strong><\/a><strong>: <\/strong>24 rue de la Division Leclerc \u00e0 Strasbourg \u2013 Consommer autrement :\u00a0<a href=\"http:\/\/www.artisansdumonde.org\" target=\"_blank\" rel=\"noopener\">Artisans du Monde<\/a> propose une offre globale de produits 100% \u00e9quitable : \u00e9picerie sucr\u00e9e et sal\u00e9e (caf\u00e9, chocolat, jus de fruits,\u2026) ; large choix de produits artisanaux (bijoux, d\u00e9coration\u2026); trois gammes de produits de beaut\u00e9.<\/li>\n<\/ul>\n<p><a href=\"https:\/\/bocaux-agneau.fr\/\"><strong><img loading=\"lazy\" decoding=\"async\" class=\" wp-image-36412 alignleft\" src=\"https:\/\/www.ce-illkirch.fr\/wordpress\/wp-content\/uploads\/2024\/11\/bocauxagneau-150x150.png\" alt=\"\" width=\"116\" height=\"116\" srcset=\"https:\/\/www.ce-illkirch.fr\/wordpress\/wp-content\/uploads\/2024\/11\/bocauxagneau-150x150.png 150w, https:\/\/www.ce-illkirch.fr\/wordpress\/wp-content\/uploads\/2024\/11\/bocauxagneau-300x300.png 300w, https:\/\/www.ce-illkirch.fr\/wordpress\/wp-content\/uploads\/2024\/11\/bocauxagneau-250x250.png 250w, https:\/\/www.ce-illkirch.fr\/wordpress\/wp-content\/uploads\/2024\/11\/bocauxagneau-125x125.png 125w, https:\/\/www.ce-illkirch.fr\/wordpress\/wp-content\/uploads\/2024\/11\/bocauxagneau-64x64.png 64w, https:\/\/www.ce-illkirch.fr\/wordpress\/wp-content\/uploads\/2024\/11\/bocauxagneau-110x110.png 110w, https:\/\/www.ce-illkirch.fr\/wordpress\/wp-content\/uploads\/2024\/11\/bocauxagneau-420x420.png 420w, https:\/\/www.ce-illkirch.fr\/wordpress\/wp-content\/uploads\/2024\/11\/bocauxagneau-430x430.png 430w, https:\/\/www.ce-illkirch.fr\/wordpress\/wp-content\/uploads\/2024\/11\/bocauxagneau-120x120.png 120w, https:\/\/www.ce-illkirch.fr\/wordpress\/wp-content\/uploads\/2024\/11\/bocauxagneau.png 500w\" sizes=\"auto, (max-width: 116px) 100vw, 116px\" \/>Les Bocaux de l&rsquo;Agneau<\/strong><\/a> : Guillaume KERN, chef de cuisine et g\u00e9rant des Bocaux de l&rsquo;Agneau \/ <a href=\"https:\/\/www.ce-illkirch.fr\/wordpress\/wp-content\/uploads\/2024\/11\/bocaux_Presentation-partenaire-ILLKIRCH.pdf\">BOKKO\u2019S<\/a> \u00e0 Illkirch produit avec son \u00e9quipe toute une gamme de plats en bocaux (frais ou st\u00e9rilis\u00e9s) et de <a href=\"https:\/\/www.ce-illkirch.fr\/wordpress\/wp-content\/uploads\/2024\/11\/bocaux_rillettes-aperos-Les-Bocaux-de-lAgneau-1.pdf\">rillettes<\/a> (viandes, poissons et v\u00e9g\u00e9tariennes) 100% artisanale, sans conservateurs ni additifs. Leurs mots d\u2019ordre : le savoir-faire, la qualit\u00e9 gustative, le z\u00e9ro-d\u00e9chet et l\u2019amour du travail bien fait.<\/p>\n<p>&#8211; Remise annuelle sur les plats frais en bocal : 10\u20ac au lieu de 10,90\u20ac sur pr\u00e9sentation du badge d&rsquo;entreprise<\/p>\n<p>&#8211; D\u00e8s 60\u20ac d&rsquo;achat sur la gamme des rillettes\/terrines (uniquement) : un houmous au citron confit offert<\/p>\n<ul>\n<li><strong><img loading=\"lazy\" decoding=\"async\" class=\"wp-image-32946 alignright\" style=\"font-weight: 400;\" src=\"https:\/\/www.ce-illkirch.fr\/wordpress\/wp-content\/uploads\/2023\/03\/caveauostwald-300x125.jpg\" alt=\"\" width=\"264\" height=\"110\" srcset=\"https:\/\/www.ce-illkirch.fr\/wordpress\/wp-content\/uploads\/2023\/03\/caveauostwald-300x125.jpg 300w, https:\/\/www.ce-illkirch.fr\/wordpress\/wp-content\/uploads\/2023\/03\/caveauostwald-110x46.jpg 110w, https:\/\/www.ce-illkirch.fr\/wordpress\/wp-content\/uploads\/2023\/03\/caveauostwald-420x175.jpg 420w, https:\/\/www.ce-illkirch.fr\/wordpress\/wp-content\/uploads\/2023\/03\/caveauostwald.jpg 600w\" sizes=\"auto, (max-width: 264px) 100vw, 264px\" \/>Caveau d&rsquo;Ostwald<\/strong> : <strong>remise de 5%<\/strong> sur pr\u00e9sentation du badge ALE &#8211;\n<div class=\"x9f619 x1n2onr6 x1ja2u2z x78zum5 x2lah0s x1nhvcw1 x1qjc9v5 xozqiw3 x1q0g3np xexx8yu xykv574 xbmpl8g x4cne27 xifccgj\">\n<div class=\"x9f619 x1n2onr6 x1ja2u2z x78zum5 xdt5ytf x193iq5w xeuugli x1r8uery x1iyjqo2 xs83m0k xamitd3 xsyo7zv x16hj40l x10b6aqq x1yrsyyn\">\n<div class=\"x78zum5 xdt5ytf xz62fqu x16ldp7u\">\n<div class=\"xu06os2 x1ok221b\">\n<div class=\"x1i10hfl xjbqb8w x6umtig x1b1mbwd xaqea5y xav7gou x9f619 x1ypdohk xt0psk2 xe8uvvx xdj266r x11i5rnm xat24cr x1mh8g0r xexx8yu x4uap5 x18d9i69 xkhd6sd x16tdsg8 x1hl2dhg xggy1nq x1a2a7pz xt0b8zv xzsf02u x1s688f\" tabindex=\"0\" role=\"button\"><span class=\"x193iq5w xeuugli x13faqbe x1vvkbs x1xmvt09 x6prxxf xvq8zen xo1l8bm xzsf02u\">Magasin sp\u00e9cialis\u00e9 dans la vente d\u2019alcools<\/span><\/div>\n<\/div>\n<\/div>\n<\/div>\n<\/div>\n<div class=\"x9f619 x1n2onr6 x1ja2u2z x78zum5 x2lah0s x1nhvcw1 x1qjc9v5 xozqiw3 x1q0g3np xyamay9 xykv574 xbmpl8g x4cne27 xifccgj\">\n<div class=\"x9f619 x1n2onr6 x1ja2u2z x78zum5 xdt5ytf x193iq5w xeuugli x1r8uery x1iyjqo2 xs83m0k xamitd3 xsyo7zv x16hj40l x10b6aqq x1yrsyyn\">\n<div class=\"x1i10hfl xjbqb8w x6umtig x1b1mbwd xaqea5y xav7gou x9f619 x1ypdohk xt0psk2 xe8uvvx xdj266r x11i5rnm xat24cr x1mh8g0r xexx8yu x4uap5 x18d9i69 xkhd6sd x16tdsg8 x1hl2dhg xggy1nq x1a2a7pz x1heor9g xt0b8zv\" tabindex=\"0\" role=\"button\"><span class=\"x193iq5w xeuugli x13faqbe x1vvkbs x1xmvt09 x1lliihq x1s928wv xhkezso x1gmr53x x1cpjm7i x1fgarty x1943h6x xudqn12 x3x7a5m x6prxxf xvq8zen xo1l8bm xzsf02u\" dir=\"auto\">28 rue du Mar\u00e9chal Foch, Ostwald, France<\/span><\/div>\n<\/div>\n<\/div>\n<div class=\"x9f619 x1n2onr6 x1ja2u2z x78zum5 x2lah0s x1nhvcw1 x1qjc9v5 xozqiw3 x1q0g3np xyamay9 xykv574 xbmpl8g x4cne27 xifccgj\">\n<div class=\"x9f619 x1n2onr6 x1ja2u2z x78zum5 xdt5ytf x193iq5w xeuugli x1r8uery x1iyjqo2 xs83m0k xamitd3 xsyo7zv x16hj40l x10b6aqq x1yrsyyn\">\n<div class=\"x78zum5 xdt5ytf xz62fqu x16ldp7u\">\n<div class=\"xu06os2 x1ok221b\"><span class=\"x193iq5w xeuugli x13faqbe x1vvkbs x1xmvt09 x1lliihq x1s928wv xhkezso x1gmr53x x1cpjm7i x1fgarty x1943h6x xudqn12 x3x7a5m x6prxxf xvq8zen xo1l8bm xzsf02u x1yc453h\" dir=\"auto\">03 88 66 77 00<\/span><\/div>\n<\/div>\n<\/div>\n<\/div>\n<div class=\"x9f619 x1n2onr6 x1ja2u2z x78zum5 x2lah0s x1nhvcw1 x1qjc9v5 xozqiw3 x1q0g3np xyamay9 xykv574 xbmpl8g x4cne27 xifccgj\">\n<div class=\"x9f619 x1n2onr6 x1ja2u2z x78zum5 xdt5ytf x193iq5w xeuugli x1r8uery x1iyjqo2 xs83m0k xamitd3 xsyo7zv x16hj40l x10b6aqq x1yrsyyn\">\n<div class=\"x78zum5 xdt5ytf xz62fqu x16ldp7u\">\n<div class=\"xu06os2 x1ok221b\"><span class=\"x193iq5w xeuugli x13faqbe x1vvkbs x1xmvt09 x1lliihq x1s928wv xhkezso x1gmr53x x1cpjm7i x1fgarty x1943h6x xudqn12 x3x7a5m x6prxxf xvq8zen xo1l8bm xzsf02u x1yc453h\" dir=\"auto\">contact@caveauostwald.com<\/span><\/div>\n<div><\/div>\n<div>\n<ul>\n<li><a href=\"http:\/\/www.couleursduthe.com\"><img loading=\"lazy\" decoding=\"async\" class=\"wp-image-31165 alignright\" src=\"https:\/\/www.ce-illkirch.fr\/wordpress\/wp-content\/uploads\/2022\/09\/couleursduthe_LOGO_bassedef-300x300.png\" alt=\"\" width=\"152\" height=\"152\" srcset=\"https:\/\/www.ce-illkirch.fr\/wordpress\/wp-content\/uploads\/2022\/09\/couleursduthe_LOGO_bassedef-300x300.png 300w, https:\/\/www.ce-illkirch.fr\/wordpress\/wp-content\/uploads\/2022\/09\/couleursduthe_LOGO_bassedef-1024x1024.png 1024w, https:\/\/www.ce-illkirch.fr\/wordpress\/wp-content\/uploads\/2022\/09\/couleursduthe_LOGO_bassedef-150x150.png 150w, https:\/\/www.ce-illkirch.fr\/wordpress\/wp-content\/uploads\/2022\/09\/couleursduthe_LOGO_bassedef-768x768.png 768w, https:\/\/www.ce-illkirch.fr\/wordpress\/wp-content\/uploads\/2022\/09\/couleursduthe_LOGO_bassedef-250x250.png 250w, https:\/\/www.ce-illkirch.fr\/wordpress\/wp-content\/uploads\/2022\/09\/couleursduthe_LOGO_bassedef-125x125.png 125w, https:\/\/www.ce-illkirch.fr\/wordpress\/wp-content\/uploads\/2022\/09\/couleursduthe_LOGO_bassedef-64x64.png 64w, https:\/\/www.ce-illkirch.fr\/wordpress\/wp-content\/uploads\/2022\/09\/couleursduthe_LOGO_bassedef-110x110.png 110w, https:\/\/www.ce-illkirch.fr\/wordpress\/wp-content\/uploads\/2022\/09\/couleursduthe_LOGO_bassedef-420x420.png 420w, https:\/\/www.ce-illkirch.fr\/wordpress\/wp-content\/uploads\/2022\/09\/couleursduthe_LOGO_bassedef-430x430.png 430w, https:\/\/www.ce-illkirch.fr\/wordpress\/wp-content\/uploads\/2022\/09\/couleursduthe_LOGO_bassedef-120x120.png 120w, https:\/\/www.ce-illkirch.fr\/wordpress\/wp-content\/uploads\/2022\/09\/couleursduthe_LOGO_bassedef.png 1181w\" sizes=\"auto, (max-width: 152px) 100vw, 152px\" \/><\/a><a href=\"http:\/\/www.couleursduthe.com\"><strong>Couleurs du Th\u00e9<\/strong><\/a>\u00a0-15% de r\u00e9duction sur les th\u00e9s bio en vrac, en pr\u00e9sentant votre badge ALE.<\/li>\n<\/ul>\n<div>All\u00e9e Fran\u00e7ois Mitterrand \/ Centr\u2019Ill &#8211; Illkirch Graff . 09.74.97.48.37.\u00a0<a href=\"https:\/\/www.ce-illkirch.fr\/wordpress\/wp-content\/uploads\/2022\/09\/couleursduthe_PARTENARIAT-CE_HD-1.pdf\">Affiche<\/a><\/div>\n<\/div>\n<\/div>\n<\/div>\n<\/div>\n<div><\/div>\n<\/li>\n<li><img loading=\"lazy\" decoding=\"async\" class=\"wp-image-31448 alignright\" src=\"https:\/\/www.ce-illkirch.fr\/wordpress\/wp-content\/uploads\/2022\/10\/envie_Logo-Envie-Vegane-300x300.jpg\" alt=\"\" width=\"86\" height=\"86\" srcset=\"https:\/\/www.ce-illkirch.fr\/wordpress\/wp-content\/uploads\/2022\/10\/envie_Logo-Envie-Vegane-300x300.jpg 300w, https:\/\/www.ce-illkirch.fr\/wordpress\/wp-content\/uploads\/2022\/10\/envie_Logo-Envie-Vegane-150x150.jpg 150w, https:\/\/www.ce-illkirch.fr\/wordpress\/wp-content\/uploads\/2022\/10\/envie_Logo-Envie-Vegane-768x768.jpg 768w, https:\/\/www.ce-illkirch.fr\/wordpress\/wp-content\/uploads\/2022\/10\/envie_Logo-Envie-Vegane-250x250.jpg 250w, https:\/\/www.ce-illkirch.fr\/wordpress\/wp-content\/uploads\/2022\/10\/envie_Logo-Envie-Vegane-125x125.jpg 125w, https:\/\/www.ce-illkirch.fr\/wordpress\/wp-content\/uploads\/2022\/10\/envie_Logo-Envie-Vegane-64x64.jpg 64w, https:\/\/www.ce-illkirch.fr\/wordpress\/wp-content\/uploads\/2022\/10\/envie_Logo-Envie-Vegane-110x110.jpg 110w, https:\/\/www.ce-illkirch.fr\/wordpress\/wp-content\/uploads\/2022\/10\/envie_Logo-Envie-Vegane-420x420.jpg 420w, https:\/\/www.ce-illkirch.fr\/wordpress\/wp-content\/uploads\/2022\/10\/envie_Logo-Envie-Vegane-430x430.jpg 430w, https:\/\/www.ce-illkirch.fr\/wordpress\/wp-content\/uploads\/2022\/10\/envie_Logo-Envie-Vegane-120x120.jpg 120w, https:\/\/www.ce-illkirch.fr\/wordpress\/wp-content\/uploads\/2022\/10\/envie_Logo-Envie-Vegane.jpg 776w\" sizes=\"auto, (max-width: 86px) 100vw, 86px\" \/>B\u00e9n\u00e9ficiez de <strong>5% de remise<\/strong> sur tous vos achats chez <strong>Envie V\u00e9gane, sur pr\u00e9sentation du badge ALE<\/strong><\/li>\n<\/ul>\n<div>\n<p>Envie V\u00e9gane est une \u00e9picerie avec une approche locale, \u00e9thique et bienveillante qui propose des produits sans ingr\u00e9dients d\u2019origine animale.<\/p>\n<p>Vous y trouverez des producteurs le plus possible locaux, plusieurs sont de la r\u00e9gion, voire certains m\u00eame de Strasbourg.<\/p>\n<p><strong><img loading=\"lazy\" decoding=\"async\" class=\"wp-image-31449 alignright\" src=\"https:\/\/www.ce-illkirch.fr\/wordpress\/wp-content\/uploads\/2022\/10\/envie_Screenshot_20220304-163941_Instagram-1-300x280.jpg\" alt=\"\" width=\"109\" height=\"102\" srcset=\"https:\/\/www.ce-illkirch.fr\/wordpress\/wp-content\/uploads\/2022\/10\/envie_Screenshot_20220304-163941_Instagram-1-300x280.jpg 300w, https:\/\/www.ce-illkirch.fr\/wordpress\/wp-content\/uploads\/2022\/10\/envie_Screenshot_20220304-163941_Instagram-1-1024x957.jpg 1024w, https:\/\/www.ce-illkirch.fr\/wordpress\/wp-content\/uploads\/2022\/10\/envie_Screenshot_20220304-163941_Instagram-1-768x718.jpg 768w, https:\/\/www.ce-illkirch.fr\/wordpress\/wp-content\/uploads\/2022\/10\/envie_Screenshot_20220304-163941_Instagram-1-110x103.jpg 110w, https:\/\/www.ce-illkirch.fr\/wordpress\/wp-content\/uploads\/2022\/10\/envie_Screenshot_20220304-163941_Instagram-1-420x392.jpg 420w, https:\/\/www.ce-illkirch.fr\/wordpress\/wp-content\/uploads\/2022\/10\/envie_Screenshot_20220304-163941_Instagram-1-460x430.jpg 460w, https:\/\/www.ce-illkirch.fr\/wordpress\/wp-content\/uploads\/2022\/10\/envie_Screenshot_20220304-163941_Instagram-1.jpg 1080w\" sizes=\"auto, (max-width: 109px) 100vw, 109px\" \/><\/strong>A deux pas du centre-ville, dans le quartier historique de la Krutenau, vous aurez un choix vari\u00e9 de produits alimentaires, de boissons et de produits d\u2019entretien.<\/p>\n<p>Un coin cosm\u00e9tique 100% v\u00e9gane vous-y attend \u00e9galement.<\/p>\n<p>Peu importe votre r\u00e9gime alimentaire, vous ferez forc\u00e9ment de belles d\u00e9couvertes !<\/p>\n<p><img loading=\"lazy\" decoding=\"async\" class=\"wp-image-31450 alignleft\" src=\"https:\/\/www.ce-illkirch.fr\/wordpress\/wp-content\/uploads\/2022\/10\/envie_20220416_170402-300x135.jpg\" alt=\"\" width=\"98\" height=\"44\" srcset=\"https:\/\/www.ce-illkirch.fr\/wordpress\/wp-content\/uploads\/2022\/10\/envie_20220416_170402-300x135.jpg 300w, https:\/\/www.ce-illkirch.fr\/wordpress\/wp-content\/uploads\/2022\/10\/envie_20220416_170402-1024x462.jpg 1024w, https:\/\/www.ce-illkirch.fr\/wordpress\/wp-content\/uploads\/2022\/10\/envie_20220416_170402-768x346.jpg 768w, https:\/\/www.ce-illkirch.fr\/wordpress\/wp-content\/uploads\/2022\/10\/envie_20220416_170402-1536x692.jpg 1536w, https:\/\/www.ce-illkirch.fr\/wordpress\/wp-content\/uploads\/2022\/10\/envie_20220416_170402-2048x923.jpg 2048w, https:\/\/www.ce-illkirch.fr\/wordpress\/wp-content\/uploads\/2022\/10\/envie_20220416_170402-110x50.jpg 110w, https:\/\/www.ce-illkirch.fr\/wordpress\/wp-content\/uploads\/2022\/10\/envie_20220416_170402-420x189.jpg 420w, https:\/\/www.ce-illkirch.fr\/wordpress\/wp-content\/uploads\/2022\/10\/envie_20220416_170402-770x347.jpg 770w\" sizes=\"auto, (max-width: 98px) 100vw, 98px\" \/> Julie &#8211; <strong>Envie V\u00e9gane<\/strong><\/p>\n<p><strong>Adresse <\/strong>: 34 Rue de la Krutenau, 67000 Strasbourg \/ <a href=\"https:\/\/goo.gl\/maps\/4RY77sMtqWjfhVTd8\">https:\/\/goo.gl\/maps\/4RY77sMtqWjfhVTd8<\/a><\/p>\n<p><strong>T\u00e9l\u00e9phone <\/strong>: 0972840381<\/p>\n<p><strong>Horaires<\/strong> : Ouvert du mardi au vendredi de 10h \u00e0 13h puis de 15h \u00e0 19h \/ Ouvert le samedi de 10h \u00e0 18h en continu<\/p>\n<p><a href=\"https:\/\/www.ce-illkirch.fr\/wordpress\/wp-content\/uploads\/2025\/01\/veganproject.png\"><img loading=\"lazy\" decoding=\"async\" class=\"size-full wp-image-36655 alignleft\" src=\"https:\/\/www.ce-illkirch.fr\/wordpress\/wp-content\/uploads\/2025\/01\/veganproject.png\" alt=\"\" width=\"192\" height=\"123\" srcset=\"https:\/\/www.ce-illkirch.fr\/wordpress\/wp-content\/uploads\/2025\/01\/veganproject.png 192w, https:\/\/www.ce-illkirch.fr\/wordpress\/wp-content\/uploads\/2025\/01\/veganproject-110x70.png 110w\" sizes=\"auto, (max-width: 192px) 100vw, 192px\" \/><\/a><a href=\"http:\/\/www.theveganfoodieproject.com\">THE VEGAN FOODIE PROJECT<\/a> : <strong>Offrez (ou vivez) un moment gourmand !<br \/>\nAvec votre badge CSE ALE, profitez d\u2019un tarif pr\u00e9f\u00e9rentiel de 75 \u20ac (au lieu de 85 \u20ac), sur pr\u00e9sentation du badge ALE, pour nos ateliers de cuisine v\u00e9g\u00e9tale \u00e0 Strasbourg.<br \/>\nAvec plus de 25 ateliers diff\u00e9rents, incluant R\u00e2men, Sushis, cuisine mexicaine ou Brunchs, ils sont id\u00e9aux pour se faire plaisir, surprendre et cr\u00e9er de beaux souvenirs gourmands.<\/strong><\/p>\n<p>L\u2019\u00e9levage \u00e9tant l\u2019une des principales sources d\u2019\u00e9missions de gaz \u00e0 effet de serre, nos ateliers s\u2019inscrivent dans une d\u00e9marche de transition \u00e9cologique. Ils invitent en douceur \u00e0 d\u00e9couvrir comment int\u00e9grer dans nos menus des repas\u00a0\u00e9labor\u00e9s uniquement \u00e0 base d\u2019ingr\u00e9dients d\u2019origine v\u00e9g\u00e9tale,\u00a0\u00a0savoureux, sains, vari\u00e9s et\u00a0faciles \u00e0 reproduire \u00e0 la maison.\u00a0Nous veillons \u00e9galement \u00e0 privil\u00e9gier des ingr\u00e9dients locaux issus de circuits courts et souvent bios \u2013 l\u00e9gumineuses, champignons, fruits et l\u00e9gumes \u2013 pour soutenir les producteurs de la r\u00e9gion.<\/p>\n<p>Nos ateliers explorent des th\u00e9matiques culinaires inspir\u00e9es des cuisines du monde, permettant de r\u00e9aliser des plats embl\u00e9matiques, riches en saveurs et en gourmandise. Chaque session est une v\u00e9ritable exp\u00e9rience de d\u00e9couverte.\u00a0Au-del\u00e0 de l\u2019apprentissage, c\u2019est aussi un moment convivial et b\u00e9n\u00e9fique pour le moral, o\u00f9 l\u2019on partage, rit et cuisine ensemble dans une ambiance d\u00e9tendue.<\/p>\n<p>Ce tarif pr\u00e9f\u00e9rentiel est \u00e9galement valable pour une privatisation de l\u2019atelier, sous r\u00e9serve d\u2019un minimum de 8 participants \u2013 une excellente occasion pour renforcer la coh\u00e9sion d\u2019\u00e9quipe autour d\u2019un moment ludique et gourmand.<\/p>\n<p>Muriel Schiffmann \/ The Vegan Foodie Project \/ 40 rue Boecklin, 67000 Strasbourg \/ 06 52 78 59 42 \/ <a href=\"http:\/\/www.theveganfoodieproject.com\">www.theveganfoodieproject.com<\/a><\/p>\n<p>&nbsp;<\/p>\n<ul>\n<li><strong><a href=\"http:\/\/www.ce-illkirch.fr\/wordpress\/wp-content\/uploads\/hering_vins.pdf\" target=\"_blank\" rel=\"noopener\"> Vins Hering<\/a> &#8211;<\/strong> Remise de 5% sur pr\u00e9sentation du badge.<\/li>\n<\/ul>\n<\/div>\n<p>Jean-Daniel HERING &#8211; <a href=\"http:\/\/www.vins-hering.com\" target=\"_blank\" rel=\"noopener\">www.vins-hering.com &#8211;<\/a> 06 24 15 25 55<\/p>\n","protected":false},"excerpt":{"rendered":"<p>DECOUVREZ LOCAL\u2019EASE : www.localeasedrive.frLocal\u2019Ease, le drive de produits locaux, fait \u00e9voluer son service et propose d\u00e9sormais\u00a0la livraison directement dans les entreprises du parc. &#x1f4c5;\u00a0Quand ? Les\u00a0mardis et jeudis de 16h30 [&hellip;]<\/p>\n","protected":false},"author":2,"featured_media":0,"parent":152,"menu_order":0,"comment_status":"open","ping_status":"closed","template":"","meta":{"footnotes":""},"class_list":["post-6690","page","type-page","status-publish","hentry"],"publishpress_future_action":{"enabled":false,"date":"2026-04-23 19:19:23","action":"change-status","newStatus":"draft","terms":[],"taxonomy":"category","extraData":[]},"publishpress_future_workflow_manual_trigger":{"enabledWorkflows":[]},"_links":{"self":[{"href":"https:\/\/www.ce-illkirch.fr\/wordpress\/wp-json\/wp\/v2\/pages\/6690","targetHints":{"allow":["GET"]}}],"collection":[{"href":"https:\/\/www.ce-illkirch.fr\/wordpress\/wp-json\/wp\/v2\/pages"}],"about":[{"href":"https:\/\/www.ce-illkirch.fr\/wordpress\/wp-json\/wp\/v2\/types\/page"}],"author":[{"embeddable":true,"href":"https:\/\/www.ce-illkirch.fr\/wordpress\/wp-json\/wp\/v2\/users\/2"}],"replies":[{"embeddable":true,"href":"https:\/\/www.ce-illkirch.fr\/wordpress\/wp-json\/wp\/v2\/comments?post=6690"}],"version-history":[{"count":24,"href":"https:\/\/www.ce-illkirch.fr\/wordpress\/wp-json\/wp\/v2\/pages\/6690\/revisions"}],"predecessor-version":[{"id":39154,"href":"https:\/\/www.ce-illkirch.fr\/wordpress\/wp-json\/wp\/v2\/pages\/6690\/revisions\/39154"}],"up":[{"embeddable":true,"href":"https:\/\/www.ce-illkirch.fr\/wordpress\/wp-json\/wp\/v2\/pages\/152"}],"wp:attachment":[{"href":"https:\/\/www.ce-illkirch.fr\/wordpress\/wp-json\/wp\/v2\/media?parent=6690"}],"curies":[{"name":"wp","href":"https:\/\/api.w.org\/{rel}","templated":true}]}}