{"id":68,"date":"2022-04-05T12:00:58","date_gmt":"2022-04-05T10:00:58","guid":{"rendered":"http:\/\/www.ce-illkirch.fr\/wordpress\/?page_id=68"},"modified":"2025-09-12T14:18:51","modified_gmt":"2025-09-12T12:18:51","slug":"bricotheque","status":"publish","type":"page","link":"https:\/\/www.ce-illkirch.fr\/wordpress\/bricotheque\/","title":{"rendered":"Bricoth\u00e8que"},"content":{"rendered":"<p style=\"text-align: center;\"><strong>La Bricoth\u00e8que vous propose la location de mat\u00e9riel de bricolage.\u00a0<\/strong><\/p>\n<p>&nbsp;<\/p>\n<p><strong>Elle vous accueille au B0 (derri\u00e8re le CSE).<\/strong><\/p>\n<p><!-- AddThis Button BEGIN --><strong> Permanences : <\/strong>lundi, mercredi et vendredi de 13h \u00e0 13h20<strong><br \/>\n<\/strong><\/p>\n<p>&nbsp;<\/p>\n<p><strong>Comment nous contacter ?<\/strong><\/p>\n<p>Merci de nous contacter aux horaires de permanences le <strong>lundi<\/strong>, <strong>mercredi<\/strong> et <strong>vendredi<\/strong> de <strong>13h \u00e0 13h20.<\/strong><\/p>\n<p style=\"text-align: left;\">\u00a0 <em>\u00a0 \u00a0Sur <strong>Rainbow<\/strong><\/em><strong>\u00a0\u00a0\u00a0\u00a0<\/strong> : Bricoth\u00e8que Illkirch<\/p>\n<p style=\"text-align: left;\">\u00a0 \u00a0<em>\u00a0 Par <strong>email\u00a0\u00a0<\/strong><\/em><strong>\u00a0\u00a0\u00a0\u00a0\u00a0\u00a0\u00a0<\/strong>\u00a0 \u00a0: <a href=\"mailto:bricotheque@al-enterprise.com\">bricotheque@al-enterprise.com<\/a><\/p>\n<p style=\"text-align: left;\">\u00a0 <em>\u00a0 \u00a0Par <strong>Tel\u00a0\u00a0\u00a0\u00a0<\/strong><\/em><strong>\u00a0\u00a0\u00a0\u00a0\u00a0\u00a0\u00a0\u00a0\u00a0<\/strong>\u00a0 \u00a0 \u00a0: <strong>03.90.67.51.64<\/strong> \u00a0 \u00a0en interne <strong>218 75164<\/strong>\u00a0aux heures de permanences<\/p>\n<p>&nbsp;<\/p>\n<p>N\u2019h\u00e9sitez pas \u00e0 nous appeler aux heures de permanence pour v\u00e9rifier la disponibilit\u00e9 du mat\u00e9riel.<\/p>\n<p>Il est possible de r\u00e9server du mat\u00e9riel pour une p\u00e9riode pr\u00e9cise. Il suffit de venir le demander lors d&rsquo;une permanence.<\/p>\n<p style=\"text-align: center;\"><a href=\"https:\/\/www.ce-illkirch.fr\/wordpress\/wp-content\/uploads\/2023\/08\/brico_reglement2308.pdf\"><strong><u>REGLEMENT de la BRICOTHEQUE<\/u><\/strong><\/a><\/p>\n<p>&nbsp;<\/p>\n<p><strong>La liste des membres de la commission : sur le\u00a0<a title=\"Intranet CE\" href=\"https:\/\/aleinternational.sharepoint.com\/intranet_CE_Illkirch\/Documents%20partages\/Forms\/AllItems.aspx?id=%2Fintranet%5FCE%5FIllkirch%2FDocuments%20partages%2FDocuments%20CSE&amp;viewid=8d512759%2D2f2e%2D43ca%2Db4d5%2D0b9ebfc9d6f8&amp;FolderCTID=0x0120002DCF11EF3D7EC64B8580978930F906BA\" target=\"_blank\" rel=\"noopener\">site intranet<\/a>\u00a0du CSE.<\/strong><\/p>\n<p>&nbsp;<\/p>\n<p style=\"text-align: center;\"><strong><span style=\"color: #0000ff;\"><span style=\"color: #00ccff;\"><span style=\"color: #ff0000;\"><span style=\"text-decoration: underline;\">LISTE COMPLETE DU MATERIEL DISPONIBLE<\/span>\u00a0 &gt;&gt;&gt; <\/span><\/span><\/span><\/strong><a href=\"https:\/\/www.ce-illkirch.fr\/wordpress\/wp-content\/uploads\/2025\/06\/ListeMateriel_2025.pdf\">ICI<\/a><\/p>\n","protected":false},"excerpt":{"rendered":"<p>La Bricoth\u00e8que vous propose la location de mat\u00e9riel de bricolage.\u00a0 &nbsp; Elle vous accueille au B0 (derri\u00e8re le CSE). Permanences : lundi, mercredi et vendredi de 13h \u00e0 13h20 &nbsp; [&hellip;]<\/p>\n","protected":false},"author":2,"featured_media":0,"parent":0,"menu_order":3,"comment_status":"closed","ping_status":"closed","template":"","meta":{"footnotes":""},"class_list":["post-68","page","type-page","status-publish","hentry"],"publishpress_future_action":{"enabled":false,"date":"2026-04-22 09:53:46","action":"change-status","newStatus":"draft","terms":[],"taxonomy":"category","extraData":[]},"publishpress_future_workflow_manual_trigger":{"enabledWorkflows":[]},"_links":{"self":[{"href":"https:\/\/www.ce-illkirch.fr\/wordpress\/wp-json\/wp\/v2\/pages\/68","targetHints":{"allow":["GET"]}}],"collection":[{"href":"https:\/\/www.ce-illkirch.fr\/wordpress\/wp-json\/wp\/v2\/pages"}],"about":[{"href":"https:\/\/www.ce-illkirch.fr\/wordpress\/wp-json\/wp\/v2\/types\/page"}],"author":[{"embeddable":true,"href":"https:\/\/www.ce-illkirch.fr\/wordpress\/wp-json\/wp\/v2\/users\/2"}],"replies":[{"embeddable":true,"href":"https:\/\/www.ce-illkirch.fr\/wordpress\/wp-json\/wp\/v2\/comments?post=68"}],"version-history":[{"count":38,"href":"https:\/\/www.ce-illkirch.fr\/wordpress\/wp-json\/wp\/v2\/pages\/68\/revisions"}],"predecessor-version":[{"id":37988,"href":"https:\/\/www.ce-illkirch.fr\/wordpress\/wp-json\/wp\/v2\/pages\/68\/revisions\/37988"}],"wp:attachment":[{"href":"https:\/\/www.ce-illkirch.fr\/wordpress\/wp-json\/wp\/v2\/media?parent=68"}],"curies":[{"name":"wp","href":"https:\/\/api.w.org\/{rel}","templated":true}]}}