{"id":70,"date":"2019-11-07T09:12:31","date_gmt":"2019-11-07T08:12:31","guid":{"rendered":"http:\/\/www.ce-illkirch.fr\/wordpress\/?page_id=70"},"modified":"2026-04-14T11:25:12","modified_gmt":"2026-04-14T09:25:12","slug":"bibliotheque-2","status":"publish","type":"page","link":"https:\/\/www.ce-illkirch.fr\/wordpress\/bibliotheque-2\/","title":{"rendered":"Biblioth\u00e8que"},"content":{"rendered":"<h3><span style=\"color: #33cccc;\"><span style=\"color: #008080;\">Horaires d&rsquo;ouverture : de 12h30 \u00e0 13h30. En dehors de ces horaires, sur rendez-vous. <\/span><\/span><\/h3>\n<h3><span style=\"color: #33cccc;\"><span style=\"color: #008080;\">mail : <a href=\"mailto:suggestionsbibliothequeillkirch@al-enterprise.com\">suggestionsbibliothequeillkirch[a]al-enterprise.com<\/a><br \/>\n<\/span><\/span><\/h3>\n<p>La liste des membres de la<strong> Commission Biblioth\u00e8que <\/strong>est en ligne<strong> sur le\u00a0site intranet\u00a0du CSE.<\/strong><\/p>\n<p>La biblioth\u00e8que propose pour une dur\u00e9e d&rsquo;<strong>un mois<\/strong> maximum le pr\u00eat gratuit de :<br \/>\n&#8211; 10 livres ou <a href=\"https:\/\/www.ce-illkirch.fr\/wordpress\/wp-content\/uploads\/2023\/06\/Capture-decran-2023-06-22-abonnements-bib.png\">p\u00e9riodiques<\/a>,<br \/>\n&#8211; 5 CD-audio,<br \/>\n&#8211;\u00a02 DVD,<br \/>\n&#8211; 1 kamishiba\u00ef (petit th\u00e9\u00e2tre japonais).<br \/>\nPour les BD, les CD-audio et les DVD, il est possible d&#8217;emprunter une \u00ab\u00a0nouveaut\u00e9\u00a0\u00bb pour une dur\u00e9e de 7 jours maximum.<br \/>\nPour les p\u00e9riodiques, le num\u00e9ro en cours est \u00e0 consulter sur place, except\u00e9 ceux destin\u00e9s aux enfants qui peuvent \u00eatre emprunt\u00e9s tout de suite.<\/p>\n<p>&nbsp;<\/p>\n","protected":false},"excerpt":{"rendered":"<p>Horaires d&rsquo;ouverture : de 12h30 \u00e0 13h30. En dehors de ces horaires, sur rendez-vous. mail : suggestionsbibliothequeillkirch[a]al-enterprise.com La liste des membres de la Commission Biblioth\u00e8que est en ligne sur le\u00a0site [&hellip;]<\/p>\n","protected":false},"author":3,"featured_media":0,"parent":0,"menu_order":1,"comment_status":"closed","ping_status":"closed","template":"","meta":{"footnotes":""},"class_list":["post-70","page","type-page","status-publish","hentry"],"publishpress_future_action":{"enabled":false,"date":"2026-05-15 15:06:37","action":"change-status","newStatus":"draft","terms":[],"taxonomy":"category","extraData":[]},"publishpress_future_workflow_manual_trigger":{"enabledWorkflows":[]},"_links":{"self":[{"href":"https:\/\/www.ce-illkirch.fr\/wordpress\/wp-json\/wp\/v2\/pages\/70","targetHints":{"allow":["GET"]}}],"collection":[{"href":"https:\/\/www.ce-illkirch.fr\/wordpress\/wp-json\/wp\/v2\/pages"}],"about":[{"href":"https:\/\/www.ce-illkirch.fr\/wordpress\/wp-json\/wp\/v2\/types\/page"}],"author":[{"embeddable":true,"href":"https:\/\/www.ce-illkirch.fr\/wordpress\/wp-json\/wp\/v2\/users\/3"}],"replies":[{"embeddable":true,"href":"https:\/\/www.ce-illkirch.fr\/wordpress\/wp-json\/wp\/v2\/comments?post=70"}],"version-history":[{"count":19,"href":"https:\/\/www.ce-illkirch.fr\/wordpress\/wp-json\/wp\/v2\/pages\/70\/revisions"}],"predecessor-version":[{"id":39276,"href":"https:\/\/www.ce-illkirch.fr\/wordpress\/wp-json\/wp\/v2\/pages\/70\/revisions\/39276"}],"wp:attachment":[{"href":"https:\/\/www.ce-illkirch.fr\/wordpress\/wp-json\/wp\/v2\/media?parent=70"}],"curies":[{"name":"wp","href":"https:\/\/api.w.org\/{rel}","templated":true}]}}