{"id":717,"date":"2022-04-05T09:00:01","date_gmt":"2022-04-05T07:00:01","guid":{"rendered":"http:\/\/www.ce-illkirch.fr\/wordpress\/?page_id=717"},"modified":"2023-09-10T06:46:55","modified_gmt":"2023-09-10T04:46:55","slug":"percage","status":"publish","type":"page","link":"https:\/\/www.ce-illkirch.fr\/wordpress\/bricotheque\/percage\/","title":{"rendered":"Per\u00e7age"},"content":{"rendered":"<p>Ci-dessous le mat\u00e9riel propos\u00e9 pour le Per\u00e7age.<\/p>\n<p><strong>Tarif par p\u00e9riode :<\/strong> du vendredi au mercredi, du mercredi au vendredi, du vendredi au lundi.<\/p>\n\n<table id=\"tablepress-8\" class=\"tablepress tablepress-id-8\">\n<thead>\n<tr class=\"row-1\">\n\t<th class=\"column-1\">PERCAGE<\/th><th class=\"column-2\">Tarif<\/th><th class=\"column-3\">Notice-article<\/th>\n<\/tr>\n<\/thead>\n<tbody class=\"row-striping row-hover\">\n<tr class=\"row-2\">\n\t<td class=\"column-1\">BURIN (PIC - PLAT - CUVETTE) <\/td><td class=\"column-2\">2<\/td><td class=\"column-3\"><\/td>\n<\/tr>\n<tr class=\"row-3\">\n\t<td class=\"column-1\">BURINEUSE HILTI    TE  805<\/td><td class=\"column-2\">10<\/td><td class=\"column-3\"><a href=\"https:\/\/aleinternational.sharepoint.com\/sites\/bricotheque\/_layouts\/15\/guestaccess.aspx?share=EY4xaz29KxBLlPj01mndko0BUWJmNKS6OQSFJo5JZMgJkA&amp;e=1CWitn\">BURINEUSE HILTI    TE  805<\/a><\/td>\n<\/tr>\n<tr class=\"row-4\">\n\t<td class=\"column-1\">BURINEUSE HILTI    TE 1000 <\/td><td class=\"column-2\">10<\/td><td class=\"column-3\"><a href=\"https:\/\/aleinternational.sharepoint.com\/sites\/bricotheque\/_layouts\/15\/guestaccess.aspx?share=EUvNXkam_t1CqQvkfg7K9LEBD_7qUQq4tDju7NiT1qV-kA&amp;e=G2deXf\">BURINEUSE HILTI    TE 1000 <\/a><\/td>\n<\/tr>\n<tr class=\"row-5\">\n\t<td class=\"column-1\">BURINEUSE HILTI    TE 705<\/td><td class=\"column-2\">6<\/td><td class=\"column-3\"><a href=\"https:\/\/aleinternational.sharepoint.com\/sites\/bricotheque\/_layouts\/15\/guestaccess.aspx?share=EcuCYrvzaYVEkiR_hYDUWuABk1xqfhlbmPqlVe6o2PXuVQ&amp;e=NiYQfi\">BURINEUSE HILTI    TE 705<\/a><\/td>\n<\/tr>\n<tr class=\"row-6\">\n\t<td class=\"column-1\">COFFRETS DE PERCAGE  - BOIS \/ METAUX<\/td><td class=\"column-2\">2<\/td><td class=\"column-3\"><\/td>\n<\/tr>\n<tr class=\"row-7\">\n\t<td class=\"column-1\">FORET CAROTAGE BETON  ( \u00d855, \u00d868 et  \u00d890)<\/td><td class=\"column-2\">5<\/td><td class=\"column-3\"><\/td>\n<\/tr>\n<tr class=\"row-8\">\n\t<td class=\"column-1\">FORET CAROTAGE BETON  (\u00d8125)<\/td><td class=\"column-2\">8<\/td><td class=\"column-3\"><\/td>\n<\/tr>\n<tr class=\"row-9\">\n\t<td class=\"column-1\">FORET DIAMANTE POUR MARCRIST PG850<\/td><td class=\"column-2\">8<\/td><td class=\"column-3\"><\/td>\n<\/tr>\n<tr class=\"row-10\">\n\t<td class=\"column-1\">FORETS BETON       20 \u00e0 32         (ou  L > 260)<\/td><td class=\"column-2\">3<\/td><td class=\"column-3\"><\/td>\n<\/tr>\n<tr class=\"row-11\">\n\t<td class=\"column-1\">FORETS BETON       45<\/td><td class=\"column-2\">5<\/td><td class=\"column-3\"><\/td>\n<\/tr>\n<tr class=\"row-12\">\n\t<td class=\"column-1\">FORETS BETON       5 \u00e0 18            ( L < 260)<\/td><td class=\"column-2\">1<\/td><td class=\"column-3\"><\/td>\n<\/tr>\n<tr class=\"row-13\">\n\t<td class=\"column-1\">GUIDE DE PERCAGE HAUTE PRECISION<\/td><td class=\"column-2\">2<\/td><td class=\"column-3\"><\/td>\n<\/tr>\n<tr class=\"row-14\">\n\t<td class=\"column-1\">PERCEUSE  MAKITA HR2450<\/td><td class=\"column-2\">4<\/td><td class=\"column-3\"><a href=\"https:\/\/aleinternational.sharepoint.com\/:b:\/s\/bricotheque\/Eb2C6iEs2tBIuKGLDpXuVsQBhQjWB0sGeK47OKesBDJjBA?e=az7sqP\">Perceuse makita<\/a><\/td>\n<\/tr>\n<tr class=\"row-15\">\n\t<td class=\"column-1\">PERCEUSE + CLE CHOC MAKITA (SANS FIL)<\/td><td class=\"column-2\">6<\/td><td class=\"column-3\"><\/td>\n<\/tr>\n<tr class=\"row-16\">\n\t<td class=\"column-1\">PERCEUSE HILTI - TE 5<\/td><td class=\"column-2\">4<\/td><td class=\"column-3\"><a href=\"https:\/\/aleinternational.sharepoint.com\/sites\/bricotheque\/_layouts\/15\/guestaccess.aspx?share=Edi24fKK-W9OsSYS97JFNmwBns6rYpvyLOcQku56bhcD_g&amp;e=laMqEY\">PERCEUSE HILTI - TE 5<\/a><\/td>\n<\/tr>\n<tr class=\"row-17\">\n\t<td class=\"column-1\">PERCEUSE HILTI - TE 6<\/td><td class=\"column-2\">4<\/td><td class=\"column-3\"><a href=\"https:\/\/aleinternational.sharepoint.com\/sites\/bricotheque\/_layouts\/15\/guestaccess.aspx?share=EXuPPdWKXLJCvmP2Bz-U9JcB9lGrTwM1kqfsKFIcr3E-_Q\">PERCEUSE HILTI - TE 6<\/a><\/td>\n<\/tr>\n<tr class=\"row-18\">\n\t<td class=\"column-1\">PERCEUSE HILTI - TE55 \/ TE56 <\/td><td class=\"column-2\">6<\/td><td class=\"column-3\"><a href=\"https:\/\/aleinternational.sharepoint.com\/sites\/bricotheque\/_layouts\/15\/guestaccess.aspx?share=EenRhE-PgKVElyLLrRxBCUABJHfwNpdeknB53YULewwg3A&amp;e=ZOH3Ek\">PERCEUSE HILTI - TE55 \/ TE56 <\/a><\/td>\n<\/tr>\n<tr class=\"row-19\">\n\t<td class=\"column-1\">RAINUREUSE HILTI + ASPIRATEUR<\/td><td class=\"column-2\">15<\/td><td class=\"column-3\"><a href=\"https:\/\/aleinternational.sharepoint.com\/sites\/bricotheque\/_layouts\/15\/guestaccess.aspx?share=EX9_V6mZuSNGriLG5WfGr4UBC2mNfjYf5TNUaExc6-Xwyg&amp;e=NklbTi\">RAINUREUSE HILTI + ASPIRATEUR<\/a><\/td>\n<\/tr>\n<tr class=\"row-20\">\n\t<td class=\"column-1\">SET DE PERCAGE MARCRIST PG850<\/td><td class=\"column-2\">7<\/td><td class=\"column-3\"><a href=\"https:\/\/aleinternational.sharepoint.com\/sites\/bricotheque\/_layouts\/15\/guestaccess.aspx?share=Ef0OeI211eVGhpqLAwLauV8BQUBkVL6lXl75y3DWErwPMA&amp;e=5t1JFp\">SET DE PERCAGE MARCRIST PG850<\/a><\/td>\n<\/tr>\n<\/tbody>\n<\/table>\n<!-- #tablepress-8 from cache -->\n","protected":false},"excerpt":{"rendered":"<p>Ci-dessous le mat\u00e9riel propos\u00e9 pour le Per\u00e7age. Tarif par p\u00e9riode : du vendredi au mercredi, du mercredi au vendredi, du vendredi au lundi.<\/p>\n","protected":false},"author":2,"featured_media":0,"parent":68,"menu_order":0,"comment_status":"open","ping_status":"open","template":"","meta":{"footnotes":""},"class_list":["post-717","page","type-page","status-publish","hentry"],"publishpress_future_action":{"enabled":false,"date":"2026-05-09 00:22:56","action":"change-status","newStatus":"draft","terms":[],"taxonomy":"category","extraData":[]},"publishpress_future_workflow_manual_trigger":{"enabledWorkflows":[]},"_links":{"self":[{"href":"https:\/\/www.ce-illkirch.fr\/wordpress\/wp-json\/wp\/v2\/pages\/717","targetHints":{"allow":["GET"]}}],"collection":[{"href":"https:\/\/www.ce-illkirch.fr\/wordpress\/wp-json\/wp\/v2\/pages"}],"about":[{"href":"https:\/\/www.ce-illkirch.fr\/wordpress\/wp-json\/wp\/v2\/types\/page"}],"author":[{"embeddable":true,"href":"https:\/\/www.ce-illkirch.fr\/wordpress\/wp-json\/wp\/v2\/users\/2"}],"replies":[{"embeddable":true,"href":"https:\/\/www.ce-illkirch.fr\/wordpress\/wp-json\/wp\/v2\/comments?post=717"}],"version-history":[{"count":16,"href":"https:\/\/www.ce-illkirch.fr\/wordpress\/wp-json\/wp\/v2\/pages\/717\/revisions"}],"predecessor-version":[{"id":33769,"href":"https:\/\/www.ce-illkirch.fr\/wordpress\/wp-json\/wp\/v2\/pages\/717\/revisions\/33769"}],"up":[{"embeddable":true,"href":"https:\/\/www.ce-illkirch.fr\/wordpress\/wp-json\/wp\/v2\/pages\/68"}],"wp:attachment":[{"href":"https:\/\/www.ce-illkirch.fr\/wordpress\/wp-json\/wp\/v2\/media?parent=717"}],"curies":[{"name":"wp","href":"https:\/\/api.w.org\/{rel}","templated":true}]}}