{"id":7252,"date":"2021-06-10T10:32:53","date_gmt":"2021-06-10T08:32:53","guid":{"rendered":"http:\/\/www.ce-illkirch.fr\/wordpress\/?page_id=7252"},"modified":"2026-02-13T11:34:19","modified_gmt":"2026-02-13T10:34:19","slug":"prix-bd","status":"publish","type":"page","link":"https:\/\/www.ce-illkirch.fr\/wordpress\/bibliotheque-2\/prix-bd\/","title":{"rendered":"Prix BD"},"content":{"rendered":"<p>Le CSE ALE est partenaire du prix C\u00e9zam de la BD.<\/p>\n<p>Vous \u00eates int\u00e9ress\u00e9 ? Inscrivez-vous \u00e0 la biblioth\u00e8que du CSE et empruntez les BD s\u00e9lectionn\u00e9es (9 BD) et remplissez le bulletin de notation.<\/p>\n<p><a href=\"https:\/\/www.ce-illkirch.fr\/wordpress\/wp-content\/uploads\/2026\/02\/Capture-decran-2026-02-13-113212.png\"><img loading=\"lazy\" decoding=\"async\" class=\"size-medium wp-image-38870 alignleft\" src=\"https:\/\/www.ce-illkirch.fr\/wordpress\/wp-content\/uploads\/2026\/02\/Capture-decran-2026-02-13-113212-300x270.png\" alt=\"\" width=\"300\" height=\"270\" srcset=\"https:\/\/www.ce-illkirch.fr\/wordpress\/wp-content\/uploads\/2026\/02\/Capture-decran-2026-02-13-113212-300x270.png 300w, https:\/\/www.ce-illkirch.fr\/wordpress\/wp-content\/uploads\/2026\/02\/Capture-decran-2026-02-13-113212-768x692.png 768w, https:\/\/www.ce-illkirch.fr\/wordpress\/wp-content\/uploads\/2026\/02\/Capture-decran-2026-02-13-113212-110x99.png 110w, https:\/\/www.ce-illkirch.fr\/wordpress\/wp-content\/uploads\/2026\/02\/Capture-decran-2026-02-13-113212-420x379.png 420w, https:\/\/www.ce-illkirch.fr\/wordpress\/wp-content\/uploads\/2026\/02\/Capture-decran-2026-02-13-113212-477x430.png 477w, https:\/\/www.ce-illkirch.fr\/wordpress\/wp-content\/uploads\/2026\/02\/Capture-decran-2026-02-13-113212.png 832w\" sizes=\"auto, (max-width: 300px) 100vw, 300px\" \/><\/a><\/p>\n<p><a href=\"https:\/\/www.ce-illkirch.fr\/wordpress\/wp-content\/uploads\/2026\/02\/livret-national-prix-bd-20262.pdf\">R\u00e9sum\u00e9 des BDs<\/a><\/p>\n<p><strong><span style=\"text-decoration: underline;\">Mode de notation<\/span><\/strong><\/p>\n<p>Chaque lecteur vote pour ses 3 BDs pr\u00e9f\u00e9r\u00e9es<\/p>\n<p>La date limite pour retourner le bulletin de vote est le 8\/11\/2026<\/p>\n","protected":false},"excerpt":{"rendered":"<p>Le CSE ALE est partenaire du prix C\u00e9zam de la BD. Vous \u00eates int\u00e9ress\u00e9 ? Inscrivez-vous \u00e0 la biblioth\u00e8que du CSE et empruntez les BD s\u00e9lectionn\u00e9es (9 BD) et remplissez [&hellip;]<\/p>\n","protected":false},"author":2,"featured_media":0,"parent":70,"menu_order":4,"comment_status":"open","ping_status":"closed","template":"","meta":{"footnotes":""},"class_list":["post-7252","page","type-page","status-publish","hentry"],"publishpress_future_action":{"enabled":false,"date":"2026-05-18 14:16:07","action":"change-status","newStatus":"draft","terms":[],"taxonomy":"category","extraData":[]},"publishpress_future_workflow_manual_trigger":{"enabledWorkflows":[]},"_links":{"self":[{"href":"https:\/\/www.ce-illkirch.fr\/wordpress\/wp-json\/wp\/v2\/pages\/7252","targetHints":{"allow":["GET"]}}],"collection":[{"href":"https:\/\/www.ce-illkirch.fr\/wordpress\/wp-json\/wp\/v2\/pages"}],"about":[{"href":"https:\/\/www.ce-illkirch.fr\/wordpress\/wp-json\/wp\/v2\/types\/page"}],"author":[{"embeddable":true,"href":"https:\/\/www.ce-illkirch.fr\/wordpress\/wp-json\/wp\/v2\/users\/2"}],"replies":[{"embeddable":true,"href":"https:\/\/www.ce-illkirch.fr\/wordpress\/wp-json\/wp\/v2\/comments?post=7252"}],"version-history":[{"count":23,"href":"https:\/\/www.ce-illkirch.fr\/wordpress\/wp-json\/wp\/v2\/pages\/7252\/revisions"}],"predecessor-version":[{"id":38871,"href":"https:\/\/www.ce-illkirch.fr\/wordpress\/wp-json\/wp\/v2\/pages\/7252\/revisions\/38871"}],"up":[{"embeddable":true,"href":"https:\/\/www.ce-illkirch.fr\/wordpress\/wp-json\/wp\/v2\/pages\/70"}],"wp:attachment":[{"href":"https:\/\/www.ce-illkirch.fr\/wordpress\/wp-json\/wp\/v2\/media?parent=7252"}],"curies":[{"name":"wp","href":"https:\/\/api.w.org\/{rel}","templated":true}]}}