{"id":75,"date":"2021-03-02T09:14:41","date_gmt":"2021-03-02T08:14:41","guid":{"rendered":"http:\/\/www.ce-illkirch.fr\/wordpress\/?page_id=75"},"modified":"2021-03-04T11:48:15","modified_gmt":"2021-03-04T10:48:15","slug":"formations","status":"publish","type":"page","link":"https:\/\/www.ce-illkirch.fr\/wordpress\/formations\/","title":{"rendered":"Formation"},"content":{"rendered":"<ul>\n<li><strong>Le CPF (Compte Personnel Formation) remplace le DIF depuis le 1er janvier 2015<br \/>\n<\/strong><\/li>\n<\/ul>\n<p>Chaque salari\u00e9 a acc\u00e8s \u00e0 son Compte Personnel sur le site\u00a0<a href=\"https:\/\/www.moncompteformation.gouv.fr\">https:\/\/www.moncompteformation.gouv.fr<\/a> en s\u2019identifiant gr\u00e2ce \u00e0 son num\u00e9ro de S\u00e9curit\u00e9 Sociale.<\/p>\n<p class=\"p-primary\">Depuis 2020, au titre des droits acquis en 2019, votre compte est aliment\u00e9 en euros. De 2015 \u00e0 2018, votre compte \u00e9tait aliment\u00e9 en heures.<\/p>\n<p class=\"p-primary text-align-justify\">Votre compte est aliment\u00e9 \u00e0 hauteur de 500\u20ac maximum par an dans la limite d\u2019un plafond total de 5000\u20ac.<\/p>\n<p class=\"p-primary text-align-justify\">Le CPF est utilisable pour des formations certifiantes ou qualifiantes hors temps de travail, sans accord de l\u2019employeur.<\/p>\n<ul>\n<li><strong>Formations ARTT (Compte Epargne Formation CEF)<br \/>\n<\/strong><\/li>\n<\/ul>\n<p>* 2 jours par an, cumulable jusqu\u2019\u00e0 10 jours, perdus au-del\u00e0. Sauf pour les salari\u00e9s ayant sign\u00e9 l\u2019avenant \u00e0 leur contrat de travail \u00a0en septembre 2019 et b\u00e9n\u00e9ficiant ainsi de 2 JRTT suppl\u00e9mentaires.<\/p>\n<p>* le salari\u00e9 d\u00e9cide de sa formation (professionnelle ou personnelle) .<br \/>\n* l\u2019employeur prend en charge les frais de formation si la formation touche au domaine professionnel.<\/p>\n<p><a href=\"https:\/\/aleinternational.sharepoint.com\/sites\/teams\/hr-france-comms-archive\/Ma%20situation%20personnelle\/Formation?csf=1&amp;web=1\">Sharepoint DRH Rubrique Formation<\/a><\/p>\n<p><strong>lien vers le site intranet ALE : <a title=\"Ma situation personnelle\" href=\"https:\/\/aleinternational.sharepoint.com\/sites\/teams\/hr-france-comms-archive\/SitePages\/Ma%20situation%20personnelle.aspx\" target=\"_blank\" rel=\"noopener\">ma situation personnelle<\/a>\u00a0<\/strong><\/p>\n<ul>\n<li><strong>Quelques organismes de formation<\/strong><\/li>\n<\/ul>\n<p><a title=\"Formation professionnelle\" href=\"http:\/\/www.cegos.fr\">Cegos<\/a><\/p>\n<p><a title=\"Orsys Formation\" href=\"http:\/\/www.orsys.fr\/\" target=\"_blank\" rel=\"noopener\">Orsys<br \/>\n<\/a><\/p>\n<p><a title=\"Formation continue \u00e0 l'Universit\u00e9 de Strasbourg\" href=\"http:\/\/sfc.unistra.fr\/\" target=\"_blank\" rel=\"noopener\">Universit\u00e9 de Strasbourg<\/a><\/p>\n<p><a href=\"https:\/\/www.cezam.fr\/catalogue-formation\" target=\"_blank\" rel=\"noopener\">C\u00e9zam (formation des repr\u00e9sentants du personnel)<\/a><\/p>\n<p><a href=\"https:\/\/www.demos.fr\/catalogue\">Demos<\/a><\/p>\n<ul>\n<li><strong>La <a href=\"http:\/\/www.ce-illkirch.fr\/wordpress\/?page_id=624\">Commission formation<\/a><\/strong><\/li>\n<\/ul>\n","protected":false},"excerpt":{"rendered":"<p>Le CPF (Compte Personnel Formation) remplace le DIF depuis le 1er janvier 2015 Chaque salari\u00e9 a acc\u00e8s \u00e0 son Compte Personnel sur le site\u00a0https:\/\/www.moncompteformation.gouv.fr en s\u2019identifiant gr\u00e2ce \u00e0 son num\u00e9ro [&hellip;]<\/p>\n","protected":false},"author":7,"featured_media":23787,"parent":0,"menu_order":16,"comment_status":"closed","ping_status":"closed","template":"","meta":{"footnotes":""},"class_list":["post-75","page","type-page","status-publish","has-post-thumbnail","hentry"],"publishpress_future_action":{"enabled":false,"date":"2026-05-13 14:05:51","action":"change-status","newStatus":"draft","terms":[],"taxonomy":"category","extraData":[]},"publishpress_future_workflow_manual_trigger":{"enabledWorkflows":[]},"_links":{"self":[{"href":"https:\/\/www.ce-illkirch.fr\/wordpress\/wp-json\/wp\/v2\/pages\/75","targetHints":{"allow":["GET"]}}],"collection":[{"href":"https:\/\/www.ce-illkirch.fr\/wordpress\/wp-json\/wp\/v2\/pages"}],"about":[{"href":"https:\/\/www.ce-illkirch.fr\/wordpress\/wp-json\/wp\/v2\/types\/page"}],"author":[{"embeddable":true,"href":"https:\/\/www.ce-illkirch.fr\/wordpress\/wp-json\/wp\/v2\/users\/7"}],"replies":[{"embeddable":true,"href":"https:\/\/www.ce-illkirch.fr\/wordpress\/wp-json\/wp\/v2\/comments?post=75"}],"version-history":[{"count":8,"href":"https:\/\/www.ce-illkirch.fr\/wordpress\/wp-json\/wp\/v2\/pages\/75\/revisions"}],"predecessor-version":[{"id":37551,"href":"https:\/\/www.ce-illkirch.fr\/wordpress\/wp-json\/wp\/v2\/pages\/75\/revisions\/37551"}],"wp:featuredmedia":[{"embeddable":true,"href":"https:\/\/www.ce-illkirch.fr\/wordpress\/wp-json\/wp\/v2\/media\/23787"}],"wp:attachment":[{"href":"https:\/\/www.ce-illkirch.fr\/wordpress\/wp-json\/wp\/v2\/media?parent=75"}],"curies":[{"name":"wp","href":"https:\/\/api.w.org\/{rel}","templated":true}]}}