{"id":7549,"date":"2024-09-10T14:57:59","date_gmt":"2024-09-10T12:57:59","guid":{"rendered":"http:\/\/www.ce-illkirch.fr\/wordpress\/?page_id=7549"},"modified":"2026-02-11T09:30:38","modified_gmt":"2026-02-11T08:30:38","slug":"week-end","status":"publish","type":"page","link":"https:\/\/www.ce-illkirch.fr\/wordpress\/tourisme\/week-end\/","title":{"rendered":"Week-ends"},"content":{"rendered":"<h1>de 30\u00a0 50% subvention CSE selon QF : <a href=\"https:\/\/www.ce-illkirch.fr\/wordpress\/subvention-ce\/\">r\u00e8gles<\/a><\/h1>\n<p>&nbsp;<\/p>\n<ul>\n<li><strong>Annul\u00e9 faute de participants &#8211; WE Marrakech du 5 au 8\/06\/26 (Agence Nouvelles Destinations)<\/strong><\/li>\n<\/ul>\n<p><strong><a href=\"https:\/\/www.ce-illkirch.fr\/wordpress\/wp-content\/uploads\/2026\/01\/koutoubia-mosque-minaret-located-at-medina-quarter-of-marrakesh-morocco-balate-dorin.jpg\"><img loading=\"lazy\" decoding=\"async\" class=\"size-medium wp-image-38711 alignleft\" src=\"https:\/\/www.ce-illkirch.fr\/wordpress\/wp-content\/uploads\/2026\/01\/koutoubia-mosque-minaret-located-at-medina-quarter-of-marrakesh-morocco-balate-dorin-300x180.jpg\" alt=\"\" width=\"300\" height=\"180\" srcset=\"https:\/\/www.ce-illkirch.fr\/wordpress\/wp-content\/uploads\/2026\/01\/koutoubia-mosque-minaret-located-at-medina-quarter-of-marrakesh-morocco-balate-dorin-300x180.jpg 300w, https:\/\/www.ce-illkirch.fr\/wordpress\/wp-content\/uploads\/2026\/01\/koutoubia-mosque-minaret-located-at-medina-quarter-of-marrakesh-morocco-balate-dorin-110x66.jpg 110w, https:\/\/www.ce-illkirch.fr\/wordpress\/wp-content\/uploads\/2026\/01\/koutoubia-mosque-minaret-located-at-medina-quarter-of-marrakesh-morocco-balate-dorin-420x253.jpg 420w, https:\/\/www.ce-illkirch.fr\/wordpress\/wp-content\/uploads\/2026\/01\/koutoubia-mosque-minaret-located-at-medina-quarter-of-marrakesh-morocco-balate-dorin.jpg 610w\" sizes=\"auto, (max-width: 300px) 100vw, 300px\" \/><\/a>Tarif 610 \u20ac\/pers<\/strong> &#8211; base chambre double &#8211; Vols directs B\u00e2le &#8211; Marrakech &#8211; Transfert autocar A\u00e9roport &#8211; hotel &#8211; 3 nuits d&rsquo;h\u00f4tel &#8211; Petit-d\u00e9jeuner inclus &#8211; petit bagage \u00e0 main &#8211; assurance annulation &#8211; <a href=\"https:\/\/www.ce-illkirch.fr\/wordpress\/wp-content\/uploads\/2026\/01\/2606marrakech_details.pdf\">D\u00e9tails<\/a><\/p>\n<p>Passeport valide obligatoire<\/p>\n<p>Jean-Marc Duvernay<\/p>\n<p>&nbsp;<\/p>\n<p>&nbsp;<\/p>\n<p>&nbsp;<\/p>\n<ul>\n<li><strong>WE SKI \u00e0 Flaine du 27 au 29\/03\/25. UCPA<\/strong><\/li>\n<\/ul>\n<p><b>Tarif : <\/b><b>300 \u20ac <\/b><b>\/ personne<\/b><\/p>\n<p><img loading=\"lazy\" decoding=\"async\" class=\" wp-image-34248 alignright\" src=\"https:\/\/www.ce-illkirch.fr\/wordpress\/wp-content\/uploads\/2023\/11\/flaine_pistes.jpg\" alt=\"\" width=\"203\" height=\"118\" srcset=\"https:\/\/www.ce-illkirch.fr\/wordpress\/wp-content\/uploads\/2023\/11\/flaine_pistes.jpg 294w, https:\/\/www.ce-illkirch.fr\/wordpress\/wp-content\/uploads\/2023\/11\/flaine_pistes-110x64.jpg 110w\" sizes=\"auto, (max-width: 203px) 100vw, 203px\" \/><\/p>\n<ul>\n<li>H\u00e9bergement chambre cabines de 4 \u00e0 5 pers.<\/li>\n<li>Pension compl\u00e8te du diner vendredi soir au d\u00e9jeuner du dimanche<\/li>\n<li>Pr\u00eat de mat\u00e9riel<\/li>\n<li>Forfait remont\u00e9es m\u00e9caniques 2 jours<\/li>\n<\/ul>\n<h2>LES + UCPA : Au pied des pistes \/ Forfait Grand Massif \/ Chambres au design original<\/h2>\n<p>&nbsp;<\/p>\n<ul>\n<li><strong>Annul\u00e9 WE VIENNE<\/strong> <strong>du 25 au 25\/11\/2025 : 4J 3N 640\u20ac <\/strong><a href=\"https:\/\/www.ce-illkirch.fr\/wordpress\/wp-content\/uploads\/2025\/09\/2511_programmeVIENNE-HIVER-2025-MAJ2.pdf\">D\u00e9tails &#8211;\u00a0<\/a>\u00a0 <a href=\"https:\/\/www.ce-illkirch.fr\/wordpress\/wp-content\/uploads\/2025\/09\/2511_vienne_inscriptions-3.pdf\">Bulletin d&rsquo;inscription<\/a><\/li>\n<\/ul>\n<p>&nbsp;<\/p>\n<p>&nbsp;<\/p>\n<p>&nbsp;<\/p>\n","protected":false},"excerpt":{"rendered":"<p>de 30\u00a0 50% subvention CSE selon QF : r\u00e8gles &nbsp; Annul\u00e9 faute de participants &#8211; WE Marrakech du 5 au 8\/06\/26 (Agence Nouvelles Destinations) Tarif 610 \u20ac\/pers &#8211; base chambre [&hellip;]<\/p>\n","protected":false},"author":15,"featured_media":0,"parent":35,"menu_order":0,"comment_status":"open","ping_status":"closed","template":"","meta":{"footnotes":""},"class_list":["post-7549","page","type-page","status-publish","hentry"],"publishpress_future_action":{"enabled":false,"date":"2026-05-17 14:31:10","action":"change-status","newStatus":"draft","terms":[],"taxonomy":"category","extraData":[]},"publishpress_future_workflow_manual_trigger":{"enabledWorkflows":[]},"_links":{"self":[{"href":"https:\/\/www.ce-illkirch.fr\/wordpress\/wp-json\/wp\/v2\/pages\/7549","targetHints":{"allow":["GET"]}}],"collection":[{"href":"https:\/\/www.ce-illkirch.fr\/wordpress\/wp-json\/wp\/v2\/pages"}],"about":[{"href":"https:\/\/www.ce-illkirch.fr\/wordpress\/wp-json\/wp\/v2\/types\/page"}],"author":[{"embeddable":true,"href":"https:\/\/www.ce-illkirch.fr\/wordpress\/wp-json\/wp\/v2\/users\/15"}],"replies":[{"embeddable":true,"href":"https:\/\/www.ce-illkirch.fr\/wordpress\/wp-json\/wp\/v2\/comments?post=7549"}],"version-history":[{"count":57,"href":"https:\/\/www.ce-illkirch.fr\/wordpress\/wp-json\/wp\/v2\/pages\/7549\/revisions"}],"predecessor-version":[{"id":38848,"href":"https:\/\/www.ce-illkirch.fr\/wordpress\/wp-json\/wp\/v2\/pages\/7549\/revisions\/38848"}],"up":[{"embeddable":true,"href":"https:\/\/www.ce-illkirch.fr\/wordpress\/wp-json\/wp\/v2\/pages\/35"}],"wp:attachment":[{"href":"https:\/\/www.ce-illkirch.fr\/wordpress\/wp-json\/wp\/v2\/media?parent=7549"}],"curies":[{"name":"wp","href":"https:\/\/api.w.org\/{rel}","templated":true}]}}