{"id":765,"date":"2013-07-24T16:08:14","date_gmt":"2013-07-24T15:08:14","guid":{"rendered":"http:\/\/www.ce-illkirch.fr\/wordpress\/?page_id=765"},"modified":"2023-09-10T06:42:04","modified_gmt":"2023-09-10T04:42:04","slug":"outillage","status":"publish","type":"page","link":"https:\/\/www.ce-illkirch.fr\/wordpress\/bricotheque\/outillage\/","title":{"rendered":"Outillage"},"content":{"rendered":"<p><strong><a href=\"http:\/\/www.ce-illkirch.fr\/wordpress\/wp-content\/uploads\/outillage.jpg\"><img loading=\"lazy\" decoding=\"async\" class=\"alignleft size-thumbnail wp-image-3430\" title=\"outillage\" src=\"http:\/\/www.ce-illkirch.fr\/wordpress\/wp-content\/uploads\/outillage-150x150.jpg\" alt=\"\" width=\"150\" height=\"150\" \/><\/a>Ci-dessous le mat\u00e9riel propos\u00e9 pour <span style=\"color: #ff0000;\">Outillage <\/span><\/strong><\/p>\n<p>Tarif par p\u00e9riode : du vendredi au mercredi, du mercredi au vendredi, du vendredi au lundi.<\/p>\n<p>&nbsp;<\/p>\n\n<table id=\"tablepress-6\" class=\"tablepress tablepress-id-6\">\n<thead>\n<tr class=\"row-1\">\n\t<th class=\"column-1\">OUTILLAGE<\/th><th class=\"column-2\">Tarif<\/th><th class=\"column-3\">Notice-article<\/th>\n<\/tr>\n<\/thead>\n<tbody class=\"row-striping row-hover\">\n<tr class=\"row-2\">\n\t<td class=\"column-1\">AGRAFEUSE CLOUEUSE ELECTRIQUE<\/td><td class=\"column-2\">3<\/td><td class=\"column-3\"><\/td>\n<\/tr>\n<tr class=\"row-3\">\n\t<td class=\"column-1\">BANDE POUR LIME<\/td><td class=\"column-2\">1<\/td><td class=\"column-3\"><\/td>\n<\/tr>\n<tr class=\"row-4\">\n\t<td class=\"column-1\">BATTE VENTOUSE CARRELAGE<\/td><td class=\"column-2\">2<\/td><td class=\"column-3\"><a href=\"https:\/\/aleinternational.sharepoint.com\/sites\/bricotheque\/_layouts\/15\/guestaccess.aspx?share=EX6xrYMGhrpEq2ro9ZOAjSMBYIq1HJspt3AiqPGFcTLT2Q&amp;e=cGGQLx\">Batte<\/a><\/td>\n<\/tr>\n<tr class=\"row-5\">\n\t<td class=\"column-1\">CADRANS SERRAGE CARRELAGE (LOT 50)<\/td><td class=\"column-2\">3<\/td><td class=\"column-3\"><a href=\"https:\/\/aleinternational.sharepoint.com\/sites\/bricotheque\/_layouts\/15\/guestaccess.aspx?share=ETyAW8xCLhJCj6SvuOAvsGcBXdiFCV010sjKsPfpssRhzA&amp;e=t7qEFJ\">Cadrans Pavilift<\/a><\/td>\n<\/tr>\n<tr class=\"row-6\">\n\t<td class=\"column-1\">CLOCHE POUR COUPE CARRELAGE MANUEL (KIT)<\/td><td class=\"column-2\">2<\/td><td class=\"column-3\"><\/td>\n<\/tr>\n<tr class=\"row-7\">\n\t<td class=\"column-1\">COFFRET DE TARAUDS ET FILIERES<\/td><td class=\"column-2\">2<\/td><td class=\"column-3\"><a href=\"https:\/\/aleinternational.sharepoint.com\/sites\/bricotheque\/_layouts\/15\/guestaccess.aspx?share=ETpRP7BLEDxAsj3TLRreoF8BTrk_uN69JBCPyRt1EIPYSQ&amp;e=n1jsxL\">Coffret tarauds<\/a><\/td>\n<\/tr>\n<tr class=\"row-8\">\n\t<td class=\"column-1\">CLEFS PLATES<\/td><td class=\"column-2\">1<\/td><td class=\"column-3\"><a href=\"https:\/\/aleinternational.sharepoint.com\/:b:\/s\/bricotheque\/ESc8x1g-0EpCgtjwdajEkH8BYjVeYIbiciGbTcnt-TDRZQ?e=C0fb4e\">Clefs plates<\/a><\/td>\n<\/tr>\n<tr class=\"row-9\">\n\t<td class=\"column-1\">COMPRESSEUR VERTICAL<\/td><td class=\"column-2\">3<\/td><td class=\"column-3\"><a href=\"https:\/\/aleinternational.sharepoint.com\/sites\/bricotheque\/_layouts\/15\/guestaccess.aspx?share=Ebj0x6hEIB9HgK5JOwpMrVgBDfK1z22xib_FqdJrnXSHow&amp;e=sV1Jfp\">Compresseur<\/a><\/td>\n<\/tr>\n<tr class=\"row-10\">\n\t<td class=\"column-1\">COUPE BOULON<\/td><td class=\"column-2\">1<\/td><td class=\"column-3\"><\/td>\n<\/tr>\n<tr class=\"row-11\">\n\t<td class=\"column-1\">COUPE CARRELAGE ELECTRIQUE PENDULAIRE (BLEU)<\/td><td class=\"column-2\">10<\/td><td class=\"column-3\"><\/td>\n<\/tr>\n<tr class=\"row-12\">\n\t<td class=\"column-1\">COUPE CARRELAGE ELECTRIQUE sur TABLE (VERT)<\/td><td class=\"column-2\">12<\/td><td class=\"column-3\"><a href=\"https:\/\/aleinternational.sharepoint.com\/sites\/bricotheque\/_layouts\/15\/guestaccess.aspx?share=Edf52kIPT7VBm-vbBUnbCKYBJ6hp2otePPe_PfEi2QLORg&amp;e=RRSdpx\">Coupe carrelage \u00e9lectrique vert<\/a><\/td>\n<\/tr>\n<tr class=\"row-13\">\n\t<td class=\"column-1\">COUPE CARRELAGE MANUEL (PETIT \/ GRAND MODELE)<\/td><td class=\"column-2\">4<\/td><td class=\"column-3\"><\/td>\n<\/tr>\n<tr class=\"row-14\">\n\t<td class=\"column-1\">COUPE CARRELAGE MANUEL 130 cm<\/td><td class=\"column-2\">6<\/td><td class=\"column-3\"><a href=\"https:\/\/aleinternational.sharepoint.com\/:b:\/s\/bricotheque\/Ebwuxp2JnGxFmenRBiNJlrABRGZAc9lLemP5WvyfD3nHFA?e=68I6KZ\">Notice coupe carrelage<\/a><a href=\"https:\/\/aleinternational.sharepoint.com\/:b:\/s\/bricotheque\/EaflXkMAG6JKiUthLqXJRwcBwLY7pu1-Fejvd_oAWbmrqg?e=b4nU36\" style=\"margin-left: 10px;\">Manuel coupe carrelage<\/a><\/td>\n<\/tr>\n<tr class=\"row-15\">\n\t<td class=\"column-1\">COUPE CARRELAGE PINCE<\/td><td class=\"column-2\">1<\/td><td class=\"column-3\"><a href=\"https:\/\/aleinternational.sharepoint.com\/sites\/bricotheque\/_layouts\/15\/guestaccess.aspx?share=ERgibZ4c0JpDhkKxJ1x_ZR8Bcm44a8Ms27i6DtnF__Cu4Q&amp;e=uYljg2\">Pince coupe carrelage<\/a><\/td>\n<\/tr>\n<tr class=\"row-16\">\n\t<td class=\"column-1\">COUPE TUBE CUIVRE<\/td><td class=\"column-2\">1<\/td><td class=\"column-3\"><a href=\"https:\/\/aleinternational.sharepoint.com\/sites\/bricotheque\/_layouts\/15\/guestaccess.aspx?share=EX6_pZeAZZJDstx0KW3FqH8B_D01V4qq7bp53T4h_Tl38w&amp;e=qI6Lfd\">Coupe tube cuivre<\/a><\/td>\n<\/tr>\n<tr class=\"row-17\">\n\t<td class=\"column-1\">COUPE TUBE PER-PVC<\/td><td class=\"column-2\">1<\/td><td class=\"column-3\"><a href=\"https:\/\/aleinternational.sharepoint.com\/sites\/bricotheque\/_layouts\/15\/guestaccess.aspx?share=ESAaLWRrefBCnDjfV3sclfkBSY3BMWNGbYZj5wKEMonqhg&amp;e=qmo6m7\">Coupe tube<\/a><\/td>\n<\/tr>\n<tr class=\"row-18\">\n\t<td class=\"column-1\">COUPE PAVE MANUEL<\/td><td class=\"column-2\">6<\/td><td class=\"column-3\"><a href=\"https:\/\/aleinternational.sharepoint.com\/sites\/bricotheque\/_layouts\/15\/guestaccess.aspx?share=ET8sXyoFzzhNgSWXbdPx6rcBkVjEH4n_aeRIOxLxrw-pNg&amp;e=gUBNcG\">Coupe pav\u00e9<\/a><\/td>\n<\/tr>\n<tr class=\"row-19\">\n\t<td class=\"column-1\">DETECTEUR CABLES ELECTRIQUES<\/td><td class=\"column-2\">3<\/td><td class=\"column-3\"><a href=\"https:\/\/aleinternational.sharepoint.com\/sites\/bricotheque\/_layouts\/15\/guestaccess.aspx?share=ETZsXMgKbCVOgl6pMCpNqxkBc2e2pfrfDDNGjbeQHvYH1g&amp;e=0fIUe3\">Notice d\u00e9tecteur<\/a><a href=\"https:\/\/aleinternational.sharepoint.com\/sites\/bricotheque\/_layouts\/15\/guestaccess.aspx?share=Eack1euAkdBBvIX0x27wjNYBW_UI8pHgldtmAnNC6aavzw&amp;e=q5QXV0\" style=\"margin-left: 10px;\">Manuel d\u00e9tecteur<\/a><\/td>\n<\/tr>\n<tr class=\"row-20\">\n\t<td class=\"column-1\">EMBOUT PLACO POUR VISSEUSE<\/td><td class=\"column-2\">1<\/td><td class=\"column-3\"><a href=\"https:\/\/aleinternational.sharepoint.com\/sites\/bricotheque\/_layouts\/15\/guestaccess.aspx?share=EcifAtBrgH9Lm88nQK_z8xgB2SpPIFJ4ib1x2ixvftio5g&amp;e=fSuay8\">Embout de vissage placo<\/a><\/td>\n<\/tr>\n<tr class=\"row-21\">\n\t<td class=\"column-1\">KIT FILETAGE PLOMBERIE<\/td><td class=\"column-2\">2<\/td><td class=\"column-3\"><a href=\"https:\/\/aleinternational.sharepoint.com\/:b:\/s\/bricotheque\/EQs8L03cb5hDp1gYI8kT3oABp2PD5kPdSDKAfON-NYts4g?e=7Q5Nku\">Coffret fili\u00e8re VIRAX<\/a><\/td>\n<\/tr>\n<tr class=\"row-22\">\n\t<td class=\"column-1\">KIT LISSAGE JOINT SILICONE<\/td><td class=\"column-2\">1<\/td><td class=\"column-3\"><\/td>\n<\/tr>\n<tr class=\"row-23\">\n\t<td class=\"column-1\">KIT PERCAGE CARRELAGE MANUEL<\/td><td class=\"column-2\">2<\/td><td class=\"column-3\"><\/td>\n<\/tr>\n<tr class=\"row-24\">\n\t<td class=\"column-1\">LIME ELECTRIQUE <\/td><td class=\"column-2\">3<\/td><td class=\"column-3\"><\/td>\n<\/tr>\n<tr class=\"row-25\">\n\t<td class=\"column-1\">MALAXEUR<\/td><td class=\"column-2\">3<\/td><td class=\"column-3\"><a href=\"https:\/\/aleinternational.sharepoint.com\/sites\/bricotheque\/_layouts\/15\/guestaccess.aspx?share=Eeq4UUZEU6pAqLbDCWqSQfMBk-sSGfX1TXkKoUPNIEOXfg&amp;e=cghKbs\">Malaxeur<\/a><\/td>\n<\/tr>\n<tr class=\"row-26\">\n\t<td class=\"column-1\">MEULEUSE D'ANGLE 125 + disque<\/td><td class=\"column-2\">3<\/td><td class=\"column-3\"><\/td>\n<\/tr>\n<tr class=\"row-27\">\n\t<td class=\"column-1\">MEULEUSE D'ANGLE 230 + disque diamant<\/td><td class=\"column-2\">8<\/td><td class=\"column-3\"><\/td>\n<\/tr>\n<tr class=\"row-28\">\n\t<td class=\"column-1\">NIVEAU LASER AVEC PIED<\/td><td class=\"column-2\">6<\/td><td class=\"column-3\"><a href=\"https:\/\/aleinternational.sharepoint.com\/sites\/bricotheque\/_layouts\/15\/guestaccess.aspx?share=Ec_eCnJn2XVKmd139lT9mCgBXgZL-iki3Fh9dPhlE98Pjg&amp;e=Bw6WfQ\">Niveau laser<\/a><\/td>\n<\/tr>\n<tr class=\"row-29\">\n\t<td class=\"column-1\">PALAN A CHAINE 1 TONNE<\/td><td class=\"column-2\">1<\/td><td class=\"column-3\"><\/td>\n<\/tr>\n<tr class=\"row-30\">\n\t<td class=\"column-1\">PINCE A GLISSEMENT PER<\/td><td class=\"column-2\">10<\/td><td class=\"column-3\"><a href=\"https:\/\/aleinternational.sharepoint.com\/sites\/bricotheque\/_layouts\/15\/guestaccess.aspx?share=EaUjlG82LutHsusZ6JO5-3oBAmVFTFBC5sGiWhFwaVKmQw&amp;e=SjHrfk\">Pince \u00e0 sertir PER \u00e0 glissement<\/a><\/td>\n<\/tr>\n<tr class=\"row-31\">\n\t<td class=\"column-1\">PINCE A RIVETER 4 SECTIONS<\/td><td class=\"column-2\">1<\/td><td class=\"column-3\"><\/td>\n<\/tr>\n<tr class=\"row-32\">\n\t<td class=\"column-1\">PINCE A SERTIR PER MULTICOUCHE + EMBOUTS<\/td><td class=\"column-2\">10<\/td><td class=\"column-3\"><a href=\"https:\/\/aleinternational.sharepoint.com\/sites\/bricotheque\/_layouts\/15\/guestaccess.aspx?share=EaUjlG82LutHsusZ6JO5-3oBAmVFTFBC5sGiWhFwaVKmQw&amp;e=SjHrfk\">Pince \u00e0 sertir PER et MULTICOUCHE<\/a><\/td>\n<\/tr>\n<tr class=\"row-33\">\n\t<td class=\"column-1\">PINCE A SERTIR PREGIMETAL<\/td><td class=\"column-2\">1<\/td><td class=\"column-3\"><a href=\"https:\/\/aleinternational.sharepoint.com\/sites\/bricotheque\/_layouts\/15\/guestaccess.aspx?share=EYu-rfFdUv9AuTCvV4DwgwUBFV05ovtrAwgSR0yHzS9-Ug&amp;e=5WSaBN\">Pince a sertir Pregimetal<\/a><\/td>\n<\/tr>\n<tr class=\"row-34\">\n\t<td class=\"column-1\">PISTOLET COLLE + 2 b\u00e2tonnets<\/td><td class=\"column-2\">1<\/td><td class=\"column-3\"><\/td>\n<\/tr>\n<tr class=\"row-35\">\n\t<td class=\"column-1\">POSE DALLE REGLABLE<\/td><td class=\"column-2\">1<\/td><td class=\"column-3\"><a href=\"https:\/\/aleinternational.sharepoint.com\/:b:\/s\/bricotheque\/ETqvxclnkUhIipcfwAF5eysBYIm6oJ84ajkUZBzjnPjEBg?e=D1TCko\">Pose dalle<\/a><\/td>\n<\/tr>\n<tr class=\"row-36\">\n\t<td class=\"column-1\">POSTE A SOUDER ELECTRIQUE (+ CASQUE)<\/td><td class=\"column-2\">5<\/td><td class=\"column-3\"><a href=\"https:\/\/aleinternational.sharepoint.com\/:b:\/s\/bricotheque\/EUlKH79Ffy1Pt5mtinYbVyABEdKENr-aBrc-Kuj879dVdA?e=K4E2dJ\">notice poste a souder inverter<\/a><a href=\"https:\/\/aleinternational.sharepoint.com\/:b:\/s\/bricotheque\/ERTTWC68dWVHiUDxmcGSO9UB2ZsCHBZ7zSFDXKadAwzGmA?e=PcVkLr\" style=\"margin-left: 10px;\">manuel<\/a><\/td>\n<\/tr>\n<tr class=\"row-37\">\n\t<td class=\"column-1\">RALLONGE ELECTRIQUE <\/td><td class=\"column-2\">1<\/td><td class=\"column-3\"><\/td>\n<\/tr>\n<tr class=\"row-38\">\n\t<td class=\"column-1\">SCIE A BETON<\/td><td class=\"column-2\">15<\/td><td class=\"column-3\"><\/td>\n<\/tr>\n<tr class=\"row-39\">\n\t<td class=\"column-1\">SCIE A FIL MANUELLE<\/td><td class=\"column-2\">1<\/td><td class=\"column-3\"><\/td>\n<\/tr>\n<tr class=\"row-40\">\n\t<td class=\"column-1\">SCIE CLOCHE<\/td><td class=\"column-2\">1<\/td><td class=\"column-3\"><\/td>\n<\/tr>\n<tr class=\"row-41\">\n\t<td class=\"column-1\">SCIE MULTI-USAGES<\/td><td class=\"column-2\">6<\/td><td class=\"column-3\"><a href=\"https:\/\/aleinternational.sharepoint.com\/:b:\/s\/bricotheque\/EY13n3S_FS5HhV4YLcLgTw8B3ULvxB5VFBAlPx0FVClWbw?e=ezofp9\">notice<\/a><a href=\"https:\/\/aleinternational.sharepoint.com\/:b:\/s\/bricotheque\/EY5UU1yvHopDima0QGn_OdMBAmYE98xD7zuDjzx_RGgpgQ?e=Z5ua0B\" style=\"margin-left: 10px;\">accessoires<\/a><\/td>\n<\/tr>\n<tr class=\"row-42\">\n\t<td class=\"column-1\">SCIE SABRE<\/td><td class=\"column-2\">2<\/td><td class=\"column-3\"><a href=\"https:\/\/aleinternational.sharepoint.com\/:b:\/s\/bricotheque\/EeLjzkjfl85Gnex9pPJa1fMBG65H6BB31fLQ0SLG16I_Nw?e=vuOhTt\">notice<\/a><\/td>\n<\/tr>\n<tr class=\"row-43\">\n\t<td class=\"column-1\">SPATULE ELECTRIQUE<\/td><td class=\"column-2\">3<\/td><td class=\"column-3\"><\/td>\n<\/tr>\n<tr class=\"row-44\">\n\t<td class=\"column-1\">TELEMETRE LASER<\/td><td class=\"column-2\">3<\/td><td class=\"column-3\"><\/td>\n<\/tr>\n<tr class=\"row-45\">\n\t<td class=\"column-1\">TIRE FIL 25 M<\/td><td class=\"column-2\">1<\/td><td class=\"column-3\"><a href=\"https:\/\/aleinternational.sharepoint.com\/sites\/bricotheque\/_layouts\/15\/guestaccess.aspx?share=EbeHVphEz-9PkinW5Jxg_8oBgnsnC0UN6A2V9-1ewksF1g&amp;e=f3Z8Nw\">Tire fil<\/a><\/td>\n<\/tr>\n<tr class=\"row-46\">\n\t<td class=\"column-1\">TIREFORT<\/td><td class=\"column-2\">3<\/td><td class=\"column-3\"><\/td>\n<\/tr>\n<tr class=\"row-47\">\n\t<td class=\"column-1\">VENTOUSE DE MANUTENTION ( la paire)<\/td><td class=\"column-2\">2<\/td><td class=\"column-3\"><a href=\"https:\/\/aleinternational.sharepoint.com\/:b:\/s\/bricotheque\/EWCdoLfUKKRNkMc6jj6VRj0BgweQSv7VwueCfQkwmwuz5w?e=3wF2zG\">Ventouse<\/a><\/td>\n<\/tr>\n<tr class=\"row-48\">\n\t<td class=\"column-1\">VELO COFFRET OUTILS<\/td><td class=\"column-2\">4<\/td><td class=\"column-3\"><a href=\"https:\/\/aleinternational.sharepoint.com\/:b:\/s\/bricotheque\/ERIgSSOdEcVNl74UNJ85GYkBBQ4okGUPeX0st6mbs-cTIA?e=MeodvA\">coffret outils pour v\u00e9lo<\/a><\/td>\n<\/tr>\n<tr class=\"row-49\">\n\t<td class=\"column-1\">VELO SUPPORT<\/td><td class=\"column-2\">4<\/td><td class=\"column-3\"><\/td>\n<\/tr>\n<tr class=\"row-50\">\n\t<td class=\"column-1\">WATTMETRE VOLTCRAFT<\/td><td class=\"column-2\">1<\/td><td class=\"column-3\"><\/td>\n<\/tr>\n<\/tbody>\n<\/table>\n<!-- #tablepress-6 from cache -->\n","protected":false},"excerpt":{"rendered":"<p>Ci-dessous le mat\u00e9riel propos\u00e9 pour Outillage Tarif par p\u00e9riode : du vendredi au mercredi, du mercredi au vendredi, du vendredi au lundi. &nbsp;<\/p>\n","protected":false},"author":2,"featured_media":0,"parent":68,"menu_order":0,"comment_status":"open","ping_status":"open","template":"","meta":{"footnotes":""},"class_list":["post-765","page","type-page","status-publish","hentry"],"publishpress_future_action":{"enabled":false,"date":"2026-05-24 14:58:43","action":"change-status","newStatus":"draft","terms":[],"taxonomy":"category","extraData":[]},"publishpress_future_workflow_manual_trigger":{"enabledWorkflows":[]},"_links":{"self":[{"href":"https:\/\/www.ce-illkirch.fr\/wordpress\/wp-json\/wp\/v2\/pages\/765","targetHints":{"allow":["GET"]}}],"collection":[{"href":"https:\/\/www.ce-illkirch.fr\/wordpress\/wp-json\/wp\/v2\/pages"}],"about":[{"href":"https:\/\/www.ce-illkirch.fr\/wordpress\/wp-json\/wp\/v2\/types\/page"}],"author":[{"embeddable":true,"href":"https:\/\/www.ce-illkirch.fr\/wordpress\/wp-json\/wp\/v2\/users\/2"}],"replies":[{"embeddable":true,"href":"https:\/\/www.ce-illkirch.fr\/wordpress\/wp-json\/wp\/v2\/comments?post=765"}],"version-history":[{"count":20,"href":"https:\/\/www.ce-illkirch.fr\/wordpress\/wp-json\/wp\/v2\/pages\/765\/revisions"}],"predecessor-version":[{"id":33766,"href":"https:\/\/www.ce-illkirch.fr\/wordpress\/wp-json\/wp\/v2\/pages\/765\/revisions\/33766"}],"up":[{"embeddable":true,"href":"https:\/\/www.ce-illkirch.fr\/wordpress\/wp-json\/wp\/v2\/pages\/68"}],"wp:attachment":[{"href":"https:\/\/www.ce-illkirch.fr\/wordpress\/wp-json\/wp\/v2\/media?parent=765"}],"curies":[{"name":"wp","href":"https:\/\/api.w.org\/{rel}","templated":true}]}}