{"id":767,"date":"2010-03-12T13:50:11","date_gmt":"2010-03-12T12:50:11","guid":{"rendered":"http:\/\/www.ce-illkirch.fr\/wordpress\/?page_id=767"},"modified":"2023-09-10T06:48:32","modified_gmt":"2023-09-10T04:48:32","slug":"divers-pour-demenagement","status":"publish","type":"page","link":"https:\/\/www.ce-illkirch.fr\/wordpress\/bricotheque\/divers-pour-demenagement\/","title":{"rendered":"Pour d\u00e9m\u00e9nagement"},"content":{"rendered":"<p style=\"text-align: center;\"><strong>Ci-dessous le mat\u00e9riel propos\u00e9 pour <span style=\"color: #ff0000;\">Divers pour d\u00e9m\u00e9nagement<\/span><\/strong><\/p>\n<p>Tarif par p\u00e9riode : du vendredi au mercredi, du mercredi au vendredi, du vendredi au lundi.<\/p>\n<p>&nbsp;<\/p>\n\n<table id=\"tablepress-2\" class=\"tablepress tablepress-id-2\">\n<thead>\n<tr class=\"row-1\">\n\t<th class=\"column-1\">DEMENAGEMENT<\/th><th class=\"column-2\">Tarif<\/th><th class=\"column-3\">Notice-article<\/th>\n<\/tr>\n<\/thead>\n<tbody class=\"row-striping row-hover\">\n<tr class=\"row-2\">\n\t<td class=\"column-1\">CHARIOTS PLIANTS 4 ROUES<\/td><td class=\"column-2\">2<\/td><td class=\"column-3\"><a href=\"https:\/\/aleinternational.sharepoint.com\/sites\/bricotheque\/_layouts\/15\/guestaccess.aspx?share=EUGSmZZ225lNlpFT2BUbfroBO4LMBATucwaknwfAVuLJhA&amp;e=fMgdeb\">Chariot pliant<\/a><\/td>\n<\/tr>\n<tr class=\"row-3\">\n\t<td class=\"column-1\">DIABLE 250 KG <\/td><td class=\"column-2\">2<\/td><td class=\"column-3\"><\/td>\n<\/tr>\n<tr class=\"row-4\">\n\t<td class=\"column-1\">KIT POUR DEPLACER LES MEUBLES<\/td><td class=\"column-2\">1<\/td><td class=\"column-3\"><a href=\"https:\/\/aleinternational.sharepoint.com\/:b:\/s\/bricotheque\/EZf7Av2F8zxArDWExMVbeogBHPkIxUS3QbPrc4dFXdxA_A?e=u8V5ul\">notice<\/a><\/td>\n<\/tr>\n<tr class=\"row-5\">\n\t<td class=\"column-1\">PLATEAU 4 ROUES<\/td><td class=\"column-2\">2<\/td><td class=\"column-3\"><\/td>\n<\/tr>\n<\/tbody>\n<\/table>\n<!-- #tablepress-2 from cache -->\n","protected":false},"excerpt":{"rendered":"<p>Ci-dessous le mat\u00e9riel propos\u00e9 pour Divers pour d\u00e9m\u00e9nagement Tarif par p\u00e9riode : du vendredi au mercredi, du mercredi au vendredi, du vendredi au lundi. &nbsp;<\/p>\n","protected":false},"author":2,"featured_media":0,"parent":68,"menu_order":0,"comment_status":"open","ping_status":"open","template":"","meta":{"footnotes":""},"class_list":["post-767","page","type-page","status-publish","hentry"],"publishpress_future_action":{"enabled":false,"date":"2026-05-13 14:00:53","action":"change-status","newStatus":"draft","terms":[],"taxonomy":"category","extraData":[]},"publishpress_future_workflow_manual_trigger":{"enabledWorkflows":[]},"_links":{"self":[{"href":"https:\/\/www.ce-illkirch.fr\/wordpress\/wp-json\/wp\/v2\/pages\/767","targetHints":{"allow":["GET"]}}],"collection":[{"href":"https:\/\/www.ce-illkirch.fr\/wordpress\/wp-json\/wp\/v2\/pages"}],"about":[{"href":"https:\/\/www.ce-illkirch.fr\/wordpress\/wp-json\/wp\/v2\/types\/page"}],"author":[{"embeddable":true,"href":"https:\/\/www.ce-illkirch.fr\/wordpress\/wp-json\/wp\/v2\/users\/2"}],"replies":[{"embeddable":true,"href":"https:\/\/www.ce-illkirch.fr\/wordpress\/wp-json\/wp\/v2\/comments?post=767"}],"version-history":[{"count":7,"href":"https:\/\/www.ce-illkirch.fr\/wordpress\/wp-json\/wp\/v2\/pages\/767\/revisions"}],"predecessor-version":[{"id":33770,"href":"https:\/\/www.ce-illkirch.fr\/wordpress\/wp-json\/wp\/v2\/pages\/767\/revisions\/33770"}],"up":[{"embeddable":true,"href":"https:\/\/www.ce-illkirch.fr\/wordpress\/wp-json\/wp\/v2\/pages\/68"}],"wp:attachment":[{"href":"https:\/\/www.ce-illkirch.fr\/wordpress\/wp-json\/wp\/v2\/media?parent=767"}],"curies":[{"name":"wp","href":"https:\/\/api.w.org\/{rel}","templated":true}]}}