{"id":791,"date":"2023-08-31T15:17:43","date_gmt":"2023-08-31T13:17:43","guid":{"rendered":"http:\/\/www.ce-illkirch.fr\/wordpress\/?page_id=791"},"modified":"2025-09-23T09:16:14","modified_gmt":"2025-09-23T07:16:14","slug":"groupe-vocal","status":"publish","type":"page","link":"https:\/\/www.ce-illkirch.fr\/wordpress\/loisirs-2\/groupe-vocal\/","title":{"rendered":"Groupe vocal"},"content":{"rendered":"<p>La chorale r\u00e9p\u00e8te sous la direction de Susan Griffiths les <strong>lundis<\/strong> de 12h10 \u00e0 13h15 :\u00a0 chant \u00e0 4 voix . Dans la grande salle au plot B0.<\/p>\n<p>Cotisation annuelle 50 \u20ac (100 \u20ac ext\u00e9rieur), au prorata des mois restants si inscription en cours d&rsquo;ann\u00e9e (15\u20ac\/mois). Inscription \u00e0 la billetterie du CSE. Possibilit\u00e9 de venir essayer sans engagement \u00e0 tout moment dans l&rsquo;ann\u00e9e.<\/p>\n<p>Contact A. Armando<\/p>\n","protected":false},"excerpt":{"rendered":"<p>La chorale r\u00e9p\u00e8te sous la direction de Susan Griffiths les lundis de 12h10 \u00e0 13h15 :\u00a0 chant \u00e0 4 voix . Dans la grande salle au plot B0. Cotisation annuelle [&hellip;]<\/p>\n","protected":false},"author":2,"featured_media":3333,"parent":162,"menu_order":0,"comment_status":"open","ping_status":"open","template":"","meta":{"footnotes":""},"class_list":["post-791","page","type-page","status-publish","has-post-thumbnail","hentry"],"publishpress_future_action":{"enabled":false,"date":"2026-05-18 20:35:21","action":"change-status","newStatus":"draft","terms":[],"taxonomy":"category","extraData":[]},"publishpress_future_workflow_manual_trigger":{"enabledWorkflows":[]},"_links":{"self":[{"href":"https:\/\/www.ce-illkirch.fr\/wordpress\/wp-json\/wp\/v2\/pages\/791","targetHints":{"allow":["GET"]}}],"collection":[{"href":"https:\/\/www.ce-illkirch.fr\/wordpress\/wp-json\/wp\/v2\/pages"}],"about":[{"href":"https:\/\/www.ce-illkirch.fr\/wordpress\/wp-json\/wp\/v2\/types\/page"}],"author":[{"embeddable":true,"href":"https:\/\/www.ce-illkirch.fr\/wordpress\/wp-json\/wp\/v2\/users\/2"}],"replies":[{"embeddable":true,"href":"https:\/\/www.ce-illkirch.fr\/wordpress\/wp-json\/wp\/v2\/comments?post=791"}],"version-history":[{"count":13,"href":"https:\/\/www.ce-illkirch.fr\/wordpress\/wp-json\/wp\/v2\/pages\/791\/revisions"}],"predecessor-version":[{"id":36793,"href":"https:\/\/www.ce-illkirch.fr\/wordpress\/wp-json\/wp\/v2\/pages\/791\/revisions\/36793"}],"up":[{"embeddable":true,"href":"https:\/\/www.ce-illkirch.fr\/wordpress\/wp-json\/wp\/v2\/pages\/162"}],"wp:featuredmedia":[{"embeddable":true,"href":"https:\/\/www.ce-illkirch.fr\/wordpress\/wp-json\/wp\/v2\/media\/3333"}],"wp:attachment":[{"href":"https:\/\/www.ce-illkirch.fr\/wordpress\/wp-json\/wp\/v2\/media?parent=791"}],"curies":[{"name":"wp","href":"https:\/\/api.w.org\/{rel}","templated":true}]}}