{"id":797,"date":"2010-03-17T13:33:30","date_gmt":"2010-03-17T12:33:30","guid":{"rendered":"http:\/\/www.ce-illkirch.fr\/wordpress\/?page_id=797"},"modified":"2026-04-14T11:23:01","modified_gmt":"2026-04-14T09:23:01","slug":"abonnements-magazines","status":"publish","type":"page","link":"https:\/\/www.ce-illkirch.fr\/wordpress\/offres-commerciales-2\/abonnements-magazines\/","title":{"rendered":"Magazines"},"content":{"rendered":"<p><em><strong><a href=\"https:\/\/www.ce-illkirch.fr\/wordpress\/wp-content\/uploads\/2025\/06\/Logo_PrivilegesCSE.png\"><img loading=\"lazy\" decoding=\"async\" class=\"size-medium wp-image-37604 alignleft\" src=\"https:\/\/www.ce-illkirch.fr\/wordpress\/wp-content\/uploads\/2025\/06\/Logo_PrivilegesCSE-300x91.png\" alt=\"\" width=\"300\" height=\"91\" srcset=\"https:\/\/www.ce-illkirch.fr\/wordpress\/wp-content\/uploads\/2025\/06\/Logo_PrivilegesCSE-300x91.png 300w, https:\/\/www.ce-illkirch.fr\/wordpress\/wp-content\/uploads\/2025\/06\/Logo_PrivilegesCSE-1024x312.png 1024w, https:\/\/www.ce-illkirch.fr\/wordpress\/wp-content\/uploads\/2025\/06\/Logo_PrivilegesCSE-768x234.png 768w, https:\/\/www.ce-illkirch.fr\/wordpress\/wp-content\/uploads\/2025\/06\/Logo_PrivilegesCSE-110x33.png 110w, https:\/\/www.ce-illkirch.fr\/wordpress\/wp-content\/uploads\/2025\/06\/Logo_PrivilegesCSE-420x128.png 420w, https:\/\/www.ce-illkirch.fr\/wordpress\/wp-content\/uploads\/2025\/06\/Logo_PrivilegesCSE-770x234.png 770w, https:\/\/www.ce-illkirch.fr\/wordpress\/wp-content\/uploads\/2025\/06\/Logo_PrivilegesCSE.png 1498w\" sizes=\"auto, (max-width: 300px) 100vw, 300px\" \/><\/a>Privil\u00e8gesCSE<\/strong>, marque de Viapresse d\u00e9di\u00e9e aux CSE, n\u00b01 de l&rsquo;abonnement.<\/em><\/p>\n<ul>\n<li>R<em>etrouvez parmi + de 1000 magazines ceux qui correspondent \u00e0 votre personnalit\u00e9, \u00e0 vos envies et \u00e0 vos passions.<\/em><\/li>\n<li><strong>Les 20\u20ac<\/strong> sont valables du tous les titres. Il n&rsquo;y a plus d&rsquo;exception \u00e9diteurs<em>.<\/em><\/li>\n<\/ul>\n<p>&nbsp;<\/p>\n<p><strong><em>B\u00e9n\u00e9ficiez de\u00a0<\/em><em>20\u20ac de r\u00e9duction<\/em><\/strong><em><strong>\u00a0<\/strong>sur votre commande \u00a0(voir CGV).<\/em><\/p>\n<p><strong><em>Comment en profiter ? <a href=\"https:\/\/www.ce-illkirch.fr\/wordpress\/wp-content\/uploads\/2025\/06\/privilesCSE_Tuto-utilisation-de-la-cagnotte-PrivilegesCSE_CSE-ALE-Copy.pdf\">Tuto<\/a><\/em><\/strong><\/p>\n<ol>\n<li>Cliquer sur ce lien :\u00a0https:\/\/www.privilegescse.com<\/li>\n<li>Cr\u00e9er un compte sur notre site Privil\u00e8geCSE (ou se connecter si d\u00e9j\u00e0 clients).<\/li>\n<li>La cagnotte de 20\u20ac sera automatiquement cr\u00e9dit\u00e9e <strong>et utilisable sur tout le site sans restriction<\/strong>.&#x26a0;&#xfe0f; Il est important de s\u2019identifier une 1\u00e8re fois via ce lien avant de choisir votre magazine pour que la cagnotte soit bien activ\u00e9e.<\/li>\n<\/ol>\n<p><strong><em>Une question sur vos abonnements ?<\/em><\/strong><\/p>\n<p><em>Contactez le\u00a0<\/em><strong><em>Service Clients<\/em><\/strong><em>\u00a0VIAPRESSE par e-mail :\u00a0<a href=\"mailto:privilegesce@viapresse.com\">privilegesce@viapresse.com<\/a>\u00a0ou par t\u00e9l\u00e9phone (33)1 72 87 16 76 code 50<\/em><\/p>\n<p>&nbsp;<\/p>\n<p>&nbsp;<\/p>\n<p><img loading=\"lazy\" decoding=\"async\" class=\" wp-image-30208 alignleft\" src=\"https:\/\/www.ce-illkirch.fr\/wordpress\/wp-content\/uploads\/easialylogo-400x400-px-300x300.jpg\" alt=\"\" width=\"254\" height=\"254\" srcset=\"https:\/\/www.ce-illkirch.fr\/wordpress\/wp-content\/uploads\/easialylogo-400x400-px-300x300.jpg 300w, https:\/\/www.ce-illkirch.fr\/wordpress\/wp-content\/uploads\/easialylogo-400x400-px-150x150.jpg 150w, https:\/\/www.ce-illkirch.fr\/wordpress\/wp-content\/uploads\/easialylogo-400x400-px-250x250.jpg 250w, https:\/\/www.ce-illkirch.fr\/wordpress\/wp-content\/uploads\/easialylogo-400x400-px-125x125.jpg 125w, https:\/\/www.ce-illkirch.fr\/wordpress\/wp-content\/uploads\/easialylogo-400x400-px-64x64.jpg 64w, https:\/\/www.ce-illkirch.fr\/wordpress\/wp-content\/uploads\/easialylogo-400x400-px-110x110.jpg 110w, https:\/\/www.ce-illkirch.fr\/wordpress\/wp-content\/uploads\/easialylogo-400x400-px-120x120.jpg 120w, https:\/\/www.ce-illkirch.fr\/wordpress\/wp-content\/uploads\/easialylogo-400x400-px.jpg 400w\" sizes=\"auto, (max-width: 254px) 100vw, 254px\" \/><strong>EASIALY :<\/strong> +\u00a0 de 200 magazines \u00e0 des prix imbattables : <span style=\"text-decoration: underline;\"><strong>remise de 25 %<\/strong><\/span><\/p>\n<p><span style=\"text-decoration: underline;\" data-mce-mark=\"1\">2 possibilit\u00e9s pour passer commande<\/span> d\u2019abonnements magazines\u00a0:<\/p>\n<p><em>Par t\u00e9l\u00e9phone<\/em> : au 01 73 60 02 66 en indiquant le code 301 100 69 814.<\/p>\n<p><em>Par internet<\/em> : sur <a href=\"https:\/\/www.easialy.fr\/home?code=30110069814\" target=\"_blank\" rel=\"noopener\">www.easialy.fr <\/a>\u00e0 l\u2019<a href=\"https:\/\/www.easialy.fr\/home?code=30110069814&amp;r=1\">aide du n\u00b0 privatif 30110069814<\/a> qui vous est d\u00e9di\u00e9 : <a href=\"https:\/\/www.easialy.fr\/home?code=30110069814&amp;r=1\">https:\/\/www.easialy.fr\/home?code=30110069814&amp;r=1<\/a><\/p>\n<p>V\u00e9rifier s&rsquo;il n&rsquo;y a pas une offre plus int\u00e9ressante sur <a href=\"https:\/\/www.france-abonnements.fr\/\">France Abonnement Entreprises<\/a><\/p>\n<p>&nbsp;<\/p>\n<p>&nbsp;<\/p>\n<p>&nbsp;<\/p>\n<p>&nbsp;<\/p>\n<p><a href=\"https:\/\/www.ce-illkirch.fr\/wordpress\/wp-content\/uploads\/2025\/04\/Nouveau-LOGO-Bimarque-1-e1743662661441.png\"><img loading=\"lazy\" decoding=\"async\" class=\"alignleft wp-image-37109 size-medium\" src=\"https:\/\/www.ce-illkirch.fr\/wordpress\/wp-content\/uploads\/2025\/04\/Nouveau-LOGO-Bimarque-1-300x71.png\" alt=\"\" width=\"300\" height=\"71\" \/><\/a><strong>Bayard et Milan<\/strong>, revues Jeunesse : <a href=\"https:\/\/www.ce-illkirch.fr\/wordpress\/wp-content\/uploads\/2025\/05\/BAYARD_CODE-CSE-ALE-INTERNATIONAL.pdf\">Codes<\/a><\/p>\n<p>r\u00e9duction collectivit\u00e9 avec les codes\u00a0 CSE pour acc\u00e9der \u00e0 votre panier :<br \/>\n\u2022 Le code CSE :102107213<br \/>\n\u2022 Le code partenaire : V69<\/p>\n<p>Accompagner un enfant avec un magazine tout au long de l\u2019ann\u00e9e est le gage de lui donner le go\u00fbt de la lecture : il suit ses h\u00e9ros, ses passions, d\u00e9veloppe son imaginaire, apprend en s\u2019amusant et cultive sa curiosit\u00e9.<\/p>\n<p>Soyez acteur de la r\u00e9ussite des enfants avec des magazines qui sauront les aider \u00e0 mieux comprendre le monde, leur permettre de mieux se conna\u00eetre et leur donner l\u2019envie de grandir.<\/p>\n<p><strong>Offre exceptionnelle\u00a0\u00e0 ne pas manquer : gr\u00e2ce \u00e0 votre CSE profitez de tarifs pr\u00e9f\u00e9rentiels.<\/strong><\/p>\n<p>&nbsp;<\/p>\n","protected":false},"excerpt":{"rendered":"<p>Privil\u00e8gesCSE, marque de Viapresse d\u00e9di\u00e9e aux CSE, n\u00b01 de l&rsquo;abonnement. Retrouvez parmi + de 1000 magazines ceux qui correspondent \u00e0 votre personnalit\u00e9, \u00e0 vos envies et \u00e0 vos passions. Les [&hellip;]<\/p>\n","protected":false},"author":2,"featured_media":0,"parent":152,"menu_order":1,"comment_status":"open","ping_status":"open","template":"","meta":{"footnotes":""},"class_list":["post-797","page","type-page","status-publish","hentry"],"publishpress_future_action":{"enabled":false,"date":"2026-04-23 19:18:07","action":"change-status","newStatus":"draft","terms":[],"taxonomy":"category","extraData":[]},"publishpress_future_workflow_manual_trigger":{"enabledWorkflows":[]},"_links":{"self":[{"href":"https:\/\/www.ce-illkirch.fr\/wordpress\/wp-json\/wp\/v2\/pages\/797","targetHints":{"allow":["GET"]}}],"collection":[{"href":"https:\/\/www.ce-illkirch.fr\/wordpress\/wp-json\/wp\/v2\/pages"}],"about":[{"href":"https:\/\/www.ce-illkirch.fr\/wordpress\/wp-json\/wp\/v2\/types\/page"}],"author":[{"embeddable":true,"href":"https:\/\/www.ce-illkirch.fr\/wordpress\/wp-json\/wp\/v2\/users\/2"}],"replies":[{"embeddable":true,"href":"https:\/\/www.ce-illkirch.fr\/wordpress\/wp-json\/wp\/v2\/comments?post=797"}],"version-history":[{"count":31,"href":"https:\/\/www.ce-illkirch.fr\/wordpress\/wp-json\/wp\/v2\/pages\/797\/revisions"}],"predecessor-version":[{"id":39265,"href":"https:\/\/www.ce-illkirch.fr\/wordpress\/wp-json\/wp\/v2\/pages\/797\/revisions\/39265"}],"up":[{"embeddable":true,"href":"https:\/\/www.ce-illkirch.fr\/wordpress\/wp-json\/wp\/v2\/pages\/152"}],"wp:attachment":[{"href":"https:\/\/www.ce-illkirch.fr\/wordpress\/wp-json\/wp\/v2\/media?parent=797"}],"curies":[{"name":"wp","href":"https:\/\/api.w.org\/{rel}","templated":true}]}}