{"id":820,"date":"2017-12-14T09:00:32","date_gmt":"2017-12-14T08:00:32","guid":{"rendered":"http:\/\/www.ce-illkirch.fr\/wordpress\/?page_id=820"},"modified":"2025-06-18T10:03:32","modified_gmt":"2025-06-18T08:03:32","slug":"couches-ecoservices","status":"publish","type":"page","link":"https:\/\/www.ce-illkirch.fr\/wordpress\/prestataires-de-services\/couches-ecoservices\/","title":{"rendered":"Couches Eco&rsquo;Services"},"content":{"rendered":"<p><span style=\"color: #008000;\">Un geste pour la plan\u00e8te et la sant\u00e9 de b\u00e9b\u00e9.<\/span><\/p>\n<p>Les couches lavables \u00e0 la carte : location et service de nettoyage.<\/p>\n<p><b><span style=\"color: black; font-family: Arial; font-size: small;\">Vous souhaitez tester les couches lavables, <\/span>Alsace ECOservices<\/b> et <strong>l&rsquo;Eurom\u00e9tropole<\/strong><b> de Strasbourg<\/b> vous offrent 3 semaines d&rsquo;essai gratuites &#8230; sans engagement !<\/p>\n<p><a title=\"Alsace couches \u00e9co-services\" href=\"https:\/\/www.alsace-ecoservices.org\/service%20lavage.html\" target=\"_blank\" rel=\"noopener\">http:\/\/www.alsace-ecoservices.org\/<\/a><\/p>\n","protected":false},"excerpt":{"rendered":"<p>Un geste pour la plan\u00e8te et la sant\u00e9 de b\u00e9b\u00e9. Les couches lavables \u00e0 la carte : location et service de nettoyage. Vous souhaitez tester les couches lavables, Alsace ECOservices [&hellip;]<\/p>\n","protected":false},"author":2,"featured_media":0,"parent":2521,"menu_order":1,"comment_status":"open","ping_status":"open","template":"","meta":{"footnotes":""},"class_list":["post-820","page","type-page","status-publish","hentry"],"publishpress_future_action":{"enabled":false,"date":"2026-05-22 17:40:59","action":"change-status","newStatus":"draft","terms":[],"taxonomy":"category","extraData":[]},"publishpress_future_workflow_manual_trigger":{"enabledWorkflows":[]},"_links":{"self":[{"href":"https:\/\/www.ce-illkirch.fr\/wordpress\/wp-json\/wp\/v2\/pages\/820","targetHints":{"allow":["GET"]}}],"collection":[{"href":"https:\/\/www.ce-illkirch.fr\/wordpress\/wp-json\/wp\/v2\/pages"}],"about":[{"href":"https:\/\/www.ce-illkirch.fr\/wordpress\/wp-json\/wp\/v2\/types\/page"}],"author":[{"embeddable":true,"href":"https:\/\/www.ce-illkirch.fr\/wordpress\/wp-json\/wp\/v2\/users\/2"}],"replies":[{"embeddable":true,"href":"https:\/\/www.ce-illkirch.fr\/wordpress\/wp-json\/wp\/v2\/comments?post=820"}],"version-history":[{"count":3,"href":"https:\/\/www.ce-illkirch.fr\/wordpress\/wp-json\/wp\/v2\/pages\/820\/revisions"}],"predecessor-version":[{"id":37566,"href":"https:\/\/www.ce-illkirch.fr\/wordpress\/wp-json\/wp\/v2\/pages\/820\/revisions\/37566"}],"up":[{"embeddable":true,"href":"https:\/\/www.ce-illkirch.fr\/wordpress\/wp-json\/wp\/v2\/pages\/2521"}],"wp:attachment":[{"href":"https:\/\/www.ce-illkirch.fr\/wordpress\/wp-json\/wp\/v2\/media?parent=820"}],"curies":[{"name":"wp","href":"https:\/\/api.w.org\/{rel}","templated":true}]}}