{"id":827,"date":"2010-03-17T14:56:17","date_gmt":"2010-03-17T13:56:17","guid":{"rendered":"http:\/\/www.ce-illkirch.fr\/wordpress\/?page_id=827"},"modified":"2025-06-18T09:57:07","modified_gmt":"2025-06-18T07:57:07","slug":"acces-au-ce","status":"publish","type":"page","link":"https:\/\/www.ce-illkirch.fr\/wordpress\/subvention-ce\/a-propos-ce\/acces-au-ce\/","title":{"rendered":"Acc\u00e8s au CSE"},"content":{"rendered":"<p>Le CSE se trouve pr\u00e8s du standard nord. Pour les ext\u00e9rieurs : demandez un badge CSE au poste de garde.<\/p>\n<p><span style=\"color: #ff0000;\" data-mce-mark=\"1\"><strong>Qui peut acc\u00e9der au CSE\u00a0? <\/strong><\/span><\/p>\n<p>LES ADHERENTS : les salari\u00e9s et stagiaires ALE International (ALE, Nokia rattach\u00e9s au CSE ALE).<\/p>\n<p>Les retrait\u00e9s ont acc\u00e8s aux services du CSE sans subvention.<\/p>\n<p>LES COTISANTS :\u00a0\u00a0les salari\u00e9s de soci\u00e9t\u00e9s travaillant sur le site peuvent cotiser pour acc\u00e9der aux services du CSE. La cotisation est valable 1 an.<\/p>\n<ul>\n<li><strong>20 \u20ac par an<\/strong> et vous avez acc\u00e8s \u00e0 la billetterie <a href=\"https:\/\/www.ce-illkirch.fr\/wordpress\/billetterie\/\">https:\/\/www.ce-illkirch.fr\/wordpress\/billetterie\/,\u00a0<\/a>sortie loisirs sans subvention <a href=\"https:\/\/www.ce-illkirch.fr\/wordpress\/loisirs-2\/\">https:\/\/www.ce-illkirch.fr\/wordpress\/loisirs-2\/,\u00a0<\/a>et la bricoth\u00e8que, <a href=\"https:\/\/www.ce-illkirch.fr\/wordpress\/bricotheque\/\">https:\/\/www.ce-illkirch.fr\/wordpress\/bricotheque\/,\u00a0<\/a>et la biblioth\u00e8que <a href=\"https:\/\/www.ce-illkirch.fr\/wordpress\/bibliotheque-2\/\">https:\/\/www.ce-illkirch.fr\/wordpress\/bibliotheque-2\/<\/a><\/li>\n<\/ul>\n<p>et\/ou<\/p>\n<ul>\n<li><strong>20 \u20ac par an<\/strong> pour le club sportif<a href=\"https:\/\/www.ce-illkirch.fr\/wordpress\/club_sportif\/\">: https:\/\/www.ce-illkirch.fr\/wordpress\/club_sportif\/<\/a><\/li>\n<\/ul>\n<p><strong><a href=\"https:\/\/www.ce-illkirch.fr\/wordpress\/subvention-ce\/a-propos-ce\/\" target=\"_blank\" rel=\"noopener\">Les horaires<\/a><\/strong><\/p>\n<p><strong>\u00a0+ d&rsquo;infos sur le CSE<\/strong> consultez le <a href=\"https:\/\/aleinternational.sharepoint.com\/intranet_CE_Illkirch\/Documents%20partages\/Forms\/AllItems.aspx?id=%2Fintranet%5FCE%5FIllkirch%2FDocuments%20partages%2FDocuments%20CSE&amp;viewid=8d512759%2D2f2e%2D43ca%2Db4d5%2D0b9ebfc9d6f8&amp;FolderCTID=0x0120002DCF11EF3D7EC64B8580978930F906BA\" target=\"_blank\" rel=\"noopener\">site interne du CSE <\/a>Alcatel, vous y retrouverez la liste des \u00e9lus, des d\u00e9l\u00e9gu\u00e9s du personnel, des commissions, les comptes-rendus des r\u00e9unions CSE , &#8230;.<\/p>\n","protected":false},"excerpt":{"rendered":"<p>Le CSE se trouve pr\u00e8s du standard nord. Pour les ext\u00e9rieurs : demandez un badge CSE au poste de garde. Qui peut acc\u00e9der au CSE\u00a0? LES ADHERENTS : les salari\u00e9s [&hellip;]<\/p>\n","protected":false},"author":2,"featured_media":0,"parent":24913,"menu_order":21,"comment_status":"open","ping_status":"open","template":"","meta":{"footnotes":""},"class_list":["post-827","page","type-page","status-publish","hentry"],"publishpress_future_action":{"enabled":false,"date":"2026-05-23 14:21:37","action":"change-status","newStatus":"draft","terms":[],"taxonomy":"category","extraData":[]},"publishpress_future_workflow_manual_trigger":{"enabledWorkflows":[]},"_links":{"self":[{"href":"https:\/\/www.ce-illkirch.fr\/wordpress\/wp-json\/wp\/v2\/pages\/827","targetHints":{"allow":["GET"]}}],"collection":[{"href":"https:\/\/www.ce-illkirch.fr\/wordpress\/wp-json\/wp\/v2\/pages"}],"about":[{"href":"https:\/\/www.ce-illkirch.fr\/wordpress\/wp-json\/wp\/v2\/types\/page"}],"author":[{"embeddable":true,"href":"https:\/\/www.ce-illkirch.fr\/wordpress\/wp-json\/wp\/v2\/users\/2"}],"replies":[{"embeddable":true,"href":"https:\/\/www.ce-illkirch.fr\/wordpress\/wp-json\/wp\/v2\/comments?post=827"}],"version-history":[{"count":6,"href":"https:\/\/www.ce-illkirch.fr\/wordpress\/wp-json\/wp\/v2\/pages\/827\/revisions"}],"predecessor-version":[{"id":37560,"href":"https:\/\/www.ce-illkirch.fr\/wordpress\/wp-json\/wp\/v2\/pages\/827\/revisions\/37560"}],"up":[{"embeddable":true,"href":"https:\/\/www.ce-illkirch.fr\/wordpress\/wp-json\/wp\/v2\/pages\/24913"}],"wp:attachment":[{"href":"https:\/\/www.ce-illkirch.fr\/wordpress\/wp-json\/wp\/v2\/media?parent=827"}],"curies":[{"name":"wp","href":"https:\/\/api.w.org\/{rel}","templated":true}]}}