{"id":9047,"date":"2013-04-10T13:09:45","date_gmt":"2013-04-10T12:09:45","guid":{"rendered":"http:\/\/www.ce-illkirch.fr\/wordpress\/?page_id=9047"},"modified":"2018-09-27T14:41:03","modified_gmt":"2018-09-27T12:41:03","slug":"trucs-et-astuces","status":"publish","type":"page","link":"https:\/\/www.ce-illkirch.fr\/wordpress\/trucs-et-astuces\/","title":{"rendered":"Trucs et astuces"},"content":{"rendered":"<p>Cette rubrique est l\u00e0 pour faire connaitre vos trucs et astuces informatiques. Elle n&rsquo;est pas d\u00e9di\u00e9e aux \u00ab\u00a0geeks\u00a0\u00bb mais plut\u00f4t \u00e0 tous les utilisateurs \u00ab\u00a0lambda\u00a0\u00bb. Si vous avez d\u00e9couvert un \u00ab\u00a0truc\u00a0\u00bb que vous souhaitez partager, envoyez-nous le par email, il sera publi\u00e9 comme News et \u00e0 ce titre envoy\u00e9 \u00e0 tous les abonn\u00e9s du site du CE. Et bien s\u00fbr n&rsquo;h\u00e9sitez pas \u00e0 commenter ce qui est en ligne !<\/p>\n<p>Adresse mail : ce.alcatel.illkirch @ gmail.com<\/p>\n","protected":false},"excerpt":{"rendered":"<p>Cette rubrique est l\u00e0 pour faire connaitre vos trucs et astuces informatiques. Elle n&rsquo;est pas d\u00e9di\u00e9e aux \u00ab\u00a0geeks\u00a0\u00bb mais plut\u00f4t \u00e0 tous les utilisateurs \u00ab\u00a0lambda\u00a0\u00bb. Si vous avez d\u00e9couvert un [&hellip;]<\/p>\n","protected":false},"author":7,"featured_media":0,"parent":0,"menu_order":0,"comment_status":"open","ping_status":"closed","template":"","meta":{"footnotes":""},"class_list":["post-9047","page","type-page","status-publish","hentry"],"publishpress_future_action":{"enabled":false,"date":"2026-04-12 18:11:26","action":"change-status","newStatus":"draft","terms":[],"taxonomy":"category","extraData":[]},"publishpress_future_workflow_manual_trigger":{"enabledWorkflows":[]},"_links":{"self":[{"href":"https:\/\/www.ce-illkirch.fr\/wordpress\/wp-json\/wp\/v2\/pages\/9047","targetHints":{"allow":["GET"]}}],"collection":[{"href":"https:\/\/www.ce-illkirch.fr\/wordpress\/wp-json\/wp\/v2\/pages"}],"about":[{"href":"https:\/\/www.ce-illkirch.fr\/wordpress\/wp-json\/wp\/v2\/types\/page"}],"author":[{"embeddable":true,"href":"https:\/\/www.ce-illkirch.fr\/wordpress\/wp-json\/wp\/v2\/users\/7"}],"replies":[{"embeddable":true,"href":"https:\/\/www.ce-illkirch.fr\/wordpress\/wp-json\/wp\/v2\/comments?post=9047"}],"version-history":[{"count":1,"href":"https:\/\/www.ce-illkirch.fr\/wordpress\/wp-json\/wp\/v2\/pages\/9047\/revisions"}],"predecessor-version":[{"id":23733,"href":"https:\/\/www.ce-illkirch.fr\/wordpress\/wp-json\/wp\/v2\/pages\/9047\/revisions\/23733"}],"wp:attachment":[{"href":"https:\/\/www.ce-illkirch.fr\/wordpress\/wp-json\/wp\/v2\/media?parent=9047"}],"curies":[{"name":"wp","href":"https:\/\/api.w.org\/{rel}","templated":true}]}}